{"id":1394,"date":"2025-07-10T21:36:28","date_gmt":"2025-07-10T21:36:28","guid":{"rendered":"https:\/\/safeswitch.de\/missao\/"},"modified":"2025-07-31T17:52:38","modified_gmt":"2025-07-31T17:52:38","slug":"missao","status":"publish","type":"page","link":"https:\/\/safeswitch.de\/pt-pt\/missao\/","title":{"rendered":"Miss\u00e3o."},"content":{"rendered":"\t\t<div data-elementor-type=\"wp-page\" data-elementor-id=\"1394\" class=\"elementor elementor-1394 elementor-263\">\n\t\t\t\t<div class=\"elementor-element elementor-element-8d898fe e-flex e-con-boxed e-con e-parent\" data-id=\"8d898fe\" data-element_type=\"container\" data-e-type=\"container\">\n\t\t\t\t\t<div class=\"e-con-inner\">\n\t\t<div class=\"elementor-element elementor-element-a22f241 e-con-full e-flex e-con e-child\" data-id=\"a22f241\" data-element_type=\"container\" data-e-type=\"container\">\n\t\t\t\t<div class=\"elementor-element elementor-element-622a050 elementor-widget elementor-widget-heading\" data-id=\"622a050\" data-element_type=\"widget\" data-e-type=\"widget\" data-widget_type=\"heading.default\">\n\t\t\t\t\t<h3 class=\"elementor-heading-title elementor-size-default\">Como queremos proteger os festeiros\u2026<\/h3>\t\t\t\t<\/div>\n\t\t\t\t<div class=\"elementor-element elementor-element-07c5cc4 elementor-widget elementor-widget-text-editor\" data-id=\"07c5cc4\" data-element_type=\"widget\" data-e-type=\"widget\" data-widget_type=\"text-editor.default\">\n\t\t\t\t\t\t\t\t\t<p><span style=\"font-weight: 400;\">Estamos conscientes de que cada festeiro tem uma necessidade de seguran\u00e7a. Por isso, tentamos criar um Safeswitch personalizado, que combina t\u00e9cnica inovadora e sustentabilidade, bem como seguran\u00e7a constante.<\/span><\/p>\t\t\t\t\t\t\t\t<\/div>\n\t\t\t\t<\/div>\n\t\t<div class=\"elementor-element elementor-element-168b412 e-con-full e-flex e-con e-child\" data-id=\"168b412\" data-element_type=\"container\" data-e-type=\"container\">\n\t\t\t\t<div class=\"elementor-element elementor-element-e271cc9 elementor-widget elementor-widget-heading\" data-id=\"e271cc9\" data-element_type=\"widget\" data-e-type=\"widget\" data-widget_type=\"heading.default\">\n\t\t\t\t\t<h3 class=\"elementor-heading-title elementor-size-default\">Como queremos apoiar os clubes\u2026<\/h3>\t\t\t\t<\/div>\n\t\t\t\t<div class=\"elementor-element elementor-element-e5031e6 elementor-widget elementor-widget-text-editor\" data-id=\"e5031e6\" data-element_type=\"widget\" data-e-type=\"widget\" data-widget_type=\"text-editor.default\">\n\t\t\t\t\t\t\t\t\t<p><span style=\"font-weight: 400;\">Como parceiro confi\u00e1vel, oferecemos aos clubes e locais de eventos os nossos dispositivos para distribui\u00e7\u00e3o aos seus convidados. Atrav\u00e9s de uma limpeza simples e prote\u00e7\u00e3o garantida, pode dar um sinal claro e vis\u00edvel contra agress\u00f5es e a favor da seguran\u00e7a. <\/span><\/p>\t\t\t\t\t\t\t\t<\/div>\n\t\t\t\t<\/div>\n\t\t<div class=\"elementor-element elementor-element-79684a3 e-con-full e-flex e-con e-child\" data-id=\"79684a3\" data-element_type=\"container\" data-e-type=\"container\">\n\t\t\t\t<div class=\"elementor-element elementor-element-abb8f4a elementor-widget elementor-widget-heading\" data-id=\"abb8f4a\" data-element_type=\"widget\" data-e-type=\"widget\" data-widget_type=\"heading.default\">\n\t\t\t\t\t<h3 class=\"elementor-heading-title elementor-size-default\">Como queremos ajudar os pais\u2026<\/h3>\t\t\t\t<\/div>\n\t\t\t\t<div class=\"elementor-element elementor-element-87cf50b elementor-widget elementor-widget-text-editor\" data-id=\"87cf50b\" data-element_type=\"widget\" data-e-type=\"widget\" data-widget_type=\"text-editor.default\">\n\t\t\t\t\t\t\t\t\t<p><span style=\"font-weight: 400;\">Estamos empenhados numa sociedade sustent\u00e1vel e segura e criamos espa\u00e7o para que os nossos filhos, mais novos e mais velhos, possam festejar despreocupadamente e para que voc\u00eas possam dormir descansados.<\/span><\/p>\t\t\t\t\t\t\t\t<\/div>\n\t\t\t\t<\/div>\n\t\t\t\t\t<\/div>\n\t\t\t\t<\/div>\n\t\t<div class=\"elementor-element elementor-element-af26d17 e-flex e-con-boxed e-con e-parent\" data-id=\"af26d17\" data-element_type=\"container\" data-e-type=\"container\">\n\t\t\t\t\t<div class=\"e-con-inner\">\n\t\t\t\t<div class=\"elementor-element elementor-element-8e8ed4a elementor-widget elementor-widget-heading\" data-id=\"8e8ed4a\" data-element_type=\"widget\" data-e-type=\"widget\" data-widget_type=\"heading.default\">\n\t\t\t\t\t<h1 class=\"elementor-heading-title elementor-size-default\">A nossa miss\u00e3o.<\/h1>\t\t\t\t<\/div>\n\t\t\t\t<div class=\"elementor-element elementor-element-4d78d95 elementor-widget elementor-widget-heading\" data-id=\"4d78d95\" data-element_type=\"widget\" data-e-type=\"widget\" data-widget_type=\"heading.default\">\n\t\t\t\t\t<h2 class=\"elementor-heading-title elementor-size-default\">Como trazemos valor acrescentado...<\/h2>\t\t\t\t<\/div>\n\t\t\t\t\t<\/div>\n\t\t\t\t<\/div>\n\t\t<div class=\"elementor-element elementor-element-375c3db e-flex e-con-boxed e-con e-parent\" data-id=\"375c3db\" data-element_type=\"container\" data-e-type=\"container\">\n\t\t\t\t\t<div class=\"e-con-inner\">\n\t\t<div class=\"elementor-element elementor-element-03e9f19 e-con-full e-flex e-con e-child\" data-id=\"03e9f19\" data-element_type=\"container\" data-e-type=\"container\">\n\t\t\t\t<div class=\"elementor-element elementor-element-ff21d98 elementor-widget elementor-widget-image\" data-id=\"ff21d98\" data-element_type=\"widget\" data-e-type=\"widget\" data-widget_type=\"image.default\">\n\t\t\t\t\t\t\t\t\t\t\t\t\t\t\t<img fetchpriority=\"high\" decoding=\"async\" width=\"1024\" height=\"819\" src=\"https:\/\/safeswitch.de\/wp-content\/uploads\/2025\/07\/hands-1024x819.jpg\" class=\"attachment-large size-large wp-image-1000\" alt=\"\" srcset=\"https:\/\/safeswitch.de\/wp-content\/uploads\/2025\/07\/hands-1024x819.jpg 1024w, https:\/\/safeswitch.de\/wp-content\/uploads\/2025\/07\/hands-300x240.jpg 300w, https:\/\/safeswitch.de\/wp-content\/uploads\/2025\/07\/hands-768x614.jpg 768w, https:\/\/safeswitch.de\/wp-content\/uploads\/2025\/07\/hands-1536x1229.jpg 1536w, https:\/\/safeswitch.de\/wp-content\/uploads\/2025\/07\/hands-2048x1638.jpg 2048w\" sizes=\"(max-width: 1024px) 100vw, 1024px\" \/>\t\t\t\t\t\t\t\t\t\t\t\t\t\t\t<\/div>\n\t\t\t\t<\/div>\n\t\t<div class=\"elementor-element elementor-element-ed8a0c3 e-con-full e-flex e-con e-child\" data-id=\"ed8a0c3\" data-element_type=\"container\" data-e-type=\"container\">\n\t\t\t\t<div class=\"elementor-element elementor-element-ffcc229 elementor-widget elementor-widget-text-editor\" data-id=\"ffcc229\" data-element_type=\"widget\" data-e-type=\"widget\" data-widget_type=\"text-editor.default\">\n\t\t\t\t\t\t\t\t\t<p><span style=\"font-weight: 400;\">\u201cOs melhores momentos s\u00e3o aqueles em que deixamos as nossas preocupa\u00e7\u00f5es de lado e celebramos a vida em conjunto\u201d (desconhecido)<\/span><\/p><p><span style=\"font-weight: 400;\">O uso de gotas anest\u00e9sicas para deixar as pessoas sem vontade e atordoadas j\u00e1 n\u00e3o \u00e9 uma raridade. No entanto, ainda n\u00e3o existem estat\u00edsticas fi\u00e1veis sobre quantas pessoas s\u00e3o afetadas anualmente. Na nossa pequena pesquisa n\u00e3o representativa, um ter\u00e7o dos entrevistados indicou j\u00e1 ter tido algo misturado na sua bebida, ou pelo menos conhecer algu\u00e9m no seu c\u00edrculo pr\u00f3ximo a quem tal j\u00e1 aconteceu. <\/span><\/p>\t\t\t\t\t\t\t\t<\/div>\n\t\t\t\t<\/div>\n\t\t\t\t\t<\/div>\n\t\t\t\t<\/div>\n\t\t<div class=\"elementor-element elementor-element-3ab43e1 e-flex e-con-boxed e-con e-parent\" data-id=\"3ab43e1\" data-element_type=\"container\" data-e-type=\"container\">\n\t\t\t\t\t<div class=\"e-con-inner\">\n\t\t\t\t<div class=\"elementor-element elementor-element-b67c3d8 elementor-widget elementor-widget-text-editor\" data-id=\"b67c3d8\" data-element_type=\"widget\" data-e-type=\"widget\" data-widget_type=\"text-editor.default\">\n\t\t\t\t\t\t\t\t\t<p data-start=\"155\" data-end=\"753\">Receber gotas anest\u00e9sicas n\u00e3o \u00e9 uma ninharia, mas preocupa as pessoas afetadas, por vezes, anos mais tarde. Por um lado, porque infelizmente alguns ainda procuram a culpa em si pr\u00f3prios e se envergonham do que aconteceu. Por outro lado, tamb\u00e9m porque a mistura de medicamentos, drogas e \u00e1lcool tem um efeito prejudicial fatal na sa\u00fade. Isto come\u00e7a com sintomas aparentemente inofensivos, como tonturas e v\u00f3mitos, at\u00e9 \u00e0 perda total de consci\u00eancia e a apag\u00f5es \u2013 um estado que, infelizmente, \u00e9 aproveitado com demasiada frequ\u00eancia por terceiros.<\/p><p data-start=\"755\" data-end=\"989\">Isto d\u00e1 a muitas pessoas, com raz\u00e3o, uma sensa\u00e7\u00e3o de inseguran\u00e7a ao festejar. Mais de metade de quase uma centena de entrevistados indicou que o medo de uma administra\u00e7\u00e3o de gotas anest\u00e9sicas influencia o seu comportamento ao sair \u00e0 noite.<span style=\"font-weight: 400;\"> Assim, a nossa miss\u00e3o ficou definida: queremos criar um produto que se oponha ao medo e que nos ajude a esquecer as preocupa\u00e7\u00f5es que nos afligem. Desejamos que, assim, possamos recuperar for\u00e7a e leveza e mover-nos com mais autoconfian\u00e7a e liberdade.<\/span><\/p>\t\t\t\t\t\t\t\t<\/div>\n\t\t\t\t\t<\/div>\n\t\t\t\t<\/div>\n\t\t<div class=\"elementor-element elementor-element-9b8f54f e-flex e-con-boxed e-con e-parent\" data-id=\"9b8f54f\" data-element_type=\"container\" data-e-type=\"container\">\n\t\t\t\t\t<div class=\"e-con-inner\">\n\t\t\t\t<div class=\"elementor-element elementor-element-60eda42 elementor-widget elementor-widget-text-editor\" data-id=\"60eda42\" data-element_type=\"widget\" data-e-type=\"widget\" data-widget_type=\"text-editor.default\">\n\t\t\t\t\t\t\t\t\t<p><b>Fontes de literatura<\/b><\/p>\n<p>SWR (26.10.2024). Pol\u00edcia em BW regista mais crimes com gotas anest\u00e9sicas. Acedido pela \u00faltima vez em 13.07.2025 \u00e0s 12.21 de <a href=\"https:\/\/www.swr.de\/swraktuell\/baden-wuerttemberg\/k-o-tropfen-immer-haeufiger-heimlich-in-bars-clubs-100.html\">https:\/\/www.swr.de\/swraktuell\/baden-wuerttemberg\/k-o-tropfen-immer-haeufiger-heimlich-in-bars-clubs-100.html<\/a>&nbsp;<\/p>\n<p>WEISSER RING e.V. Primeiro um brinde, depois um knockout! Acedido pela \u00faltima vez em 13.07.2025 \u00e0s 14.42 de <a href=\"https:\/\/weisser-ring.de\/tipps-gegen-k-o-tropfen\">https:\/\/weisser-ring.de\/tipps-gegen-k-o-tropfen<\/a>&nbsp;<\/p>\t\t\t\t\t\t\t\t<\/div>\n\t\t\t\t\t<\/div>\n\t\t\t\t<\/div>\n\t\t\t\t<\/div>\n\t\t","protected":false},"excerpt":{"rendered":"<p>Como queremos proteger os festeiros\u2026 Estamos conscientes de que cada festeiro tem uma necessidade de seguran\u00e7a. Por isso, tentamos criar [&hellip;]<\/p>\n","protected":false},"author":1,"featured_media":0,"parent":0,"menu_order":0,"comment_status":"closed","ping_status":"closed","template":"","meta":{"site-sidebar-layout":"no-sidebar","site-content-layout":"","ast-site-content-layout":"full-width-container","site-content-style":"default","site-sidebar-style":"default","ast-global-header-display":"","ast-banner-title-visibility":"","ast-main-header-display":"","ast-hfb-above-header-display":"","ast-hfb-below-header-display":"","ast-hfb-mobile-header-display":"","site-post-title":"disabled","ast-breadcrumbs-content":"","ast-featured-img":"disabled","footer-sml-layout":"","ast-disable-related-posts":"","theme-transparent-header-meta":"","adv-header-id-meta":"","stick-header-meta":"","header-above-stick-meta":"","header-main-stick-meta":"","header-below-stick-meta":"","astra-migrate-meta-layouts":"default","ast-page-background-enabled":"default","ast-page-background-meta":{"desktop":{"background-color":"var(--ast-global-color-5)","background-image":"","background-repeat":"repeat","background-position":"center center","background-size":"auto","background-attachment":"scroll","background-type":"","background-media":"","overlay-type":"","overlay-color":"","overlay-opacity":"","overlay-gradient":""},"tablet":{"background-color":"","background-image":"","background-repeat":"repeat","background-position":"center center","background-size":"auto","background-attachment":"scroll","background-type":"","background-media":"","overlay-type":"","overlay-color":"","overlay-opacity":"","overlay-gradient":""},"mobile":{"background-color":"","background-image":"","background-repeat":"repeat","background-position":"center center","background-size":"auto","background-attachment":"scroll","background-type":"","background-media":"","overlay-type":"","overlay-color":"","overlay-opacity":"","overlay-gradient":""}},"ast-content-background-meta":{"desktop":{"background-color":"var(--ast-global-color-4)","background-image":"","background-repeat":"repeat","background-position":"center center","background-size":"auto","background-attachment":"scroll","background-type":"","background-media":"","overlay-type":"","overlay-color":"","overlay-opacity":"","overlay-gradient":""},"tablet":{"background-color":"var(--ast-global-color-4)","background-image":"","background-repeat":"repeat","background-position":"center center","background-size":"auto","background-attachment":"scroll","background-type":"","background-media":"","overlay-type":"","overlay-color":"","overlay-opacity":"","overlay-gradient":""},"mobile":{"background-color":"var(--ast-global-color-4)","background-image":"","background-repeat":"repeat","background-position":"center center","background-size":"auto","background-attachment":"scroll","background-type":"","background-media":"","overlay-type":"","overlay-color":"","overlay-opacity":"","overlay-gradient":""}},"footnotes":""},"class_list":["post-1394","page","type-page","status-publish","hentry"],"yoast_head":"<!-- This site is optimized with the Yoast SEO plugin v27.4 - https:\/\/yoast.com\/product\/yoast-seo-wordpress\/ -->\n<title>Miss\u00e3o. - SafeSwitch<\/title>\n<meta name=\"robots\" content=\"index, follow, max-snippet:-1, max-image-preview:large, max-video-preview:-1\" \/>\n<link rel=\"canonical\" href=\"https:\/\/safeswitch.de\/pt-pt\/missao\/\" \/>\n<meta property=\"og:locale\" content=\"pt_PT\" \/>\n<meta property=\"og:type\" content=\"article\" \/>\n<meta property=\"og:title\" content=\"Miss\u00e3o. - SafeSwitch\" \/>\n<meta property=\"og:description\" content=\"Como queremos proteger os festeiros\u2026 Estamos conscientes de que cada festeiro tem uma necessidade de seguran\u00e7a. Por isso, tentamos criar [&hellip;]\" \/>\n<meta property=\"og:url\" content=\"https:\/\/safeswitch.de\/pt-pt\/missao\/\" \/>\n<meta property=\"og:site_name\" content=\"SafeSwitch\" \/>\n<meta property=\"article:modified_time\" content=\"2025-07-31T17:52:38+00:00\" \/>\n<meta property=\"og:image\" content=\"https:\/\/safeswitch.de\/wp-content\/uploads\/2025\/07\/hands-1024x819.jpg\" \/>\n<meta name=\"twitter:card\" content=\"summary_large_image\" \/>\n<meta name=\"twitter:label1\" content=\"Tempo estimado de leitura\" \/>\n\t<meta name=\"twitter:data1\" content=\"2 minutos\" \/>\n<script type=\"application\/ld+json\" class=\"yoast-schema-graph\">{\"@context\":\"https:\\\/\\\/schema.org\",\"@graph\":[{\"@type\":\"WebPage\",\"@id\":\"https:\\\/\\\/safeswitch.de\\\/pt-pt\\\/missao\\\/\",\"url\":\"https:\\\/\\\/safeswitch.de\\\/pt-pt\\\/missao\\\/\",\"name\":\"Miss\u00e3o. - SafeSwitch\",\"isPartOf\":{\"@id\":\"https:\\\/\\\/safeswitch.de\\\/pt-pt\\\/#website\"},\"primaryImageOfPage\":{\"@id\":\"https:\\\/\\\/safeswitch.de\\\/pt-pt\\\/missao\\\/#primaryimage\"},\"image\":{\"@id\":\"https:\\\/\\\/safeswitch.de\\\/pt-pt\\\/missao\\\/#primaryimage\"},\"thumbnailUrl\":\"https:\\\/\\\/safeswitch.de\\\/wp-content\\\/uploads\\\/2025\\\/07\\\/hands-1024x819.jpg\",\"datePublished\":\"2025-07-10T21:36:28+00:00\",\"dateModified\":\"2025-07-31T17:52:38+00:00\",\"breadcrumb\":{\"@id\":\"https:\\\/\\\/safeswitch.de\\\/pt-pt\\\/missao\\\/#breadcrumb\"},\"inLanguage\":\"pt-PT\",\"potentialAction\":[{\"@type\":\"ReadAction\",\"target\":[\"https:\\\/\\\/safeswitch.de\\\/pt-pt\\\/missao\\\/\"]}]},{\"@type\":\"ImageObject\",\"inLanguage\":\"pt-PT\",\"@id\":\"https:\\\/\\\/safeswitch.de\\\/pt-pt\\\/missao\\\/#primaryimage\",\"url\":\"https:\\\/\\\/safeswitch.de\\\/wp-content\\\/uploads\\\/2025\\\/07\\\/hands-1024x819.jpg\",\"contentUrl\":\"https:\\\/\\\/safeswitch.de\\\/wp-content\\\/uploads\\\/2025\\\/07\\\/hands-1024x819.jpg\"},{\"@type\":\"BreadcrumbList\",\"@id\":\"https:\\\/\\\/safeswitch.de\\\/pt-pt\\\/missao\\\/#breadcrumb\",\"itemListElement\":[{\"@type\":\"ListItem\",\"position\":1,\"name\":\"Startseite\",\"item\":\"https:\\\/\\\/safeswitch.de\\\/pt-pt\\\/?page_id=1368\"},{\"@type\":\"ListItem\",\"position\":2,\"name\":\"Miss\u00e3o.\"}]},{\"@type\":\"WebSite\",\"@id\":\"https:\\\/\\\/safeswitch.de\\\/pt-pt\\\/#website\",\"url\":\"https:\\\/\\\/safeswitch.de\\\/pt-pt\\\/\",\"name\":\"SafeSwitch\",\"description\":\"F\u00fcr unbeschwertes &amp; sicheres Feiern. Der Schutz vor K.O.-Tropfen f\u00fcr dich und deine Kinder.\",\"publisher\":{\"@id\":\"https:\\\/\\\/safeswitch.de\\\/pt-pt\\\/#organization\"},\"potentialAction\":[{\"@type\":\"SearchAction\",\"target\":{\"@type\":\"EntryPoint\",\"urlTemplate\":\"https:\\\/\\\/safeswitch.de\\\/pt-pt\\\/?s={search_term_string}\"},\"query-input\":{\"@type\":\"PropertyValueSpecification\",\"valueRequired\":true,\"valueName\":\"search_term_string\"}}],\"inLanguage\":\"pt-PT\"},{\"@type\":\"Organization\",\"@id\":\"https:\\\/\\\/safeswitch.de\\\/pt-pt\\\/#organization\",\"name\":\"SafeSwitch\",\"url\":\"https:\\\/\\\/safeswitch.de\\\/pt-pt\\\/\",\"logo\":{\"@type\":\"ImageObject\",\"inLanguage\":\"pt-PT\",\"@id\":\"https:\\\/\\\/safeswitch.de\\\/pt-pt\\\/#\\\/schema\\\/logo\\\/image\\\/\",\"url\":\"https:\\\/\\\/safeswitch.de\\\/wp-content\\\/uploads\\\/2025\\\/07\\\/cropped-Logo.png\",\"contentUrl\":\"https:\\\/\\\/safeswitch.de\\\/wp-content\\\/uploads\\\/2025\\\/07\\\/cropped-Logo.png\",\"width\":1680,\"height\":1686,\"caption\":\"SafeSwitch\"},\"image\":{\"@id\":\"https:\\\/\\\/safeswitch.de\\\/pt-pt\\\/#\\\/schema\\\/logo\\\/image\\\/\"}}]}<\/script>\n<!-- \/ Yoast SEO plugin. -->","yoast_head_json":{"title":"Miss\u00e3o. - SafeSwitch","robots":{"index":"index","follow":"follow","max-snippet":"max-snippet:-1","max-image-preview":"max-image-preview:large","max-video-preview":"max-video-preview:-1"},"canonical":"https:\/\/safeswitch.de\/pt-pt\/missao\/","og_locale":"pt_PT","og_type":"article","og_title":"Miss\u00e3o. - SafeSwitch","og_description":"Como queremos proteger os festeiros\u2026 Estamos conscientes de que cada festeiro tem uma necessidade de seguran\u00e7a. Por isso, tentamos criar [&hellip;]","og_url":"https:\/\/safeswitch.de\/pt-pt\/missao\/","og_site_name":"SafeSwitch","article_modified_time":"2025-07-31T17:52:38+00:00","og_image":[{"url":"https:\/\/safeswitch.de\/wp-content\/uploads\/2025\/07\/hands-1024x819.jpg","type":"","width":"","height":""}],"twitter_card":"summary_large_image","twitter_misc":{"Tempo estimado de leitura":"2 minutos"},"schema":{"@context":"https:\/\/schema.org","@graph":[{"@type":"WebPage","@id":"https:\/\/safeswitch.de\/pt-pt\/missao\/","url":"https:\/\/safeswitch.de\/pt-pt\/missao\/","name":"Miss\u00e3o. - SafeSwitch","isPartOf":{"@id":"https:\/\/safeswitch.de\/pt-pt\/#website"},"primaryImageOfPage":{"@id":"https:\/\/safeswitch.de\/pt-pt\/missao\/#primaryimage"},"image":{"@id":"https:\/\/safeswitch.de\/pt-pt\/missao\/#primaryimage"},"thumbnailUrl":"https:\/\/safeswitch.de\/wp-content\/uploads\/2025\/07\/hands-1024x819.jpg","datePublished":"2025-07-10T21:36:28+00:00","dateModified":"2025-07-31T17:52:38+00:00","breadcrumb":{"@id":"https:\/\/safeswitch.de\/pt-pt\/missao\/#breadcrumb"},"inLanguage":"pt-PT","potentialAction":[{"@type":"ReadAction","target":["https:\/\/safeswitch.de\/pt-pt\/missao\/"]}]},{"@type":"ImageObject","inLanguage":"pt-PT","@id":"https:\/\/safeswitch.de\/pt-pt\/missao\/#primaryimage","url":"https:\/\/safeswitch.de\/wp-content\/uploads\/2025\/07\/hands-1024x819.jpg","contentUrl":"https:\/\/safeswitch.de\/wp-content\/uploads\/2025\/07\/hands-1024x819.jpg"},{"@type":"BreadcrumbList","@id":"https:\/\/safeswitch.de\/pt-pt\/missao\/#breadcrumb","itemListElement":[{"@type":"ListItem","position":1,"name":"Startseite","item":"https:\/\/safeswitch.de\/pt-pt\/?page_id=1368"},{"@type":"ListItem","position":2,"name":"Miss\u00e3o."}]},{"@type":"WebSite","@id":"https:\/\/safeswitch.de\/pt-pt\/#website","url":"https:\/\/safeswitch.de\/pt-pt\/","name":"SafeSwitch","description":"F\u00fcr unbeschwertes &amp; sicheres Feiern. Der Schutz vor K.O.-Tropfen f\u00fcr dich und deine Kinder.","publisher":{"@id":"https:\/\/safeswitch.de\/pt-pt\/#organization"},"potentialAction":[{"@type":"SearchAction","target":{"@type":"EntryPoint","urlTemplate":"https:\/\/safeswitch.de\/pt-pt\/?s={search_term_string}"},"query-input":{"@type":"PropertyValueSpecification","valueRequired":true,"valueName":"search_term_string"}}],"inLanguage":"pt-PT"},{"@type":"Organization","@id":"https:\/\/safeswitch.de\/pt-pt\/#organization","name":"SafeSwitch","url":"https:\/\/safeswitch.de\/pt-pt\/","logo":{"@type":"ImageObject","inLanguage":"pt-PT","@id":"https:\/\/safeswitch.de\/pt-pt\/#\/schema\/logo\/image\/","url":"https:\/\/safeswitch.de\/wp-content\/uploads\/2025\/07\/cropped-Logo.png","contentUrl":"https:\/\/safeswitch.de\/wp-content\/uploads\/2025\/07\/cropped-Logo.png","width":1680,"height":1686,"caption":"SafeSwitch"},"image":{"@id":"https:\/\/safeswitch.de\/pt-pt\/#\/schema\/logo\/image\/"}}]}},"_links":{"self":[{"href":"https:\/\/safeswitch.de\/pt-pt\/wp-json\/wp\/v2\/pages\/1394","targetHints":{"allow":["GET"]}}],"collection":[{"href":"https:\/\/safeswitch.de\/pt-pt\/wp-json\/wp\/v2\/pages"}],"about":[{"href":"https:\/\/safeswitch.de\/pt-pt\/wp-json\/wp\/v2\/types\/page"}],"author":[{"embeddable":true,"href":"https:\/\/safeswitch.de\/pt-pt\/wp-json\/wp\/v2\/users\/1"}],"replies":[{"embeddable":true,"href":"https:\/\/safeswitch.de\/pt-pt\/wp-json\/wp\/v2\/comments?post=1394"}],"version-history":[{"count":2,"href":"https:\/\/safeswitch.de\/pt-pt\/wp-json\/wp\/v2\/pages\/1394\/revisions"}],"predecessor-version":[{"id":1398,"href":"https:\/\/safeswitch.de\/pt-pt\/wp-json\/wp\/v2\/pages\/1394\/revisions\/1398"}],"wp:attachment":[{"href":"https:\/\/safeswitch.de\/pt-pt\/wp-json\/wp\/v2\/media?parent=1394"}],"curies":[{"name":"wp","href":"https:\/\/api.w.org\/{rel}","templated":true}]}}