{"id":1344,"date":"2025-07-10T20:44:02","date_gmt":"2025-07-10T20:44:02","guid":{"rendered":"https:\/\/safeswitch.de\/benjamin\/"},"modified":"2025-07-31T17:52:04","modified_gmt":"2025-07-31T17:52:04","slug":"benjamin","status":"publish","type":"page","link":"https:\/\/safeswitch.de\/pt-pt\/benjamin\/","title":{"rendered":"Benjamin"},"content":{"rendered":"\t\t<div data-elementor-type=\"wp-page\" data-elementor-id=\"1344\" class=\"elementor elementor-1344 elementor-227\">\n\t\t\t\t<div class=\"elementor-element elementor-element-267b0a2 e-flex e-con-boxed e-con e-parent\" data-id=\"267b0a2\" data-element_type=\"container\" data-e-type=\"container\">\n\t\t\t\t\t<div class=\"e-con-inner\">\n\t\t<div class=\"elementor-element elementor-element-8648b1c e-con-full e-flex e-con e-child\" data-id=\"8648b1c\" data-element_type=\"container\" data-e-type=\"container\">\n\t\t\t\t<div class=\"elementor-element elementor-element-fc553e8 elementor-invisible elementor-widget elementor-widget-image\" data-id=\"fc553e8\" data-element_type=\"widget\" data-e-type=\"widget\" data-settings=\"{&quot;_animation&quot;:&quot;fadeIn&quot;}\" data-widget_type=\"image.default\">\n\t\t\t\t\t\t\t\t\t\t\t\t\t\t\t<img fetchpriority=\"high\" decoding=\"async\" width=\"1024\" height=\"979\" src=\"https:\/\/safeswitch.de\/wp-content\/uploads\/2025\/07\/Benjamin-Hintergund-2.png\" class=\"attachment-large size-large wp-image-1090\" alt=\"Portrait Benjamin Duelli\" srcset=\"https:\/\/safeswitch.de\/wp-content\/uploads\/2025\/07\/Benjamin-Hintergund-2.png 1024w, https:\/\/safeswitch.de\/wp-content\/uploads\/2025\/07\/Benjamin-Hintergund-2-300x287.png 300w, https:\/\/safeswitch.de\/wp-content\/uploads\/2025\/07\/Benjamin-Hintergund-2-768x734.png 768w\" sizes=\"(max-width: 1024px) 100vw, 1024px\" \/>\t\t\t\t\t\t\t\t\t\t\t\t\t\t\t<\/div>\n\t\t\t\t<\/div>\n\t\t<div class=\"elementor-element elementor-element-7145333 e-con-full e-flex e-con e-child\" data-id=\"7145333\" data-element_type=\"container\" data-e-type=\"container\">\n\t\t\t\t<div class=\"elementor-element elementor-element-73eb772 elementor-invisible elementor-widget elementor-widget-heading\" data-id=\"73eb772\" data-element_type=\"widget\" data-e-type=\"widget\" data-settings=\"{&quot;_animation&quot;:&quot;fadeIn&quot;}\" data-widget_type=\"heading.default\">\n\t\t\t\t\t<h1 class=\"elementor-heading-title elementor-size-default\"><br>Benjamin Duelli<\/h1>\t\t\t\t<\/div>\n\t\t\t\t<div class=\"elementor-element elementor-element-0a11f65 elementor-invisible elementor-widget elementor-widget-text-editor\" data-id=\"0a11f65\" data-element_type=\"widget\" data-e-type=\"widget\" data-settings=\"{&quot;_animation&quot;:&quot;fadeIn&quot;}\" data-widget_type=\"text-editor.default\">\n\t\t\t\t\t\t\t\t\t<p>Estudante da FH Wedel<\/p><div style=\"--flex-direction: initial; --flex-wrap: initial; --justify-content: initial; --align-items: initial; --align-content: initial; --gap: initial; --flex-basis: initial; --flex-grow: initial; --flex-shrink: initial; --order: initial; --align-self: initial; gap: var(--row-gap) var(--column-gap); --widgets-spacing: 20px 20px; --widgets-spacing-row: 20px; --widgets-spacing-column: 20px; font-family: var( --e-global-typography-d66373a-font-family ), Sans-serif; transition: background 0.3s,border 0.3s,border-radius 0.3s,box-shadow 0.3s,transform var(--e-transform-transition-duration,0.4s); --kit-widget-spacing: 0px; font-size: var( --e-global-typography-d66373a-font-size ); line-height: var( --e-global-typography-d66373a-line-height ); letter-spacing: var( --e-global-typography-d66373a-letter-spacing ); word-spacing: var( --e-global-typography-d66373a-word-spacing ); max-width: 100%;\" data-id=\"4fe622a\" data-element_type=\"widget\" data-widget_type=\"text-editor.default\"><p style=\"font-size: 19px; margin-bottom: 11px;\"><i>\u201cQuero possibilitar que o meu c\u00edrculo de amigos e eu festejemos num ambiente seguro.\u201d<\/i><\/p><\/div><div style=\"--flex-direction: initial; --flex-wrap: initial; --justify-content: initial; --align-items: initial; --align-content: initial; --gap: initial; --flex-basis: initial; --flex-grow: initial; --flex-shrink: initial; --order: initial; --align-self: initial; gap: var(--row-gap) var(--column-gap); --widgets-spacing: 20px 20px; --widgets-spacing-row: 20px; --widgets-spacing-column: 20px; transition: background 0.3s,border 0.3s,border-radius 0.3s,box-shadow 0.3s,transform var(--e-transform-transition-duration,0.4s); max-width: 100%;\" data-id=\"4bc2a73\" data-element_type=\"widget\" data-widget_type=\"button.default\"> <\/div>\t\t\t\t\t\t\t\t<\/div>\n\t\t\t\t<\/div>\n\t\t\t\t\t<\/div>\n\t\t\t\t<\/div>\n\t\t<div class=\"elementor-element elementor-element-68297df e-flex e-con-boxed e-con e-parent\" data-id=\"68297df\" data-element_type=\"container\" data-e-type=\"container\">\n\t\t\t\t\t<div class=\"e-con-inner\">\n\t\t\t\t<div class=\"elementor-element elementor-element-b28a22c elementor-widget elementor-widget-text-editor\" data-id=\"b28a22c\" data-element_type=\"widget\" data-e-type=\"widget\" data-widget_type=\"text-editor.default\">\n\t\t\t\t\t\t\t\t\t<p><span style=\"font-weight: 400;\">Benjamin \u00e9 o mais velho dos dois filhos da fam\u00edlia Duelli. Apesar da sua tenra idade, j\u00e1 carrega em si o desejo de tornar o mundo um lugar melhor. Logo cedo, percebeu o quanto o sofrimento dos outros o tocava e como era importante para ele ajudar ativamente, em vez de apenas observar. Est\u00e1 convencido de que cada pessoa, independentemente da idade, pode dar o seu contributo.<\/span><\/p>\n<p><span style=\"font-weight: 400;\"><i>\u201cGostaria de contribuir com uma pequena parte para combater a viol\u00eancia e o abuso e para proporcionar aos meus entes queridos um tempo mais seguro e melhor.\u201d<\/i><\/span><\/p>\n<p><span style=\"font-weight: 400;\">Este desejo n\u00e3o \u00e9 apenas um ideal vazio para ele, mas sim um assunto de cora\u00e7\u00e3o muito pessoal. Atualmente, ele percebe como, mesmo em pequenos encontros, o perigo se torna cada vez mais real e como isso tamb\u00e9m o afeta cada vez mais, a ele e aos seus amigos mais pr\u00f3ximos. Atrav\u00e9s desta start-up, ele espera uma possibilidade acess\u00edvel para todas as pessoas se protegerem de envenenadores e gotas anest\u00e9sicas.<\/span><\/p>\n<p><span style=\"font-weight: 400;\"><i>\u00abDevemos aprender a lidar mais abertamente com o tema, para que n\u00e3o tenha de ser um medo \u201cembara\u00e7oso\u201d escondido.\u00bb<\/i><\/span><\/p>\n<p><span style=\"font-weight: 400;\">No seu tempo livre, Benjamin pratica principalmente desporto e faz muitas coisas com os seus amigos. No \u00e2mbito da empresa familiar, ele gostaria de aprender, entre outras coisas, como fundar uma start-up, organizar eventos, estruturar processos e fazer marketing.<\/span><\/p>\n<p><span style=\"font-weight: 400;\">A partir de outubro, Benjamin come\u00e7a o seu curso de \u201cData Science &amp; Artificial Intelligence\u201d em Hamburgo e continua a apoiar-nos a partir do norte da Alemanha.<\/span><\/p>\t\t\t\t\t\t\t\t<\/div>\n\t\t\t\t\t<\/div>\n\t\t\t\t<\/div>\n\t\t\t\t<\/div>\n\t\t","protected":false},"excerpt":{"rendered":"<p>Benjamin Duelli Estudante da FH Wedel \u201cQuero possibilitar que o meu c\u00edrculo de amigos e eu festejemos num ambiente seguro.\u201d [&hellip;]<\/p>\n","protected":false},"author":1,"featured_media":0,"parent":0,"menu_order":0,"comment_status":"closed","ping_status":"closed","template":"","meta":{"site-sidebar-layout":"no-sidebar","site-content-layout":"","ast-site-content-layout":"full-width-container","site-content-style":"default","site-sidebar-style":"default","ast-global-header-display":"","ast-banner-title-visibility":"","ast-main-header-display":"","ast-hfb-above-header-display":"","ast-hfb-below-header-display":"","ast-hfb-mobile-header-display":"","site-post-title":"disabled","ast-breadcrumbs-content":"","ast-featured-img":"disabled","footer-sml-layout":"","ast-disable-related-posts":"","theme-transparent-header-meta":"","adv-header-id-meta":"","stick-header-meta":"","header-above-stick-meta":"","header-main-stick-meta":"","header-below-stick-meta":"","astra-migrate-meta-layouts":"default","ast-page-background-enabled":"default","ast-page-background-meta":{"desktop":{"background-color":"var(--ast-global-color-5)","background-image":"","background-repeat":"repeat","background-position":"center center","background-size":"auto","background-attachment":"scroll","background-type":"","background-media":"","overlay-type":"","overlay-color":"","overlay-opacity":"","overlay-gradient":""},"tablet":{"background-color":"","background-image":"","background-repeat":"repeat","background-position":"center center","background-size":"auto","background-attachment":"scroll","background-type":"","background-media":"","overlay-type":"","overlay-color":"","overlay-opacity":"","overlay-gradient":""},"mobile":{"background-color":"","background-image":"","background-repeat":"repeat","background-position":"center center","background-size":"auto","background-attachment":"scroll","background-type":"","background-media":"","overlay-type":"","overlay-color":"","overlay-opacity":"","overlay-gradient":""}},"ast-content-background-meta":{"desktop":{"background-color":"var(--ast-global-color-4)","background-image":"","background-repeat":"repeat","background-position":"center center","background-size":"auto","background-attachment":"scroll","background-type":"","background-media":"","overlay-type":"","overlay-color":"","overlay-opacity":"","overlay-gradient":""},"tablet":{"background-color":"var(--ast-global-color-4)","background-image":"","background-repeat":"repeat","background-position":"center center","background-size":"auto","background-attachment":"scroll","background-type":"","background-media":"","overlay-type":"","overlay-color":"","overlay-opacity":"","overlay-gradient":""},"mobile":{"background-color":"var(--ast-global-color-4)","background-image":"","background-repeat":"repeat","background-position":"center center","background-size":"auto","background-attachment":"scroll","background-type":"","background-media":"","overlay-type":"","overlay-color":"","overlay-opacity":"","overlay-gradient":""}},"footnotes":""},"class_list":["post-1344","page","type-page","status-publish","hentry"],"yoast_head":"<!-- This site is optimized with the Yoast SEO plugin v27.4 - https:\/\/yoast.com\/product\/yoast-seo-wordpress\/ -->\n<title>Benjamin - SafeSwitch<\/title>\n<meta name=\"robots\" content=\"index, follow, max-snippet:-1, max-image-preview:large, max-video-preview:-1\" \/>\n<link rel=\"canonical\" href=\"https:\/\/safeswitch.de\/pt-pt\/benjamin\/\" \/>\n<meta property=\"og:locale\" content=\"pt_PT\" \/>\n<meta property=\"og:type\" content=\"article\" \/>\n<meta property=\"og:title\" content=\"Benjamin - SafeSwitch\" \/>\n<meta property=\"og:description\" content=\"Benjamin Duelli Estudante da FH Wedel \u201cQuero possibilitar que o meu c\u00edrculo de amigos e eu festejemos num ambiente seguro.\u201d [&hellip;]\" \/>\n<meta property=\"og:url\" content=\"https:\/\/safeswitch.de\/pt-pt\/benjamin\/\" \/>\n<meta property=\"og:site_name\" content=\"SafeSwitch\" \/>\n<meta property=\"article:modified_time\" content=\"2025-07-31T17:52:04+00:00\" \/>\n<meta property=\"og:image\" content=\"https:\/\/safeswitch.de\/wp-content\/uploads\/2025\/07\/Benjamin-Hintergund-2.png\" \/>\n<meta name=\"twitter:card\" content=\"summary_large_image\" \/>\n<meta name=\"twitter:label1\" content=\"Tempo estimado de leitura\" \/>\n\t<meta name=\"twitter:data1\" content=\"1 minuto\" \/>\n<script type=\"application\/ld+json\" class=\"yoast-schema-graph\">{\"@context\":\"https:\\\/\\\/schema.org\",\"@graph\":[{\"@type\":\"WebPage\",\"@id\":\"https:\\\/\\\/safeswitch.de\\\/pt-pt\\\/benjamin\\\/\",\"url\":\"https:\\\/\\\/safeswitch.de\\\/pt-pt\\\/benjamin\\\/\",\"name\":\"Benjamin - SafeSwitch\",\"isPartOf\":{\"@id\":\"https:\\\/\\\/safeswitch.de\\\/pt-pt\\\/#website\"},\"primaryImageOfPage\":{\"@id\":\"https:\\\/\\\/safeswitch.de\\\/pt-pt\\\/benjamin\\\/#primaryimage\"},\"image\":{\"@id\":\"https:\\\/\\\/safeswitch.de\\\/pt-pt\\\/benjamin\\\/#primaryimage\"},\"thumbnailUrl\":\"https:\\\/\\\/safeswitch.de\\\/wp-content\\\/uploads\\\/2025\\\/07\\\/Benjamin-Hintergund-2.png\",\"datePublished\":\"2025-07-10T20:44:02+00:00\",\"dateModified\":\"2025-07-31T17:52:04+00:00\",\"breadcrumb\":{\"@id\":\"https:\\\/\\\/safeswitch.de\\\/pt-pt\\\/benjamin\\\/#breadcrumb\"},\"inLanguage\":\"pt-PT\",\"potentialAction\":[{\"@type\":\"ReadAction\",\"target\":[\"https:\\\/\\\/safeswitch.de\\\/pt-pt\\\/benjamin\\\/\"]}]},{\"@type\":\"ImageObject\",\"inLanguage\":\"pt-PT\",\"@id\":\"https:\\\/\\\/safeswitch.de\\\/pt-pt\\\/benjamin\\\/#primaryimage\",\"url\":\"https:\\\/\\\/safeswitch.de\\\/wp-content\\\/uploads\\\/2025\\\/07\\\/Benjamin-Hintergund-2.png\",\"contentUrl\":\"https:\\\/\\\/safeswitch.de\\\/wp-content\\\/uploads\\\/2025\\\/07\\\/Benjamin-Hintergund-2.png\"},{\"@type\":\"BreadcrumbList\",\"@id\":\"https:\\\/\\\/safeswitch.de\\\/pt-pt\\\/benjamin\\\/#breadcrumb\",\"itemListElement\":[{\"@type\":\"ListItem\",\"position\":1,\"name\":\"Startseite\",\"item\":\"https:\\\/\\\/safeswitch.de\\\/pt-pt\\\/?page_id=1368\"},{\"@type\":\"ListItem\",\"position\":2,\"name\":\"Benjamin\"}]},{\"@type\":\"WebSite\",\"@id\":\"https:\\\/\\\/safeswitch.de\\\/pt-pt\\\/#website\",\"url\":\"https:\\\/\\\/safeswitch.de\\\/pt-pt\\\/\",\"name\":\"SafeSwitch\",\"description\":\"F\u00fcr unbeschwertes &amp; sicheres Feiern. Der Schutz vor K.O.-Tropfen f\u00fcr dich und deine Kinder.\",\"publisher\":{\"@id\":\"https:\\\/\\\/safeswitch.de\\\/pt-pt\\\/#organization\"},\"potentialAction\":[{\"@type\":\"SearchAction\",\"target\":{\"@type\":\"EntryPoint\",\"urlTemplate\":\"https:\\\/\\\/safeswitch.de\\\/pt-pt\\\/?s={search_term_string}\"},\"query-input\":{\"@type\":\"PropertyValueSpecification\",\"valueRequired\":true,\"valueName\":\"search_term_string\"}}],\"inLanguage\":\"pt-PT\"},{\"@type\":\"Organization\",\"@id\":\"https:\\\/\\\/safeswitch.de\\\/pt-pt\\\/#organization\",\"name\":\"SafeSwitch\",\"url\":\"https:\\\/\\\/safeswitch.de\\\/pt-pt\\\/\",\"logo\":{\"@type\":\"ImageObject\",\"inLanguage\":\"pt-PT\",\"@id\":\"https:\\\/\\\/safeswitch.de\\\/pt-pt\\\/#\\\/schema\\\/logo\\\/image\\\/\",\"url\":\"https:\\\/\\\/safeswitch.de\\\/wp-content\\\/uploads\\\/2025\\\/07\\\/cropped-Logo.png\",\"contentUrl\":\"https:\\\/\\\/safeswitch.de\\\/wp-content\\\/uploads\\\/2025\\\/07\\\/cropped-Logo.png\",\"width\":1680,\"height\":1686,\"caption\":\"SafeSwitch\"},\"image\":{\"@id\":\"https:\\\/\\\/safeswitch.de\\\/pt-pt\\\/#\\\/schema\\\/logo\\\/image\\\/\"}}]}<\/script>\n<!-- \/ Yoast SEO plugin. -->","yoast_head_json":{"title":"Benjamin - SafeSwitch","robots":{"index":"index","follow":"follow","max-snippet":"max-snippet:-1","max-image-preview":"max-image-preview:large","max-video-preview":"max-video-preview:-1"},"canonical":"https:\/\/safeswitch.de\/pt-pt\/benjamin\/","og_locale":"pt_PT","og_type":"article","og_title":"Benjamin - SafeSwitch","og_description":"Benjamin Duelli Estudante da FH Wedel \u201cQuero possibilitar que o meu c\u00edrculo de amigos e eu festejemos num ambiente seguro.\u201d [&hellip;]","og_url":"https:\/\/safeswitch.de\/pt-pt\/benjamin\/","og_site_name":"SafeSwitch","article_modified_time":"2025-07-31T17:52:04+00:00","og_image":[{"url":"https:\/\/safeswitch.de\/wp-content\/uploads\/2025\/07\/Benjamin-Hintergund-2.png","type":"","width":"","height":""}],"twitter_card":"summary_large_image","twitter_misc":{"Tempo estimado de leitura":"1 minuto"},"schema":{"@context":"https:\/\/schema.org","@graph":[{"@type":"WebPage","@id":"https:\/\/safeswitch.de\/pt-pt\/benjamin\/","url":"https:\/\/safeswitch.de\/pt-pt\/benjamin\/","name":"Benjamin - SafeSwitch","isPartOf":{"@id":"https:\/\/safeswitch.de\/pt-pt\/#website"},"primaryImageOfPage":{"@id":"https:\/\/safeswitch.de\/pt-pt\/benjamin\/#primaryimage"},"image":{"@id":"https:\/\/safeswitch.de\/pt-pt\/benjamin\/#primaryimage"},"thumbnailUrl":"https:\/\/safeswitch.de\/wp-content\/uploads\/2025\/07\/Benjamin-Hintergund-2.png","datePublished":"2025-07-10T20:44:02+00:00","dateModified":"2025-07-31T17:52:04+00:00","breadcrumb":{"@id":"https:\/\/safeswitch.de\/pt-pt\/benjamin\/#breadcrumb"},"inLanguage":"pt-PT","potentialAction":[{"@type":"ReadAction","target":["https:\/\/safeswitch.de\/pt-pt\/benjamin\/"]}]},{"@type":"ImageObject","inLanguage":"pt-PT","@id":"https:\/\/safeswitch.de\/pt-pt\/benjamin\/#primaryimage","url":"https:\/\/safeswitch.de\/wp-content\/uploads\/2025\/07\/Benjamin-Hintergund-2.png","contentUrl":"https:\/\/safeswitch.de\/wp-content\/uploads\/2025\/07\/Benjamin-Hintergund-2.png"},{"@type":"BreadcrumbList","@id":"https:\/\/safeswitch.de\/pt-pt\/benjamin\/#breadcrumb","itemListElement":[{"@type":"ListItem","position":1,"name":"Startseite","item":"https:\/\/safeswitch.de\/pt-pt\/?page_id=1368"},{"@type":"ListItem","position":2,"name":"Benjamin"}]},{"@type":"WebSite","@id":"https:\/\/safeswitch.de\/pt-pt\/#website","url":"https:\/\/safeswitch.de\/pt-pt\/","name":"SafeSwitch","description":"F\u00fcr unbeschwertes &amp; sicheres Feiern. Der Schutz vor K.O.-Tropfen f\u00fcr dich und deine Kinder.","publisher":{"@id":"https:\/\/safeswitch.de\/pt-pt\/#organization"},"potentialAction":[{"@type":"SearchAction","target":{"@type":"EntryPoint","urlTemplate":"https:\/\/safeswitch.de\/pt-pt\/?s={search_term_string}"},"query-input":{"@type":"PropertyValueSpecification","valueRequired":true,"valueName":"search_term_string"}}],"inLanguage":"pt-PT"},{"@type":"Organization","@id":"https:\/\/safeswitch.de\/pt-pt\/#organization","name":"SafeSwitch","url":"https:\/\/safeswitch.de\/pt-pt\/","logo":{"@type":"ImageObject","inLanguage":"pt-PT","@id":"https:\/\/safeswitch.de\/pt-pt\/#\/schema\/logo\/image\/","url":"https:\/\/safeswitch.de\/wp-content\/uploads\/2025\/07\/cropped-Logo.png","contentUrl":"https:\/\/safeswitch.de\/wp-content\/uploads\/2025\/07\/cropped-Logo.png","width":1680,"height":1686,"caption":"SafeSwitch"},"image":{"@id":"https:\/\/safeswitch.de\/pt-pt\/#\/schema\/logo\/image\/"}}]}},"_links":{"self":[{"href":"https:\/\/safeswitch.de\/pt-pt\/wp-json\/wp\/v2\/pages\/1344","targetHints":{"allow":["GET"]}}],"collection":[{"href":"https:\/\/safeswitch.de\/pt-pt\/wp-json\/wp\/v2\/pages"}],"about":[{"href":"https:\/\/safeswitch.de\/pt-pt\/wp-json\/wp\/v2\/types\/page"}],"author":[{"embeddable":true,"href":"https:\/\/safeswitch.de\/pt-pt\/wp-json\/wp\/v2\/users\/1"}],"replies":[{"embeddable":true,"href":"https:\/\/safeswitch.de\/pt-pt\/wp-json\/wp\/v2\/comments?post=1344"}],"version-history":[{"count":2,"href":"https:\/\/safeswitch.de\/pt-pt\/wp-json\/wp\/v2\/pages\/1344\/revisions"}],"predecessor-version":[{"id":1346,"href":"https:\/\/safeswitch.de\/pt-pt\/wp-json\/wp\/v2\/pages\/1344\/revisions\/1346"}],"wp:attachment":[{"href":"https:\/\/safeswitch.de\/pt-pt\/wp-json\/wp\/v2\/media?parent=1344"}],"curies":[{"name":"wp","href":"https:\/\/api.w.org\/{rel}","templated":true}]}}