{"id":1313,"date":"2025-07-10T20:25:22","date_gmt":"2025-07-10T20:25:22","guid":{"rendered":"https:\/\/safeswitch.de\/elli-emma\/"},"modified":"2025-07-31T17:51:51","modified_gmt":"2025-07-31T17:51:51","slug":"elli-emma","status":"publish","type":"page","link":"https:\/\/safeswitch.de\/pt-pt\/elli-emma\/","title":{"rendered":"Elli &amp; Emma"},"content":{"rendered":"\t\t<div data-elementor-type=\"wp-page\" data-elementor-id=\"1313\" class=\"elementor elementor-1313 elementor-215\">\n\t\t\t\t<div class=\"elementor-element elementor-element-a610244 e-flex e-con-boxed e-con e-parent\" data-id=\"a610244\" data-element_type=\"container\" data-e-type=\"container\">\n\t\t\t\t\t<div class=\"e-con-inner\">\n\t\t<div class=\"elementor-element elementor-element-0d6f0e4 e-con-full e-flex e-con e-child\" data-id=\"0d6f0e4\" data-element_type=\"container\" data-e-type=\"container\">\n\t\t\t\t<div class=\"elementor-element elementor-element-f3298d3 elementor-invisible elementor-widget elementor-widget-image\" data-id=\"f3298d3\" data-element_type=\"widget\" data-e-type=\"widget\" data-settings=\"{&quot;_animation&quot;:&quot;fadeIn&quot;}\" data-widget_type=\"image.default\">\n\t\t\t\t\t\t\t\t\t\t\t\t\t\t\t<img fetchpriority=\"high\" decoding=\"async\" width=\"1024\" height=\"966\" src=\"https:\/\/safeswitch.de\/wp-content\/uploads\/2025\/07\/DSC04699-Kopie_gr-1024x966.png\" class=\"attachment-large size-large wp-image-930\" alt=\"\" srcset=\"https:\/\/safeswitch.de\/wp-content\/uploads\/2025\/07\/DSC04699-Kopie_gr-1024x966.png 1024w, https:\/\/safeswitch.de\/wp-content\/uploads\/2025\/07\/DSC04699-Kopie_gr-300x283.png 300w, https:\/\/safeswitch.de\/wp-content\/uploads\/2025\/07\/DSC04699-Kopie_gr-768x725.png 768w, https:\/\/safeswitch.de\/wp-content\/uploads\/2025\/07\/DSC04699-Kopie_gr-1536x1450.png 1536w, https:\/\/safeswitch.de\/wp-content\/uploads\/2025\/07\/DSC04699-Kopie_gr-2048x1933.png 2048w\" sizes=\"(max-width: 1024px) 100vw, 1024px\" \/>\t\t\t\t\t\t\t\t\t\t\t\t\t\t\t<\/div>\n\t\t\t\t<\/div>\n\t\t<div class=\"elementor-element elementor-element-fcc5a41 e-con-full e-flex e-con e-child\" data-id=\"fcc5a41\" data-element_type=\"container\" data-e-type=\"container\">\n\t\t\t\t<div class=\"elementor-element elementor-element-7cbae33 elementor-invisible elementor-widget elementor-widget-heading\" data-id=\"7cbae33\" data-element_type=\"widget\" data-e-type=\"widget\" data-settings=\"{&quot;_animation&quot;:&quot;fadeIn&quot;}\" data-widget_type=\"heading.default\">\n\t\t\t\t\t<h1 class=\"elementor-heading-title elementor-size-default\">Elisabeth Haase &amp; <br>Emma R\u00f6sner<\/h1>\t\t\t\t<\/div>\n\t\t\t\t<div class=\"elementor-element elementor-element-68adf35 elementor-invisible elementor-widget elementor-widget-text-editor\" data-id=\"68adf35\" data-element_type=\"widget\" data-e-type=\"widget\" data-settings=\"{&quot;_animation&quot;:&quot;fadeIn&quot;}\" data-widget_type=\"text-editor.default\">\n\t\t\t\t\t\t\t\t\t<p><b>Estudantes da TU Ilmenau<\/b><\/p>\t\t\t\t\t\t\t\t<\/div>\n\t\t\t\t<div class=\"elementor-element elementor-element-0419e82 elementor-invisible elementor-widget elementor-widget-text-editor\" data-id=\"0419e82\" data-element_type=\"widget\" data-e-type=\"widget\" data-settings=\"{&quot;_animation&quot;:&quot;fadeIn&quot;}\" data-widget_type=\"text-editor.default\">\n\t\t\t\t\t\t\t\t\t<p><em><span style=\"font-weight: 400;\">\u201cNingu\u00e9m se deve sentir sozinho e ignorado, especialmente neste tema!\u201d  <\/span><\/em><\/p>\t\t\t\t\t\t\t\t<\/div>\n\t\t\t\t<\/div>\n\t\t\t\t\t<\/div>\n\t\t\t\t<\/div>\n\t\t<div class=\"elementor-element elementor-element-ec6b5b5 e-flex e-con-boxed e-con e-parent\" data-id=\"ec6b5b5\" data-element_type=\"container\" data-e-type=\"container\">\n\t\t\t\t\t<div class=\"e-con-inner\">\n\t\t\t\t<div class=\"elementor-element elementor-element-b7b40de elementor-widget elementor-widget-text-editor\" data-id=\"b7b40de\" data-element_type=\"widget\" data-e-type=\"widget\" data-widget_type=\"text-editor.default\">\n\t\t\t\t\t\t\t\t\t<p><span style=\"font-weight: 400;\">A Emma e a Elisabeth juntaram-se \u00e0 equipa um pouco mais tarde e, desde ent\u00e3o, formam juntas o departamento de marketing. Desde jovens que ambas se dedicam a v\u00e1rios projetos sociais e esperam contribuir novamente para o bem comum com esta start-up. Juntas, esperam aumentar a consciencializa\u00e7\u00e3o, para que todos se apercebam do perigo e comecem a informar-se para se protegerem a si pr\u00f3prios e ao seu ambiente. Atrav\u00e9s das suas pr\u00f3prias experi\u00eancias e hist\u00f3rias do seu meio, sabem quais os efeitos fatais que um segundo de desaten\u00e7\u00e3o pode ter.    <\/span><span style=\"font-weight: 400;\"><br><\/span><em><span style=\"font-weight: 400;\">\u201cPara n\u00f3s, s\u00f3 a ideia j\u00e1 \u00e9 um pensamento assustador. Precisamente por isso, esperamos que isto torne poss\u00edvel voltar a festejar sem medo.\u201d  <\/span><\/em><\/p><p><span style=\"font-weight: 400;\">Elas gostariam de adquirir as primeiras experi\u00eancias profissionais atrav\u00e9s desta start-up, especialmente nas \u00e1reas de desenvolvimento de produtos e marketing. <em>\u201cEsperamos que o produto inspire as pessoas a tornarem-se ativas e a aprenderem que basta uma ideia e um pouco de coragem para tornar o mundo um pouco mais seguro.\u201d  <\/em><\/span><\/p><p><span style=\"font-weight: 400;\">Ambas se conheceram durante os seus estudos na Universidade T\u00e9cnica de Ilmenau e perceberam o qu\u00e3o bem se complementavam durante a sua colabora\u00e7\u00e3o em v\u00e1rios m\u00f3dulos. Emma recebeu o seu bacharelato em 2025 em \u201cCi\u00eancias Aplicadas da M\u00eddia e da Comunica\u00e7\u00e3o\u201d e pretende iniciar o seu mestrado em outubro. Elisabeth come\u00e7a a sua tese de licenciatura no pr\u00f3ximo semestre e gostaria de fazer uma pequena viagem \u00e0 volta do mundo depois disso.  <\/span><\/p>\t\t\t\t\t\t\t\t<\/div>\n\t\t\t\t\t<\/div>\n\t\t\t\t<\/div>\n\t\t\t\t<\/div>\n\t\t","protected":false},"excerpt":{"rendered":"<p>Elisabeth Haase &amp; Emma R\u00f6sner Estudantes da TU Ilmenau \u201cNingu\u00e9m se deve sentir sozinho e ignorado, especialmente neste tema!\u201d A [&hellip;]<\/p>\n","protected":false},"author":1,"featured_media":0,"parent":0,"menu_order":0,"comment_status":"closed","ping_status":"closed","template":"","meta":{"site-sidebar-layout":"no-sidebar","site-content-layout":"","ast-site-content-layout":"full-width-container","site-content-style":"default","site-sidebar-style":"default","ast-global-header-display":"","ast-banner-title-visibility":"","ast-main-header-display":"","ast-hfb-above-header-display":"","ast-hfb-below-header-display":"","ast-hfb-mobile-header-display":"","site-post-title":"disabled","ast-breadcrumbs-content":"","ast-featured-img":"disabled","footer-sml-layout":"","ast-disable-related-posts":"","theme-transparent-header-meta":"","adv-header-id-meta":"","stick-header-meta":"","header-above-stick-meta":"","header-main-stick-meta":"","header-below-stick-meta":"","astra-migrate-meta-layouts":"default","ast-page-background-enabled":"default","ast-page-background-meta":{"desktop":{"background-color":"var(--ast-global-color-5)","background-image":"","background-repeat":"repeat","background-position":"center center","background-size":"auto","background-attachment":"scroll","background-type":"","background-media":"","overlay-type":"","overlay-color":"","overlay-opacity":"","overlay-gradient":""},"tablet":{"background-color":"","background-image":"","background-repeat":"repeat","background-position":"center center","background-size":"auto","background-attachment":"scroll","background-type":"","background-media":"","overlay-type":"","overlay-color":"","overlay-opacity":"","overlay-gradient":""},"mobile":{"background-color":"","background-image":"","background-repeat":"repeat","background-position":"center center","background-size":"auto","background-attachment":"scroll","background-type":"","background-media":"","overlay-type":"","overlay-color":"","overlay-opacity":"","overlay-gradient":""}},"ast-content-background-meta":{"desktop":{"background-color":"var(--ast-global-color-4)","background-image":"","background-repeat":"repeat","background-position":"center center","background-size":"auto","background-attachment":"scroll","background-type":"","background-media":"","overlay-type":"","overlay-color":"","overlay-opacity":"","overlay-gradient":""},"tablet":{"background-color":"var(--ast-global-color-4)","background-image":"","background-repeat":"repeat","background-position":"center center","background-size":"auto","background-attachment":"scroll","background-type":"","background-media":"","overlay-type":"","overlay-color":"","overlay-opacity":"","overlay-gradient":""},"mobile":{"background-color":"var(--ast-global-color-4)","background-image":"","background-repeat":"repeat","background-position":"center center","background-size":"auto","background-attachment":"scroll","background-type":"","background-media":"","overlay-type":"","overlay-color":"","overlay-opacity":"","overlay-gradient":""}},"footnotes":""},"class_list":["post-1313","page","type-page","status-publish","hentry"],"yoast_head":"<!-- This site is optimized with the Yoast SEO plugin v27.4 - https:\/\/yoast.com\/product\/yoast-seo-wordpress\/ -->\n<title>Elli &amp; Emma - SafeSwitch<\/title>\n<meta name=\"robots\" content=\"index, follow, max-snippet:-1, max-image-preview:large, max-video-preview:-1\" \/>\n<link rel=\"canonical\" href=\"https:\/\/safeswitch.de\/pt-pt\/elli-emma\/\" \/>\n<meta property=\"og:locale\" content=\"pt_PT\" \/>\n<meta property=\"og:type\" content=\"article\" \/>\n<meta property=\"og:title\" content=\"Elli &amp; Emma - SafeSwitch\" \/>\n<meta property=\"og:description\" content=\"Elisabeth Haase &amp; Emma R\u00f6sner Estudantes da TU Ilmenau \u201cNingu\u00e9m se deve sentir sozinho e ignorado, especialmente neste tema!\u201d A [&hellip;]\" \/>\n<meta property=\"og:url\" content=\"https:\/\/safeswitch.de\/pt-pt\/elli-emma\/\" \/>\n<meta property=\"og:site_name\" content=\"SafeSwitch\" \/>\n<meta property=\"article:modified_time\" content=\"2025-07-31T17:51:51+00:00\" \/>\n<meta property=\"og:image\" content=\"https:\/\/safeswitch.de\/wp-content\/uploads\/2025\/07\/DSC04699-Kopie_gr-1024x966.png\" \/>\n<meta name=\"twitter:card\" content=\"summary_large_image\" \/>\n<meta name=\"twitter:label1\" content=\"Tempo estimado de leitura\" \/>\n\t<meta name=\"twitter:data1\" content=\"1 minuto\" \/>\n<script type=\"application\/ld+json\" class=\"yoast-schema-graph\">{\"@context\":\"https:\\\/\\\/schema.org\",\"@graph\":[{\"@type\":\"WebPage\",\"@id\":\"https:\\\/\\\/safeswitch.de\\\/pt-pt\\\/elli-emma\\\/\",\"url\":\"https:\\\/\\\/safeswitch.de\\\/pt-pt\\\/elli-emma\\\/\",\"name\":\"Elli &amp; Emma - SafeSwitch\",\"isPartOf\":{\"@id\":\"https:\\\/\\\/safeswitch.de\\\/pt-pt\\\/#website\"},\"primaryImageOfPage\":{\"@id\":\"https:\\\/\\\/safeswitch.de\\\/pt-pt\\\/elli-emma\\\/#primaryimage\"},\"image\":{\"@id\":\"https:\\\/\\\/safeswitch.de\\\/pt-pt\\\/elli-emma\\\/#primaryimage\"},\"thumbnailUrl\":\"https:\\\/\\\/safeswitch.de\\\/wp-content\\\/uploads\\\/2025\\\/07\\\/DSC04699-Kopie_gr-1024x966.png\",\"datePublished\":\"2025-07-10T20:25:22+00:00\",\"dateModified\":\"2025-07-31T17:51:51+00:00\",\"breadcrumb\":{\"@id\":\"https:\\\/\\\/safeswitch.de\\\/pt-pt\\\/elli-emma\\\/#breadcrumb\"},\"inLanguage\":\"pt-PT\",\"potentialAction\":[{\"@type\":\"ReadAction\",\"target\":[\"https:\\\/\\\/safeswitch.de\\\/pt-pt\\\/elli-emma\\\/\"]}]},{\"@type\":\"ImageObject\",\"inLanguage\":\"pt-PT\",\"@id\":\"https:\\\/\\\/safeswitch.de\\\/pt-pt\\\/elli-emma\\\/#primaryimage\",\"url\":\"https:\\\/\\\/safeswitch.de\\\/wp-content\\\/uploads\\\/2025\\\/07\\\/DSC04699-Kopie_gr-1024x966.png\",\"contentUrl\":\"https:\\\/\\\/safeswitch.de\\\/wp-content\\\/uploads\\\/2025\\\/07\\\/DSC04699-Kopie_gr-1024x966.png\"},{\"@type\":\"BreadcrumbList\",\"@id\":\"https:\\\/\\\/safeswitch.de\\\/pt-pt\\\/elli-emma\\\/#breadcrumb\",\"itemListElement\":[{\"@type\":\"ListItem\",\"position\":1,\"name\":\"Startseite\",\"item\":\"https:\\\/\\\/safeswitch.de\\\/pt-pt\\\/?page_id=1368\"},{\"@type\":\"ListItem\",\"position\":2,\"name\":\"Elli &amp; Emma\"}]},{\"@type\":\"WebSite\",\"@id\":\"https:\\\/\\\/safeswitch.de\\\/pt-pt\\\/#website\",\"url\":\"https:\\\/\\\/safeswitch.de\\\/pt-pt\\\/\",\"name\":\"SafeSwitch\",\"description\":\"F\u00fcr unbeschwertes &amp; sicheres Feiern. Der Schutz vor K.O.-Tropfen f\u00fcr dich und deine Kinder.\",\"publisher\":{\"@id\":\"https:\\\/\\\/safeswitch.de\\\/pt-pt\\\/#organization\"},\"potentialAction\":[{\"@type\":\"SearchAction\",\"target\":{\"@type\":\"EntryPoint\",\"urlTemplate\":\"https:\\\/\\\/safeswitch.de\\\/pt-pt\\\/?s={search_term_string}\"},\"query-input\":{\"@type\":\"PropertyValueSpecification\",\"valueRequired\":true,\"valueName\":\"search_term_string\"}}],\"inLanguage\":\"pt-PT\"},{\"@type\":\"Organization\",\"@id\":\"https:\\\/\\\/safeswitch.de\\\/pt-pt\\\/#organization\",\"name\":\"SafeSwitch\",\"url\":\"https:\\\/\\\/safeswitch.de\\\/pt-pt\\\/\",\"logo\":{\"@type\":\"ImageObject\",\"inLanguage\":\"pt-PT\",\"@id\":\"https:\\\/\\\/safeswitch.de\\\/pt-pt\\\/#\\\/schema\\\/logo\\\/image\\\/\",\"url\":\"https:\\\/\\\/safeswitch.de\\\/wp-content\\\/uploads\\\/2025\\\/07\\\/cropped-Logo.png\",\"contentUrl\":\"https:\\\/\\\/safeswitch.de\\\/wp-content\\\/uploads\\\/2025\\\/07\\\/cropped-Logo.png\",\"width\":1680,\"height\":1686,\"caption\":\"SafeSwitch\"},\"image\":{\"@id\":\"https:\\\/\\\/safeswitch.de\\\/pt-pt\\\/#\\\/schema\\\/logo\\\/image\\\/\"}}]}<\/script>\n<!-- \/ Yoast SEO plugin. -->","yoast_head_json":{"title":"Elli &amp; Emma - SafeSwitch","robots":{"index":"index","follow":"follow","max-snippet":"max-snippet:-1","max-image-preview":"max-image-preview:large","max-video-preview":"max-video-preview:-1"},"canonical":"https:\/\/safeswitch.de\/pt-pt\/elli-emma\/","og_locale":"pt_PT","og_type":"article","og_title":"Elli &amp; Emma - SafeSwitch","og_description":"Elisabeth Haase &amp; Emma R\u00f6sner Estudantes da TU Ilmenau \u201cNingu\u00e9m se deve sentir sozinho e ignorado, especialmente neste tema!\u201d A [&hellip;]","og_url":"https:\/\/safeswitch.de\/pt-pt\/elli-emma\/","og_site_name":"SafeSwitch","article_modified_time":"2025-07-31T17:51:51+00:00","og_image":[{"url":"https:\/\/safeswitch.de\/wp-content\/uploads\/2025\/07\/DSC04699-Kopie_gr-1024x966.png","type":"","width":"","height":""}],"twitter_card":"summary_large_image","twitter_misc":{"Tempo estimado de leitura":"1 minuto"},"schema":{"@context":"https:\/\/schema.org","@graph":[{"@type":"WebPage","@id":"https:\/\/safeswitch.de\/pt-pt\/elli-emma\/","url":"https:\/\/safeswitch.de\/pt-pt\/elli-emma\/","name":"Elli &amp; Emma - SafeSwitch","isPartOf":{"@id":"https:\/\/safeswitch.de\/pt-pt\/#website"},"primaryImageOfPage":{"@id":"https:\/\/safeswitch.de\/pt-pt\/elli-emma\/#primaryimage"},"image":{"@id":"https:\/\/safeswitch.de\/pt-pt\/elli-emma\/#primaryimage"},"thumbnailUrl":"https:\/\/safeswitch.de\/wp-content\/uploads\/2025\/07\/DSC04699-Kopie_gr-1024x966.png","datePublished":"2025-07-10T20:25:22+00:00","dateModified":"2025-07-31T17:51:51+00:00","breadcrumb":{"@id":"https:\/\/safeswitch.de\/pt-pt\/elli-emma\/#breadcrumb"},"inLanguage":"pt-PT","potentialAction":[{"@type":"ReadAction","target":["https:\/\/safeswitch.de\/pt-pt\/elli-emma\/"]}]},{"@type":"ImageObject","inLanguage":"pt-PT","@id":"https:\/\/safeswitch.de\/pt-pt\/elli-emma\/#primaryimage","url":"https:\/\/safeswitch.de\/wp-content\/uploads\/2025\/07\/DSC04699-Kopie_gr-1024x966.png","contentUrl":"https:\/\/safeswitch.de\/wp-content\/uploads\/2025\/07\/DSC04699-Kopie_gr-1024x966.png"},{"@type":"BreadcrumbList","@id":"https:\/\/safeswitch.de\/pt-pt\/elli-emma\/#breadcrumb","itemListElement":[{"@type":"ListItem","position":1,"name":"Startseite","item":"https:\/\/safeswitch.de\/pt-pt\/?page_id=1368"},{"@type":"ListItem","position":2,"name":"Elli &amp; Emma"}]},{"@type":"WebSite","@id":"https:\/\/safeswitch.de\/pt-pt\/#website","url":"https:\/\/safeswitch.de\/pt-pt\/","name":"SafeSwitch","description":"F\u00fcr unbeschwertes &amp; sicheres Feiern. Der Schutz vor K.O.-Tropfen f\u00fcr dich und deine Kinder.","publisher":{"@id":"https:\/\/safeswitch.de\/pt-pt\/#organization"},"potentialAction":[{"@type":"SearchAction","target":{"@type":"EntryPoint","urlTemplate":"https:\/\/safeswitch.de\/pt-pt\/?s={search_term_string}"},"query-input":{"@type":"PropertyValueSpecification","valueRequired":true,"valueName":"search_term_string"}}],"inLanguage":"pt-PT"},{"@type":"Organization","@id":"https:\/\/safeswitch.de\/pt-pt\/#organization","name":"SafeSwitch","url":"https:\/\/safeswitch.de\/pt-pt\/","logo":{"@type":"ImageObject","inLanguage":"pt-PT","@id":"https:\/\/safeswitch.de\/pt-pt\/#\/schema\/logo\/image\/","url":"https:\/\/safeswitch.de\/wp-content\/uploads\/2025\/07\/cropped-Logo.png","contentUrl":"https:\/\/safeswitch.de\/wp-content\/uploads\/2025\/07\/cropped-Logo.png","width":1680,"height":1686,"caption":"SafeSwitch"},"image":{"@id":"https:\/\/safeswitch.de\/pt-pt\/#\/schema\/logo\/image\/"}}]}},"_links":{"self":[{"href":"https:\/\/safeswitch.de\/pt-pt\/wp-json\/wp\/v2\/pages\/1313","targetHints":{"allow":["GET"]}}],"collection":[{"href":"https:\/\/safeswitch.de\/pt-pt\/wp-json\/wp\/v2\/pages"}],"about":[{"href":"https:\/\/safeswitch.de\/pt-pt\/wp-json\/wp\/v2\/types\/page"}],"author":[{"embeddable":true,"href":"https:\/\/safeswitch.de\/pt-pt\/wp-json\/wp\/v2\/users\/1"}],"replies":[{"embeddable":true,"href":"https:\/\/safeswitch.de\/pt-pt\/wp-json\/wp\/v2\/comments?post=1313"}],"version-history":[{"count":2,"href":"https:\/\/safeswitch.de\/pt-pt\/wp-json\/wp\/v2\/pages\/1313\/revisions"}],"predecessor-version":[{"id":1316,"href":"https:\/\/safeswitch.de\/pt-pt\/wp-json\/wp\/v2\/pages\/1313\/revisions\/1316"}],"wp:attachment":[{"href":"https:\/\/safeswitch.de\/pt-pt\/wp-json\/wp\/v2\/media?parent=1313"}],"curies":[{"name":"wp","href":"https:\/\/api.w.org\/{rel}","templated":true}]}}