{"id":1263,"date":"2025-07-10T21:45:42","date_gmt":"2025-07-10T21:45:42","guid":{"rendered":"https:\/\/safeswitch.de\/markus\/"},"modified":"2025-07-31T17:51:36","modified_gmt":"2025-07-31T17:51:36","slug":"markus","status":"publish","type":"page","link":"https:\/\/safeswitch.de\/pt-pt\/markus\/","title":{"rendered":"Markus"},"content":{"rendered":"\t\t<div data-elementor-type=\"wp-page\" data-elementor-id=\"1263\" class=\"elementor elementor-1263 elementor-272\">\n\t\t\t\t<div class=\"elementor-element elementor-element-db8211d e-flex e-con-boxed e-con e-parent\" data-id=\"db8211d\" data-element_type=\"container\" data-e-type=\"container\">\n\t\t\t\t\t<div class=\"e-con-inner\">\n\t\t<div class=\"elementor-element elementor-element-4113f19 e-con-full e-flex e-con e-child\" data-id=\"4113f19\" data-element_type=\"container\" data-e-type=\"container\">\n\t\t\t\t<div class=\"elementor-element elementor-element-d6e77fa elementor-invisible elementor-widget elementor-widget-image\" data-id=\"d6e77fa\" data-element_type=\"widget\" data-e-type=\"widget\" data-settings=\"{&quot;_animation&quot;:&quot;fadeIn&quot;}\" data-widget_type=\"image.default\">\n\t\t\t\t\t\t\t\t\t\t\t\t\t\t\t<img fetchpriority=\"high\" decoding=\"async\" width=\"1024\" height=\"1024\" src=\"https:\/\/safeswitch.de\/wp-content\/uploads\/2025\/07\/papa-2-Hintergund-2-1-1024x1024.png\" class=\"attachment-large size-large wp-image-1085\" alt=\"Portrait Markus Duelli\" srcset=\"https:\/\/safeswitch.de\/wp-content\/uploads\/2025\/07\/papa-2-Hintergund-2-1-1024x1024.png 1024w, https:\/\/safeswitch.de\/wp-content\/uploads\/2025\/07\/papa-2-Hintergund-2-1-300x300.png 300w, https:\/\/safeswitch.de\/wp-content\/uploads\/2025\/07\/papa-2-Hintergund-2-1-150x150.png 150w, https:\/\/safeswitch.de\/wp-content\/uploads\/2025\/07\/papa-2-Hintergund-2-1-768x768.png 768w, https:\/\/safeswitch.de\/wp-content\/uploads\/2025\/07\/papa-2-Hintergund-2-1-1536x1536.png 1536w, https:\/\/safeswitch.de\/wp-content\/uploads\/2025\/07\/papa-2-Hintergund-2-1-2048x2048.png 2048w\" sizes=\"(max-width: 1024px) 100vw, 1024px\" \/>\t\t\t\t\t\t\t\t\t\t\t\t\t\t\t<\/div>\n\t\t\t\t<\/div>\n\t\t<div class=\"elementor-element elementor-element-7c629dd e-con-full e-flex e-con e-child\" data-id=\"7c629dd\" data-element_type=\"container\" data-e-type=\"container\">\n\t\t\t\t<div class=\"elementor-element elementor-element-29ba46f elementor-invisible elementor-widget elementor-widget-heading\" data-id=\"29ba46f\" data-element_type=\"widget\" data-e-type=\"widget\" data-settings=\"{&quot;_animation&quot;:&quot;fadeIn&quot;}\" data-widget_type=\"heading.default\">\n\t\t\t\t\t<h1 class=\"elementor-heading-title elementor-size-default\"><br>Markus Duelli<\/h1>\t\t\t\t<\/div>\n\t\t\t\t<div class=\"elementor-element elementor-element-e6b3f02 elementor-invisible elementor-widget elementor-widget-heading\" data-id=\"e6b3f02\" data-element_type=\"widget\" data-e-type=\"widget\" data-settings=\"{&quot;_animation&quot;:&quot;fadeIn&quot;}\" data-widget_type=\"heading.default\">\n\t\t\t\t\t<h3 class=\"elementor-heading-title elementor-size-default\"><b>Engenheiro Diplomado em Tecnologia de Media<\/b><\/h3>\t\t\t\t<\/div>\n\t\t\t\t<div class=\"elementor-element elementor-element-9f9cbca elementor-invisible elementor-widget elementor-widget-text-editor\" data-id=\"9f9cbca\" data-element_type=\"widget\" data-e-type=\"widget\" data-settings=\"{&quot;_animation&quot;:&quot;fadeIn&quot;}\" data-widget_type=\"text-editor.default\">\n\t\t\t\t\t\t\t\t\t<p><em style=\"font-family: var( --e-global-typography-d66373a-font-family ), Sans-serif; text-align: var(--text-align);\">\u201cPrincipalmente num mundo digital, os encontros reais despreocupados e sem receios s\u00e3o mais importantes do que nunca.\u201d<\/em><\/p>\t\t\t\t\t\t\t\t<\/div>\n\t\t\t\t<\/div>\n\t\t\t\t\t<\/div>\n\t\t\t\t<\/div>\n\t\t<div class=\"elementor-element elementor-element-e87d298 e-flex e-con-boxed e-con e-parent\" data-id=\"e87d298\" data-element_type=\"container\" data-e-type=\"container\">\n\t\t\t\t\t<div class=\"e-con-inner\">\n\t\t\t\t<div class=\"elementor-element elementor-element-abeeefb elementor-widget elementor-widget-text-editor\" data-id=\"abeeefb\" data-element_type=\"widget\" data-e-type=\"widget\" data-widget_type=\"text-editor.default\">\n\t\t\t\t\t\t\t\t\t<p><span style=\"font-weight: 400;\">Markus Duelli \u00e9 o inventor da ideia e fundador da start-up. Desde ent\u00e3o, lidera o grupo de projeto e leva-o sempre em novas e entusiasmantes dire\u00e7\u00f5es.<br>Como pai de dois filhos, preocupa-se \u2013 como muitos pais \u2013 com a quest\u00e3o de como podemos tornar o mundo um lugar seguro para as gera\u00e7\u00f5es vindouras. O seu objetivo \u00e9 criar espa\u00e7os protegidos onde todos se possam desenvolver livremente e em seguran\u00e7a.<br>Atrav\u00e9s de conversas com a sua fam\u00edlia e o seu c\u00edrculo de amigos, Markus apercebeu-se do problema das gotas anest\u00e9sicas. Decidiu, ent\u00e3o, assumir uma tarefa pessoal: mudar alguma coisa.<\/span><\/p><p><em><span style=\"font-weight: 400;\">\u201cAdoro encontrar solu\u00e7\u00f5es para problemas, melhorar continuamente os processos e fazer com que as equipas sejam mais do que a soma dos seus membros.\u201d<\/span><\/em><\/p><p><span style=\"font-weight: 400;\">Principalmente no nosso mundo digital, sublinha, \u00e9 importante voltarmos a olhar em conjunto, a identificar os problemas abertamente \u2013 e a resolv\u00ea-los. Pois s\u00f3 assim a nossa sociedade se pode desenvolver.<br>O seu grande objetivo:<\/span><\/p><p><em><span style=\"font-weight: 400;\">\u201cUma sociedade em que solu\u00e7\u00f5es como o SafeSwitch j\u00e1 n\u00e3o sejam necess\u00e1rias.\u201d  <\/span><\/em><\/p><ul><li style=\"font-weight: 400;\" aria-level=\"1\"><span style=\"font-weight: 400;\">Engenheiro Diplomado em Tecnologia de Media <\/span><\/li><li style=\"font-weight: 400;\" aria-level=\"1\"><span style=\"font-weight: 400;\">Gestor de projetos certificado segundo PMI, PRINCE2, PM@WN<\/span><\/li><li style=\"font-weight: 400;\" aria-level=\"1\"><span style=\"font-weight: 400;\">10 anos de experi\u00eancia como diretor executivo <\/span><\/li><li style=\"font-weight: 400;\" aria-level=\"1\"><span style=\"font-weight: 400;\">23 anos de experi\u00eancia em desenvolvimento tecnol\u00f3gico (consultoria, desenvolvimento pr\u00f3prio e gest\u00e3o)<\/span><\/li><\/ul>\t\t\t\t\t\t\t\t<\/div>\n\t\t\t\t\t<\/div>\n\t\t\t\t<\/div>\n\t\t\t\t<\/div>\n\t\t","protected":false},"excerpt":{"rendered":"<p>Markus Duelli Engenheiro Diplomado em Tecnologia de Media \u201cPrincipalmente num mundo digital, os encontros reais despreocupados e sem receios s\u00e3o [&hellip;]<\/p>\n","protected":false},"author":1,"featured_media":0,"parent":0,"menu_order":0,"comment_status":"closed","ping_status":"closed","template":"","meta":{"site-sidebar-layout":"no-sidebar","site-content-layout":"","ast-site-content-layout":"full-width-container","site-content-style":"default","site-sidebar-style":"default","ast-global-header-display":"","ast-banner-title-visibility":"","ast-main-header-display":"","ast-hfb-above-header-display":"","ast-hfb-below-header-display":"","ast-hfb-mobile-header-display":"","site-post-title":"disabled","ast-breadcrumbs-content":"","ast-featured-img":"disabled","footer-sml-layout":"","ast-disable-related-posts":"","theme-transparent-header-meta":"","adv-header-id-meta":"","stick-header-meta":"","header-above-stick-meta":"","header-main-stick-meta":"","header-below-stick-meta":"","astra-migrate-meta-layouts":"default","ast-page-background-enabled":"default","ast-page-background-meta":{"desktop":{"background-color":"var(--ast-global-color-5)","background-image":"","background-repeat":"repeat","background-position":"center center","background-size":"auto","background-attachment":"scroll","background-type":"","background-media":"","overlay-type":"","overlay-color":"","overlay-opacity":"","overlay-gradient":""},"tablet":{"background-color":"","background-image":"","background-repeat":"repeat","background-position":"center center","background-size":"auto","background-attachment":"scroll","background-type":"","background-media":"","overlay-type":"","overlay-color":"","overlay-opacity":"","overlay-gradient":""},"mobile":{"background-color":"","background-image":"","background-repeat":"repeat","background-position":"center center","background-size":"auto","background-attachment":"scroll","background-type":"","background-media":"","overlay-type":"","overlay-color":"","overlay-opacity":"","overlay-gradient":""}},"ast-content-background-meta":{"desktop":{"background-color":"var(--ast-global-color-4)","background-image":"","background-repeat":"repeat","background-position":"center center","background-size":"auto","background-attachment":"scroll","background-type":"","background-media":"","overlay-type":"","overlay-color":"","overlay-opacity":"","overlay-gradient":""},"tablet":{"background-color":"var(--ast-global-color-4)","background-image":"","background-repeat":"repeat","background-position":"center center","background-size":"auto","background-attachment":"scroll","background-type":"","background-media":"","overlay-type":"","overlay-color":"","overlay-opacity":"","overlay-gradient":""},"mobile":{"background-color":"var(--ast-global-color-4)","background-image":"","background-repeat":"repeat","background-position":"center center","background-size":"auto","background-attachment":"scroll","background-type":"","background-media":"","overlay-type":"","overlay-color":"","overlay-opacity":"","overlay-gradient":""}},"footnotes":""},"class_list":["post-1263","page","type-page","status-publish","hentry"],"yoast_head":"<!-- This site is optimized with the Yoast SEO plugin v27.4 - https:\/\/yoast.com\/product\/yoast-seo-wordpress\/ -->\n<title>Markus - SafeSwitch<\/title>\n<meta name=\"robots\" content=\"index, follow, max-snippet:-1, max-image-preview:large, max-video-preview:-1\" \/>\n<link rel=\"canonical\" href=\"https:\/\/safeswitch.de\/pt-pt\/markus\/\" \/>\n<meta property=\"og:locale\" content=\"pt_PT\" \/>\n<meta property=\"og:type\" content=\"article\" \/>\n<meta property=\"og:title\" content=\"Markus - SafeSwitch\" \/>\n<meta property=\"og:description\" content=\"Markus Duelli Engenheiro Diplomado em Tecnologia de Media \u201cPrincipalmente num mundo digital, os encontros reais despreocupados e sem receios s\u00e3o [&hellip;]\" \/>\n<meta property=\"og:url\" content=\"https:\/\/safeswitch.de\/pt-pt\/markus\/\" \/>\n<meta property=\"og:site_name\" content=\"SafeSwitch\" \/>\n<meta property=\"article:modified_time\" content=\"2025-07-31T17:51:36+00:00\" \/>\n<meta property=\"og:image\" content=\"https:\/\/safeswitch.de\/wp-content\/uploads\/2025\/07\/papa-2-Hintergund-2-1-1024x1024.png\" \/>\n<meta name=\"twitter:card\" content=\"summary_large_image\" \/>\n<meta name=\"twitter:label1\" content=\"Tempo estimado de leitura\" \/>\n\t<meta name=\"twitter:data1\" content=\"1 minuto\" \/>\n<script type=\"application\/ld+json\" class=\"yoast-schema-graph\">{\"@context\":\"https:\\\/\\\/schema.org\",\"@graph\":[{\"@type\":\"WebPage\",\"@id\":\"https:\\\/\\\/safeswitch.de\\\/pt-pt\\\/markus\\\/\",\"url\":\"https:\\\/\\\/safeswitch.de\\\/pt-pt\\\/markus\\\/\",\"name\":\"Markus - SafeSwitch\",\"isPartOf\":{\"@id\":\"https:\\\/\\\/safeswitch.de\\\/pt-pt\\\/#website\"},\"primaryImageOfPage\":{\"@id\":\"https:\\\/\\\/safeswitch.de\\\/pt-pt\\\/markus\\\/#primaryimage\"},\"image\":{\"@id\":\"https:\\\/\\\/safeswitch.de\\\/pt-pt\\\/markus\\\/#primaryimage\"},\"thumbnailUrl\":\"https:\\\/\\\/safeswitch.de\\\/wp-content\\\/uploads\\\/2025\\\/07\\\/papa-2-Hintergund-2-1-1024x1024.png\",\"datePublished\":\"2025-07-10T21:45:42+00:00\",\"dateModified\":\"2025-07-31T17:51:36+00:00\",\"breadcrumb\":{\"@id\":\"https:\\\/\\\/safeswitch.de\\\/pt-pt\\\/markus\\\/#breadcrumb\"},\"inLanguage\":\"pt-PT\",\"potentialAction\":[{\"@type\":\"ReadAction\",\"target\":[\"https:\\\/\\\/safeswitch.de\\\/pt-pt\\\/markus\\\/\"]}]},{\"@type\":\"ImageObject\",\"inLanguage\":\"pt-PT\",\"@id\":\"https:\\\/\\\/safeswitch.de\\\/pt-pt\\\/markus\\\/#primaryimage\",\"url\":\"https:\\\/\\\/safeswitch.de\\\/wp-content\\\/uploads\\\/2025\\\/07\\\/papa-2-Hintergund-2-1-1024x1024.png\",\"contentUrl\":\"https:\\\/\\\/safeswitch.de\\\/wp-content\\\/uploads\\\/2025\\\/07\\\/papa-2-Hintergund-2-1-1024x1024.png\"},{\"@type\":\"BreadcrumbList\",\"@id\":\"https:\\\/\\\/safeswitch.de\\\/pt-pt\\\/markus\\\/#breadcrumb\",\"itemListElement\":[{\"@type\":\"ListItem\",\"position\":1,\"name\":\"Startseite\",\"item\":\"https:\\\/\\\/safeswitch.de\\\/pt-pt\\\/?page_id=1368\"},{\"@type\":\"ListItem\",\"position\":2,\"name\":\"Markus\"}]},{\"@type\":\"WebSite\",\"@id\":\"https:\\\/\\\/safeswitch.de\\\/pt-pt\\\/#website\",\"url\":\"https:\\\/\\\/safeswitch.de\\\/pt-pt\\\/\",\"name\":\"SafeSwitch\",\"description\":\"F\u00fcr unbeschwertes &amp; sicheres Feiern. Der Schutz vor K.O.-Tropfen f\u00fcr dich und deine Kinder.\",\"publisher\":{\"@id\":\"https:\\\/\\\/safeswitch.de\\\/pt-pt\\\/#organization\"},\"potentialAction\":[{\"@type\":\"SearchAction\",\"target\":{\"@type\":\"EntryPoint\",\"urlTemplate\":\"https:\\\/\\\/safeswitch.de\\\/pt-pt\\\/?s={search_term_string}\"},\"query-input\":{\"@type\":\"PropertyValueSpecification\",\"valueRequired\":true,\"valueName\":\"search_term_string\"}}],\"inLanguage\":\"pt-PT\"},{\"@type\":\"Organization\",\"@id\":\"https:\\\/\\\/safeswitch.de\\\/pt-pt\\\/#organization\",\"name\":\"SafeSwitch\",\"url\":\"https:\\\/\\\/safeswitch.de\\\/pt-pt\\\/\",\"logo\":{\"@type\":\"ImageObject\",\"inLanguage\":\"pt-PT\",\"@id\":\"https:\\\/\\\/safeswitch.de\\\/pt-pt\\\/#\\\/schema\\\/logo\\\/image\\\/\",\"url\":\"https:\\\/\\\/safeswitch.de\\\/wp-content\\\/uploads\\\/2025\\\/07\\\/cropped-Logo.png\",\"contentUrl\":\"https:\\\/\\\/safeswitch.de\\\/wp-content\\\/uploads\\\/2025\\\/07\\\/cropped-Logo.png\",\"width\":1680,\"height\":1686,\"caption\":\"SafeSwitch\"},\"image\":{\"@id\":\"https:\\\/\\\/safeswitch.de\\\/pt-pt\\\/#\\\/schema\\\/logo\\\/image\\\/\"}}]}<\/script>\n<!-- \/ Yoast SEO plugin. -->","yoast_head_json":{"title":"Markus - SafeSwitch","robots":{"index":"index","follow":"follow","max-snippet":"max-snippet:-1","max-image-preview":"max-image-preview:large","max-video-preview":"max-video-preview:-1"},"canonical":"https:\/\/safeswitch.de\/pt-pt\/markus\/","og_locale":"pt_PT","og_type":"article","og_title":"Markus - SafeSwitch","og_description":"Markus Duelli Engenheiro Diplomado em Tecnologia de Media \u201cPrincipalmente num mundo digital, os encontros reais despreocupados e sem receios s\u00e3o [&hellip;]","og_url":"https:\/\/safeswitch.de\/pt-pt\/markus\/","og_site_name":"SafeSwitch","article_modified_time":"2025-07-31T17:51:36+00:00","og_image":[{"url":"https:\/\/safeswitch.de\/wp-content\/uploads\/2025\/07\/papa-2-Hintergund-2-1-1024x1024.png","type":"","width":"","height":""}],"twitter_card":"summary_large_image","twitter_misc":{"Tempo estimado de leitura":"1 minuto"},"schema":{"@context":"https:\/\/schema.org","@graph":[{"@type":"WebPage","@id":"https:\/\/safeswitch.de\/pt-pt\/markus\/","url":"https:\/\/safeswitch.de\/pt-pt\/markus\/","name":"Markus - SafeSwitch","isPartOf":{"@id":"https:\/\/safeswitch.de\/pt-pt\/#website"},"primaryImageOfPage":{"@id":"https:\/\/safeswitch.de\/pt-pt\/markus\/#primaryimage"},"image":{"@id":"https:\/\/safeswitch.de\/pt-pt\/markus\/#primaryimage"},"thumbnailUrl":"https:\/\/safeswitch.de\/wp-content\/uploads\/2025\/07\/papa-2-Hintergund-2-1-1024x1024.png","datePublished":"2025-07-10T21:45:42+00:00","dateModified":"2025-07-31T17:51:36+00:00","breadcrumb":{"@id":"https:\/\/safeswitch.de\/pt-pt\/markus\/#breadcrumb"},"inLanguage":"pt-PT","potentialAction":[{"@type":"ReadAction","target":["https:\/\/safeswitch.de\/pt-pt\/markus\/"]}]},{"@type":"ImageObject","inLanguage":"pt-PT","@id":"https:\/\/safeswitch.de\/pt-pt\/markus\/#primaryimage","url":"https:\/\/safeswitch.de\/wp-content\/uploads\/2025\/07\/papa-2-Hintergund-2-1-1024x1024.png","contentUrl":"https:\/\/safeswitch.de\/wp-content\/uploads\/2025\/07\/papa-2-Hintergund-2-1-1024x1024.png"},{"@type":"BreadcrumbList","@id":"https:\/\/safeswitch.de\/pt-pt\/markus\/#breadcrumb","itemListElement":[{"@type":"ListItem","position":1,"name":"Startseite","item":"https:\/\/safeswitch.de\/pt-pt\/?page_id=1368"},{"@type":"ListItem","position":2,"name":"Markus"}]},{"@type":"WebSite","@id":"https:\/\/safeswitch.de\/pt-pt\/#website","url":"https:\/\/safeswitch.de\/pt-pt\/","name":"SafeSwitch","description":"F\u00fcr unbeschwertes &amp; sicheres Feiern. Der Schutz vor K.O.-Tropfen f\u00fcr dich und deine Kinder.","publisher":{"@id":"https:\/\/safeswitch.de\/pt-pt\/#organization"},"potentialAction":[{"@type":"SearchAction","target":{"@type":"EntryPoint","urlTemplate":"https:\/\/safeswitch.de\/pt-pt\/?s={search_term_string}"},"query-input":{"@type":"PropertyValueSpecification","valueRequired":true,"valueName":"search_term_string"}}],"inLanguage":"pt-PT"},{"@type":"Organization","@id":"https:\/\/safeswitch.de\/pt-pt\/#organization","name":"SafeSwitch","url":"https:\/\/safeswitch.de\/pt-pt\/","logo":{"@type":"ImageObject","inLanguage":"pt-PT","@id":"https:\/\/safeswitch.de\/pt-pt\/#\/schema\/logo\/image\/","url":"https:\/\/safeswitch.de\/wp-content\/uploads\/2025\/07\/cropped-Logo.png","contentUrl":"https:\/\/safeswitch.de\/wp-content\/uploads\/2025\/07\/cropped-Logo.png","width":1680,"height":1686,"caption":"SafeSwitch"},"image":{"@id":"https:\/\/safeswitch.de\/pt-pt\/#\/schema\/logo\/image\/"}}]}},"_links":{"self":[{"href":"https:\/\/safeswitch.de\/pt-pt\/wp-json\/wp\/v2\/pages\/1263","targetHints":{"allow":["GET"]}}],"collection":[{"href":"https:\/\/safeswitch.de\/pt-pt\/wp-json\/wp\/v2\/pages"}],"about":[{"href":"https:\/\/safeswitch.de\/pt-pt\/wp-json\/wp\/v2\/types\/page"}],"author":[{"embeddable":true,"href":"https:\/\/safeswitch.de\/pt-pt\/wp-json\/wp\/v2\/users\/1"}],"replies":[{"embeddable":true,"href":"https:\/\/safeswitch.de\/pt-pt\/wp-json\/wp\/v2\/comments?post=1263"}],"version-history":[{"count":2,"href":"https:\/\/safeswitch.de\/pt-pt\/wp-json\/wp\/v2\/pages\/1263\/revisions"}],"predecessor-version":[{"id":1268,"href":"https:\/\/safeswitch.de\/pt-pt\/wp-json\/wp\/v2\/pages\/1263\/revisions\/1268"}],"wp:attachment":[{"href":"https:\/\/safeswitch.de\/pt-pt\/wp-json\/wp\/v2\/media?parent=1263"}],"curies":[{"name":"wp","href":"https:\/\/api.w.org\/{rel}","templated":true}]}}