{"id":1258,"date":"2025-07-10T22:22:50","date_gmt":"2025-07-10T22:22:50","guid":{"rendered":"https:\/\/safeswitch.de\/doreen\/"},"modified":"2025-07-31T17:51:36","modified_gmt":"2025-07-31T17:51:36","slug":"doreen","status":"publish","type":"page","link":"https:\/\/safeswitch.de\/pt-pt\/doreen\/","title":{"rendered":"Doreen"},"content":{"rendered":"\t\t<div data-elementor-type=\"wp-page\" data-elementor-id=\"1258\" class=\"elementor elementor-1258 elementor-304\">\n\t\t\t\t<div class=\"elementor-element elementor-element-508d30e e-flex e-con-boxed e-con e-parent\" data-id=\"508d30e\" data-element_type=\"container\" data-e-type=\"container\">\n\t\t\t\t\t<div class=\"e-con-inner\">\n\t\t<div class=\"elementor-element elementor-element-8bcd963 e-con-full e-flex e-con e-child\" data-id=\"8bcd963\" data-element_type=\"container\" data-e-type=\"container\">\n\t\t\t\t<div class=\"elementor-element elementor-element-0cb8a37 elementor-invisible elementor-widget elementor-widget-image\" data-id=\"0cb8a37\" data-element_type=\"widget\" data-e-type=\"widget\" data-settings=\"{&quot;_animation&quot;:&quot;fadeIn&quot;}\" data-widget_type=\"image.default\">\n\t\t\t\t\t\t\t\t\t\t\t\t\t\t\t<img fetchpriority=\"high\" decoding=\"async\" width=\"1024\" height=\"1024\" src=\"https:\/\/safeswitch.de\/wp-content\/uploads\/2025\/07\/mama-2-Hintergund-1-1024x1024.png\" class=\"attachment-large size-large wp-image-1055\" alt=\"\" srcset=\"https:\/\/safeswitch.de\/wp-content\/uploads\/2025\/07\/mama-2-Hintergund-1-1024x1024.png 1024w, https:\/\/safeswitch.de\/wp-content\/uploads\/2025\/07\/mama-2-Hintergund-1-300x300.png 300w, https:\/\/safeswitch.de\/wp-content\/uploads\/2025\/07\/mama-2-Hintergund-1-150x150.png 150w, https:\/\/safeswitch.de\/wp-content\/uploads\/2025\/07\/mama-2-Hintergund-1-768x768.png 768w, https:\/\/safeswitch.de\/wp-content\/uploads\/2025\/07\/mama-2-Hintergund-1-1536x1536.png 1536w, https:\/\/safeswitch.de\/wp-content\/uploads\/2025\/07\/mama-2-Hintergund-1-2048x2048.png 2048w\" sizes=\"(max-width: 1024px) 100vw, 1024px\" \/>\t\t\t\t\t\t\t\t\t\t\t\t\t\t\t<\/div>\n\t\t\t\t<\/div>\n\t\t<div class=\"elementor-element elementor-element-b770737 e-con-full e-flex e-con e-child\" data-id=\"b770737\" data-element_type=\"container\" data-e-type=\"container\">\n\t\t\t\t<div class=\"elementor-element elementor-element-f9bf4ba elementor-invisible elementor-widget elementor-widget-heading\" data-id=\"f9bf4ba\" data-element_type=\"widget\" data-e-type=\"widget\" data-settings=\"{&quot;_animation&quot;:&quot;fadeIn&quot;}\" data-widget_type=\"heading.default\">\n\t\t\t\t\t<h1 class=\"elementor-heading-title elementor-size-default\"><br>Doreen Duelli <\/h1>\t\t\t\t<\/div>\n\t\t\t\t<div class=\"elementor-element elementor-element-7253592 elementor-invisible elementor-widget elementor-widget-heading\" data-id=\"7253592\" data-element_type=\"widget\" data-e-type=\"widget\" data-settings=\"{&quot;_animation&quot;:&quot;fadeIn&quot;}\" data-widget_type=\"heading.default\">\n\t\t\t\t\t<h2 class=\"elementor-heading-title elementor-size-default\"><b>Propriet\u00e1ria independente da <\/br>\n\u201cWerkstatt des Herzens\u201d<\/b><\/h2>\t\t\t\t<\/div>\n\t\t\t\t<div class=\"elementor-element elementor-element-298a0d4 elementor-invisible elementor-widget elementor-widget-text-editor\" data-id=\"298a0d4\" data-element_type=\"widget\" data-e-type=\"widget\" data-settings=\"{&quot;_animation&quot;:&quot;fadeIn&quot;}\" data-widget_type=\"text-editor.default\">\n\t\t\t\t\t\t\t\t\t<p>\u201cUm mundo seguro \u00e9 o terreno f\u00e9rtil para a esperan\u00e7a, a liberdade e a busca por um futuro melhor.\u201d<\/p>\t\t\t\t\t\t\t\t<\/div>\n\t\t\t\t<\/div>\n\t\t\t\t\t<\/div>\n\t\t\t\t<\/div>\n\t\t<div class=\"elementor-element elementor-element-b7a70af e-flex e-con-boxed e-con e-parent\" data-id=\"b7a70af\" data-element_type=\"container\" data-e-type=\"container\">\n\t\t\t\t\t<div class=\"e-con-inner\">\n\t\t\t\t<div class=\"elementor-element elementor-element-6b87799 elementor-widget elementor-widget-text-editor\" data-id=\"6b87799\" data-element_type=\"widget\" data-e-type=\"widget\" data-widget_type=\"text-editor.default\">\n\t\t\t\t\t\t\t\t\t<p><span style=\"font-weight: 400;\">Doreen Duelli apoia a empresa com toda a sua experi\u00eancia de 25 anos de trabalho independente. Juntamente com o seu parceiro, a quest\u00e3o da seguran\u00e7a \u00e9 particularmente importante para ela. &nbsp;<\/span><\/p>\n<p><span style=\"font-weight: 400;\"><i>\u201cGostaria de ajudar a que todas as crian\u00e7as cres\u00e7am protegidas e conectadas, que consigam reconhecer o seu pr\u00f3prio potencial e que n\u00e3o corram o risco de se tornarem a origem da dor e do sofrimento.&#8221;&nbsp;<\/i><\/span><\/p>\n<p><span style=\"font-weight: 400;\">Como m\u00e3e, o seu maior desejo \u00e9 que os jovens cres\u00e7am num ambiente seguro e protegido. Afinal, s\u00f3 quem se sente protegido pode ser livre e despreocupado. Com este produto, ela gostaria de contribuir para que todos os momentos inesquec\u00edveis possam ser vividos num ambiente seguro.  <\/span><\/p>\n<p><span style=\"font-weight: 400;\">Para os pais, o Safeswitch \u00e9 tamb\u00e9m uma forma de dar aos seus filhos um pouco mais de seguran\u00e7a \u2013 e, assim, poderem deix\u00e1-los ir com mais confian\u00e7a.<\/span><\/p>\n<p><br style=\"font-weight: 400;\"><br style=\"font-weight: 400;\"><\/p>\t\t\t\t\t\t\t\t<\/div>\n\t\t\t\t\t<\/div>\n\t\t\t\t<\/div>\n\t\t\t\t<\/div>\n\t\t","protected":false},"excerpt":{"rendered":"<p>Doreen Duelli Propriet\u00e1ria independente da \u201cWerkstatt des Herzens\u201d \u201cUm mundo seguro \u00e9 o terreno f\u00e9rtil para a esperan\u00e7a, a liberdade [&hellip;]<\/p>\n","protected":false},"author":1,"featured_media":0,"parent":0,"menu_order":0,"comment_status":"closed","ping_status":"closed","template":"","meta":{"site-sidebar-layout":"no-sidebar","site-content-layout":"","ast-site-content-layout":"full-width-container","site-content-style":"default","site-sidebar-style":"default","ast-global-header-display":"","ast-banner-title-visibility":"","ast-main-header-display":"","ast-hfb-above-header-display":"","ast-hfb-below-header-display":"","ast-hfb-mobile-header-display":"","site-post-title":"disabled","ast-breadcrumbs-content":"","ast-featured-img":"disabled","footer-sml-layout":"","ast-disable-related-posts":"","theme-transparent-header-meta":"","adv-header-id-meta":"","stick-header-meta":"","header-above-stick-meta":"","header-main-stick-meta":"","header-below-stick-meta":"","astra-migrate-meta-layouts":"default","ast-page-background-enabled":"default","ast-page-background-meta":{"desktop":{"background-color":"var(--ast-global-color-5)","background-image":"","background-repeat":"repeat","background-position":"center center","background-size":"auto","background-attachment":"scroll","background-type":"","background-media":"","overlay-type":"","overlay-color":"","overlay-opacity":"","overlay-gradient":""},"tablet":{"background-color":"","background-image":"","background-repeat":"repeat","background-position":"center center","background-size":"auto","background-attachment":"scroll","background-type":"","background-media":"","overlay-type":"","overlay-color":"","overlay-opacity":"","overlay-gradient":""},"mobile":{"background-color":"","background-image":"","background-repeat":"repeat","background-position":"center center","background-size":"auto","background-attachment":"scroll","background-type":"","background-media":"","overlay-type":"","overlay-color":"","overlay-opacity":"","overlay-gradient":""}},"ast-content-background-meta":{"desktop":{"background-color":"var(--ast-global-color-4)","background-image":"","background-repeat":"repeat","background-position":"center center","background-size":"auto","background-attachment":"scroll","background-type":"","background-media":"","overlay-type":"","overlay-color":"","overlay-opacity":"","overlay-gradient":""},"tablet":{"background-color":"var(--ast-global-color-4)","background-image":"","background-repeat":"repeat","background-position":"center center","background-size":"auto","background-attachment":"scroll","background-type":"","background-media":"","overlay-type":"","overlay-color":"","overlay-opacity":"","overlay-gradient":""},"mobile":{"background-color":"var(--ast-global-color-4)","background-image":"","background-repeat":"repeat","background-position":"center center","background-size":"auto","background-attachment":"scroll","background-type":"","background-media":"","overlay-type":"","overlay-color":"","overlay-opacity":"","overlay-gradient":""}},"footnotes":""},"class_list":["post-1258","page","type-page","status-publish","hentry"],"yoast_head":"<!-- This site is optimized with the Yoast SEO plugin v27.4 - https:\/\/yoast.com\/product\/yoast-seo-wordpress\/ -->\n<title>Doreen - SafeSwitch<\/title>\n<meta name=\"robots\" content=\"index, follow, max-snippet:-1, max-image-preview:large, max-video-preview:-1\" \/>\n<link rel=\"canonical\" href=\"https:\/\/safeswitch.de\/pt-pt\/doreen\/\" \/>\n<meta property=\"og:locale\" content=\"pt_PT\" \/>\n<meta property=\"og:type\" content=\"article\" \/>\n<meta property=\"og:title\" content=\"Doreen - SafeSwitch\" \/>\n<meta property=\"og:description\" content=\"Doreen Duelli Propriet\u00e1ria independente da \u201cWerkstatt des Herzens\u201d \u201cUm mundo seguro \u00e9 o terreno f\u00e9rtil para a esperan\u00e7a, a liberdade [&hellip;]\" \/>\n<meta property=\"og:url\" content=\"https:\/\/safeswitch.de\/pt-pt\/doreen\/\" \/>\n<meta property=\"og:site_name\" content=\"SafeSwitch\" \/>\n<meta property=\"article:modified_time\" content=\"2025-07-31T17:51:36+00:00\" \/>\n<meta property=\"og:image\" content=\"https:\/\/safeswitch.de\/wp-content\/uploads\/2025\/07\/mama-2-Hintergund-1-1024x1024.png\" \/>\n<meta name=\"twitter:card\" content=\"summary_large_image\" \/>\n<meta name=\"twitter:label1\" content=\"Tempo estimado de leitura\" \/>\n\t<meta name=\"twitter:data1\" content=\"1 minuto\" \/>\n<script type=\"application\/ld+json\" class=\"yoast-schema-graph\">{\"@context\":\"https:\\\/\\\/schema.org\",\"@graph\":[{\"@type\":\"WebPage\",\"@id\":\"https:\\\/\\\/safeswitch.de\\\/pt-pt\\\/doreen\\\/\",\"url\":\"https:\\\/\\\/safeswitch.de\\\/pt-pt\\\/doreen\\\/\",\"name\":\"Doreen - SafeSwitch\",\"isPartOf\":{\"@id\":\"https:\\\/\\\/safeswitch.de\\\/pt-pt\\\/#website\"},\"primaryImageOfPage\":{\"@id\":\"https:\\\/\\\/safeswitch.de\\\/pt-pt\\\/doreen\\\/#primaryimage\"},\"image\":{\"@id\":\"https:\\\/\\\/safeswitch.de\\\/pt-pt\\\/doreen\\\/#primaryimage\"},\"thumbnailUrl\":\"https:\\\/\\\/safeswitch.de\\\/wp-content\\\/uploads\\\/2025\\\/07\\\/mama-2-Hintergund-1-1024x1024.png\",\"datePublished\":\"2025-07-10T22:22:50+00:00\",\"dateModified\":\"2025-07-31T17:51:36+00:00\",\"breadcrumb\":{\"@id\":\"https:\\\/\\\/safeswitch.de\\\/pt-pt\\\/doreen\\\/#breadcrumb\"},\"inLanguage\":\"pt-PT\",\"potentialAction\":[{\"@type\":\"ReadAction\",\"target\":[\"https:\\\/\\\/safeswitch.de\\\/pt-pt\\\/doreen\\\/\"]}]},{\"@type\":\"ImageObject\",\"inLanguage\":\"pt-PT\",\"@id\":\"https:\\\/\\\/safeswitch.de\\\/pt-pt\\\/doreen\\\/#primaryimage\",\"url\":\"https:\\\/\\\/safeswitch.de\\\/wp-content\\\/uploads\\\/2025\\\/07\\\/mama-2-Hintergund-1-1024x1024.png\",\"contentUrl\":\"https:\\\/\\\/safeswitch.de\\\/wp-content\\\/uploads\\\/2025\\\/07\\\/mama-2-Hintergund-1-1024x1024.png\"},{\"@type\":\"BreadcrumbList\",\"@id\":\"https:\\\/\\\/safeswitch.de\\\/pt-pt\\\/doreen\\\/#breadcrumb\",\"itemListElement\":[{\"@type\":\"ListItem\",\"position\":1,\"name\":\"Startseite\",\"item\":\"https:\\\/\\\/safeswitch.de\\\/pt-pt\\\/?page_id=1368\"},{\"@type\":\"ListItem\",\"position\":2,\"name\":\"Doreen\"}]},{\"@type\":\"WebSite\",\"@id\":\"https:\\\/\\\/safeswitch.de\\\/pt-pt\\\/#website\",\"url\":\"https:\\\/\\\/safeswitch.de\\\/pt-pt\\\/\",\"name\":\"SafeSwitch\",\"description\":\"F\u00fcr unbeschwertes &amp; sicheres Feiern. Der Schutz vor K.O.-Tropfen f\u00fcr dich und deine Kinder.\",\"publisher\":{\"@id\":\"https:\\\/\\\/safeswitch.de\\\/pt-pt\\\/#organization\"},\"potentialAction\":[{\"@type\":\"SearchAction\",\"target\":{\"@type\":\"EntryPoint\",\"urlTemplate\":\"https:\\\/\\\/safeswitch.de\\\/pt-pt\\\/?s={search_term_string}\"},\"query-input\":{\"@type\":\"PropertyValueSpecification\",\"valueRequired\":true,\"valueName\":\"search_term_string\"}}],\"inLanguage\":\"pt-PT\"},{\"@type\":\"Organization\",\"@id\":\"https:\\\/\\\/safeswitch.de\\\/pt-pt\\\/#organization\",\"name\":\"SafeSwitch\",\"url\":\"https:\\\/\\\/safeswitch.de\\\/pt-pt\\\/\",\"logo\":{\"@type\":\"ImageObject\",\"inLanguage\":\"pt-PT\",\"@id\":\"https:\\\/\\\/safeswitch.de\\\/pt-pt\\\/#\\\/schema\\\/logo\\\/image\\\/\",\"url\":\"https:\\\/\\\/safeswitch.de\\\/wp-content\\\/uploads\\\/2025\\\/07\\\/cropped-Logo.png\",\"contentUrl\":\"https:\\\/\\\/safeswitch.de\\\/wp-content\\\/uploads\\\/2025\\\/07\\\/cropped-Logo.png\",\"width\":1680,\"height\":1686,\"caption\":\"SafeSwitch\"},\"image\":{\"@id\":\"https:\\\/\\\/safeswitch.de\\\/pt-pt\\\/#\\\/schema\\\/logo\\\/image\\\/\"}}]}<\/script>\n<!-- \/ Yoast SEO plugin. -->","yoast_head_json":{"title":"Doreen - SafeSwitch","robots":{"index":"index","follow":"follow","max-snippet":"max-snippet:-1","max-image-preview":"max-image-preview:large","max-video-preview":"max-video-preview:-1"},"canonical":"https:\/\/safeswitch.de\/pt-pt\/doreen\/","og_locale":"pt_PT","og_type":"article","og_title":"Doreen - SafeSwitch","og_description":"Doreen Duelli Propriet\u00e1ria independente da \u201cWerkstatt des Herzens\u201d \u201cUm mundo seguro \u00e9 o terreno f\u00e9rtil para a esperan\u00e7a, a liberdade [&hellip;]","og_url":"https:\/\/safeswitch.de\/pt-pt\/doreen\/","og_site_name":"SafeSwitch","article_modified_time":"2025-07-31T17:51:36+00:00","og_image":[{"url":"https:\/\/safeswitch.de\/wp-content\/uploads\/2025\/07\/mama-2-Hintergund-1-1024x1024.png","type":"","width":"","height":""}],"twitter_card":"summary_large_image","twitter_misc":{"Tempo estimado de leitura":"1 minuto"},"schema":{"@context":"https:\/\/schema.org","@graph":[{"@type":"WebPage","@id":"https:\/\/safeswitch.de\/pt-pt\/doreen\/","url":"https:\/\/safeswitch.de\/pt-pt\/doreen\/","name":"Doreen - SafeSwitch","isPartOf":{"@id":"https:\/\/safeswitch.de\/pt-pt\/#website"},"primaryImageOfPage":{"@id":"https:\/\/safeswitch.de\/pt-pt\/doreen\/#primaryimage"},"image":{"@id":"https:\/\/safeswitch.de\/pt-pt\/doreen\/#primaryimage"},"thumbnailUrl":"https:\/\/safeswitch.de\/wp-content\/uploads\/2025\/07\/mama-2-Hintergund-1-1024x1024.png","datePublished":"2025-07-10T22:22:50+00:00","dateModified":"2025-07-31T17:51:36+00:00","breadcrumb":{"@id":"https:\/\/safeswitch.de\/pt-pt\/doreen\/#breadcrumb"},"inLanguage":"pt-PT","potentialAction":[{"@type":"ReadAction","target":["https:\/\/safeswitch.de\/pt-pt\/doreen\/"]}]},{"@type":"ImageObject","inLanguage":"pt-PT","@id":"https:\/\/safeswitch.de\/pt-pt\/doreen\/#primaryimage","url":"https:\/\/safeswitch.de\/wp-content\/uploads\/2025\/07\/mama-2-Hintergund-1-1024x1024.png","contentUrl":"https:\/\/safeswitch.de\/wp-content\/uploads\/2025\/07\/mama-2-Hintergund-1-1024x1024.png"},{"@type":"BreadcrumbList","@id":"https:\/\/safeswitch.de\/pt-pt\/doreen\/#breadcrumb","itemListElement":[{"@type":"ListItem","position":1,"name":"Startseite","item":"https:\/\/safeswitch.de\/pt-pt\/?page_id=1368"},{"@type":"ListItem","position":2,"name":"Doreen"}]},{"@type":"WebSite","@id":"https:\/\/safeswitch.de\/pt-pt\/#website","url":"https:\/\/safeswitch.de\/pt-pt\/","name":"SafeSwitch","description":"F\u00fcr unbeschwertes &amp; sicheres Feiern. Der Schutz vor K.O.-Tropfen f\u00fcr dich und deine Kinder.","publisher":{"@id":"https:\/\/safeswitch.de\/pt-pt\/#organization"},"potentialAction":[{"@type":"SearchAction","target":{"@type":"EntryPoint","urlTemplate":"https:\/\/safeswitch.de\/pt-pt\/?s={search_term_string}"},"query-input":{"@type":"PropertyValueSpecification","valueRequired":true,"valueName":"search_term_string"}}],"inLanguage":"pt-PT"},{"@type":"Organization","@id":"https:\/\/safeswitch.de\/pt-pt\/#organization","name":"SafeSwitch","url":"https:\/\/safeswitch.de\/pt-pt\/","logo":{"@type":"ImageObject","inLanguage":"pt-PT","@id":"https:\/\/safeswitch.de\/pt-pt\/#\/schema\/logo\/image\/","url":"https:\/\/safeswitch.de\/wp-content\/uploads\/2025\/07\/cropped-Logo.png","contentUrl":"https:\/\/safeswitch.de\/wp-content\/uploads\/2025\/07\/cropped-Logo.png","width":1680,"height":1686,"caption":"SafeSwitch"},"image":{"@id":"https:\/\/safeswitch.de\/pt-pt\/#\/schema\/logo\/image\/"}}]}},"_links":{"self":[{"href":"https:\/\/safeswitch.de\/pt-pt\/wp-json\/wp\/v2\/pages\/1258","targetHints":{"allow":["GET"]}}],"collection":[{"href":"https:\/\/safeswitch.de\/pt-pt\/wp-json\/wp\/v2\/pages"}],"about":[{"href":"https:\/\/safeswitch.de\/pt-pt\/wp-json\/wp\/v2\/types\/page"}],"author":[{"embeddable":true,"href":"https:\/\/safeswitch.de\/pt-pt\/wp-json\/wp\/v2\/users\/1"}],"replies":[{"embeddable":true,"href":"https:\/\/safeswitch.de\/pt-pt\/wp-json\/wp\/v2\/comments?post=1258"}],"version-history":[{"count":2,"href":"https:\/\/safeswitch.de\/pt-pt\/wp-json\/wp\/v2\/pages\/1258\/revisions"}],"predecessor-version":[{"id":1262,"href":"https:\/\/safeswitch.de\/pt-pt\/wp-json\/wp\/v2\/pages\/1258\/revisions\/1262"}],"wp:attachment":[{"href":"https:\/\/safeswitch.de\/pt-pt\/wp-json\/wp\/v2\/media?parent=1258"}],"curies":[{"name":"wp","href":"https:\/\/api.w.org\/{rel}","templated":true}]}}