{"id":1420,"date":"2025-06-26T16:21:16","date_gmt":"2025-06-26T16:21:16","guid":{"rendered":"https:\/\/safeswitch.de\/pagina-iniziale\/"},"modified":"2025-07-31T17:53:01","modified_gmt":"2025-07-31T17:53:01","slug":"pagina-iniziale","status":"publish","type":"page","link":"https:\/\/safeswitch.de\/it\/","title":{"rendered":"Pagina iniziale"},"content":{"rendered":"\t\t<div data-elementor-type=\"wp-page\" data-elementor-id=\"1420\" class=\"elementor elementor-1420 elementor-103\">\n\t\t\t\t<div class=\"elementor-element elementor-element-755b486 e-con-full e-flex e-con e-parent\" data-id=\"755b486\" data-element_type=\"container\" data-e-type=\"container\" data-settings=\"{&quot;background_background&quot;:&quot;classic&quot;}\">\n\t\t\t\t<div class=\"elementor-element elementor-element-680039f elementor-widget elementor-widget-spacer\" data-id=\"680039f\" data-element_type=\"widget\" data-e-type=\"widget\" data-widget_type=\"spacer.default\">\n\t\t\t\t\t\t\t<div class=\"elementor-spacer\">\n\t\t\t<div class=\"elementor-spacer-inner\"><\/div>\n\t\t<\/div>\n\t\t\t\t\t\t<\/div>\n\t\t\t\t<div class=\"elementor-element elementor-element-b4c54bc elementor-widget__width-initial elementor-invisible elementor-widget elementor-widget-heading\" data-id=\"b4c54bc\" data-element_type=\"widget\" data-e-type=\"widget\" data-settings=\"{&quot;_animation&quot;:&quot;fadeInLeft&quot;}\" data-widget_type=\"heading.default\">\n\t\t\t\t\t<h1 class=\"elementor-heading-title elementor-size-default\">SafeSwitch.<\/h1>\t\t\t\t<\/div>\n\t\t\t\t<div class=\"elementor-element elementor-element-d35ccca elementor-widget__width-initial elementor-widget-tablet__width-initial elementor-invisible elementor-widget elementor-widget-heading\" data-id=\"d35ccca\" data-element_type=\"widget\" data-e-type=\"widget\" data-settings=\"{&quot;_animation&quot;:&quot;fadeInLeft&quot;}\" data-widget_type=\"heading.default\">\n\t\t\t\t\t<h1 class=\"elementor-heading-title elementor-size-default\">Stai al sicuro.<\/h1>\t\t\t\t<\/div>\n\t\t\t\t<\/div>\n\t\t<div class=\"elementor-element elementor-element-6898d29 e-flex e-con-boxed e-con e-parent\" data-id=\"6898d29\" data-element_type=\"container\" data-e-type=\"container\">\n\t\t\t\t\t<div class=\"e-con-inner\">\n\t\t\t\t<div class=\"elementor-element elementor-element-960ee7d elementor-widget elementor-widget-spacer\" data-id=\"960ee7d\" data-element_type=\"widget\" data-e-type=\"widget\" data-widget_type=\"spacer.default\">\n\t\t\t\t\t\t\t<div class=\"elementor-spacer\">\n\t\t\t<div class=\"elementor-spacer-inner\"><\/div>\n\t\t<\/div>\n\t\t\t\t\t\t<\/div>\n\t\t\t\t\t<\/div>\n\t\t\t\t<\/div>\n\t\t<div class=\"elementor-element elementor-element-125585e e-flex e-con-boxed e-con e-parent\" data-id=\"125585e\" data-element_type=\"container\" data-e-type=\"container\">\n\t\t\t\t\t<div class=\"e-con-inner\">\n\t\t\t\t<div class=\"elementor-element elementor-element-4b7865d elementor-widget elementor-widget-heading\" data-id=\"4b7865d\" data-element_type=\"widget\" data-e-type=\"widget\" data-widget_type=\"heading.default\">\n\t\t\t\t\t<h2 class=\"elementor-heading-title elementor-size-default\">Cosa c'\u00e8 di nuovo?<\/h2>\t\t\t\t<\/div>\n\t\t\t\t<div class=\"elementor-element elementor-element-e441886 elementor-widget elementor-widget-text-editor\" data-id=\"e441886\" data-element_type=\"widget\" data-e-type=\"widget\" data-widget_type=\"text-editor.default\">\n\t\t\t\t\t\t\t\t\t<p><b>Proteggi ci\u00f2 che \u00e8 importante per te con SafeSwitch.<\/b><\/p><p>Le gocce narcotizzaanti sono un rischio invisibile. SafeSwitch \u00e8 il tuo tappo intelligente per bevande con protezione di accesso personale, sviluppato per proteggere te e i tuoi cari a feste, festival o club. Scopri la nuova libert\u00e0 di lasciare la tua bevanda incustodita senza preoccupazioni.<br>Sulla nostra homepage sarai sempre il primo a conoscere tutte le novit\u00e0. Ricevi informazioni aggiornate, traguardi entusiasmanti e articoli di stampa su SafeSwitch.   <\/p>\t\t\t\t\t\t\t\t<\/div>\n\t\t\t\t\t<\/div>\n\t\t\t\t<\/div>\n\t\t<div class=\"elementor-element elementor-element-5eae427 e-flex e-con-boxed e-con e-parent\" data-id=\"5eae427\" data-element_type=\"container\" data-e-type=\"container\">\n\t\t\t\t\t<div class=\"e-con-inner\">\n\t\t\t\t<div class=\"elementor-element elementor-element-009ec75 elementor-grid-eael-col-2 elementor-grid-tablet-eael-col-2 elementor-grid-mobile-eael-col-1 elementor-widget elementor-widget-eael-post-grid\" data-id=\"009ec75\" data-element_type=\"widget\" data-e-type=\"widget\" data-settings=\"{&quot;eael_post_grid_columns&quot;:&quot;eael-col-2&quot;,&quot;eael_post_grid_columns_tablet&quot;:&quot;eael-col-2&quot;,&quot;eael_post_grid_columns_mobile&quot;:&quot;eael-col-1&quot;}\" data-widget_type=\"eael-post-grid.default\">\n\t\t\t\t\t<div id=\"eael-post-grid-009ec75\" class=\"eael-post-grid-container\">\n            <div class=\"eael-post-grid eael-post-appender eael-post-appender-009ec75 eael-post-grid-style-one\" data-layout-mode=\"masonry\"><article class=\"eael-grid-post  eael-post-grid-column eael-pg-post-1210 category-safeswitch-it\" data-id=\"1210\">\n        <div class=\"eael-grid-post-holder\">\n            <div class=\"eael-grid-post-holder-inner\"><div class=\"eael-entry-media\"><div class=\"eael-entry-overlay fade-in\"><i class=\"fas fa-long-arrow-alt-right\" aria-hidden=\"true\"><\/i><a href=\"https:\/\/safeswitch.de\/it\/il-nostro-sondaggio-fa-chiarezza\/\"><\/a><\/div><div class=\"eael-entry-thumbnail \">\n                <img fetchpriority=\"high\" decoding=\"async\" width=\"300\" height=\"200\" src=\"https:\/\/safeswitch.de\/wp-content\/uploads\/2025\/07\/jakub-zerdzicki-ykgLX_CwtDw-unsplash-300x200.jpg\" class=\"attachment-medium size-medium wp-image-1139\" alt=\"Bild mit Grafiken\" srcset=\"https:\/\/safeswitch.de\/wp-content\/uploads\/2025\/07\/jakub-zerdzicki-ykgLX_CwtDw-unsplash-300x200.jpg 300w, https:\/\/safeswitch.de\/wp-content\/uploads\/2025\/07\/jakub-zerdzicki-ykgLX_CwtDw-unsplash-1024x683.jpg 1024w, https:\/\/safeswitch.de\/wp-content\/uploads\/2025\/07\/jakub-zerdzicki-ykgLX_CwtDw-unsplash-768x512.jpg 768w, https:\/\/safeswitch.de\/wp-content\/uploads\/2025\/07\/jakub-zerdzicki-ykgLX_CwtDw-unsplash-1536x1025.jpg 1536w, https:\/\/safeswitch.de\/wp-content\/uploads\/2025\/07\/jakub-zerdzicki-ykgLX_CwtDw-unsplash-2048x1366.jpg 2048w\" sizes=\"(max-width: 300px) 100vw, 300px\" \/>\n            <\/div>\n        <\/div><div class=\"eael-entry-wrapper\"><header class=\"eael-entry-header\"><h2 class=\"eael-entry-title\"><a class=\"eael-grid-post-link\" href=\"https:\/\/safeswitch.de\/it\/il-nostro-sondaggio-fa-chiarezza\/\" title=\"Il nostro sondaggio fa chiarezza!\">Il nostro sondaggio fa chiarezza!<\/a><\/h2><\/header><div class=\"eael-entry-content\">\n                        <div class=\"eael-grid-post-excerpt\"><p>Cosa significano le gocce narcotizzaanti nella vita di tutti i giorni&nbsp; Sebbene l&#8217;argomento stia guadagnando sempre pi\u00f9 attenzione e...<\/p><\/div>\n                    <\/div><\/div><\/div>\n        <\/div>\n    <\/article><article class=\"eael-grid-post  eael-post-grid-column eael-pg-post-1226 category-safeswitch-it\" data-id=\"1226\">\n        <div class=\"eael-grid-post-holder\">\n            <div class=\"eael-grid-post-holder-inner\"><div class=\"eael-entry-media\"><div class=\"eael-entry-overlay fade-in\"><i class=\"fas fa-long-arrow-alt-right\" aria-hidden=\"true\"><\/i><a href=\"https:\/\/safeswitch.de\/it\/il-nostro-team-sta-crescendo\/\"><\/a><\/div><div class=\"eael-entry-thumbnail \">\n                <img decoding=\"async\" width=\"300\" height=\"200\" src=\"https:\/\/safeswitch.de\/wp-content\/uploads\/2025\/07\/DSC04764-Kopie-300x200.jpg\" class=\"attachment-medium size-medium wp-image-994\" alt=\"\" srcset=\"https:\/\/safeswitch.de\/wp-content\/uploads\/2025\/07\/DSC04764-Kopie-300x200.jpg 300w, https:\/\/safeswitch.de\/wp-content\/uploads\/2025\/07\/DSC04764-Kopie-1024x682.jpg 1024w, https:\/\/safeswitch.de\/wp-content\/uploads\/2025\/07\/DSC04764-Kopie-768x512.jpg 768w, https:\/\/safeswitch.de\/wp-content\/uploads\/2025\/07\/DSC04764-Kopie-1536x1023.jpg 1536w, https:\/\/safeswitch.de\/wp-content\/uploads\/2025\/07\/DSC04764-Kopie-2048x1364.jpg 2048w\" sizes=\"(max-width: 300px) 100vw, 300px\" \/>\n            <\/div>\n        <\/div><div class=\"eael-entry-wrapper\"><header class=\"eael-entry-header\"><h2 class=\"eael-entry-title\"><a class=\"eael-grid-post-link\" href=\"https:\/\/safeswitch.de\/it\/il-nostro-team-sta-crescendo\/\" title=\"Il nostro team sta crescendo!\">Il nostro team sta crescendo!<\/a><\/h2><\/header><div class=\"eael-entry-content\">\n                        <div class=\"eael-grid-post-excerpt\"><p>Il nostro team sta crescendo \u2013 Benvenute, Emma ed Elisabeth! La nostra piccola azienda familiare \u00e8 cresciuta e siamo...<\/p><\/div>\n                    <\/div><\/div><\/div>\n        <\/div>\n    <\/article><\/div>\n            <div class=\"clearfix\"><\/div>\n        <\/div>\t\t\t\t<\/div>\n\t\t\t\t\t<\/div>\n\t\t\t\t<\/div>\n\t\t\t\t<\/div>\n\t\t","protected":false},"excerpt":{"rendered":"<p>SafeSwitch. Stai al sicuro. Cosa c&#8217;\u00e8 di nuovo? Proteggi ci\u00f2 che \u00e8 importante per te con SafeSwitch. Le gocce narcotizzaanti [&hellip;]<\/p>\n","protected":false},"author":1,"featured_media":0,"parent":0,"menu_order":0,"comment_status":"closed","ping_status":"closed","template":"","meta":{"site-sidebar-layout":"default","site-content-layout":"","ast-site-content-layout":"default","site-content-style":"default","site-sidebar-style":"default","ast-global-header-display":"","ast-banner-title-visibility":"","ast-main-header-display":"","ast-hfb-above-header-display":"","ast-hfb-below-header-display":"","ast-hfb-mobile-header-display":"","site-post-title":"disabled","ast-breadcrumbs-content":"","ast-featured-img":"","footer-sml-layout":"","ast-disable-related-posts":"","theme-transparent-header-meta":"","adv-header-id-meta":"","stick-header-meta":"","header-above-stick-meta":"","header-main-stick-meta":"","header-below-stick-meta":"","astra-migrate-meta-layouts":"default","ast-page-background-enabled":"default","ast-page-background-meta":{"desktop":{"background-color":"var(--ast-global-color-5)","background-image":"","background-repeat":"repeat","background-position":"center center","background-size":"auto","background-attachment":"scroll","background-type":"","background-media":"","overlay-type":"","overlay-color":"","overlay-opacity":"","overlay-gradient":""},"tablet":{"background-color":"","background-image":"","background-repeat":"repeat","background-position":"center center","background-size":"auto","background-attachment":"scroll","background-type":"","background-media":"","overlay-type":"","overlay-color":"","overlay-opacity":"","overlay-gradient":""},"mobile":{"background-color":"","background-image":"","background-repeat":"repeat","background-position":"center center","background-size":"auto","background-attachment":"scroll","background-type":"","background-media":"","overlay-type":"","overlay-color":"","overlay-opacity":"","overlay-gradient":""}},"ast-content-background-meta":{"desktop":{"background-color":"var(--ast-global-color-4)","background-image":"","background-repeat":"repeat","background-position":"center center","background-size":"auto","background-attachment":"scroll","background-type":"","background-media":"","overlay-type":"","overlay-color":"","overlay-opacity":"","overlay-gradient":""},"tablet":{"background-color":"var(--ast-global-color-4)","background-image":"","background-repeat":"repeat","background-position":"center center","background-size":"auto","background-attachment":"scroll","background-type":"","background-media":"","overlay-type":"","overlay-color":"","overlay-opacity":"","overlay-gradient":""},"mobile":{"background-color":"var(--ast-global-color-4)","background-image":"","background-repeat":"repeat","background-position":"center center","background-size":"auto","background-attachment":"scroll","background-type":"","background-media":"","overlay-type":"","overlay-color":"","overlay-opacity":"","overlay-gradient":""}},"footnotes":""},"class_list":["post-1420","page","type-page","status-publish","hentry"],"yoast_head":"<!-- This site is optimized with the Yoast SEO plugin v27.4 - https:\/\/yoast.com\/product\/yoast-seo-wordpress\/ -->\n<title>Pagina iniziale - SafeSwitch<\/title>\n<meta name=\"robots\" content=\"index, follow, max-snippet:-1, max-image-preview:large, max-video-preview:-1\" \/>\n<link rel=\"canonical\" href=\"https:\/\/safeswitch.de\/it\/\" \/>\n<meta property=\"og:locale\" content=\"it_IT\" \/>\n<meta property=\"og:type\" content=\"article\" \/>\n<meta property=\"og:title\" content=\"Pagina iniziale - SafeSwitch\" \/>\n<meta property=\"og:description\" content=\"SafeSwitch. Stai al sicuro. Cosa c&#8217;\u00e8 di nuovo? Proteggi ci\u00f2 che \u00e8 importante per te con SafeSwitch. Le gocce narcotizzaanti [&hellip;]\" \/>\n<meta property=\"og:url\" content=\"https:\/\/safeswitch.de\/it\/\" \/>\n<meta property=\"og:site_name\" content=\"SafeSwitch\" \/>\n<meta property=\"article:modified_time\" content=\"2025-07-31T17:53:01+00:00\" \/>\n<meta property=\"og:image\" content=\"https:\/\/safeswitch.de\/wp-content\/uploads\/2025\/07\/jakub-zerdzicki-ykgLX_CwtDw-unsplash-300x200.jpg\" \/>\n<meta name=\"twitter:card\" content=\"summary_large_image\" \/>\n<meta name=\"twitter:label1\" content=\"Tempo di lettura stimato\" \/>\n\t<meta name=\"twitter:data1\" content=\"1 minuto\" \/>\n<script type=\"application\/ld+json\" class=\"yoast-schema-graph\">{\"@context\":\"https:\\\/\\\/schema.org\",\"@graph\":[{\"@type\":\"WebPage\",\"@id\":\"https:\\\/\\\/safeswitch.de\\\/it\\\/\",\"url\":\"https:\\\/\\\/safeswitch.de\\\/it\\\/\",\"name\":\"Pagina iniziale - SafeSwitch\",\"isPartOf\":{\"@id\":\"https:\\\/\\\/safeswitch.de\\\/it\\\/#website\"},\"primaryImageOfPage\":{\"@id\":\"https:\\\/\\\/safeswitch.de\\\/it\\\/#primaryimage\"},\"image\":{\"@id\":\"https:\\\/\\\/safeswitch.de\\\/it\\\/#primaryimage\"},\"thumbnailUrl\":\"https:\\\/\\\/safeswitch.de\\\/wp-content\\\/uploads\\\/2025\\\/07\\\/jakub-zerdzicki-ykgLX_CwtDw-unsplash-300x200.jpg\",\"datePublished\":\"2025-06-26T16:21:16+00:00\",\"dateModified\":\"2025-07-31T17:53:01+00:00\",\"breadcrumb\":{\"@id\":\"https:\\\/\\\/safeswitch.de\\\/it\\\/#breadcrumb\"},\"inLanguage\":\"it-IT\",\"potentialAction\":[{\"@type\":\"ReadAction\",\"target\":[\"https:\\\/\\\/safeswitch.de\\\/it\\\/\"]}]},{\"@type\":\"ImageObject\",\"inLanguage\":\"it-IT\",\"@id\":\"https:\\\/\\\/safeswitch.de\\\/it\\\/#primaryimage\",\"url\":\"https:\\\/\\\/safeswitch.de\\\/wp-content\\\/uploads\\\/2025\\\/07\\\/jakub-zerdzicki-ykgLX_CwtDw-unsplash-300x200.jpg\",\"contentUrl\":\"https:\\\/\\\/safeswitch.de\\\/wp-content\\\/uploads\\\/2025\\\/07\\\/jakub-zerdzicki-ykgLX_CwtDw-unsplash-300x200.jpg\"},{\"@type\":\"BreadcrumbList\",\"@id\":\"https:\\\/\\\/safeswitch.de\\\/it\\\/#breadcrumb\",\"itemListElement\":[{\"@type\":\"ListItem\",\"position\":1,\"name\":\"Startseite\",\"item\":\"https:\\\/\\\/safeswitch.de\\\/it\\\/?page_id=1420\"},{\"@type\":\"ListItem\",\"position\":2,\"name\":\"Pagina iniziale\"}]},{\"@type\":\"WebSite\",\"@id\":\"https:\\\/\\\/safeswitch.de\\\/it\\\/#website\",\"url\":\"https:\\\/\\\/safeswitch.de\\\/it\\\/\",\"name\":\"SafeSwitch\",\"description\":\"F\u00fcr unbeschwertes &amp; sicheres Feiern. Der Schutz vor K.O.-Tropfen f\u00fcr dich und deine Kinder.\",\"publisher\":{\"@id\":\"https:\\\/\\\/safeswitch.de\\\/it\\\/#organization\"},\"potentialAction\":[{\"@type\":\"SearchAction\",\"target\":{\"@type\":\"EntryPoint\",\"urlTemplate\":\"https:\\\/\\\/safeswitch.de\\\/it\\\/?s={search_term_string}\"},\"query-input\":{\"@type\":\"PropertyValueSpecification\",\"valueRequired\":true,\"valueName\":\"search_term_string\"}}],\"inLanguage\":\"it-IT\"},{\"@type\":\"Organization\",\"@id\":\"https:\\\/\\\/safeswitch.de\\\/it\\\/#organization\",\"name\":\"SafeSwitch\",\"url\":\"https:\\\/\\\/safeswitch.de\\\/it\\\/\",\"logo\":{\"@type\":\"ImageObject\",\"inLanguage\":\"it-IT\",\"@id\":\"https:\\\/\\\/safeswitch.de\\\/it\\\/#\\\/schema\\\/logo\\\/image\\\/\",\"url\":\"https:\\\/\\\/safeswitch.de\\\/wp-content\\\/uploads\\\/2025\\\/07\\\/cropped-Logo.png\",\"contentUrl\":\"https:\\\/\\\/safeswitch.de\\\/wp-content\\\/uploads\\\/2025\\\/07\\\/cropped-Logo.png\",\"width\":1680,\"height\":1686,\"caption\":\"SafeSwitch\"},\"image\":{\"@id\":\"https:\\\/\\\/safeswitch.de\\\/it\\\/#\\\/schema\\\/logo\\\/image\\\/\"}}]}<\/script>\n<!-- \/ Yoast SEO plugin. -->","yoast_head_json":{"title":"Pagina iniziale - SafeSwitch","robots":{"index":"index","follow":"follow","max-snippet":"max-snippet:-1","max-image-preview":"max-image-preview:large","max-video-preview":"max-video-preview:-1"},"canonical":"https:\/\/safeswitch.de\/it\/","og_locale":"it_IT","og_type":"article","og_title":"Pagina iniziale - SafeSwitch","og_description":"SafeSwitch. Stai al sicuro. Cosa c&#8217;\u00e8 di nuovo? Proteggi ci\u00f2 che \u00e8 importante per te con SafeSwitch. Le gocce narcotizzaanti [&hellip;]","og_url":"https:\/\/safeswitch.de\/it\/","og_site_name":"SafeSwitch","article_modified_time":"2025-07-31T17:53:01+00:00","og_image":[{"url":"https:\/\/safeswitch.de\/wp-content\/uploads\/2025\/07\/jakub-zerdzicki-ykgLX_CwtDw-unsplash-300x200.jpg","type":"","width":"","height":""}],"twitter_card":"summary_large_image","twitter_misc":{"Tempo di lettura stimato":"1 minuto"},"schema":{"@context":"https:\/\/schema.org","@graph":[{"@type":"WebPage","@id":"https:\/\/safeswitch.de\/it\/","url":"https:\/\/safeswitch.de\/it\/","name":"Pagina iniziale - SafeSwitch","isPartOf":{"@id":"https:\/\/safeswitch.de\/it\/#website"},"primaryImageOfPage":{"@id":"https:\/\/safeswitch.de\/it\/#primaryimage"},"image":{"@id":"https:\/\/safeswitch.de\/it\/#primaryimage"},"thumbnailUrl":"https:\/\/safeswitch.de\/wp-content\/uploads\/2025\/07\/jakub-zerdzicki-ykgLX_CwtDw-unsplash-300x200.jpg","datePublished":"2025-06-26T16:21:16+00:00","dateModified":"2025-07-31T17:53:01+00:00","breadcrumb":{"@id":"https:\/\/safeswitch.de\/it\/#breadcrumb"},"inLanguage":"it-IT","potentialAction":[{"@type":"ReadAction","target":["https:\/\/safeswitch.de\/it\/"]}]},{"@type":"ImageObject","inLanguage":"it-IT","@id":"https:\/\/safeswitch.de\/it\/#primaryimage","url":"https:\/\/safeswitch.de\/wp-content\/uploads\/2025\/07\/jakub-zerdzicki-ykgLX_CwtDw-unsplash-300x200.jpg","contentUrl":"https:\/\/safeswitch.de\/wp-content\/uploads\/2025\/07\/jakub-zerdzicki-ykgLX_CwtDw-unsplash-300x200.jpg"},{"@type":"BreadcrumbList","@id":"https:\/\/safeswitch.de\/it\/#breadcrumb","itemListElement":[{"@type":"ListItem","position":1,"name":"Startseite","item":"https:\/\/safeswitch.de\/it\/?page_id=1420"},{"@type":"ListItem","position":2,"name":"Pagina iniziale"}]},{"@type":"WebSite","@id":"https:\/\/safeswitch.de\/it\/#website","url":"https:\/\/safeswitch.de\/it\/","name":"SafeSwitch","description":"F\u00fcr unbeschwertes &amp; sicheres Feiern. Der Schutz vor K.O.-Tropfen f\u00fcr dich und deine Kinder.","publisher":{"@id":"https:\/\/safeswitch.de\/it\/#organization"},"potentialAction":[{"@type":"SearchAction","target":{"@type":"EntryPoint","urlTemplate":"https:\/\/safeswitch.de\/it\/?s={search_term_string}"},"query-input":{"@type":"PropertyValueSpecification","valueRequired":true,"valueName":"search_term_string"}}],"inLanguage":"it-IT"},{"@type":"Organization","@id":"https:\/\/safeswitch.de\/it\/#organization","name":"SafeSwitch","url":"https:\/\/safeswitch.de\/it\/","logo":{"@type":"ImageObject","inLanguage":"it-IT","@id":"https:\/\/safeswitch.de\/it\/#\/schema\/logo\/image\/","url":"https:\/\/safeswitch.de\/wp-content\/uploads\/2025\/07\/cropped-Logo.png","contentUrl":"https:\/\/safeswitch.de\/wp-content\/uploads\/2025\/07\/cropped-Logo.png","width":1680,"height":1686,"caption":"SafeSwitch"},"image":{"@id":"https:\/\/safeswitch.de\/it\/#\/schema\/logo\/image\/"}}]}},"_links":{"self":[{"href":"https:\/\/safeswitch.de\/it\/wp-json\/wp\/v2\/pages\/1420","targetHints":{"allow":["GET"]}}],"collection":[{"href":"https:\/\/safeswitch.de\/it\/wp-json\/wp\/v2\/pages"}],"about":[{"href":"https:\/\/safeswitch.de\/it\/wp-json\/wp\/v2\/types\/page"}],"author":[{"embeddable":true,"href":"https:\/\/safeswitch.de\/it\/wp-json\/wp\/v2\/users\/1"}],"replies":[{"embeddable":true,"href":"https:\/\/safeswitch.de\/it\/wp-json\/wp\/v2\/comments?post=1420"}],"version-history":[{"count":2,"href":"https:\/\/safeswitch.de\/it\/wp-json\/wp\/v2\/pages\/1420\/revisions"}],"predecessor-version":[{"id":1423,"href":"https:\/\/safeswitch.de\/it\/wp-json\/wp\/v2\/pages\/1420\/revisions\/1423"}],"wp:attachment":[{"href":"https:\/\/safeswitch.de\/it\/wp-json\/wp\/v2\/media?parent=1420"}],"curies":[{"name":"wp","href":"https:\/\/api.w.org\/{rel}","templated":true}]}}