{"id":1347,"date":"2025-07-10T20:44:02","date_gmt":"2025-07-10T20:44:02","guid":{"rendered":"https:\/\/safeswitch.de\/benjamin\/"},"modified":"2025-07-31T17:52:04","modified_gmt":"2025-07-31T17:52:04","slug":"benjamin","status":"publish","type":"page","link":"https:\/\/safeswitch.de\/it\/benjamin\/","title":{"rendered":"Benjamin"},"content":{"rendered":"\t\t<div data-elementor-type=\"wp-page\" data-elementor-id=\"1347\" class=\"elementor elementor-1347 elementor-227\">\n\t\t\t\t<div class=\"elementor-element elementor-element-267b0a2 e-flex e-con-boxed e-con e-parent\" data-id=\"267b0a2\" data-element_type=\"container\" data-e-type=\"container\">\n\t\t\t\t\t<div class=\"e-con-inner\">\n\t\t<div class=\"elementor-element elementor-element-8648b1c e-con-full e-flex e-con e-child\" data-id=\"8648b1c\" data-element_type=\"container\" data-e-type=\"container\">\n\t\t\t\t<div class=\"elementor-element elementor-element-fc553e8 elementor-invisible elementor-widget elementor-widget-image\" data-id=\"fc553e8\" data-element_type=\"widget\" data-e-type=\"widget\" data-settings=\"{&quot;_animation&quot;:&quot;fadeIn&quot;}\" data-widget_type=\"image.default\">\n\t\t\t\t\t\t\t\t\t\t\t\t\t\t\t<img fetchpriority=\"high\" decoding=\"async\" width=\"1024\" height=\"979\" src=\"https:\/\/safeswitch.de\/wp-content\/uploads\/2025\/07\/Benjamin-Hintergund-2.png\" class=\"attachment-large size-large wp-image-1089\" alt=\"Portrait Benjamin Duelli\" srcset=\"https:\/\/safeswitch.de\/wp-content\/uploads\/2025\/07\/Benjamin-Hintergund-2.png 1024w, https:\/\/safeswitch.de\/wp-content\/uploads\/2025\/07\/Benjamin-Hintergund-2-300x287.png 300w, https:\/\/safeswitch.de\/wp-content\/uploads\/2025\/07\/Benjamin-Hintergund-2-768x734.png 768w\" sizes=\"(max-width: 1024px) 100vw, 1024px\" \/>\t\t\t\t\t\t\t\t\t\t\t\t\t\t\t<\/div>\n\t\t\t\t<\/div>\n\t\t<div class=\"elementor-element elementor-element-7145333 e-con-full e-flex e-con e-child\" data-id=\"7145333\" data-element_type=\"container\" data-e-type=\"container\">\n\t\t\t\t<div class=\"elementor-element elementor-element-73eb772 elementor-invisible elementor-widget elementor-widget-heading\" data-id=\"73eb772\" data-element_type=\"widget\" data-e-type=\"widget\" data-settings=\"{&quot;_animation&quot;:&quot;fadeIn&quot;}\" data-widget_type=\"heading.default\">\n\t\t\t\t\t<h1 class=\"elementor-heading-title elementor-size-default\"><br>Benjamin Duelli<\/h1>\t\t\t\t<\/div>\n\t\t\t\t<div class=\"elementor-element elementor-element-0a11f65 elementor-invisible elementor-widget elementor-widget-text-editor\" data-id=\"0a11f65\" data-element_type=\"widget\" data-e-type=\"widget\" data-settings=\"{&quot;_animation&quot;:&quot;fadeIn&quot;}\" data-widget_type=\"text-editor.default\">\n\t\t\t\t\t\t\t\t\t<p>Studente della FH Wedel<\/p><div style=\"--flex-direction: initial; --flex-wrap: initial; --justify-content: initial; --align-items: initial; --align-content: initial; --gap: initial; --flex-basis: initial; --flex-grow: initial; --flex-shrink: initial; --order: initial; --align-self: initial; gap: var(--row-gap) var(--column-gap); --widgets-spacing: 20px 20px; --widgets-spacing-row: 20px; --widgets-spacing-column: 20px; font-family: var( --e-global-typography-d66373a-font-family ), Sans-serif; transition: background 0.3s,border 0.3s,border-radius 0.3s,box-shadow 0.3s,transform var(--e-transform-transition-duration,0.4s); --kit-widget-spacing: 0px; font-size: var( --e-global-typography-d66373a-font-size ); line-height: var( --e-global-typography-d66373a-line-height ); letter-spacing: var( --e-global-typography-d66373a-letter-spacing ); word-spacing: var( --e-global-typography-d66373a-word-spacing ); max-width: 100%;\" data-id=\"4fe622a\" data-element_type=\"widget\" data-widget_type=\"text-editor.default\"><p style=\"font-size: 19px; margin-bottom: 11px;\"><i>\u201cVoglio permettere a me e ai miei amici di divertirci in un ambiente sicuro.\u201d<\/i><\/p><\/div><div style=\"--flex-direction: initial; --flex-wrap: initial; --justify-content: initial; --align-items: initial; --align-content: initial; --gap: initial; --flex-basis: initial; --flex-grow: initial; --flex-shrink: initial; --order: initial; --align-self: initial; gap: var(--row-gap) var(--column-gap); --widgets-spacing: 20px 20px; --widgets-spacing-row: 20px; --widgets-spacing-column: 20px; transition: background 0.3s,border 0.3s,border-radius 0.3s,box-shadow 0.3s,transform var(--e-transform-transition-duration,0.4s); max-width: 100%;\" data-id=\"4bc2a73\" data-element_type=\"widget\" data-widget_type=\"button.default\"> <\/div>\t\t\t\t\t\t\t\t<\/div>\n\t\t\t\t<\/div>\n\t\t\t\t\t<\/div>\n\t\t\t\t<\/div>\n\t\t<div class=\"elementor-element elementor-element-68297df e-flex e-con-boxed e-con e-parent\" data-id=\"68297df\" data-element_type=\"container\" data-e-type=\"container\">\n\t\t\t\t\t<div class=\"e-con-inner\">\n\t\t\t\t<div class=\"elementor-element elementor-element-b28a22c elementor-widget elementor-widget-text-editor\" data-id=\"b28a22c\" data-element_type=\"widget\" data-e-type=\"widget\" data-widget_type=\"text-editor.default\">\n\t\t\t\t\t\t\t\t\t<p><span style=\"font-weight: 400;\">Benjamin \u00e8 il maggiore dei due figli di casa Duelli. Nonostante la giovane et\u00e0, nutre gi\u00e0 il desiderio di rendere il mondo un posto migliore. Fin da piccolo ha notato quanto lo toccasse la sofferenza degli altri e quanto fosse importante per lui aiutare attivamente, invece di limitarsi a guardare. \u00c8 convinto che ogni persona, non importa quanto giovane o vecchia, possa dare il suo contributo.   <\/span><\/p>\n<p><span style=\"font-weight: 400;\"><i>\u201cVorrei contribuire in piccola parte a combattere la violenza e l&#8217;abuso e a offrire alle persone che amo un periodo pi\u00f9 sicuro e migliore.\u201d<\/i><\/span><\/p>\n<p><span style=\"font-weight: 400;\">Questo desiderio non \u00e8 per lui solo un ideale vuoto, ma una questione di cuore molto personale. Attualmente si rende conto di come, anche in piccoli incontri, il pericolo diventi sempre pi\u00f9 reale e riguardi sempre pi\u00f9 anche lui e i suoi amici pi\u00f9 stretti. Attraverso questa start-up, spera di offrire a tutte le persone una possibilit\u00e0 accessibile per proteggersi da avvelenatori e gocce narcotizzaanti.  <\/span><\/p>\n<p><span style=\"font-weight: 400;\"><i>&#8220;Dovremmo imparare ad affrontare l&#8217;argomento in modo pi\u00f9 aperto, in modo che non debba essere una paura \u2018imbarazzante\u2019 nascosta.&#8221;<\/i><\/span><\/p>\n<p><span style=\"font-weight: 400;\">Nel tempo libero, Benjamin pratica soprattutto sport e esce molto con i suoi amici. Nell&#8217;ambito dell&#8217;azienda di famiglia, vorrebbe imparare, tra le altre cose, come fondare una start-up, organizzare eventi, strutturare processi e fare marketing. <\/span><\/p>\n<p><span style=\"font-weight: 400;\">A partire da ottobre, Benjamin inizier\u00e0 i suoi studi in \u201cData Science &amp; Artificial Intelligence\u201d ad Amburgo e continuer\u00e0 a supportarci dal nord della Germania.<\/span><\/p>\t\t\t\t\t\t\t\t<\/div>\n\t\t\t\t\t<\/div>\n\t\t\t\t<\/div>\n\t\t\t\t<\/div>\n\t\t","protected":false},"excerpt":{"rendered":"<p>Benjamin Duelli Studente della FH Wedel \u201cVoglio permettere a me e ai miei amici di divertirci in un ambiente sicuro.\u201d [&hellip;]<\/p>\n","protected":false},"author":1,"featured_media":0,"parent":0,"menu_order":0,"comment_status":"closed","ping_status":"closed","template":"","meta":{"site-sidebar-layout":"no-sidebar","site-content-layout":"","ast-site-content-layout":"full-width-container","site-content-style":"default","site-sidebar-style":"default","ast-global-header-display":"","ast-banner-title-visibility":"","ast-main-header-display":"","ast-hfb-above-header-display":"","ast-hfb-below-header-display":"","ast-hfb-mobile-header-display":"","site-post-title":"disabled","ast-breadcrumbs-content":"","ast-featured-img":"disabled","footer-sml-layout":"","ast-disable-related-posts":"","theme-transparent-header-meta":"","adv-header-id-meta":"","stick-header-meta":"","header-above-stick-meta":"","header-main-stick-meta":"","header-below-stick-meta":"","astra-migrate-meta-layouts":"default","ast-page-background-enabled":"default","ast-page-background-meta":{"desktop":{"background-color":"var(--ast-global-color-5)","background-image":"","background-repeat":"repeat","background-position":"center center","background-size":"auto","background-attachment":"scroll","background-type":"","background-media":"","overlay-type":"","overlay-color":"","overlay-opacity":"","overlay-gradient":""},"tablet":{"background-color":"","background-image":"","background-repeat":"repeat","background-position":"center center","background-size":"auto","background-attachment":"scroll","background-type":"","background-media":"","overlay-type":"","overlay-color":"","overlay-opacity":"","overlay-gradient":""},"mobile":{"background-color":"","background-image":"","background-repeat":"repeat","background-position":"center center","background-size":"auto","background-attachment":"scroll","background-type":"","background-media":"","overlay-type":"","overlay-color":"","overlay-opacity":"","overlay-gradient":""}},"ast-content-background-meta":{"desktop":{"background-color":"var(--ast-global-color-4)","background-image":"","background-repeat":"repeat","background-position":"center center","background-size":"auto","background-attachment":"scroll","background-type":"","background-media":"","overlay-type":"","overlay-color":"","overlay-opacity":"","overlay-gradient":""},"tablet":{"background-color":"var(--ast-global-color-4)","background-image":"","background-repeat":"repeat","background-position":"center center","background-size":"auto","background-attachment":"scroll","background-type":"","background-media":"","overlay-type":"","overlay-color":"","overlay-opacity":"","overlay-gradient":""},"mobile":{"background-color":"var(--ast-global-color-4)","background-image":"","background-repeat":"repeat","background-position":"center center","background-size":"auto","background-attachment":"scroll","background-type":"","background-media":"","overlay-type":"","overlay-color":"","overlay-opacity":"","overlay-gradient":""}},"footnotes":""},"class_list":["post-1347","page","type-page","status-publish","hentry"],"yoast_head":"<!-- This site is optimized with the Yoast SEO plugin v27.4 - https:\/\/yoast.com\/product\/yoast-seo-wordpress\/ -->\n<title>Benjamin - SafeSwitch<\/title>\n<meta name=\"robots\" content=\"index, follow, max-snippet:-1, max-image-preview:large, max-video-preview:-1\" \/>\n<link rel=\"canonical\" href=\"https:\/\/safeswitch.de\/it\/benjamin\/\" \/>\n<meta property=\"og:locale\" content=\"it_IT\" \/>\n<meta property=\"og:type\" content=\"article\" \/>\n<meta property=\"og:title\" content=\"Benjamin - SafeSwitch\" \/>\n<meta property=\"og:description\" content=\"Benjamin Duelli Studente della FH Wedel \u201cVoglio permettere a me e ai miei amici di divertirci in un ambiente sicuro.\u201d [&hellip;]\" \/>\n<meta property=\"og:url\" content=\"https:\/\/safeswitch.de\/it\/benjamin\/\" \/>\n<meta property=\"og:site_name\" content=\"SafeSwitch\" \/>\n<meta property=\"article:modified_time\" content=\"2025-07-31T17:52:04+00:00\" \/>\n<meta property=\"og:image\" content=\"https:\/\/safeswitch.de\/wp-content\/uploads\/2025\/07\/Benjamin-Hintergund-2.png\" \/>\n<meta name=\"twitter:card\" content=\"summary_large_image\" \/>\n<meta name=\"twitter:label1\" content=\"Tempo di lettura stimato\" \/>\n\t<meta name=\"twitter:data1\" content=\"1 minuto\" \/>\n<script type=\"application\/ld+json\" class=\"yoast-schema-graph\">{\"@context\":\"https:\\\/\\\/schema.org\",\"@graph\":[{\"@type\":\"WebPage\",\"@id\":\"https:\\\/\\\/safeswitch.de\\\/it\\\/benjamin\\\/\",\"url\":\"https:\\\/\\\/safeswitch.de\\\/it\\\/benjamin\\\/\",\"name\":\"Benjamin - SafeSwitch\",\"isPartOf\":{\"@id\":\"https:\\\/\\\/safeswitch.de\\\/it\\\/#website\"},\"primaryImageOfPage\":{\"@id\":\"https:\\\/\\\/safeswitch.de\\\/it\\\/benjamin\\\/#primaryimage\"},\"image\":{\"@id\":\"https:\\\/\\\/safeswitch.de\\\/it\\\/benjamin\\\/#primaryimage\"},\"thumbnailUrl\":\"https:\\\/\\\/safeswitch.de\\\/wp-content\\\/uploads\\\/2025\\\/07\\\/Benjamin-Hintergund-2.png\",\"datePublished\":\"2025-07-10T20:44:02+00:00\",\"dateModified\":\"2025-07-31T17:52:04+00:00\",\"breadcrumb\":{\"@id\":\"https:\\\/\\\/safeswitch.de\\\/it\\\/benjamin\\\/#breadcrumb\"},\"inLanguage\":\"it-IT\",\"potentialAction\":[{\"@type\":\"ReadAction\",\"target\":[\"https:\\\/\\\/safeswitch.de\\\/it\\\/benjamin\\\/\"]}]},{\"@type\":\"ImageObject\",\"inLanguage\":\"it-IT\",\"@id\":\"https:\\\/\\\/safeswitch.de\\\/it\\\/benjamin\\\/#primaryimage\",\"url\":\"https:\\\/\\\/safeswitch.de\\\/wp-content\\\/uploads\\\/2025\\\/07\\\/Benjamin-Hintergund-2.png\",\"contentUrl\":\"https:\\\/\\\/safeswitch.de\\\/wp-content\\\/uploads\\\/2025\\\/07\\\/Benjamin-Hintergund-2.png\"},{\"@type\":\"BreadcrumbList\",\"@id\":\"https:\\\/\\\/safeswitch.de\\\/it\\\/benjamin\\\/#breadcrumb\",\"itemListElement\":[{\"@type\":\"ListItem\",\"position\":1,\"name\":\"Startseite\",\"item\":\"https:\\\/\\\/safeswitch.de\\\/it\\\/?page_id=1420\"},{\"@type\":\"ListItem\",\"position\":2,\"name\":\"Benjamin\"}]},{\"@type\":\"WebSite\",\"@id\":\"https:\\\/\\\/safeswitch.de\\\/it\\\/#website\",\"url\":\"https:\\\/\\\/safeswitch.de\\\/it\\\/\",\"name\":\"SafeSwitch\",\"description\":\"F\u00fcr unbeschwertes &amp; sicheres Feiern. Der Schutz vor K.O.-Tropfen f\u00fcr dich und deine Kinder.\",\"publisher\":{\"@id\":\"https:\\\/\\\/safeswitch.de\\\/it\\\/#organization\"},\"potentialAction\":[{\"@type\":\"SearchAction\",\"target\":{\"@type\":\"EntryPoint\",\"urlTemplate\":\"https:\\\/\\\/safeswitch.de\\\/it\\\/?s={search_term_string}\"},\"query-input\":{\"@type\":\"PropertyValueSpecification\",\"valueRequired\":true,\"valueName\":\"search_term_string\"}}],\"inLanguage\":\"it-IT\"},{\"@type\":\"Organization\",\"@id\":\"https:\\\/\\\/safeswitch.de\\\/it\\\/#organization\",\"name\":\"SafeSwitch\",\"url\":\"https:\\\/\\\/safeswitch.de\\\/it\\\/\",\"logo\":{\"@type\":\"ImageObject\",\"inLanguage\":\"it-IT\",\"@id\":\"https:\\\/\\\/safeswitch.de\\\/it\\\/#\\\/schema\\\/logo\\\/image\\\/\",\"url\":\"https:\\\/\\\/safeswitch.de\\\/wp-content\\\/uploads\\\/2025\\\/07\\\/cropped-Logo.png\",\"contentUrl\":\"https:\\\/\\\/safeswitch.de\\\/wp-content\\\/uploads\\\/2025\\\/07\\\/cropped-Logo.png\",\"width\":1680,\"height\":1686,\"caption\":\"SafeSwitch\"},\"image\":{\"@id\":\"https:\\\/\\\/safeswitch.de\\\/it\\\/#\\\/schema\\\/logo\\\/image\\\/\"}}]}<\/script>\n<!-- \/ Yoast SEO plugin. -->","yoast_head_json":{"title":"Benjamin - SafeSwitch","robots":{"index":"index","follow":"follow","max-snippet":"max-snippet:-1","max-image-preview":"max-image-preview:large","max-video-preview":"max-video-preview:-1"},"canonical":"https:\/\/safeswitch.de\/it\/benjamin\/","og_locale":"it_IT","og_type":"article","og_title":"Benjamin - SafeSwitch","og_description":"Benjamin Duelli Studente della FH Wedel \u201cVoglio permettere a me e ai miei amici di divertirci in un ambiente sicuro.\u201d [&hellip;]","og_url":"https:\/\/safeswitch.de\/it\/benjamin\/","og_site_name":"SafeSwitch","article_modified_time":"2025-07-31T17:52:04+00:00","og_image":[{"url":"https:\/\/safeswitch.de\/wp-content\/uploads\/2025\/07\/Benjamin-Hintergund-2.png","type":"","width":"","height":""}],"twitter_card":"summary_large_image","twitter_misc":{"Tempo di lettura stimato":"1 minuto"},"schema":{"@context":"https:\/\/schema.org","@graph":[{"@type":"WebPage","@id":"https:\/\/safeswitch.de\/it\/benjamin\/","url":"https:\/\/safeswitch.de\/it\/benjamin\/","name":"Benjamin - SafeSwitch","isPartOf":{"@id":"https:\/\/safeswitch.de\/it\/#website"},"primaryImageOfPage":{"@id":"https:\/\/safeswitch.de\/it\/benjamin\/#primaryimage"},"image":{"@id":"https:\/\/safeswitch.de\/it\/benjamin\/#primaryimage"},"thumbnailUrl":"https:\/\/safeswitch.de\/wp-content\/uploads\/2025\/07\/Benjamin-Hintergund-2.png","datePublished":"2025-07-10T20:44:02+00:00","dateModified":"2025-07-31T17:52:04+00:00","breadcrumb":{"@id":"https:\/\/safeswitch.de\/it\/benjamin\/#breadcrumb"},"inLanguage":"it-IT","potentialAction":[{"@type":"ReadAction","target":["https:\/\/safeswitch.de\/it\/benjamin\/"]}]},{"@type":"ImageObject","inLanguage":"it-IT","@id":"https:\/\/safeswitch.de\/it\/benjamin\/#primaryimage","url":"https:\/\/safeswitch.de\/wp-content\/uploads\/2025\/07\/Benjamin-Hintergund-2.png","contentUrl":"https:\/\/safeswitch.de\/wp-content\/uploads\/2025\/07\/Benjamin-Hintergund-2.png"},{"@type":"BreadcrumbList","@id":"https:\/\/safeswitch.de\/it\/benjamin\/#breadcrumb","itemListElement":[{"@type":"ListItem","position":1,"name":"Startseite","item":"https:\/\/safeswitch.de\/it\/?page_id=1420"},{"@type":"ListItem","position":2,"name":"Benjamin"}]},{"@type":"WebSite","@id":"https:\/\/safeswitch.de\/it\/#website","url":"https:\/\/safeswitch.de\/it\/","name":"SafeSwitch","description":"F\u00fcr unbeschwertes &amp; sicheres Feiern. Der Schutz vor K.O.-Tropfen f\u00fcr dich und deine Kinder.","publisher":{"@id":"https:\/\/safeswitch.de\/it\/#organization"},"potentialAction":[{"@type":"SearchAction","target":{"@type":"EntryPoint","urlTemplate":"https:\/\/safeswitch.de\/it\/?s={search_term_string}"},"query-input":{"@type":"PropertyValueSpecification","valueRequired":true,"valueName":"search_term_string"}}],"inLanguage":"it-IT"},{"@type":"Organization","@id":"https:\/\/safeswitch.de\/it\/#organization","name":"SafeSwitch","url":"https:\/\/safeswitch.de\/it\/","logo":{"@type":"ImageObject","inLanguage":"it-IT","@id":"https:\/\/safeswitch.de\/it\/#\/schema\/logo\/image\/","url":"https:\/\/safeswitch.de\/wp-content\/uploads\/2025\/07\/cropped-Logo.png","contentUrl":"https:\/\/safeswitch.de\/wp-content\/uploads\/2025\/07\/cropped-Logo.png","width":1680,"height":1686,"caption":"SafeSwitch"},"image":{"@id":"https:\/\/safeswitch.de\/it\/#\/schema\/logo\/image\/"}}]}},"_links":{"self":[{"href":"https:\/\/safeswitch.de\/it\/wp-json\/wp\/v2\/pages\/1347","targetHints":{"allow":["GET"]}}],"collection":[{"href":"https:\/\/safeswitch.de\/it\/wp-json\/wp\/v2\/pages"}],"about":[{"href":"https:\/\/safeswitch.de\/it\/wp-json\/wp\/v2\/types\/page"}],"author":[{"embeddable":true,"href":"https:\/\/safeswitch.de\/it\/wp-json\/wp\/v2\/users\/1"}],"replies":[{"embeddable":true,"href":"https:\/\/safeswitch.de\/it\/wp-json\/wp\/v2\/comments?post=1347"}],"version-history":[{"count":2,"href":"https:\/\/safeswitch.de\/it\/wp-json\/wp\/v2\/pages\/1347\/revisions"}],"predecessor-version":[{"id":1349,"href":"https:\/\/safeswitch.de\/it\/wp-json\/wp\/v2\/pages\/1347\/revisions\/1349"}],"wp:attachment":[{"href":"https:\/\/safeswitch.de\/it\/wp-json\/wp\/v2\/media?parent=1347"}],"curies":[{"name":"wp","href":"https:\/\/api.w.org\/{rel}","templated":true}]}}