{"id":1315,"date":"2025-07-10T21:36:28","date_gmt":"2025-07-10T21:36:28","guid":{"rendered":"https:\/\/safeswitch.de\/missione\/"},"modified":"2025-07-31T17:51:51","modified_gmt":"2025-07-31T17:51:51","slug":"missione","status":"publish","type":"page","link":"https:\/\/safeswitch.de\/it\/missione\/","title":{"rendered":"Missione."},"content":{"rendered":"\t\t<div data-elementor-type=\"wp-page\" data-elementor-id=\"1315\" class=\"elementor elementor-1315 elementor-263\">\n\t\t\t\t<div class=\"elementor-element elementor-element-8d898fe e-flex e-con-boxed e-con e-parent\" data-id=\"8d898fe\" data-element_type=\"container\" data-e-type=\"container\">\n\t\t\t\t\t<div class=\"e-con-inner\">\n\t\t<div class=\"elementor-element elementor-element-a22f241 e-con-full e-flex e-con e-child\" data-id=\"a22f241\" data-element_type=\"container\" data-e-type=\"container\">\n\t\t\t\t<div class=\"elementor-element elementor-element-622a050 elementor-widget elementor-widget-heading\" data-id=\"622a050\" data-element_type=\"widget\" data-e-type=\"widget\" data-widget_type=\"heading.default\">\n\t\t\t\t\t<h3 class=\"elementor-heading-title elementor-size-default\">Come vogliamo proteggere chi si diverte\u2026<\/h3>\t\t\t\t<\/div>\n\t\t\t\t<div class=\"elementor-element elementor-element-07c5cc4 elementor-widget elementor-widget-text-editor\" data-id=\"07c5cc4\" data-element_type=\"widget\" data-e-type=\"widget\" data-widget_type=\"text-editor.default\">\n\t\t\t\t\t\t\t\t\t<p><span style=\"font-weight: 400;\">Siamo consapevoli che ogni persona che si diverte ha bisogno di sicurezza. Pertanto, cerchiamo di creare un Safeswitch personalizzato che unisca tecnologia innovativa e sostenibilit\u00e0, nonch\u00e9 sicurezza costante.<\/span><\/p>\t\t\t\t\t\t\t\t<\/div>\n\t\t\t\t<\/div>\n\t\t<div class=\"elementor-element elementor-element-168b412 e-con-full e-flex e-con e-child\" data-id=\"168b412\" data-element_type=\"container\" data-e-type=\"container\">\n\t\t\t\t<div class=\"elementor-element elementor-element-e271cc9 elementor-widget elementor-widget-heading\" data-id=\"e271cc9\" data-element_type=\"widget\" data-e-type=\"widget\" data-widget_type=\"heading.default\">\n\t\t\t\t\t<h3 class=\"elementor-heading-title elementor-size-default\">Come vogliamo supportare i club\u2026<\/h3>\t\t\t\t<\/div>\n\t\t\t\t<div class=\"elementor-element elementor-element-e5031e6 elementor-widget elementor-widget-text-editor\" data-id=\"e5031e6\" data-element_type=\"widget\" data-e-type=\"widget\" data-widget_type=\"text-editor.default\">\n\t\t\t\t\t\t\t\t\t<p><span style=\"font-weight: 400;\">In qualit\u00e0 di partner affidabile, offriamo ai club e ai luoghi di eventi i nostri dispositivi da distribuire ai loro ospiti. Grazie alla semplice pulizia e alla protezione garantita, puoi dare un segnale chiaro e visibile contro le aggressioni e a favore della sicurezza. <\/span><\/p>\t\t\t\t\t\t\t\t<\/div>\n\t\t\t\t<\/div>\n\t\t<div class=\"elementor-element elementor-element-79684a3 e-con-full e-flex e-con e-child\" data-id=\"79684a3\" data-element_type=\"container\" data-e-type=\"container\">\n\t\t\t\t<div class=\"elementor-element elementor-element-abb8f4a elementor-widget elementor-widget-heading\" data-id=\"abb8f4a\" data-element_type=\"widget\" data-e-type=\"widget\" data-widget_type=\"heading.default\">\n\t\t\t\t\t<h3 class=\"elementor-heading-title elementor-size-default\">Come vogliamo aiutare i genitori\u2026<\/h3>\t\t\t\t<\/div>\n\t\t\t\t<div class=\"elementor-element elementor-element-87cf50b elementor-widget elementor-widget-text-editor\" data-id=\"87cf50b\" data-element_type=\"widget\" data-e-type=\"widget\" data-widget_type=\"text-editor.default\">\n\t\t\t\t\t\t\t\t\t<p><span style=\"font-weight: 400;\">Ci impegniamo per una societ\u00e0 sostenibile e sicura e creiamo spazio affinch\u00e9 i nostri figli, giovani e meno giovani, possano di nuovo festeggiare spensierati e voi possiate dormire sonni tranquilli.<\/span><\/p>\t\t\t\t\t\t\t\t<\/div>\n\t\t\t\t<\/div>\n\t\t\t\t\t<\/div>\n\t\t\t\t<\/div>\n\t\t<div class=\"elementor-element elementor-element-af26d17 e-flex e-con-boxed e-con e-parent\" data-id=\"af26d17\" data-element_type=\"container\" data-e-type=\"container\">\n\t\t\t\t\t<div class=\"e-con-inner\">\n\t\t\t\t<div class=\"elementor-element elementor-element-8e8ed4a elementor-widget elementor-widget-heading\" data-id=\"8e8ed4a\" data-element_type=\"widget\" data-e-type=\"widget\" data-widget_type=\"heading.default\">\n\t\t\t\t\t<h1 class=\"elementor-heading-title elementor-size-default\">La nostra missione.<\/h1>\t\t\t\t<\/div>\n\t\t\t\t<div class=\"elementor-element elementor-element-4d78d95 elementor-widget elementor-widget-heading\" data-id=\"4d78d95\" data-element_type=\"widget\" data-e-type=\"widget\" data-widget_type=\"heading.default\">\n\t\t\t\t\t<h2 class=\"elementor-heading-title elementor-size-default\">Come apportiamo valore aggiunto...<\/h2>\t\t\t\t<\/div>\n\t\t\t\t\t<\/div>\n\t\t\t\t<\/div>\n\t\t<div class=\"elementor-element elementor-element-375c3db e-flex e-con-boxed e-con e-parent\" data-id=\"375c3db\" data-element_type=\"container\" data-e-type=\"container\">\n\t\t\t\t\t<div class=\"e-con-inner\">\n\t\t<div class=\"elementor-element elementor-element-03e9f19 e-con-full e-flex e-con e-child\" data-id=\"03e9f19\" data-element_type=\"container\" data-e-type=\"container\">\n\t\t\t\t<div class=\"elementor-element elementor-element-ff21d98 elementor-widget elementor-widget-image\" data-id=\"ff21d98\" data-element_type=\"widget\" data-e-type=\"widget\" data-widget_type=\"image.default\">\n\t\t\t\t\t\t\t\t\t\t\t\t\t\t\t<img fetchpriority=\"high\" decoding=\"async\" width=\"1024\" height=\"819\" src=\"https:\/\/safeswitch.de\/wp-content\/uploads\/2025\/07\/hands-1024x819.jpg\" class=\"attachment-large size-large wp-image-999\" alt=\"\" srcset=\"https:\/\/safeswitch.de\/wp-content\/uploads\/2025\/07\/hands-1024x819.jpg 1024w, https:\/\/safeswitch.de\/wp-content\/uploads\/2025\/07\/hands-300x240.jpg 300w, https:\/\/safeswitch.de\/wp-content\/uploads\/2025\/07\/hands-768x614.jpg 768w, https:\/\/safeswitch.de\/wp-content\/uploads\/2025\/07\/hands-1536x1229.jpg 1536w, https:\/\/safeswitch.de\/wp-content\/uploads\/2025\/07\/hands-2048x1638.jpg 2048w\" sizes=\"(max-width: 1024px) 100vw, 1024px\" \/>\t\t\t\t\t\t\t\t\t\t\t\t\t\t\t<\/div>\n\t\t\t\t<\/div>\n\t\t<div class=\"elementor-element elementor-element-ed8a0c3 e-con-full e-flex e-con e-child\" data-id=\"ed8a0c3\" data-element_type=\"container\" data-e-type=\"container\">\n\t\t\t\t<div class=\"elementor-element elementor-element-ffcc229 elementor-widget elementor-widget-text-editor\" data-id=\"ffcc229\" data-element_type=\"widget\" data-e-type=\"widget\" data-widget_type=\"text-editor.default\">\n\t\t\t\t\t\t\t\t\t<p><span style=\"font-weight: 400;\">\u201cI momenti migliori sono quelli in cui deponiamo insieme le nostre preoccupazioni e celebriamo la vita\u201d (sconosciuto)<\/span><\/p><p><span style=\"font-weight: 400;\">L&#8217;uso di gocce narcotizzaanti per rendere le persone senza volont\u00e0 e stordite non \u00e8 pi\u00f9 una rarit\u00e0. Tuttavia, non ci sono ancora statistiche affidabili su quante persone ne siano colpite ogni anno. Nel nostro piccolo sondaggio non rappresentativo, tuttavia, un terzo degli intervistati ha dichiarato di aver gi\u00e0 ricevuto qualcosa nella bevanda o di conoscere almeno qualcuno nel proprio ambiente diretto a cui \u00e8 gi\u00e0 successo qualcosa di simile. <\/span><\/p>\t\t\t\t\t\t\t\t<\/div>\n\t\t\t\t<\/div>\n\t\t\t\t\t<\/div>\n\t\t\t\t<\/div>\n\t\t<div class=\"elementor-element elementor-element-3ab43e1 e-flex e-con-boxed e-con e-parent\" data-id=\"3ab43e1\" data-element_type=\"container\" data-e-type=\"container\">\n\t\t\t\t\t<div class=\"e-con-inner\">\n\t\t\t\t<div class=\"elementor-element elementor-element-b67c3d8 elementor-widget elementor-widget-text-editor\" data-id=\"b67c3d8\" data-element_type=\"widget\" data-e-type=\"widget\" data-widget_type=\"text-editor.default\">\n\t\t\t\t\t\t\t\t\t<p data-start=\"155\" data-end=\"753\">Ricevere gocce narcotizzaanti non \u00e8 una sciocchezza, ma a volte preoccupa le persone colpite anche anni dopo. Da un lato, perch\u00e9 purtroppo alcuni danno ancora la colpa a se stessi e si vergognano di quello che \u00e8 successo. D&#8217;altra parte, per\u00f2, perch\u00e9 la miscela di farmaci, droghe e alcol ha un effetto fatale sulla salute. Questo inizia con sintomi apparentemente innocui, come vertigini e vomito, fino alla completa perdita di coscienza e ai blackout: una condizione che purtroppo viene sfruttata troppo spesso da terzi.<\/p><p data-start=\"755\" data-end=\"989\">Questo d\u00e0 giustamente a molte persone una sensazione di insicurezza quando festeggiano. Pi\u00f9 della met\u00e0 di quasi cento intervistati ha dichiarato che la paura di ricevere gocce narcotizzaanti influenza il loro comportamento quando escono.<span style=\"font-weight: 400;\">  Cos\u00ec la nostra missione \u00e8 stata definita: vogliamo creare un prodotto che contrasti la paura e ci aiuti a dimenticare le preoccupazioni che ci affliggono. Ci auguriamo che in questo modo possiamo ritrovare forza e leggerezza e muoverci in modo pi\u00f9 sicuro e libero.<\/span><\/p>\t\t\t\t\t\t\t\t<\/div>\n\t\t\t\t\t<\/div>\n\t\t\t\t<\/div>\n\t\t<div class=\"elementor-element elementor-element-9b8f54f e-flex e-con-boxed e-con e-parent\" data-id=\"9b8f54f\" data-element_type=\"container\" data-e-type=\"container\">\n\t\t\t\t\t<div class=\"e-con-inner\">\n\t\t\t\t<div class=\"elementor-element elementor-element-60eda42 elementor-widget elementor-widget-text-editor\" data-id=\"60eda42\" data-element_type=\"widget\" data-e-type=\"widget\" data-widget_type=\"text-editor.default\">\n\t\t\t\t\t\t\t\t\t<p><b>Fonti bibliografiche<\/b><\/p>\n<p>SWR (26.10.2024). La polizia del BW registra pi\u00f9 reati con gocce K.o. Ultimo accesso il 13.07.2025 alle 12.21 da <a href=\"https:\/\/www.swr.de\/swraktuell\/baden-wuerttemberg\/k-o-tropfen-immer-haeufiger-heimlich-in-bars-clubs-100.html\">https:\/\/www.swr.de\/swraktuell\/baden-wuerttemberg\/k-o-tropfen-immer-haeufiger-heimlich-in-bars-clubs-100.html<\/a>&nbsp;<\/p>\n<p>WEISSER RING e.V. Prima brindato, poi messo fuori combattimento! Ultimo accesso il 13.07.2025 alle 14.42 da <a href=\"https:\/\/weisser-ring.de\/tipps-gegen-k-o-tropfen\">https:\/\/weisser-ring.de\/tipps-gegen-k-o-tropfen<\/a>&nbsp;<\/p>\t\t\t\t\t\t\t\t<\/div>\n\t\t\t\t\t<\/div>\n\t\t\t\t<\/div>\n\t\t\t\t<\/div>\n\t\t","protected":false},"excerpt":{"rendered":"<p>Come vogliamo proteggere chi si diverte\u2026 Siamo consapevoli che ogni persona che si diverte ha bisogno di sicurezza. Pertanto, cerchiamo [&hellip;]<\/p>\n","protected":false},"author":1,"featured_media":0,"parent":0,"menu_order":0,"comment_status":"closed","ping_status":"closed","template":"","meta":{"site-sidebar-layout":"no-sidebar","site-content-layout":"","ast-site-content-layout":"full-width-container","site-content-style":"default","site-sidebar-style":"default","ast-global-header-display":"","ast-banner-title-visibility":"","ast-main-header-display":"","ast-hfb-above-header-display":"","ast-hfb-below-header-display":"","ast-hfb-mobile-header-display":"","site-post-title":"disabled","ast-breadcrumbs-content":"","ast-featured-img":"disabled","footer-sml-layout":"","ast-disable-related-posts":"","theme-transparent-header-meta":"","adv-header-id-meta":"","stick-header-meta":"","header-above-stick-meta":"","header-main-stick-meta":"","header-below-stick-meta":"","astra-migrate-meta-layouts":"default","ast-page-background-enabled":"default","ast-page-background-meta":{"desktop":{"background-color":"var(--ast-global-color-5)","background-image":"","background-repeat":"repeat","background-position":"center center","background-size":"auto","background-attachment":"scroll","background-type":"","background-media":"","overlay-type":"","overlay-color":"","overlay-opacity":"","overlay-gradient":""},"tablet":{"background-color":"","background-image":"","background-repeat":"repeat","background-position":"center center","background-size":"auto","background-attachment":"scroll","background-type":"","background-media":"","overlay-type":"","overlay-color":"","overlay-opacity":"","overlay-gradient":""},"mobile":{"background-color":"","background-image":"","background-repeat":"repeat","background-position":"center center","background-size":"auto","background-attachment":"scroll","background-type":"","background-media":"","overlay-type":"","overlay-color":"","overlay-opacity":"","overlay-gradient":""}},"ast-content-background-meta":{"desktop":{"background-color":"var(--ast-global-color-4)","background-image":"","background-repeat":"repeat","background-position":"center center","background-size":"auto","background-attachment":"scroll","background-type":"","background-media":"","overlay-type":"","overlay-color":"","overlay-opacity":"","overlay-gradient":""},"tablet":{"background-color":"var(--ast-global-color-4)","background-image":"","background-repeat":"repeat","background-position":"center center","background-size":"auto","background-attachment":"scroll","background-type":"","background-media":"","overlay-type":"","overlay-color":"","overlay-opacity":"","overlay-gradient":""},"mobile":{"background-color":"var(--ast-global-color-4)","background-image":"","background-repeat":"repeat","background-position":"center center","background-size":"auto","background-attachment":"scroll","background-type":"","background-media":"","overlay-type":"","overlay-color":"","overlay-opacity":"","overlay-gradient":""}},"footnotes":""},"class_list":["post-1315","page","type-page","status-publish","hentry"],"yoast_head":"<!-- This site is optimized with the Yoast SEO plugin v27.4 - https:\/\/yoast.com\/product\/yoast-seo-wordpress\/ -->\n<title>Missione. - SafeSwitch<\/title>\n<meta name=\"robots\" content=\"index, follow, max-snippet:-1, max-image-preview:large, max-video-preview:-1\" \/>\n<link rel=\"canonical\" href=\"https:\/\/safeswitch.de\/it\/missione\/\" \/>\n<meta property=\"og:locale\" content=\"it_IT\" \/>\n<meta property=\"og:type\" content=\"article\" \/>\n<meta property=\"og:title\" content=\"Missione. - SafeSwitch\" \/>\n<meta property=\"og:description\" content=\"Come vogliamo proteggere chi si diverte\u2026 Siamo consapevoli che ogni persona che si diverte ha bisogno di sicurezza. Pertanto, cerchiamo [&hellip;]\" \/>\n<meta property=\"og:url\" content=\"https:\/\/safeswitch.de\/it\/missione\/\" \/>\n<meta property=\"og:site_name\" content=\"SafeSwitch\" \/>\n<meta property=\"article:modified_time\" content=\"2025-07-31T17:51:51+00:00\" \/>\n<meta property=\"og:image\" content=\"https:\/\/safeswitch.de\/wp-content\/uploads\/2025\/07\/hands-1024x819.jpg\" \/>\n<meta name=\"twitter:card\" content=\"summary_large_image\" \/>\n<meta name=\"twitter:label1\" content=\"Tempo di lettura stimato\" \/>\n\t<meta name=\"twitter:data1\" content=\"2 minuti\" \/>\n<script type=\"application\/ld+json\" class=\"yoast-schema-graph\">{\"@context\":\"https:\\\/\\\/schema.org\",\"@graph\":[{\"@type\":\"WebPage\",\"@id\":\"https:\\\/\\\/safeswitch.de\\\/it\\\/missione\\\/\",\"url\":\"https:\\\/\\\/safeswitch.de\\\/it\\\/missione\\\/\",\"name\":\"Missione. - SafeSwitch\",\"isPartOf\":{\"@id\":\"https:\\\/\\\/safeswitch.de\\\/it\\\/#website\"},\"primaryImageOfPage\":{\"@id\":\"https:\\\/\\\/safeswitch.de\\\/it\\\/missione\\\/#primaryimage\"},\"image\":{\"@id\":\"https:\\\/\\\/safeswitch.de\\\/it\\\/missione\\\/#primaryimage\"},\"thumbnailUrl\":\"https:\\\/\\\/safeswitch.de\\\/wp-content\\\/uploads\\\/2025\\\/07\\\/hands-1024x819.jpg\",\"datePublished\":\"2025-07-10T21:36:28+00:00\",\"dateModified\":\"2025-07-31T17:51:51+00:00\",\"breadcrumb\":{\"@id\":\"https:\\\/\\\/safeswitch.de\\\/it\\\/missione\\\/#breadcrumb\"},\"inLanguage\":\"it-IT\",\"potentialAction\":[{\"@type\":\"ReadAction\",\"target\":[\"https:\\\/\\\/safeswitch.de\\\/it\\\/missione\\\/\"]}]},{\"@type\":\"ImageObject\",\"inLanguage\":\"it-IT\",\"@id\":\"https:\\\/\\\/safeswitch.de\\\/it\\\/missione\\\/#primaryimage\",\"url\":\"https:\\\/\\\/safeswitch.de\\\/wp-content\\\/uploads\\\/2025\\\/07\\\/hands-1024x819.jpg\",\"contentUrl\":\"https:\\\/\\\/safeswitch.de\\\/wp-content\\\/uploads\\\/2025\\\/07\\\/hands-1024x819.jpg\"},{\"@type\":\"BreadcrumbList\",\"@id\":\"https:\\\/\\\/safeswitch.de\\\/it\\\/missione\\\/#breadcrumb\",\"itemListElement\":[{\"@type\":\"ListItem\",\"position\":1,\"name\":\"Startseite\",\"item\":\"https:\\\/\\\/safeswitch.de\\\/it\\\/?page_id=1420\"},{\"@type\":\"ListItem\",\"position\":2,\"name\":\"Missione.\"}]},{\"@type\":\"WebSite\",\"@id\":\"https:\\\/\\\/safeswitch.de\\\/it\\\/#website\",\"url\":\"https:\\\/\\\/safeswitch.de\\\/it\\\/\",\"name\":\"SafeSwitch\",\"description\":\"F\u00fcr unbeschwertes &amp; sicheres Feiern. Der Schutz vor K.O.-Tropfen f\u00fcr dich und deine Kinder.\",\"publisher\":{\"@id\":\"https:\\\/\\\/safeswitch.de\\\/it\\\/#organization\"},\"potentialAction\":[{\"@type\":\"SearchAction\",\"target\":{\"@type\":\"EntryPoint\",\"urlTemplate\":\"https:\\\/\\\/safeswitch.de\\\/it\\\/?s={search_term_string}\"},\"query-input\":{\"@type\":\"PropertyValueSpecification\",\"valueRequired\":true,\"valueName\":\"search_term_string\"}}],\"inLanguage\":\"it-IT\"},{\"@type\":\"Organization\",\"@id\":\"https:\\\/\\\/safeswitch.de\\\/it\\\/#organization\",\"name\":\"SafeSwitch\",\"url\":\"https:\\\/\\\/safeswitch.de\\\/it\\\/\",\"logo\":{\"@type\":\"ImageObject\",\"inLanguage\":\"it-IT\",\"@id\":\"https:\\\/\\\/safeswitch.de\\\/it\\\/#\\\/schema\\\/logo\\\/image\\\/\",\"url\":\"https:\\\/\\\/safeswitch.de\\\/wp-content\\\/uploads\\\/2025\\\/07\\\/cropped-Logo.png\",\"contentUrl\":\"https:\\\/\\\/safeswitch.de\\\/wp-content\\\/uploads\\\/2025\\\/07\\\/cropped-Logo.png\",\"width\":1680,\"height\":1686,\"caption\":\"SafeSwitch\"},\"image\":{\"@id\":\"https:\\\/\\\/safeswitch.de\\\/it\\\/#\\\/schema\\\/logo\\\/image\\\/\"}}]}<\/script>\n<!-- \/ Yoast SEO plugin. -->","yoast_head_json":{"title":"Missione. - SafeSwitch","robots":{"index":"index","follow":"follow","max-snippet":"max-snippet:-1","max-image-preview":"max-image-preview:large","max-video-preview":"max-video-preview:-1"},"canonical":"https:\/\/safeswitch.de\/it\/missione\/","og_locale":"it_IT","og_type":"article","og_title":"Missione. - SafeSwitch","og_description":"Come vogliamo proteggere chi si diverte\u2026 Siamo consapevoli che ogni persona che si diverte ha bisogno di sicurezza. Pertanto, cerchiamo [&hellip;]","og_url":"https:\/\/safeswitch.de\/it\/missione\/","og_site_name":"SafeSwitch","article_modified_time":"2025-07-31T17:51:51+00:00","og_image":[{"url":"https:\/\/safeswitch.de\/wp-content\/uploads\/2025\/07\/hands-1024x819.jpg","type":"","width":"","height":""}],"twitter_card":"summary_large_image","twitter_misc":{"Tempo di lettura stimato":"2 minuti"},"schema":{"@context":"https:\/\/schema.org","@graph":[{"@type":"WebPage","@id":"https:\/\/safeswitch.de\/it\/missione\/","url":"https:\/\/safeswitch.de\/it\/missione\/","name":"Missione. - SafeSwitch","isPartOf":{"@id":"https:\/\/safeswitch.de\/it\/#website"},"primaryImageOfPage":{"@id":"https:\/\/safeswitch.de\/it\/missione\/#primaryimage"},"image":{"@id":"https:\/\/safeswitch.de\/it\/missione\/#primaryimage"},"thumbnailUrl":"https:\/\/safeswitch.de\/wp-content\/uploads\/2025\/07\/hands-1024x819.jpg","datePublished":"2025-07-10T21:36:28+00:00","dateModified":"2025-07-31T17:51:51+00:00","breadcrumb":{"@id":"https:\/\/safeswitch.de\/it\/missione\/#breadcrumb"},"inLanguage":"it-IT","potentialAction":[{"@type":"ReadAction","target":["https:\/\/safeswitch.de\/it\/missione\/"]}]},{"@type":"ImageObject","inLanguage":"it-IT","@id":"https:\/\/safeswitch.de\/it\/missione\/#primaryimage","url":"https:\/\/safeswitch.de\/wp-content\/uploads\/2025\/07\/hands-1024x819.jpg","contentUrl":"https:\/\/safeswitch.de\/wp-content\/uploads\/2025\/07\/hands-1024x819.jpg"},{"@type":"BreadcrumbList","@id":"https:\/\/safeswitch.de\/it\/missione\/#breadcrumb","itemListElement":[{"@type":"ListItem","position":1,"name":"Startseite","item":"https:\/\/safeswitch.de\/it\/?page_id=1420"},{"@type":"ListItem","position":2,"name":"Missione."}]},{"@type":"WebSite","@id":"https:\/\/safeswitch.de\/it\/#website","url":"https:\/\/safeswitch.de\/it\/","name":"SafeSwitch","description":"F\u00fcr unbeschwertes &amp; sicheres Feiern. Der Schutz vor K.O.-Tropfen f\u00fcr dich und deine Kinder.","publisher":{"@id":"https:\/\/safeswitch.de\/it\/#organization"},"potentialAction":[{"@type":"SearchAction","target":{"@type":"EntryPoint","urlTemplate":"https:\/\/safeswitch.de\/it\/?s={search_term_string}"},"query-input":{"@type":"PropertyValueSpecification","valueRequired":true,"valueName":"search_term_string"}}],"inLanguage":"it-IT"},{"@type":"Organization","@id":"https:\/\/safeswitch.de\/it\/#organization","name":"SafeSwitch","url":"https:\/\/safeswitch.de\/it\/","logo":{"@type":"ImageObject","inLanguage":"it-IT","@id":"https:\/\/safeswitch.de\/it\/#\/schema\/logo\/image\/","url":"https:\/\/safeswitch.de\/wp-content\/uploads\/2025\/07\/cropped-Logo.png","contentUrl":"https:\/\/safeswitch.de\/wp-content\/uploads\/2025\/07\/cropped-Logo.png","width":1680,"height":1686,"caption":"SafeSwitch"},"image":{"@id":"https:\/\/safeswitch.de\/it\/#\/schema\/logo\/image\/"}}]}},"_links":{"self":[{"href":"https:\/\/safeswitch.de\/it\/wp-json\/wp\/v2\/pages\/1315","targetHints":{"allow":["GET"]}}],"collection":[{"href":"https:\/\/safeswitch.de\/it\/wp-json\/wp\/v2\/pages"}],"about":[{"href":"https:\/\/safeswitch.de\/it\/wp-json\/wp\/v2\/types\/page"}],"author":[{"embeddable":true,"href":"https:\/\/safeswitch.de\/it\/wp-json\/wp\/v2\/users\/1"}],"replies":[{"embeddable":true,"href":"https:\/\/safeswitch.de\/it\/wp-json\/wp\/v2\/comments?post=1315"}],"version-history":[{"count":2,"href":"https:\/\/safeswitch.de\/it\/wp-json\/wp\/v2\/pages\/1315\/revisions"}],"predecessor-version":[{"id":1318,"href":"https:\/\/safeswitch.de\/it\/wp-json\/wp\/v2\/pages\/1315\/revisions\/1318"}],"wp:attachment":[{"href":"https:\/\/safeswitch.de\/it\/wp-json\/wp\/v2\/media?parent=1315"}],"curies":[{"name":"wp","href":"https:\/\/api.w.org\/{rel}","templated":true}]}}