{"id":1270,"date":"2025-07-10T21:45:42","date_gmt":"2025-07-10T21:45:42","guid":{"rendered":"https:\/\/safeswitch.de\/markus\/"},"modified":"2025-07-31T17:51:36","modified_gmt":"2025-07-31T17:51:36","slug":"markus","status":"publish","type":"page","link":"https:\/\/safeswitch.de\/it\/markus\/","title":{"rendered":"Markus"},"content":{"rendered":"\t\t<div data-elementor-type=\"wp-page\" data-elementor-id=\"1270\" class=\"elementor elementor-1270 elementor-272\">\n\t\t\t\t<div class=\"elementor-element elementor-element-db8211d e-flex e-con-boxed e-con e-parent\" data-id=\"db8211d\" data-element_type=\"container\" data-e-type=\"container\">\n\t\t\t\t\t<div class=\"e-con-inner\">\n\t\t<div class=\"elementor-element elementor-element-4113f19 e-con-full e-flex e-con e-child\" data-id=\"4113f19\" data-element_type=\"container\" data-e-type=\"container\">\n\t\t\t\t<div class=\"elementor-element elementor-element-d6e77fa elementor-invisible elementor-widget elementor-widget-image\" data-id=\"d6e77fa\" data-element_type=\"widget\" data-e-type=\"widget\" data-settings=\"{&quot;_animation&quot;:&quot;fadeIn&quot;}\" data-widget_type=\"image.default\">\n\t\t\t\t\t\t\t\t\t\t\t\t\t\t\t<img fetchpriority=\"high\" decoding=\"async\" width=\"1024\" height=\"1024\" src=\"https:\/\/safeswitch.de\/wp-content\/uploads\/2025\/07\/papa-2-Hintergund-2-1-1024x1024.png\" class=\"attachment-large size-large wp-image-1084\" alt=\"Portrait Markus Duelli\" srcset=\"https:\/\/safeswitch.de\/wp-content\/uploads\/2025\/07\/papa-2-Hintergund-2-1-1024x1024.png 1024w, https:\/\/safeswitch.de\/wp-content\/uploads\/2025\/07\/papa-2-Hintergund-2-1-300x300.png 300w, https:\/\/safeswitch.de\/wp-content\/uploads\/2025\/07\/papa-2-Hintergund-2-1-150x150.png 150w, https:\/\/safeswitch.de\/wp-content\/uploads\/2025\/07\/papa-2-Hintergund-2-1-768x768.png 768w, https:\/\/safeswitch.de\/wp-content\/uploads\/2025\/07\/papa-2-Hintergund-2-1-1536x1536.png 1536w, https:\/\/safeswitch.de\/wp-content\/uploads\/2025\/07\/papa-2-Hintergund-2-1-2048x2048.png 2048w\" sizes=\"(max-width: 1024px) 100vw, 1024px\" \/>\t\t\t\t\t\t\t\t\t\t\t\t\t\t\t<\/div>\n\t\t\t\t<\/div>\n\t\t<div class=\"elementor-element elementor-element-7c629dd e-con-full e-flex e-con e-child\" data-id=\"7c629dd\" data-element_type=\"container\" data-e-type=\"container\">\n\t\t\t\t<div class=\"elementor-element elementor-element-29ba46f elementor-invisible elementor-widget elementor-widget-heading\" data-id=\"29ba46f\" data-element_type=\"widget\" data-e-type=\"widget\" data-settings=\"{&quot;_animation&quot;:&quot;fadeIn&quot;}\" data-widget_type=\"heading.default\">\n\t\t\t\t\t<h1 class=\"elementor-heading-title elementor-size-default\"><br>Markus Duelli<\/h1>\t\t\t\t<\/div>\n\t\t\t\t<div class=\"elementor-element elementor-element-e6b3f02 elementor-invisible elementor-widget elementor-widget-heading\" data-id=\"e6b3f02\" data-element_type=\"widget\" data-e-type=\"widget\" data-settings=\"{&quot;_animation&quot;:&quot;fadeIn&quot;}\" data-widget_type=\"heading.default\">\n\t\t\t\t\t<h3 class=\"elementor-heading-title elementor-size-default\"><b>Dipl.-Ing. Tecnologia dei media<\/b><\/h3>\t\t\t\t<\/div>\n\t\t\t\t<div class=\"elementor-element elementor-element-9f9cbca elementor-invisible elementor-widget elementor-widget-text-editor\" data-id=\"9f9cbca\" data-element_type=\"widget\" data-e-type=\"widget\" data-settings=\"{&quot;_animation&quot;:&quot;fadeIn&quot;}\" data-widget_type=\"text-editor.default\">\n\t\t\t\t\t\t\t\t\t<p><em style=\"font-family: var( --e-global-typography-d66373a-font-family ), Sans-serif; text-align: var(--text-align);\">\u201cSoprattutto in un mondo digitale, gli incontri reali spensierati e senza preoccupazioni sono pi\u00f9 importanti che mai.\u201d<\/em><\/p>\t\t\t\t\t\t\t\t<\/div>\n\t\t\t\t<\/div>\n\t\t\t\t\t<\/div>\n\t\t\t\t<\/div>\n\t\t<div class=\"elementor-element elementor-element-e87d298 e-flex e-con-boxed e-con e-parent\" data-id=\"e87d298\" data-element_type=\"container\" data-e-type=\"container\">\n\t\t\t\t\t<div class=\"e-con-inner\">\n\t\t\t\t<div class=\"elementor-element elementor-element-abeeefb elementor-widget elementor-widget-text-editor\" data-id=\"abeeefb\" data-element_type=\"widget\" data-e-type=\"widget\" data-widget_type=\"text-editor.default\">\n\t\t\t\t\t\t\t\t\t<p><span style=\"font-weight: 400;\">Markus Duelli \u00e8 l&#8217;ideatore dell&#8217;idea e il fondatore della start-up. Da allora, dirige il gruppo di progetto e lo spinge continuamente verso nuove ed entusiasmanti direzioni.<br>Come padre di due figli, \u00e8 preoccupato \u2013 come molti genitori \u2013 della questione di come possiamo rendere il mondo un luogo sicuro per le generazioni future. Il suo obiettivo \u00e8 creare spazi protetti in cui tutti possano svilupparsi liberamente e in sicurezza.<br>Attraverso conversazioni con la sua famiglia e il suo ambiente, Markus \u00e8 venuto a conoscenza del problema delle gocce narcotizzaanti. Ha deciso di farne un compito personale: cambiare qualcosa.<\/span><\/p><p><em><span style=\"font-weight: 400;\">\u201cAmo trovare soluzioni ai problemi, migliorare costantemente i flussi e i processi e trasformare i team in qualcosa di pi\u00f9 della somma dei singoli membri.\u201d<\/span><\/em><\/p><p><span style=\"font-weight: 400;\">Soprattutto nel nostro mondo digitale, sottolinea, \u00e8 importante guardare di nuovo insieme, nominare apertamente i problemi e affrontarli. Perch\u00e9 solo cos\u00ec la nostra societ\u00e0 pu\u00f2 evolvere.<br>Il suo grande obiettivo \u00e8:<\/span><\/p><p><em><span style=\"font-weight: 400;\">\u201cUna societ\u00e0 in cui soluzioni come SafeSwitch non sono pi\u00f9 necessarie.\u201d  <\/span><\/em><\/p><ul><li style=\"font-weight: 400;\" aria-level=\"1\"><span style=\"font-weight: 400;\">Dipl.-Ing. Tecnologia dei media <\/span><\/li><li style=\"font-weight: 400;\" aria-level=\"1\"><span style=\"font-weight: 400;\">Project manager certificato secondo PMI, PRINCE2, PM@WN<\/span><\/li><li style=\"font-weight: 400;\" aria-level=\"1\"><span style=\"font-weight: 400;\">10 anni di esperienza come amministratore delegato <\/span><\/li><li style=\"font-weight: 400;\" aria-level=\"1\"><span style=\"font-weight: 400;\">23 anni di esperienza nello sviluppo tecnologico (consulenza, sviluppo autonomo e controllo)<\/span><\/li><\/ul>\t\t\t\t\t\t\t\t<\/div>\n\t\t\t\t\t<\/div>\n\t\t\t\t<\/div>\n\t\t\t\t<\/div>\n\t\t","protected":false},"excerpt":{"rendered":"<p>Markus Duelli Dipl.-Ing. Tecnologia dei media \u201cSoprattutto in un mondo digitale, gli incontri reali spensierati e senza preoccupazioni sono pi\u00f9 [&hellip;]<\/p>\n","protected":false},"author":1,"featured_media":0,"parent":0,"menu_order":0,"comment_status":"closed","ping_status":"closed","template":"","meta":{"site-sidebar-layout":"no-sidebar","site-content-layout":"","ast-site-content-layout":"full-width-container","site-content-style":"default","site-sidebar-style":"default","ast-global-header-display":"","ast-banner-title-visibility":"","ast-main-header-display":"","ast-hfb-above-header-display":"","ast-hfb-below-header-display":"","ast-hfb-mobile-header-display":"","site-post-title":"disabled","ast-breadcrumbs-content":"","ast-featured-img":"disabled","footer-sml-layout":"","ast-disable-related-posts":"","theme-transparent-header-meta":"","adv-header-id-meta":"","stick-header-meta":"","header-above-stick-meta":"","header-main-stick-meta":"","header-below-stick-meta":"","astra-migrate-meta-layouts":"default","ast-page-background-enabled":"default","ast-page-background-meta":{"desktop":{"background-color":"var(--ast-global-color-5)","background-image":"","background-repeat":"repeat","background-position":"center center","background-size":"auto","background-attachment":"scroll","background-type":"","background-media":"","overlay-type":"","overlay-color":"","overlay-opacity":"","overlay-gradient":""},"tablet":{"background-color":"","background-image":"","background-repeat":"repeat","background-position":"center center","background-size":"auto","background-attachment":"scroll","background-type":"","background-media":"","overlay-type":"","overlay-color":"","overlay-opacity":"","overlay-gradient":""},"mobile":{"background-color":"","background-image":"","background-repeat":"repeat","background-position":"center center","background-size":"auto","background-attachment":"scroll","background-type":"","background-media":"","overlay-type":"","overlay-color":"","overlay-opacity":"","overlay-gradient":""}},"ast-content-background-meta":{"desktop":{"background-color":"var(--ast-global-color-4)","background-image":"","background-repeat":"repeat","background-position":"center center","background-size":"auto","background-attachment":"scroll","background-type":"","background-media":"","overlay-type":"","overlay-color":"","overlay-opacity":"","overlay-gradient":""},"tablet":{"background-color":"var(--ast-global-color-4)","background-image":"","background-repeat":"repeat","background-position":"center center","background-size":"auto","background-attachment":"scroll","background-type":"","background-media":"","overlay-type":"","overlay-color":"","overlay-opacity":"","overlay-gradient":""},"mobile":{"background-color":"var(--ast-global-color-4)","background-image":"","background-repeat":"repeat","background-position":"center center","background-size":"auto","background-attachment":"scroll","background-type":"","background-media":"","overlay-type":"","overlay-color":"","overlay-opacity":"","overlay-gradient":""}},"footnotes":""},"class_list":["post-1270","page","type-page","status-publish","hentry"],"yoast_head":"<!-- This site is optimized with the Yoast SEO plugin v27.4 - https:\/\/yoast.com\/product\/yoast-seo-wordpress\/ -->\n<title>Markus - SafeSwitch<\/title>\n<meta name=\"robots\" content=\"index, follow, max-snippet:-1, max-image-preview:large, max-video-preview:-1\" \/>\n<link rel=\"canonical\" href=\"https:\/\/safeswitch.de\/it\/markus\/\" \/>\n<meta property=\"og:locale\" content=\"it_IT\" \/>\n<meta property=\"og:type\" content=\"article\" \/>\n<meta property=\"og:title\" content=\"Markus - SafeSwitch\" \/>\n<meta property=\"og:description\" content=\"Markus Duelli Dipl.-Ing. Tecnologia dei media \u201cSoprattutto in un mondo digitale, gli incontri reali spensierati e senza preoccupazioni sono pi\u00f9 [&hellip;]\" \/>\n<meta property=\"og:url\" content=\"https:\/\/safeswitch.de\/it\/markus\/\" \/>\n<meta property=\"og:site_name\" content=\"SafeSwitch\" \/>\n<meta property=\"article:modified_time\" content=\"2025-07-31T17:51:36+00:00\" \/>\n<meta property=\"og:image\" content=\"https:\/\/safeswitch.de\/wp-content\/uploads\/2025\/07\/papa-2-Hintergund-2-1-1024x1024.png\" \/>\n<meta name=\"twitter:card\" content=\"summary_large_image\" \/>\n<meta name=\"twitter:label1\" content=\"Tempo di lettura stimato\" \/>\n\t<meta name=\"twitter:data1\" content=\"1 minuto\" \/>\n<script type=\"application\/ld+json\" class=\"yoast-schema-graph\">{\"@context\":\"https:\\\/\\\/schema.org\",\"@graph\":[{\"@type\":\"WebPage\",\"@id\":\"https:\\\/\\\/safeswitch.de\\\/it\\\/markus\\\/\",\"url\":\"https:\\\/\\\/safeswitch.de\\\/it\\\/markus\\\/\",\"name\":\"Markus - SafeSwitch\",\"isPartOf\":{\"@id\":\"https:\\\/\\\/safeswitch.de\\\/it\\\/#website\"},\"primaryImageOfPage\":{\"@id\":\"https:\\\/\\\/safeswitch.de\\\/it\\\/markus\\\/#primaryimage\"},\"image\":{\"@id\":\"https:\\\/\\\/safeswitch.de\\\/it\\\/markus\\\/#primaryimage\"},\"thumbnailUrl\":\"https:\\\/\\\/safeswitch.de\\\/wp-content\\\/uploads\\\/2025\\\/07\\\/papa-2-Hintergund-2-1-1024x1024.png\",\"datePublished\":\"2025-07-10T21:45:42+00:00\",\"dateModified\":\"2025-07-31T17:51:36+00:00\",\"breadcrumb\":{\"@id\":\"https:\\\/\\\/safeswitch.de\\\/it\\\/markus\\\/#breadcrumb\"},\"inLanguage\":\"it-IT\",\"potentialAction\":[{\"@type\":\"ReadAction\",\"target\":[\"https:\\\/\\\/safeswitch.de\\\/it\\\/markus\\\/\"]}]},{\"@type\":\"ImageObject\",\"inLanguage\":\"it-IT\",\"@id\":\"https:\\\/\\\/safeswitch.de\\\/it\\\/markus\\\/#primaryimage\",\"url\":\"https:\\\/\\\/safeswitch.de\\\/wp-content\\\/uploads\\\/2025\\\/07\\\/papa-2-Hintergund-2-1-1024x1024.png\",\"contentUrl\":\"https:\\\/\\\/safeswitch.de\\\/wp-content\\\/uploads\\\/2025\\\/07\\\/papa-2-Hintergund-2-1-1024x1024.png\"},{\"@type\":\"BreadcrumbList\",\"@id\":\"https:\\\/\\\/safeswitch.de\\\/it\\\/markus\\\/#breadcrumb\",\"itemListElement\":[{\"@type\":\"ListItem\",\"position\":1,\"name\":\"Startseite\",\"item\":\"https:\\\/\\\/safeswitch.de\\\/it\\\/?page_id=1420\"},{\"@type\":\"ListItem\",\"position\":2,\"name\":\"Markus\"}]},{\"@type\":\"WebSite\",\"@id\":\"https:\\\/\\\/safeswitch.de\\\/it\\\/#website\",\"url\":\"https:\\\/\\\/safeswitch.de\\\/it\\\/\",\"name\":\"SafeSwitch\",\"description\":\"F\u00fcr unbeschwertes &amp; sicheres Feiern. Der Schutz vor K.O.-Tropfen f\u00fcr dich und deine Kinder.\",\"publisher\":{\"@id\":\"https:\\\/\\\/safeswitch.de\\\/it\\\/#organization\"},\"potentialAction\":[{\"@type\":\"SearchAction\",\"target\":{\"@type\":\"EntryPoint\",\"urlTemplate\":\"https:\\\/\\\/safeswitch.de\\\/it\\\/?s={search_term_string}\"},\"query-input\":{\"@type\":\"PropertyValueSpecification\",\"valueRequired\":true,\"valueName\":\"search_term_string\"}}],\"inLanguage\":\"it-IT\"},{\"@type\":\"Organization\",\"@id\":\"https:\\\/\\\/safeswitch.de\\\/it\\\/#organization\",\"name\":\"SafeSwitch\",\"url\":\"https:\\\/\\\/safeswitch.de\\\/it\\\/\",\"logo\":{\"@type\":\"ImageObject\",\"inLanguage\":\"it-IT\",\"@id\":\"https:\\\/\\\/safeswitch.de\\\/it\\\/#\\\/schema\\\/logo\\\/image\\\/\",\"url\":\"https:\\\/\\\/safeswitch.de\\\/wp-content\\\/uploads\\\/2025\\\/07\\\/cropped-Logo.png\",\"contentUrl\":\"https:\\\/\\\/safeswitch.de\\\/wp-content\\\/uploads\\\/2025\\\/07\\\/cropped-Logo.png\",\"width\":1680,\"height\":1686,\"caption\":\"SafeSwitch\"},\"image\":{\"@id\":\"https:\\\/\\\/safeswitch.de\\\/it\\\/#\\\/schema\\\/logo\\\/image\\\/\"}}]}<\/script>\n<!-- \/ Yoast SEO plugin. -->","yoast_head_json":{"title":"Markus - SafeSwitch","robots":{"index":"index","follow":"follow","max-snippet":"max-snippet:-1","max-image-preview":"max-image-preview:large","max-video-preview":"max-video-preview:-1"},"canonical":"https:\/\/safeswitch.de\/it\/markus\/","og_locale":"it_IT","og_type":"article","og_title":"Markus - SafeSwitch","og_description":"Markus Duelli Dipl.-Ing. Tecnologia dei media \u201cSoprattutto in un mondo digitale, gli incontri reali spensierati e senza preoccupazioni sono pi\u00f9 [&hellip;]","og_url":"https:\/\/safeswitch.de\/it\/markus\/","og_site_name":"SafeSwitch","article_modified_time":"2025-07-31T17:51:36+00:00","og_image":[{"url":"https:\/\/safeswitch.de\/wp-content\/uploads\/2025\/07\/papa-2-Hintergund-2-1-1024x1024.png","type":"","width":"","height":""}],"twitter_card":"summary_large_image","twitter_misc":{"Tempo di lettura stimato":"1 minuto"},"schema":{"@context":"https:\/\/schema.org","@graph":[{"@type":"WebPage","@id":"https:\/\/safeswitch.de\/it\/markus\/","url":"https:\/\/safeswitch.de\/it\/markus\/","name":"Markus - SafeSwitch","isPartOf":{"@id":"https:\/\/safeswitch.de\/it\/#website"},"primaryImageOfPage":{"@id":"https:\/\/safeswitch.de\/it\/markus\/#primaryimage"},"image":{"@id":"https:\/\/safeswitch.de\/it\/markus\/#primaryimage"},"thumbnailUrl":"https:\/\/safeswitch.de\/wp-content\/uploads\/2025\/07\/papa-2-Hintergund-2-1-1024x1024.png","datePublished":"2025-07-10T21:45:42+00:00","dateModified":"2025-07-31T17:51:36+00:00","breadcrumb":{"@id":"https:\/\/safeswitch.de\/it\/markus\/#breadcrumb"},"inLanguage":"it-IT","potentialAction":[{"@type":"ReadAction","target":["https:\/\/safeswitch.de\/it\/markus\/"]}]},{"@type":"ImageObject","inLanguage":"it-IT","@id":"https:\/\/safeswitch.de\/it\/markus\/#primaryimage","url":"https:\/\/safeswitch.de\/wp-content\/uploads\/2025\/07\/papa-2-Hintergund-2-1-1024x1024.png","contentUrl":"https:\/\/safeswitch.de\/wp-content\/uploads\/2025\/07\/papa-2-Hintergund-2-1-1024x1024.png"},{"@type":"BreadcrumbList","@id":"https:\/\/safeswitch.de\/it\/markus\/#breadcrumb","itemListElement":[{"@type":"ListItem","position":1,"name":"Startseite","item":"https:\/\/safeswitch.de\/it\/?page_id=1420"},{"@type":"ListItem","position":2,"name":"Markus"}]},{"@type":"WebSite","@id":"https:\/\/safeswitch.de\/it\/#website","url":"https:\/\/safeswitch.de\/it\/","name":"SafeSwitch","description":"F\u00fcr unbeschwertes &amp; sicheres Feiern. Der Schutz vor K.O.-Tropfen f\u00fcr dich und deine Kinder.","publisher":{"@id":"https:\/\/safeswitch.de\/it\/#organization"},"potentialAction":[{"@type":"SearchAction","target":{"@type":"EntryPoint","urlTemplate":"https:\/\/safeswitch.de\/it\/?s={search_term_string}"},"query-input":{"@type":"PropertyValueSpecification","valueRequired":true,"valueName":"search_term_string"}}],"inLanguage":"it-IT"},{"@type":"Organization","@id":"https:\/\/safeswitch.de\/it\/#organization","name":"SafeSwitch","url":"https:\/\/safeswitch.de\/it\/","logo":{"@type":"ImageObject","inLanguage":"it-IT","@id":"https:\/\/safeswitch.de\/it\/#\/schema\/logo\/image\/","url":"https:\/\/safeswitch.de\/wp-content\/uploads\/2025\/07\/cropped-Logo.png","contentUrl":"https:\/\/safeswitch.de\/wp-content\/uploads\/2025\/07\/cropped-Logo.png","width":1680,"height":1686,"caption":"SafeSwitch"},"image":{"@id":"https:\/\/safeswitch.de\/it\/#\/schema\/logo\/image\/"}}]}},"_links":{"self":[{"href":"https:\/\/safeswitch.de\/it\/wp-json\/wp\/v2\/pages\/1270","targetHints":{"allow":["GET"]}}],"collection":[{"href":"https:\/\/safeswitch.de\/it\/wp-json\/wp\/v2\/pages"}],"about":[{"href":"https:\/\/safeswitch.de\/it\/wp-json\/wp\/v2\/types\/page"}],"author":[{"embeddable":true,"href":"https:\/\/safeswitch.de\/it\/wp-json\/wp\/v2\/users\/1"}],"replies":[{"embeddable":true,"href":"https:\/\/safeswitch.de\/it\/wp-json\/wp\/v2\/comments?post=1270"}],"version-history":[{"count":2,"href":"https:\/\/safeswitch.de\/it\/wp-json\/wp\/v2\/pages\/1270\/revisions"}],"predecessor-version":[{"id":1274,"href":"https:\/\/safeswitch.de\/it\/wp-json\/wp\/v2\/pages\/1270\/revisions\/1274"}],"wp:attachment":[{"href":"https:\/\/safeswitch.de\/it\/wp-json\/wp\/v2\/media?parent=1270"}],"curies":[{"name":"wp","href":"https:\/\/api.w.org\/{rel}","templated":true}]}}