{"id":1390,"date":"2025-07-10T21:45:42","date_gmt":"2025-07-10T21:45:42","guid":{"rendered":"https:\/\/safeswitch.de\/markus\/"},"modified":"2025-07-31T17:52:29","modified_gmt":"2025-07-31T17:52:29","slug":"markus","status":"publish","type":"page","link":"https:\/\/safeswitch.de\/fr\/markus\/","title":{"rendered":"Markus"},"content":{"rendered":"\t\t<div data-elementor-type=\"wp-page\" data-elementor-id=\"1390\" class=\"elementor elementor-1390 elementor-272\">\n\t\t\t\t<div class=\"elementor-element elementor-element-db8211d e-flex e-con-boxed e-con e-parent\" data-id=\"db8211d\" data-element_type=\"container\" data-e-type=\"container\">\n\t\t\t\t\t<div class=\"e-con-inner\">\n\t\t<div class=\"elementor-element elementor-element-4113f19 e-con-full e-flex e-con e-child\" data-id=\"4113f19\" data-element_type=\"container\" data-e-type=\"container\">\n\t\t\t\t<div class=\"elementor-element elementor-element-d6e77fa elementor-invisible elementor-widget elementor-widget-image\" data-id=\"d6e77fa\" data-element_type=\"widget\" data-e-type=\"widget\" data-settings=\"{&quot;_animation&quot;:&quot;fadeIn&quot;}\" data-widget_type=\"image.default\">\n\t\t\t\t\t\t\t\t\t\t\t\t\t\t\t<img fetchpriority=\"high\" decoding=\"async\" width=\"1024\" height=\"1024\" src=\"https:\/\/safeswitch.de\/wp-content\/uploads\/2025\/07\/papa-2-Hintergund-2-1-1024x1024.png\" class=\"attachment-large size-large wp-image-1083\" alt=\"Portrait Markus Duelli\" srcset=\"https:\/\/safeswitch.de\/wp-content\/uploads\/2025\/07\/papa-2-Hintergund-2-1-1024x1024.png 1024w, https:\/\/safeswitch.de\/wp-content\/uploads\/2025\/07\/papa-2-Hintergund-2-1-300x300.png 300w, https:\/\/safeswitch.de\/wp-content\/uploads\/2025\/07\/papa-2-Hintergund-2-1-150x150.png 150w, https:\/\/safeswitch.de\/wp-content\/uploads\/2025\/07\/papa-2-Hintergund-2-1-768x768.png 768w, https:\/\/safeswitch.de\/wp-content\/uploads\/2025\/07\/papa-2-Hintergund-2-1-1536x1536.png 1536w, https:\/\/safeswitch.de\/wp-content\/uploads\/2025\/07\/papa-2-Hintergund-2-1-2048x2048.png 2048w\" sizes=\"(max-width: 1024px) 100vw, 1024px\" \/>\t\t\t\t\t\t\t\t\t\t\t\t\t\t\t<\/div>\n\t\t\t\t<\/div>\n\t\t<div class=\"elementor-element elementor-element-7c629dd e-con-full e-flex e-con e-child\" data-id=\"7c629dd\" data-element_type=\"container\" data-e-type=\"container\">\n\t\t\t\t<div class=\"elementor-element elementor-element-29ba46f elementor-invisible elementor-widget elementor-widget-heading\" data-id=\"29ba46f\" data-element_type=\"widget\" data-e-type=\"widget\" data-settings=\"{&quot;_animation&quot;:&quot;fadeIn&quot;}\" data-widget_type=\"heading.default\">\n\t\t\t\t\t<h1 class=\"elementor-heading-title elementor-size-default\"><br>Markus Duelli<\/h1>\t\t\t\t<\/div>\n\t\t\t\t<div class=\"elementor-element elementor-element-e6b3f02 elementor-invisible elementor-widget elementor-widget-heading\" data-id=\"e6b3f02\" data-element_type=\"widget\" data-e-type=\"widget\" data-settings=\"{&quot;_animation&quot;:&quot;fadeIn&quot;}\" data-widget_type=\"heading.default\">\n\t\t\t\t\t<h3 class=\"elementor-heading-title elementor-size-default\"><b>Dipl.-Ing. Technologie des m\u00e9dias<\/b><\/h3>\t\t\t\t<\/div>\n\t\t\t\t<div class=\"elementor-element elementor-element-9f9cbca elementor-invisible elementor-widget elementor-widget-text-editor\" data-id=\"9f9cbca\" data-element_type=\"widget\" data-e-type=\"widget\" data-settings=\"{&quot;_animation&quot;:&quot;fadeIn&quot;}\" data-widget_type=\"text-editor.default\">\n\t\t\t\t\t\t\t\t\t<p><em style=\"font-family: var( --e-global-typography-d66373a-font-family ), Sans-serif; text-align: var(--text-align);\">\u00ab Dans un monde num\u00e9rique, les rencontres r\u00e9elles, insouciantes et sans souci, sont plus importantes que jamais. \u00bb<\/em><\/p>\t\t\t\t\t\t\t\t<\/div>\n\t\t\t\t<\/div>\n\t\t\t\t\t<\/div>\n\t\t\t\t<\/div>\n\t\t<div class=\"elementor-element elementor-element-e87d298 e-flex e-con-boxed e-con e-parent\" data-id=\"e87d298\" data-element_type=\"container\" data-e-type=\"container\">\n\t\t\t\t\t<div class=\"e-con-inner\">\n\t\t\t\t<div class=\"elementor-element elementor-element-abeeefb elementor-widget elementor-widget-text-editor\" data-id=\"abeeefb\" data-element_type=\"widget\" data-e-type=\"widget\" data-widget_type=\"text-editor.default\">\n\t\t\t\t\t\t\t\t\t<p><span style=\"font-weight: 400;\">Markus Duelli est l&rsquo;inventeur de l&rsquo;id\u00e9e et le fondateur de la start-up. Depuis, il dirige le groupe de projet et l&rsquo;oriente sans cesse vers de nouvelles directions passionnantes.<br>En tant que p\u00e8re de deux fils, il se pr\u00e9occupe, comme beaucoup de parents, de la question de savoir comment faire du monde un endroit s\u00fbr pour les g\u00e9n\u00e9rations futures. Son objectif est de cr\u00e9er des espaces prot\u00e9g\u00e9s o\u00f9 chacun peut s&rsquo;\u00e9panouir librement et en toute s\u00e9curit\u00e9.<br>Gr\u00e2ce \u00e0 des conversations avec sa famille et son entourage, Markus a pris conscience du probl\u00e8me des Gouttes de K.O.. Il a d\u00e9cid\u00e9 d&rsquo;en faire une t\u00e2che personnelle : changer les choses.   <\/span><\/p><p><em><span style=\"font-weight: 400;\">\u00ab J&rsquo;adore trouver des solutions aux probl\u00e8mes, am\u00e9liorer constamment les d\u00e9roulements et les processus, et faire en sorte que les \u00e9quipes soient plus que la somme de leurs membres. \u00bb<\/span><\/em><\/p><p><span style=\"font-weight: 400;\">Dans notre monde num\u00e9rique, souligne-t-il, il est important de regarder \u00e0 nouveau ensemble, de nommer ouvertement les probl\u00e8mes et de s&rsquo;y attaquer. Car ce n&rsquo;est qu&rsquo;ainsi que notre soci\u00e9t\u00e9 pourra \u00e9voluer.<br>Son grand objectif : <\/span><\/p><p><em><span style=\"font-weight: 400;\">\u00ab Une soci\u00e9t\u00e9 dans laquelle des solutions comme SafeSwitch ne seraient plus n\u00e9cessaires. \u00bb  <\/span><\/em><\/p><ul><li style=\"font-weight: 400;\" aria-level=\"1\"><span style=\"font-weight: 400;\">Dipl.-Ing. Technologie des m\u00e9dias <\/span><\/li><li style=\"font-weight: 400;\" aria-level=\"1\"><span style=\"font-weight: 400;\">Chef de projet certifi\u00e9 selon PMI, PRINCE2, PM@WN<\/span><\/li><li style=\"font-weight: 400;\" aria-level=\"1\"><span style=\"font-weight: 400;\">10 ans d&rsquo;exp\u00e9rience en tant que directeur g\u00e9n\u00e9ral <\/span><\/li><li style=\"font-weight: 400;\" aria-level=\"1\"><span style=\"font-weight: 400;\">23 ans d&rsquo;exp\u00e9rience dans le d\u00e9veloppement technologique (conseil, d\u00e9veloppement autonome et pilotage)<\/span><\/li><\/ul>\t\t\t\t\t\t\t\t<\/div>\n\t\t\t\t\t<\/div>\n\t\t\t\t<\/div>\n\t\t\t\t<\/div>\n\t\t","protected":false},"excerpt":{"rendered":"<p>Markus Duelli Dipl.-Ing. Technologie des m\u00e9dias \u00ab Dans un monde num\u00e9rique, les rencontres r\u00e9elles, insouciantes et sans souci, sont plus [&hellip;]<\/p>\n","protected":false},"author":1,"featured_media":0,"parent":0,"menu_order":0,"comment_status":"closed","ping_status":"closed","template":"","meta":{"site-sidebar-layout":"no-sidebar","site-content-layout":"","ast-site-content-layout":"full-width-container","site-content-style":"default","site-sidebar-style":"default","ast-global-header-display":"","ast-banner-title-visibility":"","ast-main-header-display":"","ast-hfb-above-header-display":"","ast-hfb-below-header-display":"","ast-hfb-mobile-header-display":"","site-post-title":"disabled","ast-breadcrumbs-content":"","ast-featured-img":"disabled","footer-sml-layout":"","ast-disable-related-posts":"","theme-transparent-header-meta":"","adv-header-id-meta":"","stick-header-meta":"","header-above-stick-meta":"","header-main-stick-meta":"","header-below-stick-meta":"","astra-migrate-meta-layouts":"default","ast-page-background-enabled":"default","ast-page-background-meta":{"desktop":{"background-color":"var(--ast-global-color-5)","background-image":"","background-repeat":"repeat","background-position":"center center","background-size":"auto","background-attachment":"scroll","background-type":"","background-media":"","overlay-type":"","overlay-color":"","overlay-opacity":"","overlay-gradient":""},"tablet":{"background-color":"","background-image":"","background-repeat":"repeat","background-position":"center center","background-size":"auto","background-attachment":"scroll","background-type":"","background-media":"","overlay-type":"","overlay-color":"","overlay-opacity":"","overlay-gradient":""},"mobile":{"background-color":"","background-image":"","background-repeat":"repeat","background-position":"center center","background-size":"auto","background-attachment":"scroll","background-type":"","background-media":"","overlay-type":"","overlay-color":"","overlay-opacity":"","overlay-gradient":""}},"ast-content-background-meta":{"desktop":{"background-color":"var(--ast-global-color-4)","background-image":"","background-repeat":"repeat","background-position":"center center","background-size":"auto","background-attachment":"scroll","background-type":"","background-media":"","overlay-type":"","overlay-color":"","overlay-opacity":"","overlay-gradient":""},"tablet":{"background-color":"var(--ast-global-color-4)","background-image":"","background-repeat":"repeat","background-position":"center center","background-size":"auto","background-attachment":"scroll","background-type":"","background-media":"","overlay-type":"","overlay-color":"","overlay-opacity":"","overlay-gradient":""},"mobile":{"background-color":"var(--ast-global-color-4)","background-image":"","background-repeat":"repeat","background-position":"center center","background-size":"auto","background-attachment":"scroll","background-type":"","background-media":"","overlay-type":"","overlay-color":"","overlay-opacity":"","overlay-gradient":""}},"footnotes":""},"class_list":["post-1390","page","type-page","status-publish","hentry"],"yoast_head":"<!-- This site is optimized with the Yoast SEO plugin v27.4 - https:\/\/yoast.com\/product\/yoast-seo-wordpress\/ -->\n<title>Markus - SafeSwitch<\/title>\n<meta name=\"robots\" content=\"index, follow, max-snippet:-1, max-image-preview:large, max-video-preview:-1\" \/>\n<link rel=\"canonical\" href=\"https:\/\/safeswitch.de\/fr\/markus\/\" \/>\n<meta property=\"og:locale\" content=\"fr_FR\" \/>\n<meta property=\"og:type\" content=\"article\" \/>\n<meta property=\"og:title\" content=\"Markus - SafeSwitch\" \/>\n<meta property=\"og:description\" content=\"Markus Duelli Dipl.-Ing. Technologie des m\u00e9dias \u00ab Dans un monde num\u00e9rique, les rencontres r\u00e9elles, insouciantes et sans souci, sont plus [&hellip;]\" \/>\n<meta property=\"og:url\" content=\"https:\/\/safeswitch.de\/fr\/markus\/\" \/>\n<meta property=\"og:site_name\" content=\"SafeSwitch\" \/>\n<meta property=\"article:modified_time\" content=\"2025-07-31T17:52:29+00:00\" \/>\n<meta property=\"og:image\" content=\"https:\/\/safeswitch.de\/wp-content\/uploads\/2025\/07\/papa-2-Hintergund-2-1-1024x1024.png\" \/>\n<meta name=\"twitter:card\" content=\"summary_large_image\" \/>\n<meta name=\"twitter:label1\" content=\"Dur\u00e9e de lecture estim\u00e9e\" \/>\n\t<meta name=\"twitter:data1\" content=\"1 minute\" \/>\n<script type=\"application\/ld+json\" class=\"yoast-schema-graph\">{\"@context\":\"https:\\\/\\\/schema.org\",\"@graph\":[{\"@type\":\"WebPage\",\"@id\":\"https:\\\/\\\/safeswitch.de\\\/fr\\\/markus\\\/\",\"url\":\"https:\\\/\\\/safeswitch.de\\\/fr\\\/markus\\\/\",\"name\":\"Markus - SafeSwitch\",\"isPartOf\":{\"@id\":\"https:\\\/\\\/safeswitch.de\\\/fr\\\/#website\"},\"primaryImageOfPage\":{\"@id\":\"https:\\\/\\\/safeswitch.de\\\/fr\\\/markus\\\/#primaryimage\"},\"image\":{\"@id\":\"https:\\\/\\\/safeswitch.de\\\/fr\\\/markus\\\/#primaryimage\"},\"thumbnailUrl\":\"https:\\\/\\\/safeswitch.de\\\/wp-content\\\/uploads\\\/2025\\\/07\\\/papa-2-Hintergund-2-1-1024x1024.png\",\"datePublished\":\"2025-07-10T21:45:42+00:00\",\"dateModified\":\"2025-07-31T17:52:29+00:00\",\"breadcrumb\":{\"@id\":\"https:\\\/\\\/safeswitch.de\\\/fr\\\/markus\\\/#breadcrumb\"},\"inLanguage\":\"fr-FR\",\"potentialAction\":[{\"@type\":\"ReadAction\",\"target\":[\"https:\\\/\\\/safeswitch.de\\\/fr\\\/markus\\\/\"]}]},{\"@type\":\"ImageObject\",\"inLanguage\":\"fr-FR\",\"@id\":\"https:\\\/\\\/safeswitch.de\\\/fr\\\/markus\\\/#primaryimage\",\"url\":\"https:\\\/\\\/safeswitch.de\\\/wp-content\\\/uploads\\\/2025\\\/07\\\/papa-2-Hintergund-2-1-1024x1024.png\",\"contentUrl\":\"https:\\\/\\\/safeswitch.de\\\/wp-content\\\/uploads\\\/2025\\\/07\\\/papa-2-Hintergund-2-1-1024x1024.png\"},{\"@type\":\"BreadcrumbList\",\"@id\":\"https:\\\/\\\/safeswitch.de\\\/fr\\\/markus\\\/#breadcrumb\",\"itemListElement\":[{\"@type\":\"ListItem\",\"position\":1,\"name\":\"Startseite\",\"item\":\"https:\\\/\\\/safeswitch.de\\\/fr\\\/?page_id=1425\"},{\"@type\":\"ListItem\",\"position\":2,\"name\":\"Markus\"}]},{\"@type\":\"WebSite\",\"@id\":\"https:\\\/\\\/safeswitch.de\\\/fr\\\/#website\",\"url\":\"https:\\\/\\\/safeswitch.de\\\/fr\\\/\",\"name\":\"SafeSwitch\",\"description\":\"F\u00fcr unbeschwertes &amp; sicheres Feiern. Der Schutz vor K.O.-Tropfen f\u00fcr dich und deine Kinder.\",\"publisher\":{\"@id\":\"https:\\\/\\\/safeswitch.de\\\/fr\\\/#organization\"},\"potentialAction\":[{\"@type\":\"SearchAction\",\"target\":{\"@type\":\"EntryPoint\",\"urlTemplate\":\"https:\\\/\\\/safeswitch.de\\\/fr\\\/?s={search_term_string}\"},\"query-input\":{\"@type\":\"PropertyValueSpecification\",\"valueRequired\":true,\"valueName\":\"search_term_string\"}}],\"inLanguage\":\"fr-FR\"},{\"@type\":\"Organization\",\"@id\":\"https:\\\/\\\/safeswitch.de\\\/fr\\\/#organization\",\"name\":\"SafeSwitch\",\"url\":\"https:\\\/\\\/safeswitch.de\\\/fr\\\/\",\"logo\":{\"@type\":\"ImageObject\",\"inLanguage\":\"fr-FR\",\"@id\":\"https:\\\/\\\/safeswitch.de\\\/fr\\\/#\\\/schema\\\/logo\\\/image\\\/\",\"url\":\"https:\\\/\\\/safeswitch.de\\\/wp-content\\\/uploads\\\/2025\\\/07\\\/cropped-Logo.png\",\"contentUrl\":\"https:\\\/\\\/safeswitch.de\\\/wp-content\\\/uploads\\\/2025\\\/07\\\/cropped-Logo.png\",\"width\":1680,\"height\":1686,\"caption\":\"SafeSwitch\"},\"image\":{\"@id\":\"https:\\\/\\\/safeswitch.de\\\/fr\\\/#\\\/schema\\\/logo\\\/image\\\/\"}}]}<\/script>\n<!-- \/ Yoast SEO plugin. -->","yoast_head_json":{"title":"Markus - SafeSwitch","robots":{"index":"index","follow":"follow","max-snippet":"max-snippet:-1","max-image-preview":"max-image-preview:large","max-video-preview":"max-video-preview:-1"},"canonical":"https:\/\/safeswitch.de\/fr\/markus\/","og_locale":"fr_FR","og_type":"article","og_title":"Markus - SafeSwitch","og_description":"Markus Duelli Dipl.-Ing. Technologie des m\u00e9dias \u00ab Dans un monde num\u00e9rique, les rencontres r\u00e9elles, insouciantes et sans souci, sont plus [&hellip;]","og_url":"https:\/\/safeswitch.de\/fr\/markus\/","og_site_name":"SafeSwitch","article_modified_time":"2025-07-31T17:52:29+00:00","og_image":[{"url":"https:\/\/safeswitch.de\/wp-content\/uploads\/2025\/07\/papa-2-Hintergund-2-1-1024x1024.png","type":"","width":"","height":""}],"twitter_card":"summary_large_image","twitter_misc":{"Dur\u00e9e de lecture estim\u00e9e":"1 minute"},"schema":{"@context":"https:\/\/schema.org","@graph":[{"@type":"WebPage","@id":"https:\/\/safeswitch.de\/fr\/markus\/","url":"https:\/\/safeswitch.de\/fr\/markus\/","name":"Markus - SafeSwitch","isPartOf":{"@id":"https:\/\/safeswitch.de\/fr\/#website"},"primaryImageOfPage":{"@id":"https:\/\/safeswitch.de\/fr\/markus\/#primaryimage"},"image":{"@id":"https:\/\/safeswitch.de\/fr\/markus\/#primaryimage"},"thumbnailUrl":"https:\/\/safeswitch.de\/wp-content\/uploads\/2025\/07\/papa-2-Hintergund-2-1-1024x1024.png","datePublished":"2025-07-10T21:45:42+00:00","dateModified":"2025-07-31T17:52:29+00:00","breadcrumb":{"@id":"https:\/\/safeswitch.de\/fr\/markus\/#breadcrumb"},"inLanguage":"fr-FR","potentialAction":[{"@type":"ReadAction","target":["https:\/\/safeswitch.de\/fr\/markus\/"]}]},{"@type":"ImageObject","inLanguage":"fr-FR","@id":"https:\/\/safeswitch.de\/fr\/markus\/#primaryimage","url":"https:\/\/safeswitch.de\/wp-content\/uploads\/2025\/07\/papa-2-Hintergund-2-1-1024x1024.png","contentUrl":"https:\/\/safeswitch.de\/wp-content\/uploads\/2025\/07\/papa-2-Hintergund-2-1-1024x1024.png"},{"@type":"BreadcrumbList","@id":"https:\/\/safeswitch.de\/fr\/markus\/#breadcrumb","itemListElement":[{"@type":"ListItem","position":1,"name":"Startseite","item":"https:\/\/safeswitch.de\/fr\/?page_id=1425"},{"@type":"ListItem","position":2,"name":"Markus"}]},{"@type":"WebSite","@id":"https:\/\/safeswitch.de\/fr\/#website","url":"https:\/\/safeswitch.de\/fr\/","name":"SafeSwitch","description":"F\u00fcr unbeschwertes &amp; sicheres Feiern. Der Schutz vor K.O.-Tropfen f\u00fcr dich und deine Kinder.","publisher":{"@id":"https:\/\/safeswitch.de\/fr\/#organization"},"potentialAction":[{"@type":"SearchAction","target":{"@type":"EntryPoint","urlTemplate":"https:\/\/safeswitch.de\/fr\/?s={search_term_string}"},"query-input":{"@type":"PropertyValueSpecification","valueRequired":true,"valueName":"search_term_string"}}],"inLanguage":"fr-FR"},{"@type":"Organization","@id":"https:\/\/safeswitch.de\/fr\/#organization","name":"SafeSwitch","url":"https:\/\/safeswitch.de\/fr\/","logo":{"@type":"ImageObject","inLanguage":"fr-FR","@id":"https:\/\/safeswitch.de\/fr\/#\/schema\/logo\/image\/","url":"https:\/\/safeswitch.de\/wp-content\/uploads\/2025\/07\/cropped-Logo.png","contentUrl":"https:\/\/safeswitch.de\/wp-content\/uploads\/2025\/07\/cropped-Logo.png","width":1680,"height":1686,"caption":"SafeSwitch"},"image":{"@id":"https:\/\/safeswitch.de\/fr\/#\/schema\/logo\/image\/"}}]}},"_links":{"self":[{"href":"https:\/\/safeswitch.de\/fr\/wp-json\/wp\/v2\/pages\/1390","targetHints":{"allow":["GET"]}}],"collection":[{"href":"https:\/\/safeswitch.de\/fr\/wp-json\/wp\/v2\/pages"}],"about":[{"href":"https:\/\/safeswitch.de\/fr\/wp-json\/wp\/v2\/types\/page"}],"author":[{"embeddable":true,"href":"https:\/\/safeswitch.de\/fr\/wp-json\/wp\/v2\/users\/1"}],"replies":[{"embeddable":true,"href":"https:\/\/safeswitch.de\/fr\/wp-json\/wp\/v2\/comments?post=1390"}],"version-history":[{"count":2,"href":"https:\/\/safeswitch.de\/fr\/wp-json\/wp\/v2\/pages\/1390\/revisions"}],"predecessor-version":[{"id":1392,"href":"https:\/\/safeswitch.de\/fr\/wp-json\/wp\/v2\/pages\/1390\/revisions\/1392"}],"wp:attachment":[{"href":"https:\/\/safeswitch.de\/fr\/wp-json\/wp\/v2\/media?parent=1390"}],"curies":[{"name":"wp","href":"https:\/\/api.w.org\/{rel}","templated":true}]}}