{"id":1356,"date":"2025-06-26T16:39:03","date_gmt":"2025-06-26T16:39:03","guid":{"rendered":"https:\/\/safeswitch.de\/crowdfunding\/"},"modified":"2025-07-31T17:52:16","modified_gmt":"2025-07-31T17:52:16","slug":"crowdfunding","status":"publish","type":"page","link":"https:\/\/safeswitch.de\/fr\/crowdfunding\/","title":{"rendered":"Crowdfunding."},"content":{"rendered":"\n<h1 class=\"wp-block-heading has-text-align-center\">Crowdfunding.<\/h1>\n\n<p>Le d\u00e9veloppement d&rsquo;un produit innovant tel que SafeSwitch \u2013 s\u00fbr, r\u00e9fl\u00e9chi et durable \u2013 implique des co\u00fbts \u00e9lev\u00e9s et beaucoup d&rsquo;efforts. Afin de r\u00e9pondre \u00e0 nos propres exigences de qualit\u00e9, nous pr\u00e9voyons de collecter les fonds n\u00e9cessaires par le biais d&rsquo;un crowdfunding. <\/p>\n\n<p>Actuellement, nous avons termin\u00e9 le d\u00e9p\u00f4t de brevet et d\u00e9velopp\u00e9 un prototype fonctionnel en collaboration avec une entreprise partenaire exp\u00e9riment\u00e9e. Pour le prototype final et la premi\u00e8re s\u00e9rie de production, nous avons maintenant besoin de soutien \u2013 de tous ceux qui souhaitent s&rsquo;attaquer activement avec nous au probl\u00e8me des Gouttes de K.O.. <\/p>\n\n<p>Participez et inscrivez-vous \u00e0 notre newsletter pour que nous puissions vous tenir au courant !<\/p>\n\n<p>  \u2192 <a href=\"https:\/\/safeswitch.de\/newsletter\/\">Inscrivez-vous ici<\/a> \u00e0 notre newsletter<\/p>\n\n<p><\/p>\n","protected":false},"excerpt":{"rendered":"<p>Crowdfunding. Le d\u00e9veloppement d&rsquo;un produit innovant tel que SafeSwitch \u2013 s\u00fbr, r\u00e9fl\u00e9chi et durable \u2013 implique des co\u00fbts \u00e9lev\u00e9s et [&hellip;]<\/p>\n","protected":false},"author":1,"featured_media":0,"parent":0,"menu_order":0,"comment_status":"closed","ping_status":"closed","template":"","meta":{"site-sidebar-layout":"default","site-content-layout":"","ast-site-content-layout":"default","site-content-style":"default","site-sidebar-style":"default","ast-global-header-display":"","ast-banner-title-visibility":"","ast-main-header-display":"","ast-hfb-above-header-display":"","ast-hfb-below-header-display":"","ast-hfb-mobile-header-display":"","site-post-title":"disabled","ast-breadcrumbs-content":"","ast-featured-img":"","footer-sml-layout":"","ast-disable-related-posts":"","theme-transparent-header-meta":"","adv-header-id-meta":"","stick-header-meta":"","header-above-stick-meta":"","header-main-stick-meta":"","header-below-stick-meta":"","astra-migrate-meta-layouts":"default","ast-page-background-enabled":"default","ast-page-background-meta":{"desktop":{"background-color":"var(--ast-global-color-5)","background-image":"","background-repeat":"repeat","background-position":"center center","background-size":"auto","background-attachment":"scroll","background-type":"","background-media":"","overlay-type":"","overlay-color":"","overlay-opacity":"","overlay-gradient":""},"tablet":{"background-color":"","background-image":"","background-repeat":"repeat","background-position":"center center","background-size":"auto","background-attachment":"scroll","background-type":"","background-media":"","overlay-type":"","overlay-color":"","overlay-opacity":"","overlay-gradient":""},"mobile":{"background-color":"","background-image":"","background-repeat":"repeat","background-position":"center center","background-size":"auto","background-attachment":"scroll","background-type":"","background-media":"","overlay-type":"","overlay-color":"","overlay-opacity":"","overlay-gradient":""}},"ast-content-background-meta":{"desktop":{"background-color":"var(--ast-global-color-4)","background-image":"","background-repeat":"repeat","background-position":"center center","background-size":"auto","background-attachment":"scroll","background-type":"","background-media":"","overlay-type":"","overlay-color":"","overlay-opacity":"","overlay-gradient":""},"tablet":{"background-color":"var(--ast-global-color-4)","background-image":"","background-repeat":"repeat","background-position":"center center","background-size":"auto","background-attachment":"scroll","background-type":"","background-media":"","overlay-type":"","overlay-color":"","overlay-opacity":"","overlay-gradient":""},"mobile":{"background-color":"var(--ast-global-color-4)","background-image":"","background-repeat":"repeat","background-position":"center center","background-size":"auto","background-attachment":"scroll","background-type":"","background-media":"","overlay-type":"","overlay-color":"","overlay-opacity":"","overlay-gradient":""}},"footnotes":""},"class_list":["post-1356","page","type-page","status-publish","hentry"],"yoast_head":"<!-- This site is optimized with the Yoast SEO plugin v27.4 - https:\/\/yoast.com\/product\/yoast-seo-wordpress\/ -->\n<title>Crowdfunding. - SafeSwitch<\/title>\n<meta name=\"robots\" content=\"index, follow, max-snippet:-1, max-image-preview:large, max-video-preview:-1\" \/>\n<link rel=\"canonical\" href=\"https:\/\/safeswitch.de\/fr\/crowdfunding\/\" \/>\n<meta property=\"og:locale\" content=\"fr_FR\" \/>\n<meta property=\"og:type\" content=\"article\" \/>\n<meta property=\"og:title\" content=\"Crowdfunding. - SafeSwitch\" \/>\n<meta property=\"og:description\" content=\"Crowdfunding. Le d\u00e9veloppement d&rsquo;un produit innovant tel que SafeSwitch \u2013 s\u00fbr, r\u00e9fl\u00e9chi et durable \u2013 implique des co\u00fbts \u00e9lev\u00e9s et [&hellip;]\" \/>\n<meta property=\"og:url\" content=\"https:\/\/safeswitch.de\/fr\/crowdfunding\/\" \/>\n<meta property=\"og:site_name\" content=\"SafeSwitch\" \/>\n<meta property=\"article:modified_time\" content=\"2025-07-31T17:52:16+00:00\" \/>\n<meta name=\"twitter:card\" content=\"summary_large_image\" \/>\n<meta name=\"twitter:label1\" content=\"Dur\u00e9e de lecture estim\u00e9e\" \/>\n\t<meta name=\"twitter:data1\" content=\"1 minute\" \/>\n<script type=\"application\/ld+json\" class=\"yoast-schema-graph\">{\"@context\":\"https:\\\/\\\/schema.org\",\"@graph\":[{\"@type\":\"WebPage\",\"@id\":\"https:\\\/\\\/safeswitch.de\\\/fr\\\/crowdfunding\\\/\",\"url\":\"https:\\\/\\\/safeswitch.de\\\/fr\\\/crowdfunding\\\/\",\"name\":\"Crowdfunding. - SafeSwitch\",\"isPartOf\":{\"@id\":\"https:\\\/\\\/safeswitch.de\\\/fr\\\/#website\"},\"datePublished\":\"2025-06-26T16:39:03+00:00\",\"dateModified\":\"2025-07-31T17:52:16+00:00\",\"breadcrumb\":{\"@id\":\"https:\\\/\\\/safeswitch.de\\\/fr\\\/crowdfunding\\\/#breadcrumb\"},\"inLanguage\":\"fr-FR\",\"potentialAction\":[{\"@type\":\"ReadAction\",\"target\":[\"https:\\\/\\\/safeswitch.de\\\/fr\\\/crowdfunding\\\/\"]}]},{\"@type\":\"BreadcrumbList\",\"@id\":\"https:\\\/\\\/safeswitch.de\\\/fr\\\/crowdfunding\\\/#breadcrumb\",\"itemListElement\":[{\"@type\":\"ListItem\",\"position\":1,\"name\":\"Startseite\",\"item\":\"https:\\\/\\\/safeswitch.de\\\/fr\\\/?page_id=1425\"},{\"@type\":\"ListItem\",\"position\":2,\"name\":\"Crowdfunding.\"}]},{\"@type\":\"WebSite\",\"@id\":\"https:\\\/\\\/safeswitch.de\\\/fr\\\/#website\",\"url\":\"https:\\\/\\\/safeswitch.de\\\/fr\\\/\",\"name\":\"SafeSwitch\",\"description\":\"F\u00fcr unbeschwertes &amp; sicheres Feiern. Der Schutz vor K.O.-Tropfen f\u00fcr dich und deine Kinder.\",\"publisher\":{\"@id\":\"https:\\\/\\\/safeswitch.de\\\/fr\\\/#organization\"},\"potentialAction\":[{\"@type\":\"SearchAction\",\"target\":{\"@type\":\"EntryPoint\",\"urlTemplate\":\"https:\\\/\\\/safeswitch.de\\\/fr\\\/?s={search_term_string}\"},\"query-input\":{\"@type\":\"PropertyValueSpecification\",\"valueRequired\":true,\"valueName\":\"search_term_string\"}}],\"inLanguage\":\"fr-FR\"},{\"@type\":\"Organization\",\"@id\":\"https:\\\/\\\/safeswitch.de\\\/fr\\\/#organization\",\"name\":\"SafeSwitch\",\"url\":\"https:\\\/\\\/safeswitch.de\\\/fr\\\/\",\"logo\":{\"@type\":\"ImageObject\",\"inLanguage\":\"fr-FR\",\"@id\":\"https:\\\/\\\/safeswitch.de\\\/fr\\\/#\\\/schema\\\/logo\\\/image\\\/\",\"url\":\"https:\\\/\\\/safeswitch.de\\\/wp-content\\\/uploads\\\/2025\\\/07\\\/cropped-Logo.png\",\"contentUrl\":\"https:\\\/\\\/safeswitch.de\\\/wp-content\\\/uploads\\\/2025\\\/07\\\/cropped-Logo.png\",\"width\":1680,\"height\":1686,\"caption\":\"SafeSwitch\"},\"image\":{\"@id\":\"https:\\\/\\\/safeswitch.de\\\/fr\\\/#\\\/schema\\\/logo\\\/image\\\/\"}}]}<\/script>\n<!-- \/ Yoast SEO plugin. -->","yoast_head_json":{"title":"Crowdfunding. - SafeSwitch","robots":{"index":"index","follow":"follow","max-snippet":"max-snippet:-1","max-image-preview":"max-image-preview:large","max-video-preview":"max-video-preview:-1"},"canonical":"https:\/\/safeswitch.de\/fr\/crowdfunding\/","og_locale":"fr_FR","og_type":"article","og_title":"Crowdfunding. - SafeSwitch","og_description":"Crowdfunding. Le d\u00e9veloppement d&rsquo;un produit innovant tel que SafeSwitch \u2013 s\u00fbr, r\u00e9fl\u00e9chi et durable \u2013 implique des co\u00fbts \u00e9lev\u00e9s et [&hellip;]","og_url":"https:\/\/safeswitch.de\/fr\/crowdfunding\/","og_site_name":"SafeSwitch","article_modified_time":"2025-07-31T17:52:16+00:00","twitter_card":"summary_large_image","twitter_misc":{"Dur\u00e9e de lecture estim\u00e9e":"1 minute"},"schema":{"@context":"https:\/\/schema.org","@graph":[{"@type":"WebPage","@id":"https:\/\/safeswitch.de\/fr\/crowdfunding\/","url":"https:\/\/safeswitch.de\/fr\/crowdfunding\/","name":"Crowdfunding. - SafeSwitch","isPartOf":{"@id":"https:\/\/safeswitch.de\/fr\/#website"},"datePublished":"2025-06-26T16:39:03+00:00","dateModified":"2025-07-31T17:52:16+00:00","breadcrumb":{"@id":"https:\/\/safeswitch.de\/fr\/crowdfunding\/#breadcrumb"},"inLanguage":"fr-FR","potentialAction":[{"@type":"ReadAction","target":["https:\/\/safeswitch.de\/fr\/crowdfunding\/"]}]},{"@type":"BreadcrumbList","@id":"https:\/\/safeswitch.de\/fr\/crowdfunding\/#breadcrumb","itemListElement":[{"@type":"ListItem","position":1,"name":"Startseite","item":"https:\/\/safeswitch.de\/fr\/?page_id=1425"},{"@type":"ListItem","position":2,"name":"Crowdfunding."}]},{"@type":"WebSite","@id":"https:\/\/safeswitch.de\/fr\/#website","url":"https:\/\/safeswitch.de\/fr\/","name":"SafeSwitch","description":"F\u00fcr unbeschwertes &amp; sicheres Feiern. Der Schutz vor K.O.-Tropfen f\u00fcr dich und deine Kinder.","publisher":{"@id":"https:\/\/safeswitch.de\/fr\/#organization"},"potentialAction":[{"@type":"SearchAction","target":{"@type":"EntryPoint","urlTemplate":"https:\/\/safeswitch.de\/fr\/?s={search_term_string}"},"query-input":{"@type":"PropertyValueSpecification","valueRequired":true,"valueName":"search_term_string"}}],"inLanguage":"fr-FR"},{"@type":"Organization","@id":"https:\/\/safeswitch.de\/fr\/#organization","name":"SafeSwitch","url":"https:\/\/safeswitch.de\/fr\/","logo":{"@type":"ImageObject","inLanguage":"fr-FR","@id":"https:\/\/safeswitch.de\/fr\/#\/schema\/logo\/image\/","url":"https:\/\/safeswitch.de\/wp-content\/uploads\/2025\/07\/cropped-Logo.png","contentUrl":"https:\/\/safeswitch.de\/wp-content\/uploads\/2025\/07\/cropped-Logo.png","width":1680,"height":1686,"caption":"SafeSwitch"},"image":{"@id":"https:\/\/safeswitch.de\/fr\/#\/schema\/logo\/image\/"}}]}},"_links":{"self":[{"href":"https:\/\/safeswitch.de\/fr\/wp-json\/wp\/v2\/pages\/1356","targetHints":{"allow":["GET"]}}],"collection":[{"href":"https:\/\/safeswitch.de\/fr\/wp-json\/wp\/v2\/pages"}],"about":[{"href":"https:\/\/safeswitch.de\/fr\/wp-json\/wp\/v2\/types\/page"}],"author":[{"embeddable":true,"href":"https:\/\/safeswitch.de\/fr\/wp-json\/wp\/v2\/users\/1"}],"replies":[{"embeddable":true,"href":"https:\/\/safeswitch.de\/fr\/wp-json\/wp\/v2\/comments?post=1356"}],"version-history":[{"count":2,"href":"https:\/\/safeswitch.de\/fr\/wp-json\/wp\/v2\/pages\/1356\/revisions"}],"predecessor-version":[{"id":1358,"href":"https:\/\/safeswitch.de\/fr\/wp-json\/wp\/v2\/pages\/1356\/revisions\/1358"}],"wp:attachment":[{"href":"https:\/\/safeswitch.de\/fr\/wp-json\/wp\/v2\/media?parent=1356"}],"curies":[{"name":"wp","href":"https:\/\/api.w.org\/{rel}","templated":true}]}}