{"id":1325,"date":"2025-07-10T20:25:22","date_gmt":"2025-07-10T20:25:22","guid":{"rendered":"https:\/\/safeswitch.de\/elli-emma\/"},"modified":"2025-07-31T17:51:51","modified_gmt":"2025-07-31T17:51:51","slug":"elli-emma","status":"publish","type":"page","link":"https:\/\/safeswitch.de\/fr\/elli-emma\/","title":{"rendered":"Elli  Emma"},"content":{"rendered":"\t\t<div data-elementor-type=\"wp-page\" data-elementor-id=\"1325\" class=\"elementor elementor-1325 elementor-215\">\n\t\t\t\t<div class=\"elementor-element elementor-element-a610244 e-flex e-con-boxed e-con e-parent\" data-id=\"a610244\" data-element_type=\"container\" data-e-type=\"container\">\n\t\t\t\t\t<div class=\"e-con-inner\">\n\t\t<div class=\"elementor-element elementor-element-0d6f0e4 e-con-full e-flex e-con e-child\" data-id=\"0d6f0e4\" data-element_type=\"container\" data-e-type=\"container\">\n\t\t\t\t<div class=\"elementor-element elementor-element-f3298d3 elementor-invisible elementor-widget elementor-widget-image\" data-id=\"f3298d3\" data-element_type=\"widget\" data-e-type=\"widget\" data-settings=\"{&quot;_animation&quot;:&quot;fadeIn&quot;}\" data-widget_type=\"image.default\">\n\t\t\t\t\t\t\t\t\t\t\t\t\t\t\t<img fetchpriority=\"high\" decoding=\"async\" width=\"1024\" height=\"966\" src=\"https:\/\/safeswitch.de\/wp-content\/uploads\/2025\/07\/DSC04699-Kopie_gr-1024x966.png\" class=\"attachment-large size-large wp-image-928\" alt=\"\" srcset=\"https:\/\/safeswitch.de\/wp-content\/uploads\/2025\/07\/DSC04699-Kopie_gr-1024x966.png 1024w, https:\/\/safeswitch.de\/wp-content\/uploads\/2025\/07\/DSC04699-Kopie_gr-300x283.png 300w, https:\/\/safeswitch.de\/wp-content\/uploads\/2025\/07\/DSC04699-Kopie_gr-768x725.png 768w, https:\/\/safeswitch.de\/wp-content\/uploads\/2025\/07\/DSC04699-Kopie_gr-1536x1450.png 1536w, https:\/\/safeswitch.de\/wp-content\/uploads\/2025\/07\/DSC04699-Kopie_gr-2048x1933.png 2048w\" sizes=\"(max-width: 1024px) 100vw, 1024px\" \/>\t\t\t\t\t\t\t\t\t\t\t\t\t\t\t<\/div>\n\t\t\t\t<\/div>\n\t\t<div class=\"elementor-element elementor-element-fcc5a41 e-con-full e-flex e-con e-child\" data-id=\"fcc5a41\" data-element_type=\"container\" data-e-type=\"container\">\n\t\t\t\t<div class=\"elementor-element elementor-element-7cbae33 elementor-invisible elementor-widget elementor-widget-heading\" data-id=\"7cbae33\" data-element_type=\"widget\" data-e-type=\"widget\" data-settings=\"{&quot;_animation&quot;:&quot;fadeIn&quot;}\" data-widget_type=\"heading.default\">\n\t\t\t\t\t<h1 class=\"elementor-heading-title elementor-size-default\">Elisabeth Haase  <br>Emma R\u00f6sner<\/h1>\t\t\t\t<\/div>\n\t\t\t\t<div class=\"elementor-element elementor-element-68adf35 elementor-invisible elementor-widget elementor-widget-text-editor\" data-id=\"68adf35\" data-element_type=\"widget\" data-e-type=\"widget\" data-settings=\"{&quot;_animation&quot;:&quot;fadeIn&quot;}\" data-widget_type=\"text-editor.default\">\n\t\t\t\t\t\t\t\t\t<p><b>\u00c9tudiantes de la TU Ilmenau<\/b><\/p>\t\t\t\t\t\t\t\t<\/div>\n\t\t\t\t<div class=\"elementor-element elementor-element-0419e82 elementor-invisible elementor-widget elementor-widget-text-editor\" data-id=\"0419e82\" data-element_type=\"widget\" data-e-type=\"widget\" data-settings=\"{&quot;_animation&quot;:&quot;fadeIn&quot;}\" data-widget_type=\"text-editor.default\">\n\t\t\t\t\t\t\t\t\t<p><em><span style=\"font-weight: 400;\">\u00ab Personne ne devrait se sentir seul et incompris, surtout sur ce sujet&nbsp;! \u00bb  <\/span><\/em><\/p>\t\t\t\t\t\t\t\t<\/div>\n\t\t\t\t<\/div>\n\t\t\t\t\t<\/div>\n\t\t\t\t<\/div>\n\t\t<div class=\"elementor-element elementor-element-ec6b5b5 e-flex e-con-boxed e-con e-parent\" data-id=\"ec6b5b5\" data-element_type=\"container\" data-e-type=\"container\">\n\t\t\t\t\t<div class=\"e-con-inner\">\n\t\t\t\t<div class=\"elementor-element elementor-element-b7b40de elementor-widget elementor-widget-text-editor\" data-id=\"b7b40de\" data-element_type=\"widget\" data-e-type=\"widget\" data-widget_type=\"text-editor.default\">\n\t\t\t\t\t\t\t\t\t<p><span style=\"font-weight: 400;\">Emma et Elisabeth ont rejoint l&rsquo;\u00e9quipe un peu plus tard et forment depuis lors le service marketing. Depuis leur jeunesse, elles s&rsquo;engagent toutes les deux dans divers projets sociaux et esp\u00e8rent, avec cette start-up, contribuer \u00e0 nouveau au bien commun. Ensemble, elles esp\u00e8rent une meilleure sensibilisation, afin que chacun prenne conscience du danger et commence \u00e0 s&rsquo;informer pour se prot\u00e9ger et prot\u00e9ger son entourage. Gr\u00e2ce \u00e0 leurs propres exp\u00e9riences et aux r\u00e9cits de leur entourage, elles savent quels peuvent \u00eatre les effets d\u00e9sastreux d&rsquo;une seconde d&rsquo;inattention.     <\/span><span style=\"font-weight: 400;\"><br><\/span><em><span style=\"font-weight: 400;\">\u00ab Pour nous, la simple id\u00e9e est d\u00e9j\u00e0 une pens\u00e9e effrayante. C&rsquo;est pr\u00e9cis\u00e9ment pour cette raison que nous esp\u00e9rons que cela permettra de nouveau de faire la f\u00eate sans crainte. \u00bb  <\/span><\/em><\/p><p><span style=\"font-weight: 400;\">Elles souhaitent acqu\u00e9rir une premi\u00e8re exp\u00e9rience professionnelle gr\u00e2ce \u00e0 cette start-up, notamment dans le domaine du d\u00e9veloppement de produits et du marketing. <em>\u00ab Nous souhaitons que le produit inspire les gens \u00e0 agir eux-m\u00eames et \u00e0 apprendre qu&rsquo;il suffit d&rsquo;une id\u00e9e et d&rsquo;un peu de courage pour rendre le monde un peu plus s\u00fbr. \u00bb  <\/em><\/span><\/p><p><span style=\"font-weight: 400;\">Elles se sont rencontr\u00e9es dans le cadre de leurs \u00e9tudes \u00e0 l&rsquo;universit\u00e9 technique d&rsquo;Ilmenau et ont constat\u00e9, lors de leur collaboration sur diff\u00e9rents modules, \u00e0 quel point elles se compl\u00e9taient. Emma a obtenu sa licence en \u00ab sciences des m\u00e9dias et de la communication appliqu\u00e9es \u00bb en 2025 et ambitionne de faire un master en octobre. Elisabeth commencera sa th\u00e8se de bachelor au prochain semestre et souhaite ensuite faire un petit voyage autour du monde.  <\/span><\/p>\t\t\t\t\t\t\t\t<\/div>\n\t\t\t\t\t<\/div>\n\t\t\t\t<\/div>\n\t\t\t\t<\/div>\n\t\t","protected":false},"excerpt":{"rendered":"<p>Elisabeth Haase Emma R\u00f6sner \u00c9tudiantes de la TU Ilmenau \u00ab Personne ne devrait se sentir seul et incompris, surtout sur [&hellip;]<\/p>\n","protected":false},"author":1,"featured_media":0,"parent":0,"menu_order":0,"comment_status":"closed","ping_status":"closed","template":"","meta":{"site-sidebar-layout":"no-sidebar","site-content-layout":"","ast-site-content-layout":"full-width-container","site-content-style":"default","site-sidebar-style":"default","ast-global-header-display":"","ast-banner-title-visibility":"","ast-main-header-display":"","ast-hfb-above-header-display":"","ast-hfb-below-header-display":"","ast-hfb-mobile-header-display":"","site-post-title":"disabled","ast-breadcrumbs-content":"","ast-featured-img":"disabled","footer-sml-layout":"","ast-disable-related-posts":"","theme-transparent-header-meta":"","adv-header-id-meta":"","stick-header-meta":"","header-above-stick-meta":"","header-main-stick-meta":"","header-below-stick-meta":"","astra-migrate-meta-layouts":"default","ast-page-background-enabled":"default","ast-page-background-meta":{"desktop":{"background-color":"var(--ast-global-color-5)","background-image":"","background-repeat":"repeat","background-position":"center center","background-size":"auto","background-attachment":"scroll","background-type":"","background-media":"","overlay-type":"","overlay-color":"","overlay-opacity":"","overlay-gradient":""},"tablet":{"background-color":"","background-image":"","background-repeat":"repeat","background-position":"center center","background-size":"auto","background-attachment":"scroll","background-type":"","background-media":"","overlay-type":"","overlay-color":"","overlay-opacity":"","overlay-gradient":""},"mobile":{"background-color":"","background-image":"","background-repeat":"repeat","background-position":"center center","background-size":"auto","background-attachment":"scroll","background-type":"","background-media":"","overlay-type":"","overlay-color":"","overlay-opacity":"","overlay-gradient":""}},"ast-content-background-meta":{"desktop":{"background-color":"var(--ast-global-color-4)","background-image":"","background-repeat":"repeat","background-position":"center center","background-size":"auto","background-attachment":"scroll","background-type":"","background-media":"","overlay-type":"","overlay-color":"","overlay-opacity":"","overlay-gradient":""},"tablet":{"background-color":"var(--ast-global-color-4)","background-image":"","background-repeat":"repeat","background-position":"center center","background-size":"auto","background-attachment":"scroll","background-type":"","background-media":"","overlay-type":"","overlay-color":"","overlay-opacity":"","overlay-gradient":""},"mobile":{"background-color":"var(--ast-global-color-4)","background-image":"","background-repeat":"repeat","background-position":"center center","background-size":"auto","background-attachment":"scroll","background-type":"","background-media":"","overlay-type":"","overlay-color":"","overlay-opacity":"","overlay-gradient":""}},"footnotes":""},"class_list":["post-1325","page","type-page","status-publish","hentry"],"yoast_head":"<!-- This site is optimized with the Yoast SEO plugin v27.4 - https:\/\/yoast.com\/product\/yoast-seo-wordpress\/ -->\n<title>Elli Emma - SafeSwitch<\/title>\n<meta name=\"robots\" content=\"index, follow, max-snippet:-1, max-image-preview:large, max-video-preview:-1\" \/>\n<link rel=\"canonical\" href=\"https:\/\/safeswitch.de\/fr\/elli-emma\/\" \/>\n<meta property=\"og:locale\" content=\"fr_FR\" \/>\n<meta property=\"og:type\" content=\"article\" \/>\n<meta property=\"og:title\" content=\"Elli Emma - SafeSwitch\" \/>\n<meta property=\"og:description\" content=\"Elisabeth Haase Emma R\u00f6sner \u00c9tudiantes de la TU Ilmenau \u00ab Personne ne devrait se sentir seul et incompris, surtout sur [&hellip;]\" \/>\n<meta property=\"og:url\" content=\"https:\/\/safeswitch.de\/fr\/elli-emma\/\" \/>\n<meta property=\"og:site_name\" content=\"SafeSwitch\" \/>\n<meta property=\"article:modified_time\" content=\"2025-07-31T17:51:51+00:00\" \/>\n<meta property=\"og:image\" content=\"https:\/\/safeswitch.de\/wp-content\/uploads\/2025\/07\/DSC04699-Kopie_gr-1024x966.png\" \/>\n<meta name=\"twitter:card\" content=\"summary_large_image\" \/>\n<meta name=\"twitter:label1\" content=\"Dur\u00e9e de lecture estim\u00e9e\" \/>\n\t<meta name=\"twitter:data1\" content=\"1 minute\" \/>\n<script type=\"application\/ld+json\" class=\"yoast-schema-graph\">{\"@context\":\"https:\\\/\\\/schema.org\",\"@graph\":[{\"@type\":\"WebPage\",\"@id\":\"https:\\\/\\\/safeswitch.de\\\/fr\\\/elli-emma\\\/\",\"url\":\"https:\\\/\\\/safeswitch.de\\\/fr\\\/elli-emma\\\/\",\"name\":\"Elli Emma - SafeSwitch\",\"isPartOf\":{\"@id\":\"https:\\\/\\\/safeswitch.de\\\/fr\\\/#website\"},\"primaryImageOfPage\":{\"@id\":\"https:\\\/\\\/safeswitch.de\\\/fr\\\/elli-emma\\\/#primaryimage\"},\"image\":{\"@id\":\"https:\\\/\\\/safeswitch.de\\\/fr\\\/elli-emma\\\/#primaryimage\"},\"thumbnailUrl\":\"https:\\\/\\\/safeswitch.de\\\/wp-content\\\/uploads\\\/2025\\\/07\\\/DSC04699-Kopie_gr-1024x966.png\",\"datePublished\":\"2025-07-10T20:25:22+00:00\",\"dateModified\":\"2025-07-31T17:51:51+00:00\",\"breadcrumb\":{\"@id\":\"https:\\\/\\\/safeswitch.de\\\/fr\\\/elli-emma\\\/#breadcrumb\"},\"inLanguage\":\"fr-FR\",\"potentialAction\":[{\"@type\":\"ReadAction\",\"target\":[\"https:\\\/\\\/safeswitch.de\\\/fr\\\/elli-emma\\\/\"]}]},{\"@type\":\"ImageObject\",\"inLanguage\":\"fr-FR\",\"@id\":\"https:\\\/\\\/safeswitch.de\\\/fr\\\/elli-emma\\\/#primaryimage\",\"url\":\"https:\\\/\\\/safeswitch.de\\\/wp-content\\\/uploads\\\/2025\\\/07\\\/DSC04699-Kopie_gr-1024x966.png\",\"contentUrl\":\"https:\\\/\\\/safeswitch.de\\\/wp-content\\\/uploads\\\/2025\\\/07\\\/DSC04699-Kopie_gr-1024x966.png\"},{\"@type\":\"BreadcrumbList\",\"@id\":\"https:\\\/\\\/safeswitch.de\\\/fr\\\/elli-emma\\\/#breadcrumb\",\"itemListElement\":[{\"@type\":\"ListItem\",\"position\":1,\"name\":\"Startseite\",\"item\":\"https:\\\/\\\/safeswitch.de\\\/fr\\\/?page_id=1425\"},{\"@type\":\"ListItem\",\"position\":2,\"name\":\"Elli Emma\"}]},{\"@type\":\"WebSite\",\"@id\":\"https:\\\/\\\/safeswitch.de\\\/fr\\\/#website\",\"url\":\"https:\\\/\\\/safeswitch.de\\\/fr\\\/\",\"name\":\"SafeSwitch\",\"description\":\"F\u00fcr unbeschwertes &amp; sicheres Feiern. Der Schutz vor K.O.-Tropfen f\u00fcr dich und deine Kinder.\",\"publisher\":{\"@id\":\"https:\\\/\\\/safeswitch.de\\\/fr\\\/#organization\"},\"potentialAction\":[{\"@type\":\"SearchAction\",\"target\":{\"@type\":\"EntryPoint\",\"urlTemplate\":\"https:\\\/\\\/safeswitch.de\\\/fr\\\/?s={search_term_string}\"},\"query-input\":{\"@type\":\"PropertyValueSpecification\",\"valueRequired\":true,\"valueName\":\"search_term_string\"}}],\"inLanguage\":\"fr-FR\"},{\"@type\":\"Organization\",\"@id\":\"https:\\\/\\\/safeswitch.de\\\/fr\\\/#organization\",\"name\":\"SafeSwitch\",\"url\":\"https:\\\/\\\/safeswitch.de\\\/fr\\\/\",\"logo\":{\"@type\":\"ImageObject\",\"inLanguage\":\"fr-FR\",\"@id\":\"https:\\\/\\\/safeswitch.de\\\/fr\\\/#\\\/schema\\\/logo\\\/image\\\/\",\"url\":\"https:\\\/\\\/safeswitch.de\\\/wp-content\\\/uploads\\\/2025\\\/07\\\/cropped-Logo.png\",\"contentUrl\":\"https:\\\/\\\/safeswitch.de\\\/wp-content\\\/uploads\\\/2025\\\/07\\\/cropped-Logo.png\",\"width\":1680,\"height\":1686,\"caption\":\"SafeSwitch\"},\"image\":{\"@id\":\"https:\\\/\\\/safeswitch.de\\\/fr\\\/#\\\/schema\\\/logo\\\/image\\\/\"}}]}<\/script>\n<!-- \/ Yoast SEO plugin. -->","yoast_head_json":{"title":"Elli Emma - SafeSwitch","robots":{"index":"index","follow":"follow","max-snippet":"max-snippet:-1","max-image-preview":"max-image-preview:large","max-video-preview":"max-video-preview:-1"},"canonical":"https:\/\/safeswitch.de\/fr\/elli-emma\/","og_locale":"fr_FR","og_type":"article","og_title":"Elli Emma - SafeSwitch","og_description":"Elisabeth Haase Emma R\u00f6sner \u00c9tudiantes de la TU Ilmenau \u00ab Personne ne devrait se sentir seul et incompris, surtout sur [&hellip;]","og_url":"https:\/\/safeswitch.de\/fr\/elli-emma\/","og_site_name":"SafeSwitch","article_modified_time":"2025-07-31T17:51:51+00:00","og_image":[{"url":"https:\/\/safeswitch.de\/wp-content\/uploads\/2025\/07\/DSC04699-Kopie_gr-1024x966.png","type":"","width":"","height":""}],"twitter_card":"summary_large_image","twitter_misc":{"Dur\u00e9e de lecture estim\u00e9e":"1 minute"},"schema":{"@context":"https:\/\/schema.org","@graph":[{"@type":"WebPage","@id":"https:\/\/safeswitch.de\/fr\/elli-emma\/","url":"https:\/\/safeswitch.de\/fr\/elli-emma\/","name":"Elli Emma - SafeSwitch","isPartOf":{"@id":"https:\/\/safeswitch.de\/fr\/#website"},"primaryImageOfPage":{"@id":"https:\/\/safeswitch.de\/fr\/elli-emma\/#primaryimage"},"image":{"@id":"https:\/\/safeswitch.de\/fr\/elli-emma\/#primaryimage"},"thumbnailUrl":"https:\/\/safeswitch.de\/wp-content\/uploads\/2025\/07\/DSC04699-Kopie_gr-1024x966.png","datePublished":"2025-07-10T20:25:22+00:00","dateModified":"2025-07-31T17:51:51+00:00","breadcrumb":{"@id":"https:\/\/safeswitch.de\/fr\/elli-emma\/#breadcrumb"},"inLanguage":"fr-FR","potentialAction":[{"@type":"ReadAction","target":["https:\/\/safeswitch.de\/fr\/elli-emma\/"]}]},{"@type":"ImageObject","inLanguage":"fr-FR","@id":"https:\/\/safeswitch.de\/fr\/elli-emma\/#primaryimage","url":"https:\/\/safeswitch.de\/wp-content\/uploads\/2025\/07\/DSC04699-Kopie_gr-1024x966.png","contentUrl":"https:\/\/safeswitch.de\/wp-content\/uploads\/2025\/07\/DSC04699-Kopie_gr-1024x966.png"},{"@type":"BreadcrumbList","@id":"https:\/\/safeswitch.de\/fr\/elli-emma\/#breadcrumb","itemListElement":[{"@type":"ListItem","position":1,"name":"Startseite","item":"https:\/\/safeswitch.de\/fr\/?page_id=1425"},{"@type":"ListItem","position":2,"name":"Elli Emma"}]},{"@type":"WebSite","@id":"https:\/\/safeswitch.de\/fr\/#website","url":"https:\/\/safeswitch.de\/fr\/","name":"SafeSwitch","description":"F\u00fcr unbeschwertes &amp; sicheres Feiern. Der Schutz vor K.O.-Tropfen f\u00fcr dich und deine Kinder.","publisher":{"@id":"https:\/\/safeswitch.de\/fr\/#organization"},"potentialAction":[{"@type":"SearchAction","target":{"@type":"EntryPoint","urlTemplate":"https:\/\/safeswitch.de\/fr\/?s={search_term_string}"},"query-input":{"@type":"PropertyValueSpecification","valueRequired":true,"valueName":"search_term_string"}}],"inLanguage":"fr-FR"},{"@type":"Organization","@id":"https:\/\/safeswitch.de\/fr\/#organization","name":"SafeSwitch","url":"https:\/\/safeswitch.de\/fr\/","logo":{"@type":"ImageObject","inLanguage":"fr-FR","@id":"https:\/\/safeswitch.de\/fr\/#\/schema\/logo\/image\/","url":"https:\/\/safeswitch.de\/wp-content\/uploads\/2025\/07\/cropped-Logo.png","contentUrl":"https:\/\/safeswitch.de\/wp-content\/uploads\/2025\/07\/cropped-Logo.png","width":1680,"height":1686,"caption":"SafeSwitch"},"image":{"@id":"https:\/\/safeswitch.de\/fr\/#\/schema\/logo\/image\/"}}]}},"_links":{"self":[{"href":"https:\/\/safeswitch.de\/fr\/wp-json\/wp\/v2\/pages\/1325","targetHints":{"allow":["GET"]}}],"collection":[{"href":"https:\/\/safeswitch.de\/fr\/wp-json\/wp\/v2\/pages"}],"about":[{"href":"https:\/\/safeswitch.de\/fr\/wp-json\/wp\/v2\/types\/page"}],"author":[{"embeddable":true,"href":"https:\/\/safeswitch.de\/fr\/wp-json\/wp\/v2\/users\/1"}],"replies":[{"embeddable":true,"href":"https:\/\/safeswitch.de\/fr\/wp-json\/wp\/v2\/comments?post=1325"}],"version-history":[{"count":2,"href":"https:\/\/safeswitch.de\/fr\/wp-json\/wp\/v2\/pages\/1325\/revisions"}],"predecessor-version":[{"id":1327,"href":"https:\/\/safeswitch.de\/fr\/wp-json\/wp\/v2\/pages\/1325\/revisions\/1327"}],"wp:attachment":[{"href":"https:\/\/safeswitch.de\/fr\/wp-json\/wp\/v2\/media?parent=1325"}],"curies":[{"name":"wp","href":"https:\/\/api.w.org\/{rel}","templated":true}]}}