{"id":1321,"date":"2025-07-10T21:36:28","date_gmt":"2025-07-10T21:36:28","guid":{"rendered":"https:\/\/safeswitch.de\/mission\/"},"modified":"2025-07-31T17:51:51","modified_gmt":"2025-07-31T17:51:51","slug":"mission","status":"publish","type":"page","link":"https:\/\/safeswitch.de\/fr\/mission\/","title":{"rendered":"Mission."},"content":{"rendered":"\t\t<div data-elementor-type=\"wp-page\" data-elementor-id=\"1321\" class=\"elementor elementor-1321 elementor-263\">\n\t\t\t\t<div class=\"elementor-element elementor-element-8d898fe e-flex e-con-boxed e-con e-parent\" data-id=\"8d898fe\" data-element_type=\"container\" data-e-type=\"container\">\n\t\t\t\t\t<div class=\"e-con-inner\">\n\t\t<div class=\"elementor-element elementor-element-a22f241 e-con-full e-flex e-con e-child\" data-id=\"a22f241\" data-element_type=\"container\" data-e-type=\"container\">\n\t\t\t\t<div class=\"elementor-element elementor-element-622a050 elementor-widget elementor-widget-heading\" data-id=\"622a050\" data-element_type=\"widget\" data-e-type=\"widget\" data-widget_type=\"heading.default\">\n\t\t\t\t\t<h3 class=\"elementor-heading-title elementor-size-default\">Comment nous voulons prot\u00e9ger les f\u00eatards\u2026<\/h3>\t\t\t\t<\/div>\n\t\t\t\t<div class=\"elementor-element elementor-element-07c5cc4 elementor-widget elementor-widget-text-editor\" data-id=\"07c5cc4\" data-element_type=\"widget\" data-e-type=\"widget\" data-widget_type=\"text-editor.default\">\n\t\t\t\t\t\t\t\t\t<p><span style=\"font-weight: 400;\">Nous sommes conscients que chaque f\u00eatard a besoin de se sentir en s\u00e9curit\u00e9. C&rsquo;est pourquoi nous essayons de cr\u00e9er un Safeswitch personnalis\u00e9, qui allie technique innovante, durabilit\u00e9 et s\u00e9curit\u00e9 constante.<\/span><\/p>\t\t\t\t\t\t\t\t<\/div>\n\t\t\t\t<\/div>\n\t\t<div class=\"elementor-element elementor-element-168b412 e-con-full e-flex e-con e-child\" data-id=\"168b412\" data-element_type=\"container\" data-e-type=\"container\">\n\t\t\t\t<div class=\"elementor-element elementor-element-e271cc9 elementor-widget elementor-widget-heading\" data-id=\"e271cc9\" data-element_type=\"widget\" data-e-type=\"widget\" data-widget_type=\"heading.default\">\n\t\t\t\t\t<h3 class=\"elementor-heading-title elementor-size-default\">Comment nous voulons soutenir les clubs\u2026<\/h3>\t\t\t\t<\/div>\n\t\t\t\t<div class=\"elementor-element elementor-element-e5031e6 elementor-widget elementor-widget-text-editor\" data-id=\"e5031e6\" data-element_type=\"widget\" data-e-type=\"widget\" data-widget_type=\"text-editor.default\">\n\t\t\t\t\t\t\t\t\t<p><span style=\"font-weight: 400;\">En tant que partenaire fiable, nous proposons \u00e0 nos clubs et lieux de manifestation nos appareils \u00e0 transmettre \u00e0 leurs invit\u00e9s. Gr\u00e2ce \u00e0 un nettoyage facile et une protection garantie, vous pouvez ainsi envoyer un signal clair et visible contre les agressions et pour la s\u00e9curit\u00e9. <\/span><\/p>\t\t\t\t\t\t\t\t<\/div>\n\t\t\t\t<\/div>\n\t\t<div class=\"elementor-element elementor-element-79684a3 e-con-full e-flex e-con e-child\" data-id=\"79684a3\" data-element_type=\"container\" data-e-type=\"container\">\n\t\t\t\t<div class=\"elementor-element elementor-element-abb8f4a elementor-widget elementor-widget-heading\" data-id=\"abb8f4a\" data-element_type=\"widget\" data-e-type=\"widget\" data-widget_type=\"heading.default\">\n\t\t\t\t\t<h3 class=\"elementor-heading-title elementor-size-default\">Comment nous voulons aider les parents\u2026<\/h3>\t\t\t\t<\/div>\n\t\t\t\t<div class=\"elementor-element elementor-element-87cf50b elementor-widget elementor-widget-text-editor\" data-id=\"87cf50b\" data-element_type=\"widget\" data-e-type=\"widget\" data-widget_type=\"text-editor.default\">\n\t\t\t\t\t\t\t\t\t<p><span style=\"font-weight: 400;\">Nous nous engageons pour une soci\u00e9t\u00e9 durable et s\u00fbre et cr\u00e9ons un espace pour que nos enfants, jeunes et moins jeunes, puissent \u00e0 nouveau faire la f\u00eate sans soucis et que vous puissiez dormir sur vos deux oreilles.<\/span><\/p>\t\t\t\t\t\t\t\t<\/div>\n\t\t\t\t<\/div>\n\t\t\t\t\t<\/div>\n\t\t\t\t<\/div>\n\t\t<div class=\"elementor-element elementor-element-af26d17 e-flex e-con-boxed e-con e-parent\" data-id=\"af26d17\" data-element_type=\"container\" data-e-type=\"container\">\n\t\t\t\t\t<div class=\"e-con-inner\">\n\t\t\t\t<div class=\"elementor-element elementor-element-8e8ed4a elementor-widget elementor-widget-heading\" data-id=\"8e8ed4a\" data-element_type=\"widget\" data-e-type=\"widget\" data-widget_type=\"heading.default\">\n\t\t\t\t\t<h1 class=\"elementor-heading-title elementor-size-default\">Notre mission.<\/h1>\t\t\t\t<\/div>\n\t\t\t\t<div class=\"elementor-element elementor-element-4d78d95 elementor-widget elementor-widget-heading\" data-id=\"4d78d95\" data-element_type=\"widget\" data-e-type=\"widget\" data-widget_type=\"heading.default\">\n\t\t\t\t\t<h2 class=\"elementor-heading-title elementor-size-default\">Comment nous apportons une valeur ajout\u00e9e...<\/h2>\t\t\t\t<\/div>\n\t\t\t\t\t<\/div>\n\t\t\t\t<\/div>\n\t\t<div class=\"elementor-element elementor-element-375c3db e-flex e-con-boxed e-con e-parent\" data-id=\"375c3db\" data-element_type=\"container\" data-e-type=\"container\">\n\t\t\t\t\t<div class=\"e-con-inner\">\n\t\t<div class=\"elementor-element elementor-element-03e9f19 e-con-full e-flex e-con e-child\" data-id=\"03e9f19\" data-element_type=\"container\" data-e-type=\"container\">\n\t\t\t\t<div class=\"elementor-element elementor-element-ff21d98 elementor-widget elementor-widget-image\" data-id=\"ff21d98\" data-element_type=\"widget\" data-e-type=\"widget\" data-widget_type=\"image.default\">\n\t\t\t\t\t\t\t\t\t\t\t\t\t\t\t<img fetchpriority=\"high\" decoding=\"async\" width=\"1024\" height=\"819\" src=\"https:\/\/safeswitch.de\/wp-content\/uploads\/2025\/07\/hands-1024x819.jpg\" class=\"attachment-large size-large wp-image-998\" alt=\"\" srcset=\"https:\/\/safeswitch.de\/wp-content\/uploads\/2025\/07\/hands-1024x819.jpg 1024w, https:\/\/safeswitch.de\/wp-content\/uploads\/2025\/07\/hands-300x240.jpg 300w, https:\/\/safeswitch.de\/wp-content\/uploads\/2025\/07\/hands-768x614.jpg 768w, https:\/\/safeswitch.de\/wp-content\/uploads\/2025\/07\/hands-1536x1229.jpg 1536w, https:\/\/safeswitch.de\/wp-content\/uploads\/2025\/07\/hands-2048x1638.jpg 2048w\" sizes=\"(max-width: 1024px) 100vw, 1024px\" \/>\t\t\t\t\t\t\t\t\t\t\t\t\t\t\t<\/div>\n\t\t\t\t<\/div>\n\t\t<div class=\"elementor-element elementor-element-ed8a0c3 e-con-full e-flex e-con e-child\" data-id=\"ed8a0c3\" data-element_type=\"container\" data-e-type=\"container\">\n\t\t\t\t<div class=\"elementor-element elementor-element-ffcc229 elementor-widget elementor-widget-text-editor\" data-id=\"ffcc229\" data-element_type=\"widget\" data-e-type=\"widget\" data-widget_type=\"text-editor.default\">\n\t\t\t\t\t\t\t\t\t<p><span style=\"font-weight: 400;\">\u00ab Les meilleurs moments sont ceux o\u00f9 nous oublions ensemble nos soucis et c\u00e9l\u00e9brons la vie \u00bb (inconnu)<\/span><\/p><p><span style=\"font-weight: 400;\">L&rsquo;utilisation de Gouttes de K.O. pour rendre les gens inconscients et h\u00e9b\u00e9t\u00e9s est loin d&rsquo;\u00eatre rare. Pourtant, il n&rsquo;existe toujours pas de statistiques fiables sur le nombre de personnes touch\u00e9es chaque ann\u00e9e. Dans notre petit sondage non repr\u00e9sentatif, un tiers des personnes interrog\u00e9es ont d\u00e9clar\u00e9 avoir d\u00e9j\u00e0 eu quelque chose de m\u00e9lang\u00e9 \u00e0 leur boisson, ou au moins conna\u00eetre quelqu&rsquo;un dans leur entourage direct \u00e0 qui cela est d\u00e9j\u00e0 arriv\u00e9. <\/span><\/p>\t\t\t\t\t\t\t\t<\/div>\n\t\t\t\t<\/div>\n\t\t\t\t\t<\/div>\n\t\t\t\t<\/div>\n\t\t<div class=\"elementor-element elementor-element-3ab43e1 e-flex e-con-boxed e-con e-parent\" data-id=\"3ab43e1\" data-element_type=\"container\" data-e-type=\"container\">\n\t\t\t\t\t<div class=\"e-con-inner\">\n\t\t\t\t<div class=\"elementor-element elementor-element-b67c3d8 elementor-widget elementor-widget-text-editor\" data-id=\"b67c3d8\" data-element_type=\"widget\" data-e-type=\"widget\" data-widget_type=\"text-editor.default\">\n\t\t\t\t\t\t\t\t\t<p data-start=\"155\" data-end=\"753\">Recevoir des Gouttes de K.O. n&rsquo;est pas une bagatelle, mais pr\u00e9occupe parfois les personnes concern\u00e9es des ann\u00e9es plus tard. D&rsquo;une part, parce que malheureusement, certains se sentent encore coupables et ont honte de ce qui s&rsquo;est pass\u00e9. D&rsquo;autre part, parce que le m\u00e9lange de m\u00e9dicaments, de drogues et d&rsquo;alcool a un effet n\u00e9faste sur la sant\u00e9. Cela commence par des sympt\u00f4mes apparemment anodins, comme des vertiges et des vomissements, jusqu&rsquo;\u00e0 la perte de conscience compl\u00e8te et aux black-out \u2013 un \u00e9tat qui est malheureusement trop souvent exploit\u00e9 par des tiers.<\/p><p data-start=\"755\" data-end=\"989\">Cela donne \u00e0 juste titre \u00e0 beaucoup de gens un sentiment d&rsquo;ins\u00e9curit\u00e9 lorsqu&rsquo;ils font la f\u00eate. Plus de la moiti\u00e9 de pr\u00e8s d&rsquo;une centaine de personnes interrog\u00e9es ont d\u00e9clar\u00e9 que la peur de l&rsquo;administration de Gouttes de K.O. influen\u00e7ait leur comportement lorsqu&rsquo;elles sortaient.<span style=\"font-weight: 400;\">  Notre mission \u00e9tait donc claire&nbsp;: nous voulons cr\u00e9er un produit qui s&rsquo;oppose \u00e0 la peur et nous aide \u00e0 oublier les soucis qui nous accablent. Nous souhaitons ainsi retrouver force et l\u00e9g\u00e8ret\u00e9 et pouvoir nous d\u00e9placer avec plus d&rsquo;assurance et de libert\u00e9.<\/span><\/p>\t\t\t\t\t\t\t\t<\/div>\n\t\t\t\t\t<\/div>\n\t\t\t\t<\/div>\n\t\t<div class=\"elementor-element elementor-element-9b8f54f e-flex e-con-boxed e-con e-parent\" data-id=\"9b8f54f\" data-element_type=\"container\" data-e-type=\"container\">\n\t\t\t\t\t<div class=\"e-con-inner\">\n\t\t\t\t<div class=\"elementor-element elementor-element-60eda42 elementor-widget elementor-widget-text-editor\" data-id=\"60eda42\" data-element_type=\"widget\" data-e-type=\"widget\" data-widget_type=\"text-editor.default\">\n\t\t\t\t\t\t\t\t\t<p><b>Sources litt\u00e9raires<\/b><\/p>\n<p>SWR (26.10.2024). La police du BW enregistre plus d&rsquo;infractions avec des Gouttes de K.-o. Consult\u00e9 pour la derni\u00e8re fois le 13.07.2025 \u00e0 12h21 sur <a href=\"https:\/\/www.swr.de\/swraktuell\/baden-wuerttemberg\/k-o-tropfen-immer-haeufiger-heimlich-in-bars-clubs-100.html\">https:\/\/www.swr.de\/swraktuell\/baden-wuerttemberg\/k-o-tropfen-immer-haeufiger-heimlich-in-bars-clubs-100.html<\/a>&nbsp;<\/p>\n<p>WEISSER RING e.V. D&rsquo;abord trinquer, puis \u00eatre mis K.O.&nbsp;! Consult\u00e9 pour la derni\u00e8re fois le 13.07.2025 \u00e0 14h42 sur <a href=\"https:\/\/weisser-ring.de\/tipps-gegen-k-o-tropfen\">https:\/\/weisser-ring.de\/tipps-gegen-k-o-tropfen<\/a>&nbsp;<\/p>\t\t\t\t\t\t\t\t<\/div>\n\t\t\t\t\t<\/div>\n\t\t\t\t<\/div>\n\t\t\t\t<\/div>\n\t\t","protected":false},"excerpt":{"rendered":"<p>Comment nous voulons prot\u00e9ger les f\u00eatards\u2026 Nous sommes conscients que chaque f\u00eatard a besoin de se sentir en s\u00e9curit\u00e9. C&rsquo;est [&hellip;]<\/p>\n","protected":false},"author":1,"featured_media":0,"parent":0,"menu_order":0,"comment_status":"closed","ping_status":"closed","template":"","meta":{"site-sidebar-layout":"no-sidebar","site-content-layout":"","ast-site-content-layout":"full-width-container","site-content-style":"default","site-sidebar-style":"default","ast-global-header-display":"","ast-banner-title-visibility":"","ast-main-header-display":"","ast-hfb-above-header-display":"","ast-hfb-below-header-display":"","ast-hfb-mobile-header-display":"","site-post-title":"disabled","ast-breadcrumbs-content":"","ast-featured-img":"disabled","footer-sml-layout":"","ast-disable-related-posts":"","theme-transparent-header-meta":"","adv-header-id-meta":"","stick-header-meta":"","header-above-stick-meta":"","header-main-stick-meta":"","header-below-stick-meta":"","astra-migrate-meta-layouts":"default","ast-page-background-enabled":"default","ast-page-background-meta":{"desktop":{"background-color":"var(--ast-global-color-5)","background-image":"","background-repeat":"repeat","background-position":"center center","background-size":"auto","background-attachment":"scroll","background-type":"","background-media":"","overlay-type":"","overlay-color":"","overlay-opacity":"","overlay-gradient":""},"tablet":{"background-color":"","background-image":"","background-repeat":"repeat","background-position":"center center","background-size":"auto","background-attachment":"scroll","background-type":"","background-media":"","overlay-type":"","overlay-color":"","overlay-opacity":"","overlay-gradient":""},"mobile":{"background-color":"","background-image":"","background-repeat":"repeat","background-position":"center center","background-size":"auto","background-attachment":"scroll","background-type":"","background-media":"","overlay-type":"","overlay-color":"","overlay-opacity":"","overlay-gradient":""}},"ast-content-background-meta":{"desktop":{"background-color":"var(--ast-global-color-4)","background-image":"","background-repeat":"repeat","background-position":"center center","background-size":"auto","background-attachment":"scroll","background-type":"","background-media":"","overlay-type":"","overlay-color":"","overlay-opacity":"","overlay-gradient":""},"tablet":{"background-color":"var(--ast-global-color-4)","background-image":"","background-repeat":"repeat","background-position":"center center","background-size":"auto","background-attachment":"scroll","background-type":"","background-media":"","overlay-type":"","overlay-color":"","overlay-opacity":"","overlay-gradient":""},"mobile":{"background-color":"var(--ast-global-color-4)","background-image":"","background-repeat":"repeat","background-position":"center center","background-size":"auto","background-attachment":"scroll","background-type":"","background-media":"","overlay-type":"","overlay-color":"","overlay-opacity":"","overlay-gradient":""}},"footnotes":""},"class_list":["post-1321","page","type-page","status-publish","hentry"],"yoast_head":"<!-- This site is optimized with the Yoast SEO plugin v27.4 - https:\/\/yoast.com\/product\/yoast-seo-wordpress\/ -->\n<title>Mission. - SafeSwitch<\/title>\n<meta name=\"robots\" content=\"index, follow, max-snippet:-1, max-image-preview:large, max-video-preview:-1\" \/>\n<link rel=\"canonical\" href=\"https:\/\/safeswitch.de\/fr\/mission\/\" \/>\n<meta property=\"og:locale\" content=\"fr_FR\" \/>\n<meta property=\"og:type\" content=\"article\" \/>\n<meta property=\"og:title\" content=\"Mission. - SafeSwitch\" \/>\n<meta property=\"og:description\" content=\"Comment nous voulons prot\u00e9ger les f\u00eatards\u2026 Nous sommes conscients que chaque f\u00eatard a besoin de se sentir en s\u00e9curit\u00e9. C&rsquo;est [&hellip;]\" \/>\n<meta property=\"og:url\" content=\"https:\/\/safeswitch.de\/fr\/mission\/\" \/>\n<meta property=\"og:site_name\" content=\"SafeSwitch\" \/>\n<meta property=\"article:modified_time\" content=\"2025-07-31T17:51:51+00:00\" \/>\n<meta property=\"og:image\" content=\"https:\/\/safeswitch.de\/wp-content\/uploads\/2025\/07\/hands-1024x819.jpg\" \/>\n<meta name=\"twitter:card\" content=\"summary_large_image\" \/>\n<meta name=\"twitter:label1\" content=\"Dur\u00e9e de lecture estim\u00e9e\" \/>\n\t<meta name=\"twitter:data1\" content=\"3 minutes\" \/>\n<script type=\"application\/ld+json\" class=\"yoast-schema-graph\">{\"@context\":\"https:\\\/\\\/schema.org\",\"@graph\":[{\"@type\":\"WebPage\",\"@id\":\"https:\\\/\\\/safeswitch.de\\\/fr\\\/mission\\\/\",\"url\":\"https:\\\/\\\/safeswitch.de\\\/fr\\\/mission\\\/\",\"name\":\"Mission. - SafeSwitch\",\"isPartOf\":{\"@id\":\"https:\\\/\\\/safeswitch.de\\\/fr\\\/#website\"},\"primaryImageOfPage\":{\"@id\":\"https:\\\/\\\/safeswitch.de\\\/fr\\\/mission\\\/#primaryimage\"},\"image\":{\"@id\":\"https:\\\/\\\/safeswitch.de\\\/fr\\\/mission\\\/#primaryimage\"},\"thumbnailUrl\":\"https:\\\/\\\/safeswitch.de\\\/wp-content\\\/uploads\\\/2025\\\/07\\\/hands-1024x819.jpg\",\"datePublished\":\"2025-07-10T21:36:28+00:00\",\"dateModified\":\"2025-07-31T17:51:51+00:00\",\"breadcrumb\":{\"@id\":\"https:\\\/\\\/safeswitch.de\\\/fr\\\/mission\\\/#breadcrumb\"},\"inLanguage\":\"fr-FR\",\"potentialAction\":[{\"@type\":\"ReadAction\",\"target\":[\"https:\\\/\\\/safeswitch.de\\\/fr\\\/mission\\\/\"]}]},{\"@type\":\"ImageObject\",\"inLanguage\":\"fr-FR\",\"@id\":\"https:\\\/\\\/safeswitch.de\\\/fr\\\/mission\\\/#primaryimage\",\"url\":\"https:\\\/\\\/safeswitch.de\\\/wp-content\\\/uploads\\\/2025\\\/07\\\/hands-1024x819.jpg\",\"contentUrl\":\"https:\\\/\\\/safeswitch.de\\\/wp-content\\\/uploads\\\/2025\\\/07\\\/hands-1024x819.jpg\"},{\"@type\":\"BreadcrumbList\",\"@id\":\"https:\\\/\\\/safeswitch.de\\\/fr\\\/mission\\\/#breadcrumb\",\"itemListElement\":[{\"@type\":\"ListItem\",\"position\":1,\"name\":\"Startseite\",\"item\":\"https:\\\/\\\/safeswitch.de\\\/fr\\\/?page_id=1425\"},{\"@type\":\"ListItem\",\"position\":2,\"name\":\"Mission.\"}]},{\"@type\":\"WebSite\",\"@id\":\"https:\\\/\\\/safeswitch.de\\\/fr\\\/#website\",\"url\":\"https:\\\/\\\/safeswitch.de\\\/fr\\\/\",\"name\":\"SafeSwitch\",\"description\":\"F\u00fcr unbeschwertes &amp; sicheres Feiern. Der Schutz vor K.O.-Tropfen f\u00fcr dich und deine Kinder.\",\"publisher\":{\"@id\":\"https:\\\/\\\/safeswitch.de\\\/fr\\\/#organization\"},\"potentialAction\":[{\"@type\":\"SearchAction\",\"target\":{\"@type\":\"EntryPoint\",\"urlTemplate\":\"https:\\\/\\\/safeswitch.de\\\/fr\\\/?s={search_term_string}\"},\"query-input\":{\"@type\":\"PropertyValueSpecification\",\"valueRequired\":true,\"valueName\":\"search_term_string\"}}],\"inLanguage\":\"fr-FR\"},{\"@type\":\"Organization\",\"@id\":\"https:\\\/\\\/safeswitch.de\\\/fr\\\/#organization\",\"name\":\"SafeSwitch\",\"url\":\"https:\\\/\\\/safeswitch.de\\\/fr\\\/\",\"logo\":{\"@type\":\"ImageObject\",\"inLanguage\":\"fr-FR\",\"@id\":\"https:\\\/\\\/safeswitch.de\\\/fr\\\/#\\\/schema\\\/logo\\\/image\\\/\",\"url\":\"https:\\\/\\\/safeswitch.de\\\/wp-content\\\/uploads\\\/2025\\\/07\\\/cropped-Logo.png\",\"contentUrl\":\"https:\\\/\\\/safeswitch.de\\\/wp-content\\\/uploads\\\/2025\\\/07\\\/cropped-Logo.png\",\"width\":1680,\"height\":1686,\"caption\":\"SafeSwitch\"},\"image\":{\"@id\":\"https:\\\/\\\/safeswitch.de\\\/fr\\\/#\\\/schema\\\/logo\\\/image\\\/\"}}]}<\/script>\n<!-- \/ Yoast SEO plugin. -->","yoast_head_json":{"title":"Mission. - SafeSwitch","robots":{"index":"index","follow":"follow","max-snippet":"max-snippet:-1","max-image-preview":"max-image-preview:large","max-video-preview":"max-video-preview:-1"},"canonical":"https:\/\/safeswitch.de\/fr\/mission\/","og_locale":"fr_FR","og_type":"article","og_title":"Mission. - SafeSwitch","og_description":"Comment nous voulons prot\u00e9ger les f\u00eatards\u2026 Nous sommes conscients que chaque f\u00eatard a besoin de se sentir en s\u00e9curit\u00e9. C&rsquo;est [&hellip;]","og_url":"https:\/\/safeswitch.de\/fr\/mission\/","og_site_name":"SafeSwitch","article_modified_time":"2025-07-31T17:51:51+00:00","og_image":[{"url":"https:\/\/safeswitch.de\/wp-content\/uploads\/2025\/07\/hands-1024x819.jpg","type":"","width":"","height":""}],"twitter_card":"summary_large_image","twitter_misc":{"Dur\u00e9e de lecture estim\u00e9e":"3 minutes"},"schema":{"@context":"https:\/\/schema.org","@graph":[{"@type":"WebPage","@id":"https:\/\/safeswitch.de\/fr\/mission\/","url":"https:\/\/safeswitch.de\/fr\/mission\/","name":"Mission. - SafeSwitch","isPartOf":{"@id":"https:\/\/safeswitch.de\/fr\/#website"},"primaryImageOfPage":{"@id":"https:\/\/safeswitch.de\/fr\/mission\/#primaryimage"},"image":{"@id":"https:\/\/safeswitch.de\/fr\/mission\/#primaryimage"},"thumbnailUrl":"https:\/\/safeswitch.de\/wp-content\/uploads\/2025\/07\/hands-1024x819.jpg","datePublished":"2025-07-10T21:36:28+00:00","dateModified":"2025-07-31T17:51:51+00:00","breadcrumb":{"@id":"https:\/\/safeswitch.de\/fr\/mission\/#breadcrumb"},"inLanguage":"fr-FR","potentialAction":[{"@type":"ReadAction","target":["https:\/\/safeswitch.de\/fr\/mission\/"]}]},{"@type":"ImageObject","inLanguage":"fr-FR","@id":"https:\/\/safeswitch.de\/fr\/mission\/#primaryimage","url":"https:\/\/safeswitch.de\/wp-content\/uploads\/2025\/07\/hands-1024x819.jpg","contentUrl":"https:\/\/safeswitch.de\/wp-content\/uploads\/2025\/07\/hands-1024x819.jpg"},{"@type":"BreadcrumbList","@id":"https:\/\/safeswitch.de\/fr\/mission\/#breadcrumb","itemListElement":[{"@type":"ListItem","position":1,"name":"Startseite","item":"https:\/\/safeswitch.de\/fr\/?page_id=1425"},{"@type":"ListItem","position":2,"name":"Mission."}]},{"@type":"WebSite","@id":"https:\/\/safeswitch.de\/fr\/#website","url":"https:\/\/safeswitch.de\/fr\/","name":"SafeSwitch","description":"F\u00fcr unbeschwertes &amp; sicheres Feiern. Der Schutz vor K.O.-Tropfen f\u00fcr dich und deine Kinder.","publisher":{"@id":"https:\/\/safeswitch.de\/fr\/#organization"},"potentialAction":[{"@type":"SearchAction","target":{"@type":"EntryPoint","urlTemplate":"https:\/\/safeswitch.de\/fr\/?s={search_term_string}"},"query-input":{"@type":"PropertyValueSpecification","valueRequired":true,"valueName":"search_term_string"}}],"inLanguage":"fr-FR"},{"@type":"Organization","@id":"https:\/\/safeswitch.de\/fr\/#organization","name":"SafeSwitch","url":"https:\/\/safeswitch.de\/fr\/","logo":{"@type":"ImageObject","inLanguage":"fr-FR","@id":"https:\/\/safeswitch.de\/fr\/#\/schema\/logo\/image\/","url":"https:\/\/safeswitch.de\/wp-content\/uploads\/2025\/07\/cropped-Logo.png","contentUrl":"https:\/\/safeswitch.de\/wp-content\/uploads\/2025\/07\/cropped-Logo.png","width":1680,"height":1686,"caption":"SafeSwitch"},"image":{"@id":"https:\/\/safeswitch.de\/fr\/#\/schema\/logo\/image\/"}}]}},"_links":{"self":[{"href":"https:\/\/safeswitch.de\/fr\/wp-json\/wp\/v2\/pages\/1321","targetHints":{"allow":["GET"]}}],"collection":[{"href":"https:\/\/safeswitch.de\/fr\/wp-json\/wp\/v2\/pages"}],"about":[{"href":"https:\/\/safeswitch.de\/fr\/wp-json\/wp\/v2\/types\/page"}],"author":[{"embeddable":true,"href":"https:\/\/safeswitch.de\/fr\/wp-json\/wp\/v2\/users\/1"}],"replies":[{"embeddable":true,"href":"https:\/\/safeswitch.de\/fr\/wp-json\/wp\/v2\/comments?post=1321"}],"version-history":[{"count":2,"href":"https:\/\/safeswitch.de\/fr\/wp-json\/wp\/v2\/pages\/1321\/revisions"}],"predecessor-version":[{"id":1324,"href":"https:\/\/safeswitch.de\/fr\/wp-json\/wp\/v2\/pages\/1321\/revisions\/1324"}],"wp:attachment":[{"href":"https:\/\/safeswitch.de\/fr\/wp-json\/wp\/v2\/media?parent=1321"}],"curies":[{"name":"wp","href":"https:\/\/api.w.org\/{rel}","templated":true}]}}