{"id":1301,"date":"2025-07-10T20:44:02","date_gmt":"2025-07-10T20:44:02","guid":{"rendered":"https:\/\/safeswitch.de\/benjamin\/"},"modified":"2025-07-31T17:51:51","modified_gmt":"2025-07-31T17:51:51","slug":"benjamin","status":"publish","type":"page","link":"https:\/\/safeswitch.de\/fr\/benjamin\/","title":{"rendered":"Benjamin"},"content":{"rendered":"\t\t<div data-elementor-type=\"wp-page\" data-elementor-id=\"1301\" class=\"elementor elementor-1301 elementor-227\">\n\t\t\t\t<div class=\"elementor-element elementor-element-267b0a2 e-flex e-con-boxed e-con e-parent\" data-id=\"267b0a2\" data-element_type=\"container\" data-e-type=\"container\">\n\t\t\t\t\t<div class=\"e-con-inner\">\n\t\t<div class=\"elementor-element elementor-element-8648b1c e-con-full e-flex e-con e-child\" data-id=\"8648b1c\" data-element_type=\"container\" data-e-type=\"container\">\n\t\t\t\t<div class=\"elementor-element elementor-element-fc553e8 elementor-invisible elementor-widget elementor-widget-image\" data-id=\"fc553e8\" data-element_type=\"widget\" data-e-type=\"widget\" data-settings=\"{&quot;_animation&quot;:&quot;fadeIn&quot;}\" data-widget_type=\"image.default\">\n\t\t\t\t\t\t\t\t\t\t\t\t\t\t\t<img fetchpriority=\"high\" decoding=\"async\" width=\"1024\" height=\"979\" src=\"https:\/\/safeswitch.de\/wp-content\/uploads\/2025\/07\/Benjamin-Hintergund-2.png\" class=\"attachment-large size-large wp-image-1088\" alt=\"Portrait Benjamin Duelli\" srcset=\"https:\/\/safeswitch.de\/wp-content\/uploads\/2025\/07\/Benjamin-Hintergund-2.png 1024w, https:\/\/safeswitch.de\/wp-content\/uploads\/2025\/07\/Benjamin-Hintergund-2-300x287.png 300w, https:\/\/safeswitch.de\/wp-content\/uploads\/2025\/07\/Benjamin-Hintergund-2-768x734.png 768w\" sizes=\"(max-width: 1024px) 100vw, 1024px\" \/>\t\t\t\t\t\t\t\t\t\t\t\t\t\t\t<\/div>\n\t\t\t\t<\/div>\n\t\t<div class=\"elementor-element elementor-element-7145333 e-con-full e-flex e-con e-child\" data-id=\"7145333\" data-element_type=\"container\" data-e-type=\"container\">\n\t\t\t\t<div class=\"elementor-element elementor-element-73eb772 elementor-invisible elementor-widget elementor-widget-heading\" data-id=\"73eb772\" data-element_type=\"widget\" data-e-type=\"widget\" data-settings=\"{&quot;_animation&quot;:&quot;fadeIn&quot;}\" data-widget_type=\"heading.default\">\n\t\t\t\t\t<h1 class=\"elementor-heading-title elementor-size-default\"><br>Benjamin Duelli<\/h1>\t\t\t\t<\/div>\n\t\t\t\t<div class=\"elementor-element elementor-element-0a11f65 elementor-invisible elementor-widget elementor-widget-text-editor\" data-id=\"0a11f65\" data-element_type=\"widget\" data-e-type=\"widget\" data-settings=\"{&quot;_animation&quot;:&quot;fadeIn&quot;}\" data-widget_type=\"text-editor.default\">\n\t\t\t\t\t\t\t\t\t<p>\u00c9tudiant \u00e0 la FH Wedel<\/p><div style=\"--flex-direction: initial; --flex-wrap: initial; --justify-content: initial; --align-items: initial; --align-content: initial; --gap: initial; --flex-basis: initial; --flex-grow: initial; --flex-shrink: initial; --order: initial; --align-self: initial; gap: var(--row-gap) var(--column-gap); --widgets-spacing: 20px 20px; --widgets-spacing-row: 20px; --widgets-spacing-column: 20px; font-family: var( --e-global-typography-d66373a-font-family ), Sans-serif; transition: background 0.3s,border 0.3s,border-radius 0.3s,box-shadow 0.3s,transform var(--e-transform-transition-duration,0.4s); --kit-widget-spacing: 0px; font-size: var( --e-global-typography-d66373a-font-size ); line-height: var( --e-global-typography-d66373a-line-height ); letter-spacing: var( --e-global-typography-d66373a-letter-spacing ); word-spacing: var( --e-global-typography-d66373a-word-spacing ); max-width: 100%;\" data-id=\"4fe622a\" data-element_type=\"widget\" data-widget_type=\"text-editor.default\"><p style=\"font-size: 19px; margin-bottom: 11px;\"><i>\u00ab Je veux permettre \u00e0 mon cercle d&rsquo;amis et \u00e0 moi-m\u00eame de faire la f\u00eate dans un environnement s\u00fbr. \u00bb<\/i><\/p><\/div><div style=\"--flex-direction: initial; --flex-wrap: initial; --justify-content: initial; --align-items: initial; --align-content: initial; --gap: initial; --flex-basis: initial; --flex-grow: initial; --flex-shrink: initial; --order: initial; --align-self: initial; gap: var(--row-gap) var(--column-gap); --widgets-spacing: 20px 20px; --widgets-spacing-row: 20px; --widgets-spacing-column: 20px; transition: background 0.3s,border 0.3s,border-radius 0.3s,box-shadow 0.3s,transform var(--e-transform-transition-duration,0.4s); max-width: 100%;\" data-id=\"4bc2a73\" data-element_type=\"widget\" data-widget_type=\"button.default\"> <\/div>\t\t\t\t\t\t\t\t<\/div>\n\t\t\t\t<\/div>\n\t\t\t\t\t<\/div>\n\t\t\t\t<\/div>\n\t\t<div class=\"elementor-element elementor-element-68297df e-flex e-con-boxed e-con e-parent\" data-id=\"68297df\" data-element_type=\"container\" data-e-type=\"container\">\n\t\t\t\t\t<div class=\"e-con-inner\">\n\t\t\t\t<div class=\"elementor-element elementor-element-b28a22c elementor-widget elementor-widget-text-editor\" data-id=\"b28a22c\" data-element_type=\"widget\" data-e-type=\"widget\" data-widget_type=\"text-editor.default\">\n\t\t\t\t\t\t\t\t\t<p><span style=\"font-weight: 400;\">Benjamin est l&rsquo;a\u00een\u00e9 des deux fils de la famille Duelli. Malgr\u00e9 son jeune \u00e2ge, il a d\u00e9j\u00e0 le d\u00e9sir de rendre le monde meilleur. Tr\u00e8s t\u00f4t, il a remarqu\u00e9 \u00e0 quel point la souffrance des autres le touchait et combien il \u00e9tait important pour lui d&rsquo;aider activement au lieu de simplement regarder. Il est convaincu que chaque personne, peu importe son \u00e2ge, peut apporter sa contribution.   <\/span><\/p>\n<p><span style=\"font-weight: 400;\"><i>\u00ab Je voudrais contribuer modestement \u00e0 lutter contre la violence et les abus et \u00e0 offrir \u00e0 ceux que j&rsquo;aime une p\u00e9riode plus s\u00fbre et meilleure. \u00bb<\/i><\/span><\/p>\n<p><span style=\"font-weight: 400;\">Ce souhait n&rsquo;est pas pour lui qu&rsquo;un simple id\u00e9al, mais une affaire de c\u0153ur tr\u00e8s personnelle. Actuellement, il constate que, m\u00eame lors de petites rencontres, le danger devient de plus en plus r\u00e9el et que cela le concerne de plus en plus, lui et ses amis les plus proches. Gr\u00e2ce \u00e0 cette start-up, il esp\u00e8re offrir \u00e0 tous la possibilit\u00e9 de se prot\u00e9ger \u00e0 un prix abordable contre les empoisonneurs et les Gouttes de K.O..  <\/span><\/p>\n<p><span style=\"font-weight: 400;\"><i>\u00ab Nous devrions apprendre \u00e0 aborder le sujet plus ouvertement, afin qu&rsquo;il ne soit pas une peur \u201cg\u00eanante\u201d cach\u00e9e. \u00bb<\/i><\/span><\/p>\n<p><span style=\"font-weight: 400;\">Pendant son temps libre, Benjamin fait surtout du sport et sort beaucoup avec ses amis. Dans le cadre de l&rsquo;entreprise familiale, il souhaite notamment apprendre \u00e0 cr\u00e9er une start-up, \u00e0 organiser des \u00e9v\u00e9nements, \u00e0 structurer des processus et \u00e0 faire du marketing. <\/span><\/p>\n<p><span style=\"font-weight: 400;\">\u00c0 partir d&rsquo;octobre, Benjamin commencera ses \u00e9tudes en \u00ab Data Science &amp; Artificial Intelligence \u00bb \u00e0 Hambourg et continuera \u00e0 nous soutenir depuis le nord de l&rsquo;Allemagne.<\/span><\/p>\t\t\t\t\t\t\t\t<\/div>\n\t\t\t\t\t<\/div>\n\t\t\t\t<\/div>\n\t\t\t\t<\/div>\n\t\t","protected":false},"excerpt":{"rendered":"<p>Benjamin Duelli \u00c9tudiant \u00e0 la FH Wedel \u00ab Je veux permettre \u00e0 mon cercle d&rsquo;amis et \u00e0 moi-m\u00eame de faire [&hellip;]<\/p>\n","protected":false},"author":1,"featured_media":0,"parent":0,"menu_order":0,"comment_status":"closed","ping_status":"closed","template":"","meta":{"site-sidebar-layout":"no-sidebar","site-content-layout":"","ast-site-content-layout":"full-width-container","site-content-style":"default","site-sidebar-style":"default","ast-global-header-display":"","ast-banner-title-visibility":"","ast-main-header-display":"","ast-hfb-above-header-display":"","ast-hfb-below-header-display":"","ast-hfb-mobile-header-display":"","site-post-title":"disabled","ast-breadcrumbs-content":"","ast-featured-img":"disabled","footer-sml-layout":"","ast-disable-related-posts":"","theme-transparent-header-meta":"","adv-header-id-meta":"","stick-header-meta":"","header-above-stick-meta":"","header-main-stick-meta":"","header-below-stick-meta":"","astra-migrate-meta-layouts":"default","ast-page-background-enabled":"default","ast-page-background-meta":{"desktop":{"background-color":"var(--ast-global-color-5)","background-image":"","background-repeat":"repeat","background-position":"center center","background-size":"auto","background-attachment":"scroll","background-type":"","background-media":"","overlay-type":"","overlay-color":"","overlay-opacity":"","overlay-gradient":""},"tablet":{"background-color":"","background-image":"","background-repeat":"repeat","background-position":"center center","background-size":"auto","background-attachment":"scroll","background-type":"","background-media":"","overlay-type":"","overlay-color":"","overlay-opacity":"","overlay-gradient":""},"mobile":{"background-color":"","background-image":"","background-repeat":"repeat","background-position":"center center","background-size":"auto","background-attachment":"scroll","background-type":"","background-media":"","overlay-type":"","overlay-color":"","overlay-opacity":"","overlay-gradient":""}},"ast-content-background-meta":{"desktop":{"background-color":"var(--ast-global-color-4)","background-image":"","background-repeat":"repeat","background-position":"center center","background-size":"auto","background-attachment":"scroll","background-type":"","background-media":"","overlay-type":"","overlay-color":"","overlay-opacity":"","overlay-gradient":""},"tablet":{"background-color":"var(--ast-global-color-4)","background-image":"","background-repeat":"repeat","background-position":"center center","background-size":"auto","background-attachment":"scroll","background-type":"","background-media":"","overlay-type":"","overlay-color":"","overlay-opacity":"","overlay-gradient":""},"mobile":{"background-color":"var(--ast-global-color-4)","background-image":"","background-repeat":"repeat","background-position":"center center","background-size":"auto","background-attachment":"scroll","background-type":"","background-media":"","overlay-type":"","overlay-color":"","overlay-opacity":"","overlay-gradient":""}},"footnotes":""},"class_list":["post-1301","page","type-page","status-publish","hentry"],"yoast_head":"<!-- This site is optimized with the Yoast SEO plugin v27.4 - https:\/\/yoast.com\/product\/yoast-seo-wordpress\/ -->\n<title>Benjamin - SafeSwitch<\/title>\n<meta name=\"robots\" content=\"index, follow, max-snippet:-1, max-image-preview:large, max-video-preview:-1\" \/>\n<link rel=\"canonical\" href=\"https:\/\/safeswitch.de\/fr\/benjamin\/\" \/>\n<meta property=\"og:locale\" content=\"fr_FR\" \/>\n<meta property=\"og:type\" content=\"article\" \/>\n<meta property=\"og:title\" content=\"Benjamin - SafeSwitch\" \/>\n<meta property=\"og:description\" content=\"Benjamin Duelli \u00c9tudiant \u00e0 la FH Wedel \u00ab Je veux permettre \u00e0 mon cercle d&rsquo;amis et \u00e0 moi-m\u00eame de faire [&hellip;]\" \/>\n<meta property=\"og:url\" content=\"https:\/\/safeswitch.de\/fr\/benjamin\/\" \/>\n<meta property=\"og:site_name\" content=\"SafeSwitch\" \/>\n<meta property=\"article:modified_time\" content=\"2025-07-31T17:51:51+00:00\" \/>\n<meta property=\"og:image\" content=\"https:\/\/safeswitch.de\/wp-content\/uploads\/2025\/07\/Benjamin-Hintergund-2.png\" \/>\n<meta name=\"twitter:card\" content=\"summary_large_image\" \/>\n<meta name=\"twitter:label1\" content=\"Dur\u00e9e de lecture estim\u00e9e\" \/>\n\t<meta name=\"twitter:data1\" content=\"1 minute\" \/>\n<script type=\"application\/ld+json\" class=\"yoast-schema-graph\">{\"@context\":\"https:\\\/\\\/schema.org\",\"@graph\":[{\"@type\":\"WebPage\",\"@id\":\"https:\\\/\\\/safeswitch.de\\\/fr\\\/benjamin\\\/\",\"url\":\"https:\\\/\\\/safeswitch.de\\\/fr\\\/benjamin\\\/\",\"name\":\"Benjamin - SafeSwitch\",\"isPartOf\":{\"@id\":\"https:\\\/\\\/safeswitch.de\\\/fr\\\/#website\"},\"primaryImageOfPage\":{\"@id\":\"https:\\\/\\\/safeswitch.de\\\/fr\\\/benjamin\\\/#primaryimage\"},\"image\":{\"@id\":\"https:\\\/\\\/safeswitch.de\\\/fr\\\/benjamin\\\/#primaryimage\"},\"thumbnailUrl\":\"https:\\\/\\\/safeswitch.de\\\/wp-content\\\/uploads\\\/2025\\\/07\\\/Benjamin-Hintergund-2.png\",\"datePublished\":\"2025-07-10T20:44:02+00:00\",\"dateModified\":\"2025-07-31T17:51:51+00:00\",\"breadcrumb\":{\"@id\":\"https:\\\/\\\/safeswitch.de\\\/fr\\\/benjamin\\\/#breadcrumb\"},\"inLanguage\":\"fr-FR\",\"potentialAction\":[{\"@type\":\"ReadAction\",\"target\":[\"https:\\\/\\\/safeswitch.de\\\/fr\\\/benjamin\\\/\"]}]},{\"@type\":\"ImageObject\",\"inLanguage\":\"fr-FR\",\"@id\":\"https:\\\/\\\/safeswitch.de\\\/fr\\\/benjamin\\\/#primaryimage\",\"url\":\"https:\\\/\\\/safeswitch.de\\\/wp-content\\\/uploads\\\/2025\\\/07\\\/Benjamin-Hintergund-2.png\",\"contentUrl\":\"https:\\\/\\\/safeswitch.de\\\/wp-content\\\/uploads\\\/2025\\\/07\\\/Benjamin-Hintergund-2.png\"},{\"@type\":\"BreadcrumbList\",\"@id\":\"https:\\\/\\\/safeswitch.de\\\/fr\\\/benjamin\\\/#breadcrumb\",\"itemListElement\":[{\"@type\":\"ListItem\",\"position\":1,\"name\":\"Startseite\",\"item\":\"https:\\\/\\\/safeswitch.de\\\/fr\\\/?page_id=1425\"},{\"@type\":\"ListItem\",\"position\":2,\"name\":\"Benjamin\"}]},{\"@type\":\"WebSite\",\"@id\":\"https:\\\/\\\/safeswitch.de\\\/fr\\\/#website\",\"url\":\"https:\\\/\\\/safeswitch.de\\\/fr\\\/\",\"name\":\"SafeSwitch\",\"description\":\"F\u00fcr unbeschwertes &amp; sicheres Feiern. Der Schutz vor K.O.-Tropfen f\u00fcr dich und deine Kinder.\",\"publisher\":{\"@id\":\"https:\\\/\\\/safeswitch.de\\\/fr\\\/#organization\"},\"potentialAction\":[{\"@type\":\"SearchAction\",\"target\":{\"@type\":\"EntryPoint\",\"urlTemplate\":\"https:\\\/\\\/safeswitch.de\\\/fr\\\/?s={search_term_string}\"},\"query-input\":{\"@type\":\"PropertyValueSpecification\",\"valueRequired\":true,\"valueName\":\"search_term_string\"}}],\"inLanguage\":\"fr-FR\"},{\"@type\":\"Organization\",\"@id\":\"https:\\\/\\\/safeswitch.de\\\/fr\\\/#organization\",\"name\":\"SafeSwitch\",\"url\":\"https:\\\/\\\/safeswitch.de\\\/fr\\\/\",\"logo\":{\"@type\":\"ImageObject\",\"inLanguage\":\"fr-FR\",\"@id\":\"https:\\\/\\\/safeswitch.de\\\/fr\\\/#\\\/schema\\\/logo\\\/image\\\/\",\"url\":\"https:\\\/\\\/safeswitch.de\\\/wp-content\\\/uploads\\\/2025\\\/07\\\/cropped-Logo.png\",\"contentUrl\":\"https:\\\/\\\/safeswitch.de\\\/wp-content\\\/uploads\\\/2025\\\/07\\\/cropped-Logo.png\",\"width\":1680,\"height\":1686,\"caption\":\"SafeSwitch\"},\"image\":{\"@id\":\"https:\\\/\\\/safeswitch.de\\\/fr\\\/#\\\/schema\\\/logo\\\/image\\\/\"}}]}<\/script>\n<!-- \/ Yoast SEO plugin. -->","yoast_head_json":{"title":"Benjamin - SafeSwitch","robots":{"index":"index","follow":"follow","max-snippet":"max-snippet:-1","max-image-preview":"max-image-preview:large","max-video-preview":"max-video-preview:-1"},"canonical":"https:\/\/safeswitch.de\/fr\/benjamin\/","og_locale":"fr_FR","og_type":"article","og_title":"Benjamin - SafeSwitch","og_description":"Benjamin Duelli \u00c9tudiant \u00e0 la FH Wedel \u00ab Je veux permettre \u00e0 mon cercle d&rsquo;amis et \u00e0 moi-m\u00eame de faire [&hellip;]","og_url":"https:\/\/safeswitch.de\/fr\/benjamin\/","og_site_name":"SafeSwitch","article_modified_time":"2025-07-31T17:51:51+00:00","og_image":[{"url":"https:\/\/safeswitch.de\/wp-content\/uploads\/2025\/07\/Benjamin-Hintergund-2.png","type":"","width":"","height":""}],"twitter_card":"summary_large_image","twitter_misc":{"Dur\u00e9e de lecture estim\u00e9e":"1 minute"},"schema":{"@context":"https:\/\/schema.org","@graph":[{"@type":"WebPage","@id":"https:\/\/safeswitch.de\/fr\/benjamin\/","url":"https:\/\/safeswitch.de\/fr\/benjamin\/","name":"Benjamin - SafeSwitch","isPartOf":{"@id":"https:\/\/safeswitch.de\/fr\/#website"},"primaryImageOfPage":{"@id":"https:\/\/safeswitch.de\/fr\/benjamin\/#primaryimage"},"image":{"@id":"https:\/\/safeswitch.de\/fr\/benjamin\/#primaryimage"},"thumbnailUrl":"https:\/\/safeswitch.de\/wp-content\/uploads\/2025\/07\/Benjamin-Hintergund-2.png","datePublished":"2025-07-10T20:44:02+00:00","dateModified":"2025-07-31T17:51:51+00:00","breadcrumb":{"@id":"https:\/\/safeswitch.de\/fr\/benjamin\/#breadcrumb"},"inLanguage":"fr-FR","potentialAction":[{"@type":"ReadAction","target":["https:\/\/safeswitch.de\/fr\/benjamin\/"]}]},{"@type":"ImageObject","inLanguage":"fr-FR","@id":"https:\/\/safeswitch.de\/fr\/benjamin\/#primaryimage","url":"https:\/\/safeswitch.de\/wp-content\/uploads\/2025\/07\/Benjamin-Hintergund-2.png","contentUrl":"https:\/\/safeswitch.de\/wp-content\/uploads\/2025\/07\/Benjamin-Hintergund-2.png"},{"@type":"BreadcrumbList","@id":"https:\/\/safeswitch.de\/fr\/benjamin\/#breadcrumb","itemListElement":[{"@type":"ListItem","position":1,"name":"Startseite","item":"https:\/\/safeswitch.de\/fr\/?page_id=1425"},{"@type":"ListItem","position":2,"name":"Benjamin"}]},{"@type":"WebSite","@id":"https:\/\/safeswitch.de\/fr\/#website","url":"https:\/\/safeswitch.de\/fr\/","name":"SafeSwitch","description":"F\u00fcr unbeschwertes &amp; sicheres Feiern. Der Schutz vor K.O.-Tropfen f\u00fcr dich und deine Kinder.","publisher":{"@id":"https:\/\/safeswitch.de\/fr\/#organization"},"potentialAction":[{"@type":"SearchAction","target":{"@type":"EntryPoint","urlTemplate":"https:\/\/safeswitch.de\/fr\/?s={search_term_string}"},"query-input":{"@type":"PropertyValueSpecification","valueRequired":true,"valueName":"search_term_string"}}],"inLanguage":"fr-FR"},{"@type":"Organization","@id":"https:\/\/safeswitch.de\/fr\/#organization","name":"SafeSwitch","url":"https:\/\/safeswitch.de\/fr\/","logo":{"@type":"ImageObject","inLanguage":"fr-FR","@id":"https:\/\/safeswitch.de\/fr\/#\/schema\/logo\/image\/","url":"https:\/\/safeswitch.de\/wp-content\/uploads\/2025\/07\/cropped-Logo.png","contentUrl":"https:\/\/safeswitch.de\/wp-content\/uploads\/2025\/07\/cropped-Logo.png","width":1680,"height":1686,"caption":"SafeSwitch"},"image":{"@id":"https:\/\/safeswitch.de\/fr\/#\/schema\/logo\/image\/"}}]}},"_links":{"self":[{"href":"https:\/\/safeswitch.de\/fr\/wp-json\/wp\/v2\/pages\/1301","targetHints":{"allow":["GET"]}}],"collection":[{"href":"https:\/\/safeswitch.de\/fr\/wp-json\/wp\/v2\/pages"}],"about":[{"href":"https:\/\/safeswitch.de\/fr\/wp-json\/wp\/v2\/types\/page"}],"author":[{"embeddable":true,"href":"https:\/\/safeswitch.de\/fr\/wp-json\/wp\/v2\/users\/1"}],"replies":[{"embeddable":true,"href":"https:\/\/safeswitch.de\/fr\/wp-json\/wp\/v2\/comments?post=1301"}],"version-history":[{"count":2,"href":"https:\/\/safeswitch.de\/fr\/wp-json\/wp\/v2\/pages\/1301\/revisions"}],"predecessor-version":[{"id":1305,"href":"https:\/\/safeswitch.de\/fr\/wp-json\/wp\/v2\/pages\/1301\/revisions\/1305"}],"wp:attachment":[{"href":"https:\/\/safeswitch.de\/fr\/wp-json\/wp\/v2\/media?parent=1301"}],"curies":[{"name":"wp","href":"https:\/\/api.w.org\/{rel}","templated":true}]}}