{"id":1448,"date":"2025-06-26T16:21:16","date_gmt":"2025-06-26T16:21:16","guid":{"rendered":"https:\/\/safeswitch.de\/pagina-de-inicio\/"},"modified":"2025-07-31T17:53:04","modified_gmt":"2025-07-31T17:53:04","slug":"pagina-de-inicio","status":"publish","type":"page","link":"https:\/\/safeswitch.de\/es\/","title":{"rendered":"P\u00e1gina de inicio"},"content":{"rendered":"\t\t<div data-elementor-type=\"wp-page\" data-elementor-id=\"1448\" class=\"elementor elementor-1448 elementor-103\">\n\t\t\t\t<div class=\"elementor-element elementor-element-755b486 e-con-full e-flex e-con e-parent\" data-id=\"755b486\" data-element_type=\"container\" data-e-type=\"container\" data-settings=\"{&quot;background_background&quot;:&quot;classic&quot;}\">\n\t\t\t\t<div class=\"elementor-element elementor-element-680039f elementor-widget elementor-widget-spacer\" data-id=\"680039f\" data-element_type=\"widget\" data-e-type=\"widget\" data-widget_type=\"spacer.default\">\n\t\t\t\t\t\t\t<div class=\"elementor-spacer\">\n\t\t\t<div class=\"elementor-spacer-inner\"><\/div>\n\t\t<\/div>\n\t\t\t\t\t\t<\/div>\n\t\t\t\t<div class=\"elementor-element elementor-element-b4c54bc elementor-widget__width-initial elementor-invisible elementor-widget elementor-widget-heading\" data-id=\"b4c54bc\" data-element_type=\"widget\" data-e-type=\"widget\" data-settings=\"{&quot;_animation&quot;:&quot;fadeInLeft&quot;}\" data-widget_type=\"heading.default\">\n\t\t\t\t\t<h1 class=\"elementor-heading-title elementor-size-default\">SafeSwitch.<\/h1>\t\t\t\t<\/div>\n\t\t\t\t<div class=\"elementor-element elementor-element-d35ccca elementor-widget__width-initial elementor-widget-tablet__width-initial elementor-invisible elementor-widget elementor-widget-heading\" data-id=\"d35ccca\" data-element_type=\"widget\" data-e-type=\"widget\" data-settings=\"{&quot;_animation&quot;:&quot;fadeInLeft&quot;}\" data-widget_type=\"heading.default\">\n\t\t\t\t\t<h1 class=\"elementor-heading-title elementor-size-default\">Mantente a salvo.<\/h1>\t\t\t\t<\/div>\n\t\t\t\t<\/div>\n\t\t<div class=\"elementor-element elementor-element-6898d29 e-flex e-con-boxed e-con e-parent\" data-id=\"6898d29\" data-element_type=\"container\" data-e-type=\"container\">\n\t\t\t\t\t<div class=\"e-con-inner\">\n\t\t\t\t<div class=\"elementor-element elementor-element-960ee7d elementor-widget elementor-widget-spacer\" data-id=\"960ee7d\" data-element_type=\"widget\" data-e-type=\"widget\" data-widget_type=\"spacer.default\">\n\t\t\t\t\t\t\t<div class=\"elementor-spacer\">\n\t\t\t<div class=\"elementor-spacer-inner\"><\/div>\n\t\t<\/div>\n\t\t\t\t\t\t<\/div>\n\t\t\t\t\t<\/div>\n\t\t\t\t<\/div>\n\t\t<div class=\"elementor-element elementor-element-125585e e-flex e-con-boxed e-con e-parent\" data-id=\"125585e\" data-element_type=\"container\" data-e-type=\"container\">\n\t\t\t\t\t<div class=\"e-con-inner\">\n\t\t\t\t<div class=\"elementor-element elementor-element-4b7865d elementor-widget elementor-widget-heading\" data-id=\"4b7865d\" data-element_type=\"widget\" data-e-type=\"widget\" data-widget_type=\"heading.default\">\n\t\t\t\t\t<h2 class=\"elementor-heading-title elementor-size-default\">\u00bfQu\u00e9 hay de nuevo?<\/h2>\t\t\t\t<\/div>\n\t\t\t\t<div class=\"elementor-element elementor-element-e441886 elementor-widget elementor-widget-text-editor\" data-id=\"e441886\" data-element_type=\"widget\" data-e-type=\"widget\" data-widget_type=\"text-editor.default\">\n\t\t\t\t\t\t\t\t\t<p><b>Protege lo que te importa con SafeSwitch.<\/b><\/p><p>Las gotas para dormir son un riesgo invisible. SafeSwitch es tu tap\u00f3n inteligente con protecci\u00f3n de acceso personal, dise\u00f1ado para protegerte a ti y a tus seres queridos en fiestas, festivales o discotecas. Descubre la nueva libertad de dejar tu bebida sin preocupaciones.<br>En nuestra p\u00e1gina de inicio siempre ser\u00e1s el primero en enterarte de todas las novedades. Recibe informaci\u00f3n actualizada, hitos emocionantes e informes de prensa sobre SafeSwitch.   <\/p>\t\t\t\t\t\t\t\t<\/div>\n\t\t\t\t\t<\/div>\n\t\t\t\t<\/div>\n\t\t<div class=\"elementor-element elementor-element-5eae427 e-flex e-con-boxed e-con e-parent\" data-id=\"5eae427\" data-element_type=\"container\" data-e-type=\"container\">\n\t\t\t\t\t<div class=\"e-con-inner\">\n\t\t\t\t<div class=\"elementor-element elementor-element-009ec75 elementor-grid-eael-col-2 elementor-grid-tablet-eael-col-2 elementor-grid-mobile-eael-col-1 elementor-widget elementor-widget-eael-post-grid\" data-id=\"009ec75\" data-element_type=\"widget\" data-e-type=\"widget\" data-settings=\"{&quot;eael_post_grid_columns&quot;:&quot;eael-col-2&quot;,&quot;eael_post_grid_columns_tablet&quot;:&quot;eael-col-2&quot;,&quot;eael_post_grid_columns_mobile&quot;:&quot;eael-col-1&quot;}\" data-widget_type=\"eael-post-grid.default\">\n\t\t\t\t\t<div id=\"eael-post-grid-009ec75\" class=\"eael-post-grid-container\">\n            <div class=\"eael-post-grid eael-post-appender eael-post-appender-009ec75 eael-post-grid-style-one\" data-layout-mode=\"masonry\"><article class=\"eael-grid-post  eael-post-grid-column eael-pg-post-1198 category-safeswitch-es\" data-id=\"1198\">\n        <div class=\"eael-grid-post-holder\">\n            <div class=\"eael-grid-post-holder-inner\"><div class=\"eael-entry-media\"><div class=\"eael-entry-overlay fade-in\"><i class=\"fas fa-long-arrow-alt-right\" aria-hidden=\"true\"><\/i><a href=\"https:\/\/safeswitch.de\/es\/nuestra-encuesta-lo-aclara\/\"><\/a><\/div><div class=\"eael-entry-thumbnail \">\n                <img fetchpriority=\"high\" decoding=\"async\" width=\"300\" height=\"200\" src=\"https:\/\/safeswitch.de\/wp-content\/uploads\/2025\/07\/jakub-zerdzicki-ykgLX_CwtDw-unsplash-300x200.jpg\" class=\"attachment-medium size-medium wp-image-1141\" alt=\"Bild mit Grafiken\" srcset=\"https:\/\/safeswitch.de\/wp-content\/uploads\/2025\/07\/jakub-zerdzicki-ykgLX_CwtDw-unsplash-300x200.jpg 300w, https:\/\/safeswitch.de\/wp-content\/uploads\/2025\/07\/jakub-zerdzicki-ykgLX_CwtDw-unsplash-1024x683.jpg 1024w, https:\/\/safeswitch.de\/wp-content\/uploads\/2025\/07\/jakub-zerdzicki-ykgLX_CwtDw-unsplash-768x512.jpg 768w, https:\/\/safeswitch.de\/wp-content\/uploads\/2025\/07\/jakub-zerdzicki-ykgLX_CwtDw-unsplash-1536x1025.jpg 1536w, https:\/\/safeswitch.de\/wp-content\/uploads\/2025\/07\/jakub-zerdzicki-ykgLX_CwtDw-unsplash-2048x1366.jpg 2048w\" sizes=\"(max-width: 300px) 100vw, 300px\" \/>\n            <\/div>\n        <\/div><div class=\"eael-entry-wrapper\"><header class=\"eael-entry-header\"><h2 class=\"eael-entry-title\"><a class=\"eael-grid-post-link\" href=\"https:\/\/safeswitch.de\/es\/nuestra-encuesta-lo-aclara\/\" title=\"\u00a1Nuestra encuesta lo aclara!\">\u00a1Nuestra encuesta lo aclara!<\/a><\/h2><\/header><div class=\"eael-entry-content\">\n                        <div class=\"eael-grid-post-excerpt\"><p>\u00bfQu\u00e9 significan las Gotas para dormir en la vida cotidiana?&nbsp; Aunque el tema cada vez recibe m\u00e1s atenci\u00f3n y...<\/p><\/div>\n                    <\/div><\/div><\/div>\n        <\/div>\n    <\/article><article class=\"eael-grid-post  eael-post-grid-column eael-pg-post-1197 category-safeswitch-es\" data-id=\"1197\">\n        <div class=\"eael-grid-post-holder\">\n            <div class=\"eael-grid-post-holder-inner\"><div class=\"eael-entry-media\"><div class=\"eael-entry-overlay fade-in\"><i class=\"fas fa-long-arrow-alt-right\" aria-hidden=\"true\"><\/i><a href=\"https:\/\/safeswitch.de\/es\/nuestro-equipo-esta-creciendo\/\"><\/a><\/div><div class=\"eael-entry-thumbnail \">\n                <img decoding=\"async\" width=\"300\" height=\"200\" src=\"https:\/\/safeswitch.de\/wp-content\/uploads\/2025\/07\/DSC04764-Kopie-300x200.jpg\" class=\"attachment-medium size-medium wp-image-996\" alt=\"\" srcset=\"https:\/\/safeswitch.de\/wp-content\/uploads\/2025\/07\/DSC04764-Kopie-300x200.jpg 300w, https:\/\/safeswitch.de\/wp-content\/uploads\/2025\/07\/DSC04764-Kopie-1024x682.jpg 1024w, https:\/\/safeswitch.de\/wp-content\/uploads\/2025\/07\/DSC04764-Kopie-768x512.jpg 768w, https:\/\/safeswitch.de\/wp-content\/uploads\/2025\/07\/DSC04764-Kopie-1536x1023.jpg 1536w, https:\/\/safeswitch.de\/wp-content\/uploads\/2025\/07\/DSC04764-Kopie-2048x1364.jpg 2048w\" sizes=\"(max-width: 300px) 100vw, 300px\" \/>\n            <\/div>\n        <\/div><div class=\"eael-entry-wrapper\"><header class=\"eael-entry-header\"><h2 class=\"eael-entry-title\"><a class=\"eael-grid-post-link\" href=\"https:\/\/safeswitch.de\/es\/nuestro-equipo-esta-creciendo\/\" title=\"\u00a1Nuestro equipo est\u00e1 creciendo!\">\u00a1Nuestro equipo est\u00e1 creciendo!<\/a><\/h2><\/header><div class=\"eael-entry-content\">\n                        <div class=\"eael-grid-post-excerpt\"><p>Nuestro equipo est\u00e1 creciendo: \u00a1bienvenidas, Emma y Elisabeth! Nuestra peque\u00f1a empresa familiar ha crecido y estamos muy contentos con...<\/p><\/div>\n                    <\/div><\/div><\/div>\n        <\/div>\n    <\/article><\/div>\n            <div class=\"clearfix\"><\/div>\n        <\/div>\t\t\t\t<\/div>\n\t\t\t\t\t<\/div>\n\t\t\t\t<\/div>\n\t\t\t\t<\/div>\n\t\t","protected":false},"excerpt":{"rendered":"<p>SafeSwitch. Mantente a salvo. \u00bfQu\u00e9 hay de nuevo? Protege lo que te importa con SafeSwitch. Las gotas para dormir son [&hellip;]<\/p>\n","protected":false},"author":1,"featured_media":0,"parent":0,"menu_order":0,"comment_status":"closed","ping_status":"closed","template":"","meta":{"site-sidebar-layout":"default","site-content-layout":"","ast-site-content-layout":"default","site-content-style":"default","site-sidebar-style":"default","ast-global-header-display":"","ast-banner-title-visibility":"","ast-main-header-display":"","ast-hfb-above-header-display":"","ast-hfb-below-header-display":"","ast-hfb-mobile-header-display":"","site-post-title":"disabled","ast-breadcrumbs-content":"","ast-featured-img":"","footer-sml-layout":"","ast-disable-related-posts":"","theme-transparent-header-meta":"","adv-header-id-meta":"","stick-header-meta":"","header-above-stick-meta":"","header-main-stick-meta":"","header-below-stick-meta":"","astra-migrate-meta-layouts":"default","ast-page-background-enabled":"default","ast-page-background-meta":{"desktop":{"background-color":"var(--ast-global-color-5)","background-image":"","background-repeat":"repeat","background-position":"center center","background-size":"auto","background-attachment":"scroll","background-type":"","background-media":"","overlay-type":"","overlay-color":"","overlay-opacity":"","overlay-gradient":""},"tablet":{"background-color":"","background-image":"","background-repeat":"repeat","background-position":"center center","background-size":"auto","background-attachment":"scroll","background-type":"","background-media":"","overlay-type":"","overlay-color":"","overlay-opacity":"","overlay-gradient":""},"mobile":{"background-color":"","background-image":"","background-repeat":"repeat","background-position":"center center","background-size":"auto","background-attachment":"scroll","background-type":"","background-media":"","overlay-type":"","overlay-color":"","overlay-opacity":"","overlay-gradient":""}},"ast-content-background-meta":{"desktop":{"background-color":"var(--ast-global-color-4)","background-image":"","background-repeat":"repeat","background-position":"center center","background-size":"auto","background-attachment":"scroll","background-type":"","background-media":"","overlay-type":"","overlay-color":"","overlay-opacity":"","overlay-gradient":""},"tablet":{"background-color":"var(--ast-global-color-4)","background-image":"","background-repeat":"repeat","background-position":"center center","background-size":"auto","background-attachment":"scroll","background-type":"","background-media":"","overlay-type":"","overlay-color":"","overlay-opacity":"","overlay-gradient":""},"mobile":{"background-color":"var(--ast-global-color-4)","background-image":"","background-repeat":"repeat","background-position":"center center","background-size":"auto","background-attachment":"scroll","background-type":"","background-media":"","overlay-type":"","overlay-color":"","overlay-opacity":"","overlay-gradient":""}},"footnotes":""},"class_list":["post-1448","page","type-page","status-publish","hentry"],"yoast_head":"<!-- This site is optimized with the Yoast SEO plugin v27.4 - https:\/\/yoast.com\/product\/yoast-seo-wordpress\/ -->\n<title>P\u00e1gina de inicio - SafeSwitch<\/title>\n<meta name=\"robots\" content=\"index, follow, max-snippet:-1, max-image-preview:large, max-video-preview:-1\" \/>\n<link rel=\"canonical\" href=\"https:\/\/safeswitch.de\/es\/\" \/>\n<meta property=\"og:locale\" content=\"es_ES\" \/>\n<meta property=\"og:type\" content=\"article\" \/>\n<meta property=\"og:title\" content=\"P\u00e1gina de inicio - SafeSwitch\" \/>\n<meta property=\"og:description\" content=\"SafeSwitch. Mantente a salvo. \u00bfQu\u00e9 hay de nuevo? Protege lo que te importa con SafeSwitch. Las gotas para dormir son [&hellip;]\" \/>\n<meta property=\"og:url\" content=\"https:\/\/safeswitch.de\/es\/\" \/>\n<meta property=\"og:site_name\" content=\"SafeSwitch\" \/>\n<meta property=\"article:modified_time\" content=\"2025-07-31T17:53:04+00:00\" \/>\n<meta property=\"og:image\" content=\"https:\/\/safeswitch.de\/wp-content\/uploads\/2025\/07\/jakub-zerdzicki-ykgLX_CwtDw-unsplash-300x200.jpg\" \/>\n<meta name=\"twitter:card\" content=\"summary_large_image\" \/>\n<meta name=\"twitter:label1\" content=\"Tiempo de lectura\" \/>\n\t<meta name=\"twitter:data1\" content=\"1 minuto\" \/>\n<script type=\"application\/ld+json\" class=\"yoast-schema-graph\">{\"@context\":\"https:\\\/\\\/schema.org\",\"@graph\":[{\"@type\":\"WebPage\",\"@id\":\"https:\\\/\\\/safeswitch.de\\\/es\\\/\",\"url\":\"https:\\\/\\\/safeswitch.de\\\/es\\\/\",\"name\":\"P\u00e1gina de inicio - SafeSwitch\",\"isPartOf\":{\"@id\":\"https:\\\/\\\/safeswitch.de\\\/es\\\/#website\"},\"primaryImageOfPage\":{\"@id\":\"https:\\\/\\\/safeswitch.de\\\/es\\\/#primaryimage\"},\"image\":{\"@id\":\"https:\\\/\\\/safeswitch.de\\\/es\\\/#primaryimage\"},\"thumbnailUrl\":\"https:\\\/\\\/safeswitch.de\\\/wp-content\\\/uploads\\\/2025\\\/07\\\/jakub-zerdzicki-ykgLX_CwtDw-unsplash-300x200.jpg\",\"datePublished\":\"2025-06-26T16:21:16+00:00\",\"dateModified\":\"2025-07-31T17:53:04+00:00\",\"breadcrumb\":{\"@id\":\"https:\\\/\\\/safeswitch.de\\\/es\\\/#breadcrumb\"},\"inLanguage\":\"es\",\"potentialAction\":[{\"@type\":\"ReadAction\",\"target\":[\"https:\\\/\\\/safeswitch.de\\\/es\\\/\"]}]},{\"@type\":\"ImageObject\",\"inLanguage\":\"es\",\"@id\":\"https:\\\/\\\/safeswitch.de\\\/es\\\/#primaryimage\",\"url\":\"https:\\\/\\\/safeswitch.de\\\/wp-content\\\/uploads\\\/2025\\\/07\\\/jakub-zerdzicki-ykgLX_CwtDw-unsplash-300x200.jpg\",\"contentUrl\":\"https:\\\/\\\/safeswitch.de\\\/wp-content\\\/uploads\\\/2025\\\/07\\\/jakub-zerdzicki-ykgLX_CwtDw-unsplash-300x200.jpg\"},{\"@type\":\"BreadcrumbList\",\"@id\":\"https:\\\/\\\/safeswitch.de\\\/es\\\/#breadcrumb\",\"itemListElement\":[{\"@type\":\"ListItem\",\"position\":1,\"name\":\"Startseite\",\"item\":\"https:\\\/\\\/safeswitch.de\\\/es\\\/?page_id=1448\"},{\"@type\":\"ListItem\",\"position\":2,\"name\":\"P\u00e1gina de inicio\"}]},{\"@type\":\"WebSite\",\"@id\":\"https:\\\/\\\/safeswitch.de\\\/es\\\/#website\",\"url\":\"https:\\\/\\\/safeswitch.de\\\/es\\\/\",\"name\":\"SafeSwitch\",\"description\":\"F\u00fcr unbeschwertes &amp; sicheres Feiern. Der Schutz vor K.O.-Tropfen f\u00fcr dich und deine Kinder.\",\"publisher\":{\"@id\":\"https:\\\/\\\/safeswitch.de\\\/es\\\/#organization\"},\"potentialAction\":[{\"@type\":\"SearchAction\",\"target\":{\"@type\":\"EntryPoint\",\"urlTemplate\":\"https:\\\/\\\/safeswitch.de\\\/es\\\/?s={search_term_string}\"},\"query-input\":{\"@type\":\"PropertyValueSpecification\",\"valueRequired\":true,\"valueName\":\"search_term_string\"}}],\"inLanguage\":\"es\"},{\"@type\":\"Organization\",\"@id\":\"https:\\\/\\\/safeswitch.de\\\/es\\\/#organization\",\"name\":\"SafeSwitch\",\"url\":\"https:\\\/\\\/safeswitch.de\\\/es\\\/\",\"logo\":{\"@type\":\"ImageObject\",\"inLanguage\":\"es\",\"@id\":\"https:\\\/\\\/safeswitch.de\\\/es\\\/#\\\/schema\\\/logo\\\/image\\\/\",\"url\":\"https:\\\/\\\/safeswitch.de\\\/wp-content\\\/uploads\\\/2025\\\/07\\\/cropped-Logo.png\",\"contentUrl\":\"https:\\\/\\\/safeswitch.de\\\/wp-content\\\/uploads\\\/2025\\\/07\\\/cropped-Logo.png\",\"width\":1680,\"height\":1686,\"caption\":\"SafeSwitch\"},\"image\":{\"@id\":\"https:\\\/\\\/safeswitch.de\\\/es\\\/#\\\/schema\\\/logo\\\/image\\\/\"}}]}<\/script>\n<!-- \/ Yoast SEO plugin. -->","yoast_head_json":{"title":"P\u00e1gina de inicio - SafeSwitch","robots":{"index":"index","follow":"follow","max-snippet":"max-snippet:-1","max-image-preview":"max-image-preview:large","max-video-preview":"max-video-preview:-1"},"canonical":"https:\/\/safeswitch.de\/es\/","og_locale":"es_ES","og_type":"article","og_title":"P\u00e1gina de inicio - SafeSwitch","og_description":"SafeSwitch. Mantente a salvo. \u00bfQu\u00e9 hay de nuevo? Protege lo que te importa con SafeSwitch. Las gotas para dormir son [&hellip;]","og_url":"https:\/\/safeswitch.de\/es\/","og_site_name":"SafeSwitch","article_modified_time":"2025-07-31T17:53:04+00:00","og_image":[{"url":"https:\/\/safeswitch.de\/wp-content\/uploads\/2025\/07\/jakub-zerdzicki-ykgLX_CwtDw-unsplash-300x200.jpg","type":"","width":"","height":""}],"twitter_card":"summary_large_image","twitter_misc":{"Tiempo de lectura":"1 minuto"},"schema":{"@context":"https:\/\/schema.org","@graph":[{"@type":"WebPage","@id":"https:\/\/safeswitch.de\/es\/","url":"https:\/\/safeswitch.de\/es\/","name":"P\u00e1gina de inicio - SafeSwitch","isPartOf":{"@id":"https:\/\/safeswitch.de\/es\/#website"},"primaryImageOfPage":{"@id":"https:\/\/safeswitch.de\/es\/#primaryimage"},"image":{"@id":"https:\/\/safeswitch.de\/es\/#primaryimage"},"thumbnailUrl":"https:\/\/safeswitch.de\/wp-content\/uploads\/2025\/07\/jakub-zerdzicki-ykgLX_CwtDw-unsplash-300x200.jpg","datePublished":"2025-06-26T16:21:16+00:00","dateModified":"2025-07-31T17:53:04+00:00","breadcrumb":{"@id":"https:\/\/safeswitch.de\/es\/#breadcrumb"},"inLanguage":"es","potentialAction":[{"@type":"ReadAction","target":["https:\/\/safeswitch.de\/es\/"]}]},{"@type":"ImageObject","inLanguage":"es","@id":"https:\/\/safeswitch.de\/es\/#primaryimage","url":"https:\/\/safeswitch.de\/wp-content\/uploads\/2025\/07\/jakub-zerdzicki-ykgLX_CwtDw-unsplash-300x200.jpg","contentUrl":"https:\/\/safeswitch.de\/wp-content\/uploads\/2025\/07\/jakub-zerdzicki-ykgLX_CwtDw-unsplash-300x200.jpg"},{"@type":"BreadcrumbList","@id":"https:\/\/safeswitch.de\/es\/#breadcrumb","itemListElement":[{"@type":"ListItem","position":1,"name":"Startseite","item":"https:\/\/safeswitch.de\/es\/?page_id=1448"},{"@type":"ListItem","position":2,"name":"P\u00e1gina de inicio"}]},{"@type":"WebSite","@id":"https:\/\/safeswitch.de\/es\/#website","url":"https:\/\/safeswitch.de\/es\/","name":"SafeSwitch","description":"F\u00fcr unbeschwertes &amp; sicheres Feiern. Der Schutz vor K.O.-Tropfen f\u00fcr dich und deine Kinder.","publisher":{"@id":"https:\/\/safeswitch.de\/es\/#organization"},"potentialAction":[{"@type":"SearchAction","target":{"@type":"EntryPoint","urlTemplate":"https:\/\/safeswitch.de\/es\/?s={search_term_string}"},"query-input":{"@type":"PropertyValueSpecification","valueRequired":true,"valueName":"search_term_string"}}],"inLanguage":"es"},{"@type":"Organization","@id":"https:\/\/safeswitch.de\/es\/#organization","name":"SafeSwitch","url":"https:\/\/safeswitch.de\/es\/","logo":{"@type":"ImageObject","inLanguage":"es","@id":"https:\/\/safeswitch.de\/es\/#\/schema\/logo\/image\/","url":"https:\/\/safeswitch.de\/wp-content\/uploads\/2025\/07\/cropped-Logo.png","contentUrl":"https:\/\/safeswitch.de\/wp-content\/uploads\/2025\/07\/cropped-Logo.png","width":1680,"height":1686,"caption":"SafeSwitch"},"image":{"@id":"https:\/\/safeswitch.de\/es\/#\/schema\/logo\/image\/"}}]}},"_links":{"self":[{"href":"https:\/\/safeswitch.de\/es\/wp-json\/wp\/v2\/pages\/1448","targetHints":{"allow":["GET"]}}],"collection":[{"href":"https:\/\/safeswitch.de\/es\/wp-json\/wp\/v2\/pages"}],"about":[{"href":"https:\/\/safeswitch.de\/es\/wp-json\/wp\/v2\/types\/page"}],"author":[{"embeddable":true,"href":"https:\/\/safeswitch.de\/es\/wp-json\/wp\/v2\/users\/1"}],"replies":[{"embeddable":true,"href":"https:\/\/safeswitch.de\/es\/wp-json\/wp\/v2\/comments?post=1448"}],"version-history":[{"count":2,"href":"https:\/\/safeswitch.de\/es\/wp-json\/wp\/v2\/pages\/1448\/revisions"}],"predecessor-version":[{"id":1450,"href":"https:\/\/safeswitch.de\/es\/wp-json\/wp\/v2\/pages\/1448\/revisions\/1450"}],"wp:attachment":[{"href":"https:\/\/safeswitch.de\/es\/wp-json\/wp\/v2\/media?parent=1448"}],"curies":[{"name":"wp","href":"https:\/\/api.w.org\/{rel}","templated":true}]}}