{"id":1332,"date":"2025-06-26T16:39:03","date_gmt":"2025-06-26T16:39:03","guid":{"rendered":"https:\/\/safeswitch.de\/crowdfunding\/"},"modified":"2025-07-31T17:52:04","modified_gmt":"2025-07-31T17:52:04","slug":"crowdfunding","status":"publish","type":"page","link":"https:\/\/safeswitch.de\/es\/crowdfunding\/","title":{"rendered":"Crowdfunding."},"content":{"rendered":"\n<h1 class=\"wp-block-heading has-text-align-center\">Crowdfunding.<\/h1>\n\n<p>El desarrollo de un producto innovador como SafeSwitch \u2013 seguro, bien pensado y sostenible \u2013 implica altos costes y mucho esfuerzo. Para cumplir con nuestros propios est\u00e1ndares de calidad, planeamos recaudar los fondos necesarios a trav\u00e9s de un crowdfunding. <\/p>\n\n<p>Actualmente, hemos completado la solicitud de patente y, junto con una empresa asociada experimentada, hemos desarrollado un prototipo funcional. Para el prototipo final y la primera serie de producci\u00f3n, ahora necesitamos apoyo: de todos aquellos que quieran unirse a nosotros para abordar activamente el problema de las gotas para dormir. <\/p>\n\n<p>\u00a1Participa y suscr\u00edbete a nuestro bolet\u00edn para que podamos mantenerte al d\u00eda!<\/p>\n\n<p>  \u2192 <a href=\"https:\/\/safeswitch.de\/es\/?page_id=1282\">Reg\u00edstrate aqu\u00ed<\/a> en nuestro bolet\u00edn<\/p>\n\n<p><\/p>\n","protected":false},"excerpt":{"rendered":"<p>Crowdfunding. El desarrollo de un producto innovador como SafeSwitch \u2013 seguro, bien pensado y sostenible \u2013 implica altos costes y [&hellip;]<\/p>\n","protected":false},"author":1,"featured_media":0,"parent":0,"menu_order":0,"comment_status":"closed","ping_status":"closed","template":"","meta":{"site-sidebar-layout":"default","site-content-layout":"","ast-site-content-layout":"default","site-content-style":"default","site-sidebar-style":"default","ast-global-header-display":"","ast-banner-title-visibility":"","ast-main-header-display":"","ast-hfb-above-header-display":"","ast-hfb-below-header-display":"","ast-hfb-mobile-header-display":"","site-post-title":"disabled","ast-breadcrumbs-content":"","ast-featured-img":"","footer-sml-layout":"","ast-disable-related-posts":"","theme-transparent-header-meta":"","adv-header-id-meta":"","stick-header-meta":"","header-above-stick-meta":"","header-main-stick-meta":"","header-below-stick-meta":"","astra-migrate-meta-layouts":"default","ast-page-background-enabled":"default","ast-page-background-meta":{"desktop":{"background-color":"var(--ast-global-color-5)","background-image":"","background-repeat":"repeat","background-position":"center center","background-size":"auto","background-attachment":"scroll","background-type":"","background-media":"","overlay-type":"","overlay-color":"","overlay-opacity":"","overlay-gradient":""},"tablet":{"background-color":"","background-image":"","background-repeat":"repeat","background-position":"center center","background-size":"auto","background-attachment":"scroll","background-type":"","background-media":"","overlay-type":"","overlay-color":"","overlay-opacity":"","overlay-gradient":""},"mobile":{"background-color":"","background-image":"","background-repeat":"repeat","background-position":"center center","background-size":"auto","background-attachment":"scroll","background-type":"","background-media":"","overlay-type":"","overlay-color":"","overlay-opacity":"","overlay-gradient":""}},"ast-content-background-meta":{"desktop":{"background-color":"var(--ast-global-color-4)","background-image":"","background-repeat":"repeat","background-position":"center center","background-size":"auto","background-attachment":"scroll","background-type":"","background-media":"","overlay-type":"","overlay-color":"","overlay-opacity":"","overlay-gradient":""},"tablet":{"background-color":"var(--ast-global-color-4)","background-image":"","background-repeat":"repeat","background-position":"center center","background-size":"auto","background-attachment":"scroll","background-type":"","background-media":"","overlay-type":"","overlay-color":"","overlay-opacity":"","overlay-gradient":""},"mobile":{"background-color":"var(--ast-global-color-4)","background-image":"","background-repeat":"repeat","background-position":"center center","background-size":"auto","background-attachment":"scroll","background-type":"","background-media":"","overlay-type":"","overlay-color":"","overlay-opacity":"","overlay-gradient":""}},"footnotes":""},"class_list":["post-1332","page","type-page","status-publish","hentry"],"yoast_head":"<!-- This site is optimized with the Yoast SEO plugin v27.4 - https:\/\/yoast.com\/product\/yoast-seo-wordpress\/ -->\n<title>Crowdfunding. - SafeSwitch<\/title>\n<meta name=\"robots\" content=\"index, follow, max-snippet:-1, max-image-preview:large, max-video-preview:-1\" \/>\n<link rel=\"canonical\" href=\"https:\/\/safeswitch.de\/es\/crowdfunding\/\" \/>\n<meta property=\"og:locale\" content=\"es_ES\" \/>\n<meta property=\"og:type\" content=\"article\" \/>\n<meta property=\"og:title\" content=\"Crowdfunding. - SafeSwitch\" \/>\n<meta property=\"og:description\" content=\"Crowdfunding. El desarrollo de un producto innovador como SafeSwitch \u2013 seguro, bien pensado y sostenible \u2013 implica altos costes y [&hellip;]\" \/>\n<meta property=\"og:url\" content=\"https:\/\/safeswitch.de\/es\/crowdfunding\/\" \/>\n<meta property=\"og:site_name\" content=\"SafeSwitch\" \/>\n<meta property=\"article:modified_time\" content=\"2025-07-31T17:52:04+00:00\" \/>\n<meta name=\"twitter:card\" content=\"summary_large_image\" \/>\n<meta name=\"twitter:label1\" content=\"Tiempo de lectura\" \/>\n\t<meta name=\"twitter:data1\" content=\"1 minuto\" \/>\n<script type=\"application\/ld+json\" class=\"yoast-schema-graph\">{\"@context\":\"https:\\\/\\\/schema.org\",\"@graph\":[{\"@type\":\"WebPage\",\"@id\":\"https:\\\/\\\/safeswitch.de\\\/es\\\/crowdfunding\\\/\",\"url\":\"https:\\\/\\\/safeswitch.de\\\/es\\\/crowdfunding\\\/\",\"name\":\"Crowdfunding. - SafeSwitch\",\"isPartOf\":{\"@id\":\"https:\\\/\\\/safeswitch.de\\\/es\\\/#website\"},\"datePublished\":\"2025-06-26T16:39:03+00:00\",\"dateModified\":\"2025-07-31T17:52:04+00:00\",\"breadcrumb\":{\"@id\":\"https:\\\/\\\/safeswitch.de\\\/es\\\/crowdfunding\\\/#breadcrumb\"},\"inLanguage\":\"es\",\"potentialAction\":[{\"@type\":\"ReadAction\",\"target\":[\"https:\\\/\\\/safeswitch.de\\\/es\\\/crowdfunding\\\/\"]}]},{\"@type\":\"BreadcrumbList\",\"@id\":\"https:\\\/\\\/safeswitch.de\\\/es\\\/crowdfunding\\\/#breadcrumb\",\"itemListElement\":[{\"@type\":\"ListItem\",\"position\":1,\"name\":\"Startseite\",\"item\":\"https:\\\/\\\/safeswitch.de\\\/es\\\/?page_id=1448\"},{\"@type\":\"ListItem\",\"position\":2,\"name\":\"Crowdfunding.\"}]},{\"@type\":\"WebSite\",\"@id\":\"https:\\\/\\\/safeswitch.de\\\/es\\\/#website\",\"url\":\"https:\\\/\\\/safeswitch.de\\\/es\\\/\",\"name\":\"SafeSwitch\",\"description\":\"F\u00fcr unbeschwertes &amp; sicheres Feiern. Der Schutz vor K.O.-Tropfen f\u00fcr dich und deine Kinder.\",\"publisher\":{\"@id\":\"https:\\\/\\\/safeswitch.de\\\/es\\\/#organization\"},\"potentialAction\":[{\"@type\":\"SearchAction\",\"target\":{\"@type\":\"EntryPoint\",\"urlTemplate\":\"https:\\\/\\\/safeswitch.de\\\/es\\\/?s={search_term_string}\"},\"query-input\":{\"@type\":\"PropertyValueSpecification\",\"valueRequired\":true,\"valueName\":\"search_term_string\"}}],\"inLanguage\":\"es\"},{\"@type\":\"Organization\",\"@id\":\"https:\\\/\\\/safeswitch.de\\\/es\\\/#organization\",\"name\":\"SafeSwitch\",\"url\":\"https:\\\/\\\/safeswitch.de\\\/es\\\/\",\"logo\":{\"@type\":\"ImageObject\",\"inLanguage\":\"es\",\"@id\":\"https:\\\/\\\/safeswitch.de\\\/es\\\/#\\\/schema\\\/logo\\\/image\\\/\",\"url\":\"https:\\\/\\\/safeswitch.de\\\/wp-content\\\/uploads\\\/2025\\\/07\\\/cropped-Logo.png\",\"contentUrl\":\"https:\\\/\\\/safeswitch.de\\\/wp-content\\\/uploads\\\/2025\\\/07\\\/cropped-Logo.png\",\"width\":1680,\"height\":1686,\"caption\":\"SafeSwitch\"},\"image\":{\"@id\":\"https:\\\/\\\/safeswitch.de\\\/es\\\/#\\\/schema\\\/logo\\\/image\\\/\"}}]}<\/script>\n<!-- \/ Yoast SEO plugin. -->","yoast_head_json":{"title":"Crowdfunding. - SafeSwitch","robots":{"index":"index","follow":"follow","max-snippet":"max-snippet:-1","max-image-preview":"max-image-preview:large","max-video-preview":"max-video-preview:-1"},"canonical":"https:\/\/safeswitch.de\/es\/crowdfunding\/","og_locale":"es_ES","og_type":"article","og_title":"Crowdfunding. - SafeSwitch","og_description":"Crowdfunding. El desarrollo de un producto innovador como SafeSwitch \u2013 seguro, bien pensado y sostenible \u2013 implica altos costes y [&hellip;]","og_url":"https:\/\/safeswitch.de\/es\/crowdfunding\/","og_site_name":"SafeSwitch","article_modified_time":"2025-07-31T17:52:04+00:00","twitter_card":"summary_large_image","twitter_misc":{"Tiempo de lectura":"1 minuto"},"schema":{"@context":"https:\/\/schema.org","@graph":[{"@type":"WebPage","@id":"https:\/\/safeswitch.de\/es\/crowdfunding\/","url":"https:\/\/safeswitch.de\/es\/crowdfunding\/","name":"Crowdfunding. - SafeSwitch","isPartOf":{"@id":"https:\/\/safeswitch.de\/es\/#website"},"datePublished":"2025-06-26T16:39:03+00:00","dateModified":"2025-07-31T17:52:04+00:00","breadcrumb":{"@id":"https:\/\/safeswitch.de\/es\/crowdfunding\/#breadcrumb"},"inLanguage":"es","potentialAction":[{"@type":"ReadAction","target":["https:\/\/safeswitch.de\/es\/crowdfunding\/"]}]},{"@type":"BreadcrumbList","@id":"https:\/\/safeswitch.de\/es\/crowdfunding\/#breadcrumb","itemListElement":[{"@type":"ListItem","position":1,"name":"Startseite","item":"https:\/\/safeswitch.de\/es\/?page_id=1448"},{"@type":"ListItem","position":2,"name":"Crowdfunding."}]},{"@type":"WebSite","@id":"https:\/\/safeswitch.de\/es\/#website","url":"https:\/\/safeswitch.de\/es\/","name":"SafeSwitch","description":"F\u00fcr unbeschwertes &amp; sicheres Feiern. Der Schutz vor K.O.-Tropfen f\u00fcr dich und deine Kinder.","publisher":{"@id":"https:\/\/safeswitch.de\/es\/#organization"},"potentialAction":[{"@type":"SearchAction","target":{"@type":"EntryPoint","urlTemplate":"https:\/\/safeswitch.de\/es\/?s={search_term_string}"},"query-input":{"@type":"PropertyValueSpecification","valueRequired":true,"valueName":"search_term_string"}}],"inLanguage":"es"},{"@type":"Organization","@id":"https:\/\/safeswitch.de\/es\/#organization","name":"SafeSwitch","url":"https:\/\/safeswitch.de\/es\/","logo":{"@type":"ImageObject","inLanguage":"es","@id":"https:\/\/safeswitch.de\/es\/#\/schema\/logo\/image\/","url":"https:\/\/safeswitch.de\/wp-content\/uploads\/2025\/07\/cropped-Logo.png","contentUrl":"https:\/\/safeswitch.de\/wp-content\/uploads\/2025\/07\/cropped-Logo.png","width":1680,"height":1686,"caption":"SafeSwitch"},"image":{"@id":"https:\/\/safeswitch.de\/es\/#\/schema\/logo\/image\/"}}]}},"_links":{"self":[{"href":"https:\/\/safeswitch.de\/es\/wp-json\/wp\/v2\/pages\/1332","targetHints":{"allow":["GET"]}}],"collection":[{"href":"https:\/\/safeswitch.de\/es\/wp-json\/wp\/v2\/pages"}],"about":[{"href":"https:\/\/safeswitch.de\/es\/wp-json\/wp\/v2\/types\/page"}],"author":[{"embeddable":true,"href":"https:\/\/safeswitch.de\/es\/wp-json\/wp\/v2\/users\/1"}],"replies":[{"embeddable":true,"href":"https:\/\/safeswitch.de\/es\/wp-json\/wp\/v2\/comments?post=1332"}],"version-history":[{"count":2,"href":"https:\/\/safeswitch.de\/es\/wp-json\/wp\/v2\/pages\/1332\/revisions"}],"predecessor-version":[{"id":1335,"href":"https:\/\/safeswitch.de\/es\/wp-json\/wp\/v2\/pages\/1332\/revisions\/1335"}],"wp:attachment":[{"href":"https:\/\/safeswitch.de\/es\/wp-json\/wp\/v2\/media?parent=1332"}],"curies":[{"name":"wp","href":"https:\/\/api.w.org\/{rel}","templated":true}]}}