{"id":1307,"date":"2025-07-10T20:25:22","date_gmt":"2025-07-10T20:25:22","guid":{"rendered":"https:\/\/safeswitch.de\/elli-emma\/"},"modified":"2025-07-31T17:51:51","modified_gmt":"2025-07-31T17:51:51","slug":"elli-emma","status":"publish","type":"page","link":"https:\/\/safeswitch.de\/es\/elli-emma\/","title":{"rendered":"Elli &amp; Emma"},"content":{"rendered":"\t\t<div data-elementor-type=\"wp-page\" data-elementor-id=\"1307\" class=\"elementor elementor-1307 elementor-215\">\n\t\t\t\t<div class=\"elementor-element elementor-element-a610244 e-flex e-con-boxed e-con e-parent\" data-id=\"a610244\" data-element_type=\"container\" data-e-type=\"container\">\n\t\t\t\t\t<div class=\"e-con-inner\">\n\t\t<div class=\"elementor-element elementor-element-0d6f0e4 e-con-full e-flex e-con e-child\" data-id=\"0d6f0e4\" data-element_type=\"container\" data-e-type=\"container\">\n\t\t\t\t<div class=\"elementor-element elementor-element-f3298d3 elementor-invisible elementor-widget elementor-widget-image\" data-id=\"f3298d3\" data-element_type=\"widget\" data-e-type=\"widget\" data-settings=\"{&quot;_animation&quot;:&quot;fadeIn&quot;}\" data-widget_type=\"image.default\">\n\t\t\t\t\t\t\t\t\t\t\t\t\t\t\t<img fetchpriority=\"high\" decoding=\"async\" width=\"1024\" height=\"966\" src=\"https:\/\/safeswitch.de\/wp-content\/uploads\/2025\/07\/DSC04699-Kopie_gr-1024x966.png\" class=\"attachment-large size-large wp-image-931\" alt=\"\" srcset=\"https:\/\/safeswitch.de\/wp-content\/uploads\/2025\/07\/DSC04699-Kopie_gr-1024x966.png 1024w, https:\/\/safeswitch.de\/wp-content\/uploads\/2025\/07\/DSC04699-Kopie_gr-300x283.png 300w, https:\/\/safeswitch.de\/wp-content\/uploads\/2025\/07\/DSC04699-Kopie_gr-768x725.png 768w, https:\/\/safeswitch.de\/wp-content\/uploads\/2025\/07\/DSC04699-Kopie_gr-1536x1450.png 1536w, https:\/\/safeswitch.de\/wp-content\/uploads\/2025\/07\/DSC04699-Kopie_gr-2048x1933.png 2048w\" sizes=\"(max-width: 1024px) 100vw, 1024px\" \/>\t\t\t\t\t\t\t\t\t\t\t\t\t\t\t<\/div>\n\t\t\t\t<\/div>\n\t\t<div class=\"elementor-element elementor-element-fcc5a41 e-con-full e-flex e-con e-child\" data-id=\"fcc5a41\" data-element_type=\"container\" data-e-type=\"container\">\n\t\t\t\t<div class=\"elementor-element elementor-element-7cbae33 elementor-invisible elementor-widget elementor-widget-heading\" data-id=\"7cbae33\" data-element_type=\"widget\" data-e-type=\"widget\" data-settings=\"{&quot;_animation&quot;:&quot;fadeIn&quot;}\" data-widget_type=\"heading.default\">\n\t\t\t\t\t<h1 class=\"elementor-heading-title elementor-size-default\">Elisabeth Haase &amp; <br>Emma R\u00f6sner<\/h1>\t\t\t\t<\/div>\n\t\t\t\t<div class=\"elementor-element elementor-element-68adf35 elementor-invisible elementor-widget elementor-widget-text-editor\" data-id=\"68adf35\" data-element_type=\"widget\" data-e-type=\"widget\" data-settings=\"{&quot;_animation&quot;:&quot;fadeIn&quot;}\" data-widget_type=\"text-editor.default\">\n\t\t\t\t\t\t\t\t\t<p><b>Estudiantes de la TU Ilmenau<\/b><\/p>\t\t\t\t\t\t\t\t<\/div>\n\t\t\t\t<div class=\"elementor-element elementor-element-0419e82 elementor-invisible elementor-widget elementor-widget-text-editor\" data-id=\"0419e82\" data-element_type=\"widget\" data-e-type=\"widget\" data-settings=\"{&quot;_animation&quot;:&quot;fadeIn&quot;}\" data-widget_type=\"text-editor.default\">\n\t\t\t\t\t\t\t\t\t<p><em><span style=\"font-weight: 400;\">\u201c\u00a1Nadie deber\u00eda sentirse solo ni ignorado, especialmente en este tema!\u201d  <\/span><\/em><\/p>\t\t\t\t\t\t\t\t<\/div>\n\t\t\t\t<\/div>\n\t\t\t\t\t<\/div>\n\t\t\t\t<\/div>\n\t\t<div class=\"elementor-element elementor-element-ec6b5b5 e-flex e-con-boxed e-con e-parent\" data-id=\"ec6b5b5\" data-element_type=\"container\" data-e-type=\"container\">\n\t\t\t\t\t<div class=\"e-con-inner\">\n\t\t\t\t<div class=\"elementor-element elementor-element-b7b40de elementor-widget elementor-widget-text-editor\" data-id=\"b7b40de\" data-element_type=\"widget\" data-e-type=\"widget\" data-widget_type=\"text-editor.default\">\n\t\t\t\t\t\t\t\t\t<p><span style=\"font-weight: 400;\">Emma y Elisabeth se unieron al equipo un poco m\u00e1s tarde y, desde entonces, juntas forman el departamento de marketing. Desde su juventud, ambas se han involucrado en diversos proyectos sociales y esperan contribuir al bien com\u00fan con esta start-up. Juntas esperan una mayor concienciaci\u00f3n, para que cada persona sea consciente del peligro y empiece a informarse para protegerse a s\u00ed misma y a su entorno. A trav\u00e9s de sus propias experiencias y relatos de su entorno, saben qu\u00e9 fatales consecuencias puede tener un segundo de falta de atenci\u00f3n. <\/span><span style=\"font-weight: 400;\"><br><\/span><em><span style=\"font-weight: 400;\">\u201cPara nosotras, la mera idea ya es un pensamiento aterrador. Precisamente por eso, esperamos que esto haga posible volver a salir de fiesta sin miedo.\u201d  <\/span><\/em><\/p><p><span style=\"font-weight: 400;\">A trav\u00e9s de esta start-up, quieren adquirir sus primeras experiencias profesionales, sobre todo en el \u00e1mbito del desarrollo de productos y el marketing. <em>\u201cDeseamos que el producto inspire a la gente a actuar por s\u00ed misma y a aprender que solo se necesita una idea y un poco de valor para hacer el mundo un poco m\u00e1s seguro.\u201d  <\/em><\/span><\/p><p><span style=\"font-weight: 400;\">Ambas se conocieron en el marco de sus estudios en la Universidad T\u00e9cnica de Ilmenau y, durante su colaboraci\u00f3n en varios m\u00f3dulos, se dieron cuenta de lo bien que se complementaban. Emma obtuvo su licenciatura en 2025 en \u201cCiencias Aplicadas de los Medios de Comunicaci\u00f3n\u201d y aspira a realizar un m\u00e1ster en octubre. Elisabeth comenzar\u00e1 su trabajo de fin de grado el pr\u00f3ximo semestre y despu\u00e9s le gustar\u00eda emprender un peque\u00f1o viaje alrededor del mundo.<\/span><\/p>\t\t\t\t\t\t\t\t<\/div>\n\t\t\t\t\t<\/div>\n\t\t\t\t<\/div>\n\t\t\t\t<\/div>\n\t\t","protected":false},"excerpt":{"rendered":"<p>Elisabeth Haase &amp; Emma R\u00f6sner Estudiantes de la TU Ilmenau \u201c\u00a1Nadie deber\u00eda sentirse solo ni ignorado, especialmente en este tema!\u201d [&hellip;]<\/p>\n","protected":false},"author":1,"featured_media":0,"parent":0,"menu_order":0,"comment_status":"closed","ping_status":"closed","template":"","meta":{"site-sidebar-layout":"no-sidebar","site-content-layout":"","ast-site-content-layout":"full-width-container","site-content-style":"default","site-sidebar-style":"default","ast-global-header-display":"","ast-banner-title-visibility":"","ast-main-header-display":"","ast-hfb-above-header-display":"","ast-hfb-below-header-display":"","ast-hfb-mobile-header-display":"","site-post-title":"disabled","ast-breadcrumbs-content":"","ast-featured-img":"disabled","footer-sml-layout":"","ast-disable-related-posts":"","theme-transparent-header-meta":"","adv-header-id-meta":"","stick-header-meta":"","header-above-stick-meta":"","header-main-stick-meta":"","header-below-stick-meta":"","astra-migrate-meta-layouts":"default","ast-page-background-enabled":"default","ast-page-background-meta":{"desktop":{"background-color":"var(--ast-global-color-5)","background-image":"","background-repeat":"repeat","background-position":"center center","background-size":"auto","background-attachment":"scroll","background-type":"","background-media":"","overlay-type":"","overlay-color":"","overlay-opacity":"","overlay-gradient":""},"tablet":{"background-color":"","background-image":"","background-repeat":"repeat","background-position":"center center","background-size":"auto","background-attachment":"scroll","background-type":"","background-media":"","overlay-type":"","overlay-color":"","overlay-opacity":"","overlay-gradient":""},"mobile":{"background-color":"","background-image":"","background-repeat":"repeat","background-position":"center center","background-size":"auto","background-attachment":"scroll","background-type":"","background-media":"","overlay-type":"","overlay-color":"","overlay-opacity":"","overlay-gradient":""}},"ast-content-background-meta":{"desktop":{"background-color":"var(--ast-global-color-4)","background-image":"","background-repeat":"repeat","background-position":"center center","background-size":"auto","background-attachment":"scroll","background-type":"","background-media":"","overlay-type":"","overlay-color":"","overlay-opacity":"","overlay-gradient":""},"tablet":{"background-color":"var(--ast-global-color-4)","background-image":"","background-repeat":"repeat","background-position":"center center","background-size":"auto","background-attachment":"scroll","background-type":"","background-media":"","overlay-type":"","overlay-color":"","overlay-opacity":"","overlay-gradient":""},"mobile":{"background-color":"var(--ast-global-color-4)","background-image":"","background-repeat":"repeat","background-position":"center center","background-size":"auto","background-attachment":"scroll","background-type":"","background-media":"","overlay-type":"","overlay-color":"","overlay-opacity":"","overlay-gradient":""}},"footnotes":""},"class_list":["post-1307","page","type-page","status-publish","hentry"],"yoast_head":"<!-- This site is optimized with the Yoast SEO plugin v27.4 - https:\/\/yoast.com\/product\/yoast-seo-wordpress\/ -->\n<title>Elli &amp; Emma - SafeSwitch<\/title>\n<meta name=\"robots\" content=\"index, follow, max-snippet:-1, max-image-preview:large, max-video-preview:-1\" \/>\n<link rel=\"canonical\" href=\"https:\/\/safeswitch.de\/es\/elli-emma\/\" \/>\n<meta property=\"og:locale\" content=\"es_ES\" \/>\n<meta property=\"og:type\" content=\"article\" \/>\n<meta property=\"og:title\" content=\"Elli &amp; Emma - SafeSwitch\" \/>\n<meta property=\"og:description\" content=\"Elisabeth Haase &amp; Emma R\u00f6sner Estudiantes de la TU Ilmenau \u201c\u00a1Nadie deber\u00eda sentirse solo ni ignorado, especialmente en este tema!\u201d [&hellip;]\" \/>\n<meta property=\"og:url\" content=\"https:\/\/safeswitch.de\/es\/elli-emma\/\" \/>\n<meta property=\"og:site_name\" content=\"SafeSwitch\" \/>\n<meta property=\"article:modified_time\" content=\"2025-07-31T17:51:51+00:00\" \/>\n<meta property=\"og:image\" content=\"https:\/\/safeswitch.de\/wp-content\/uploads\/2025\/07\/DSC04699-Kopie_gr-1024x966.png\" \/>\n<meta name=\"twitter:card\" content=\"summary_large_image\" \/>\n<meta name=\"twitter:label1\" content=\"Tiempo de lectura\" \/>\n\t<meta name=\"twitter:data1\" content=\"1 minuto\" \/>\n<script type=\"application\/ld+json\" class=\"yoast-schema-graph\">{\"@context\":\"https:\\\/\\\/schema.org\",\"@graph\":[{\"@type\":\"WebPage\",\"@id\":\"https:\\\/\\\/safeswitch.de\\\/es\\\/elli-emma\\\/\",\"url\":\"https:\\\/\\\/safeswitch.de\\\/es\\\/elli-emma\\\/\",\"name\":\"Elli &amp; Emma - SafeSwitch\",\"isPartOf\":{\"@id\":\"https:\\\/\\\/safeswitch.de\\\/es\\\/#website\"},\"primaryImageOfPage\":{\"@id\":\"https:\\\/\\\/safeswitch.de\\\/es\\\/elli-emma\\\/#primaryimage\"},\"image\":{\"@id\":\"https:\\\/\\\/safeswitch.de\\\/es\\\/elli-emma\\\/#primaryimage\"},\"thumbnailUrl\":\"https:\\\/\\\/safeswitch.de\\\/wp-content\\\/uploads\\\/2025\\\/07\\\/DSC04699-Kopie_gr-1024x966.png\",\"datePublished\":\"2025-07-10T20:25:22+00:00\",\"dateModified\":\"2025-07-31T17:51:51+00:00\",\"breadcrumb\":{\"@id\":\"https:\\\/\\\/safeswitch.de\\\/es\\\/elli-emma\\\/#breadcrumb\"},\"inLanguage\":\"es\",\"potentialAction\":[{\"@type\":\"ReadAction\",\"target\":[\"https:\\\/\\\/safeswitch.de\\\/es\\\/elli-emma\\\/\"]}]},{\"@type\":\"ImageObject\",\"inLanguage\":\"es\",\"@id\":\"https:\\\/\\\/safeswitch.de\\\/es\\\/elli-emma\\\/#primaryimage\",\"url\":\"https:\\\/\\\/safeswitch.de\\\/wp-content\\\/uploads\\\/2025\\\/07\\\/DSC04699-Kopie_gr-1024x966.png\",\"contentUrl\":\"https:\\\/\\\/safeswitch.de\\\/wp-content\\\/uploads\\\/2025\\\/07\\\/DSC04699-Kopie_gr-1024x966.png\"},{\"@type\":\"BreadcrumbList\",\"@id\":\"https:\\\/\\\/safeswitch.de\\\/es\\\/elli-emma\\\/#breadcrumb\",\"itemListElement\":[{\"@type\":\"ListItem\",\"position\":1,\"name\":\"Startseite\",\"item\":\"https:\\\/\\\/safeswitch.de\\\/es\\\/?page_id=1448\"},{\"@type\":\"ListItem\",\"position\":2,\"name\":\"Elli &amp; Emma\"}]},{\"@type\":\"WebSite\",\"@id\":\"https:\\\/\\\/safeswitch.de\\\/es\\\/#website\",\"url\":\"https:\\\/\\\/safeswitch.de\\\/es\\\/\",\"name\":\"SafeSwitch\",\"description\":\"F\u00fcr unbeschwertes &amp; sicheres Feiern. Der Schutz vor K.O.-Tropfen f\u00fcr dich und deine Kinder.\",\"publisher\":{\"@id\":\"https:\\\/\\\/safeswitch.de\\\/es\\\/#organization\"},\"potentialAction\":[{\"@type\":\"SearchAction\",\"target\":{\"@type\":\"EntryPoint\",\"urlTemplate\":\"https:\\\/\\\/safeswitch.de\\\/es\\\/?s={search_term_string}\"},\"query-input\":{\"@type\":\"PropertyValueSpecification\",\"valueRequired\":true,\"valueName\":\"search_term_string\"}}],\"inLanguage\":\"es\"},{\"@type\":\"Organization\",\"@id\":\"https:\\\/\\\/safeswitch.de\\\/es\\\/#organization\",\"name\":\"SafeSwitch\",\"url\":\"https:\\\/\\\/safeswitch.de\\\/es\\\/\",\"logo\":{\"@type\":\"ImageObject\",\"inLanguage\":\"es\",\"@id\":\"https:\\\/\\\/safeswitch.de\\\/es\\\/#\\\/schema\\\/logo\\\/image\\\/\",\"url\":\"https:\\\/\\\/safeswitch.de\\\/wp-content\\\/uploads\\\/2025\\\/07\\\/cropped-Logo.png\",\"contentUrl\":\"https:\\\/\\\/safeswitch.de\\\/wp-content\\\/uploads\\\/2025\\\/07\\\/cropped-Logo.png\",\"width\":1680,\"height\":1686,\"caption\":\"SafeSwitch\"},\"image\":{\"@id\":\"https:\\\/\\\/safeswitch.de\\\/es\\\/#\\\/schema\\\/logo\\\/image\\\/\"}}]}<\/script>\n<!-- \/ Yoast SEO plugin. -->","yoast_head_json":{"title":"Elli &amp; Emma - SafeSwitch","robots":{"index":"index","follow":"follow","max-snippet":"max-snippet:-1","max-image-preview":"max-image-preview:large","max-video-preview":"max-video-preview:-1"},"canonical":"https:\/\/safeswitch.de\/es\/elli-emma\/","og_locale":"es_ES","og_type":"article","og_title":"Elli &amp; Emma - SafeSwitch","og_description":"Elisabeth Haase &amp; Emma R\u00f6sner Estudiantes de la TU Ilmenau \u201c\u00a1Nadie deber\u00eda sentirse solo ni ignorado, especialmente en este tema!\u201d [&hellip;]","og_url":"https:\/\/safeswitch.de\/es\/elli-emma\/","og_site_name":"SafeSwitch","article_modified_time":"2025-07-31T17:51:51+00:00","og_image":[{"url":"https:\/\/safeswitch.de\/wp-content\/uploads\/2025\/07\/DSC04699-Kopie_gr-1024x966.png","type":"","width":"","height":""}],"twitter_card":"summary_large_image","twitter_misc":{"Tiempo de lectura":"1 minuto"},"schema":{"@context":"https:\/\/schema.org","@graph":[{"@type":"WebPage","@id":"https:\/\/safeswitch.de\/es\/elli-emma\/","url":"https:\/\/safeswitch.de\/es\/elli-emma\/","name":"Elli &amp; Emma - SafeSwitch","isPartOf":{"@id":"https:\/\/safeswitch.de\/es\/#website"},"primaryImageOfPage":{"@id":"https:\/\/safeswitch.de\/es\/elli-emma\/#primaryimage"},"image":{"@id":"https:\/\/safeswitch.de\/es\/elli-emma\/#primaryimage"},"thumbnailUrl":"https:\/\/safeswitch.de\/wp-content\/uploads\/2025\/07\/DSC04699-Kopie_gr-1024x966.png","datePublished":"2025-07-10T20:25:22+00:00","dateModified":"2025-07-31T17:51:51+00:00","breadcrumb":{"@id":"https:\/\/safeswitch.de\/es\/elli-emma\/#breadcrumb"},"inLanguage":"es","potentialAction":[{"@type":"ReadAction","target":["https:\/\/safeswitch.de\/es\/elli-emma\/"]}]},{"@type":"ImageObject","inLanguage":"es","@id":"https:\/\/safeswitch.de\/es\/elli-emma\/#primaryimage","url":"https:\/\/safeswitch.de\/wp-content\/uploads\/2025\/07\/DSC04699-Kopie_gr-1024x966.png","contentUrl":"https:\/\/safeswitch.de\/wp-content\/uploads\/2025\/07\/DSC04699-Kopie_gr-1024x966.png"},{"@type":"BreadcrumbList","@id":"https:\/\/safeswitch.de\/es\/elli-emma\/#breadcrumb","itemListElement":[{"@type":"ListItem","position":1,"name":"Startseite","item":"https:\/\/safeswitch.de\/es\/?page_id=1448"},{"@type":"ListItem","position":2,"name":"Elli &amp; Emma"}]},{"@type":"WebSite","@id":"https:\/\/safeswitch.de\/es\/#website","url":"https:\/\/safeswitch.de\/es\/","name":"SafeSwitch","description":"F\u00fcr unbeschwertes &amp; sicheres Feiern. Der Schutz vor K.O.-Tropfen f\u00fcr dich und deine Kinder.","publisher":{"@id":"https:\/\/safeswitch.de\/es\/#organization"},"potentialAction":[{"@type":"SearchAction","target":{"@type":"EntryPoint","urlTemplate":"https:\/\/safeswitch.de\/es\/?s={search_term_string}"},"query-input":{"@type":"PropertyValueSpecification","valueRequired":true,"valueName":"search_term_string"}}],"inLanguage":"es"},{"@type":"Organization","@id":"https:\/\/safeswitch.de\/es\/#organization","name":"SafeSwitch","url":"https:\/\/safeswitch.de\/es\/","logo":{"@type":"ImageObject","inLanguage":"es","@id":"https:\/\/safeswitch.de\/es\/#\/schema\/logo\/image\/","url":"https:\/\/safeswitch.de\/wp-content\/uploads\/2025\/07\/cropped-Logo.png","contentUrl":"https:\/\/safeswitch.de\/wp-content\/uploads\/2025\/07\/cropped-Logo.png","width":1680,"height":1686,"caption":"SafeSwitch"},"image":{"@id":"https:\/\/safeswitch.de\/es\/#\/schema\/logo\/image\/"}}]}},"_links":{"self":[{"href":"https:\/\/safeswitch.de\/es\/wp-json\/wp\/v2\/pages\/1307","targetHints":{"allow":["GET"]}}],"collection":[{"href":"https:\/\/safeswitch.de\/es\/wp-json\/wp\/v2\/pages"}],"about":[{"href":"https:\/\/safeswitch.de\/es\/wp-json\/wp\/v2\/types\/page"}],"author":[{"embeddable":true,"href":"https:\/\/safeswitch.de\/es\/wp-json\/wp\/v2\/users\/1"}],"replies":[{"embeddable":true,"href":"https:\/\/safeswitch.de\/es\/wp-json\/wp\/v2\/comments?post=1307"}],"version-history":[{"count":2,"href":"https:\/\/safeswitch.de\/es\/wp-json\/wp\/v2\/pages\/1307\/revisions"}],"predecessor-version":[{"id":1311,"href":"https:\/\/safeswitch.de\/es\/wp-json\/wp\/v2\/pages\/1307\/revisions\/1311"}],"wp:attachment":[{"href":"https:\/\/safeswitch.de\/es\/wp-json\/wp\/v2\/media?parent=1307"}],"curies":[{"name":"wp","href":"https:\/\/api.w.org\/{rel}","templated":true}]}}