{"id":1281,"date":"2025-07-10T22:22:50","date_gmt":"2025-07-10T22:22:50","guid":{"rendered":"https:\/\/safeswitch.de\/doreen\/"},"modified":"2025-07-31T17:51:36","modified_gmt":"2025-07-31T17:51:36","slug":"doreen","status":"publish","type":"page","link":"https:\/\/safeswitch.de\/es\/doreen\/","title":{"rendered":"Doreen"},"content":{"rendered":"\t\t<div data-elementor-type=\"wp-page\" data-elementor-id=\"1281\" class=\"elementor elementor-1281 elementor-304\">\n\t\t\t\t<div class=\"elementor-element elementor-element-508d30e e-flex e-con-boxed e-con e-parent\" data-id=\"508d30e\" data-element_type=\"container\" data-e-type=\"container\">\n\t\t\t\t\t<div class=\"e-con-inner\">\n\t\t<div class=\"elementor-element elementor-element-8bcd963 e-con-full e-flex e-con e-child\" data-id=\"8bcd963\" data-element_type=\"container\" data-e-type=\"container\">\n\t\t\t\t<div class=\"elementor-element elementor-element-0cb8a37 elementor-invisible elementor-widget elementor-widget-image\" data-id=\"0cb8a37\" data-element_type=\"widget\" data-e-type=\"widget\" data-settings=\"{&quot;_animation&quot;:&quot;fadeIn&quot;}\" data-widget_type=\"image.default\">\n\t\t\t\t\t\t\t\t\t\t\t\t\t\t\t<img fetchpriority=\"high\" decoding=\"async\" width=\"1024\" height=\"1024\" src=\"https:\/\/safeswitch.de\/wp-content\/uploads\/2025\/07\/mama-2-Hintergund-1-1024x1024.png\" class=\"attachment-large size-large wp-image-1056\" alt=\"\" srcset=\"https:\/\/safeswitch.de\/wp-content\/uploads\/2025\/07\/mama-2-Hintergund-1-1024x1024.png 1024w, https:\/\/safeswitch.de\/wp-content\/uploads\/2025\/07\/mama-2-Hintergund-1-300x300.png 300w, https:\/\/safeswitch.de\/wp-content\/uploads\/2025\/07\/mama-2-Hintergund-1-150x150.png 150w, https:\/\/safeswitch.de\/wp-content\/uploads\/2025\/07\/mama-2-Hintergund-1-768x768.png 768w, https:\/\/safeswitch.de\/wp-content\/uploads\/2025\/07\/mama-2-Hintergund-1-1536x1536.png 1536w, https:\/\/safeswitch.de\/wp-content\/uploads\/2025\/07\/mama-2-Hintergund-1-2048x2048.png 2048w\" sizes=\"(max-width: 1024px) 100vw, 1024px\" \/>\t\t\t\t\t\t\t\t\t\t\t\t\t\t\t<\/div>\n\t\t\t\t<\/div>\n\t\t<div class=\"elementor-element elementor-element-b770737 e-con-full e-flex e-con e-child\" data-id=\"b770737\" data-element_type=\"container\" data-e-type=\"container\">\n\t\t\t\t<div class=\"elementor-element elementor-element-f9bf4ba elementor-invisible elementor-widget elementor-widget-heading\" data-id=\"f9bf4ba\" data-element_type=\"widget\" data-e-type=\"widget\" data-settings=\"{&quot;_animation&quot;:&quot;fadeIn&quot;}\" data-widget_type=\"heading.default\">\n\t\t\t\t\t<h1 class=\"elementor-heading-title elementor-size-default\"><br>Doreen Duelli <\/h1>\t\t\t\t<\/div>\n\t\t\t\t<div class=\"elementor-element elementor-element-7253592 elementor-invisible elementor-widget elementor-widget-heading\" data-id=\"7253592\" data-element_type=\"widget\" data-e-type=\"widget\" data-settings=\"{&quot;_animation&quot;:&quot;fadeIn&quot;}\" data-widget_type=\"heading.default\">\n\t\t\t\t\t<h2 class=\"elementor-heading-title elementor-size-default\"><b>Propietaria aut\u00f3noma del <\/br>\n\u201cWerkstatt des Herzens\u201d (Taller del Coraz\u00f3n)<\/b><\/h2>\t\t\t\t<\/div>\n\t\t\t\t<div class=\"elementor-element elementor-element-298a0d4 elementor-invisible elementor-widget elementor-widget-text-editor\" data-id=\"298a0d4\" data-element_type=\"widget\" data-e-type=\"widget\" data-settings=\"{&quot;_animation&quot;:&quot;fadeIn&quot;}\" data-widget_type=\"text-editor.default\">\n\t\t\t\t\t\t\t\t\t<p>\u201cUn mundo seguro es el caldo de cultivo para la esperanza, la libertad y la b\u00fasqueda de un futuro mejor.\u201d<\/p>\t\t\t\t\t\t\t\t<\/div>\n\t\t\t\t<\/div>\n\t\t\t\t\t<\/div>\n\t\t\t\t<\/div>\n\t\t<div class=\"elementor-element elementor-element-b7a70af e-flex e-con-boxed e-con e-parent\" data-id=\"b7a70af\" data-element_type=\"container\" data-e-type=\"container\">\n\t\t\t\t\t<div class=\"e-con-inner\">\n\t\t\t\t<div class=\"elementor-element elementor-element-6b87799 elementor-widget elementor-widget-text-editor\" data-id=\"6b87799\" data-element_type=\"widget\" data-e-type=\"widget\" data-widget_type=\"text-editor.default\">\n\t\t\t\t\t\t\t\t\t<p><span style=\"font-weight: 400;\">Doreen Duelli apoya a la empresa con toda su experiencia de 25 a\u00f1os como aut\u00f3noma. Junto con su pareja, el tema de la seguridad es algo que les preocupa especialmente. &nbsp;<\/span><\/p>\n<p><span style=\"font-weight: 400;\"><i>\u201cMe gustar\u00eda ayudar a que todos los ni\u00f1os crezcan protegidos y conectados, que puedan reconocer su propio potencial y que no corran el riesgo de convertirse ellos mismos en el origen del dolor y el sufrimiento\u201d.&nbsp;<\/i><\/span><\/p>\n<p><span style=\"font-weight: 400;\">Como madre, su mayor deseo es que los j\u00f3venes crezcan en un entorno seguro y protegido. Porque solo quien se siente protegido puede ser libre y despreocupado. Con este producto, quiere contribuir a que todos los momentos inolvidables se vivan en un entorno seguro.  <\/span><\/p>\n<p><span style=\"font-weight: 400;\">Para los padres, el Safeswitch es tambi\u00e9n una oportunidad de dar a sus hijos un peque\u00f1o extra de seguridad y, as\u00ed, poder dejarlos ir con m\u00e1s confianza.<\/span><\/p>\n<p><br style=\"font-weight: 400;\"><br style=\"font-weight: 400;\"><\/p>\t\t\t\t\t\t\t\t<\/div>\n\t\t\t\t\t<\/div>\n\t\t\t\t<\/div>\n\t\t\t\t<\/div>\n\t\t","protected":false},"excerpt":{"rendered":"<p>Doreen Duelli Propietaria aut\u00f3noma del \u201cWerkstatt des Herzens\u201d (Taller del Coraz\u00f3n) \u201cUn mundo seguro es el caldo de cultivo para [&hellip;]<\/p>\n","protected":false},"author":1,"featured_media":0,"parent":0,"menu_order":0,"comment_status":"closed","ping_status":"closed","template":"","meta":{"site-sidebar-layout":"no-sidebar","site-content-layout":"","ast-site-content-layout":"full-width-container","site-content-style":"default","site-sidebar-style":"default","ast-global-header-display":"","ast-banner-title-visibility":"","ast-main-header-display":"","ast-hfb-above-header-display":"","ast-hfb-below-header-display":"","ast-hfb-mobile-header-display":"","site-post-title":"disabled","ast-breadcrumbs-content":"","ast-featured-img":"disabled","footer-sml-layout":"","ast-disable-related-posts":"","theme-transparent-header-meta":"","adv-header-id-meta":"","stick-header-meta":"","header-above-stick-meta":"","header-main-stick-meta":"","header-below-stick-meta":"","astra-migrate-meta-layouts":"default","ast-page-background-enabled":"default","ast-page-background-meta":{"desktop":{"background-color":"var(--ast-global-color-5)","background-image":"","background-repeat":"repeat","background-position":"center center","background-size":"auto","background-attachment":"scroll","background-type":"","background-media":"","overlay-type":"","overlay-color":"","overlay-opacity":"","overlay-gradient":""},"tablet":{"background-color":"","background-image":"","background-repeat":"repeat","background-position":"center center","background-size":"auto","background-attachment":"scroll","background-type":"","background-media":"","overlay-type":"","overlay-color":"","overlay-opacity":"","overlay-gradient":""},"mobile":{"background-color":"","background-image":"","background-repeat":"repeat","background-position":"center center","background-size":"auto","background-attachment":"scroll","background-type":"","background-media":"","overlay-type":"","overlay-color":"","overlay-opacity":"","overlay-gradient":""}},"ast-content-background-meta":{"desktop":{"background-color":"var(--ast-global-color-4)","background-image":"","background-repeat":"repeat","background-position":"center center","background-size":"auto","background-attachment":"scroll","background-type":"","background-media":"","overlay-type":"","overlay-color":"","overlay-opacity":"","overlay-gradient":""},"tablet":{"background-color":"var(--ast-global-color-4)","background-image":"","background-repeat":"repeat","background-position":"center center","background-size":"auto","background-attachment":"scroll","background-type":"","background-media":"","overlay-type":"","overlay-color":"","overlay-opacity":"","overlay-gradient":""},"mobile":{"background-color":"var(--ast-global-color-4)","background-image":"","background-repeat":"repeat","background-position":"center center","background-size":"auto","background-attachment":"scroll","background-type":"","background-media":"","overlay-type":"","overlay-color":"","overlay-opacity":"","overlay-gradient":""}},"footnotes":""},"class_list":["post-1281","page","type-page","status-publish","hentry"],"yoast_head":"<!-- This site is optimized with the Yoast SEO plugin v27.4 - https:\/\/yoast.com\/product\/yoast-seo-wordpress\/ -->\n<title>Doreen - SafeSwitch<\/title>\n<meta name=\"robots\" content=\"index, follow, max-snippet:-1, max-image-preview:large, max-video-preview:-1\" \/>\n<link rel=\"canonical\" href=\"https:\/\/safeswitch.de\/es\/doreen\/\" \/>\n<meta property=\"og:locale\" content=\"es_ES\" \/>\n<meta property=\"og:type\" content=\"article\" \/>\n<meta property=\"og:title\" content=\"Doreen - SafeSwitch\" \/>\n<meta property=\"og:description\" content=\"Doreen Duelli Propietaria aut\u00f3noma del \u201cWerkstatt des Herzens\u201d (Taller del Coraz\u00f3n) \u201cUn mundo seguro es el caldo de cultivo para [&hellip;]\" \/>\n<meta property=\"og:url\" content=\"https:\/\/safeswitch.de\/es\/doreen\/\" \/>\n<meta property=\"og:site_name\" content=\"SafeSwitch\" \/>\n<meta property=\"article:modified_time\" content=\"2025-07-31T17:51:36+00:00\" \/>\n<meta property=\"og:image\" content=\"https:\/\/safeswitch.de\/wp-content\/uploads\/2025\/07\/mama-2-Hintergund-1-1024x1024.png\" \/>\n<meta name=\"twitter:card\" content=\"summary_large_image\" \/>\n<meta name=\"twitter:label1\" content=\"Tiempo de lectura\" \/>\n\t<meta name=\"twitter:data1\" content=\"1 minuto\" \/>\n<script type=\"application\/ld+json\" class=\"yoast-schema-graph\">{\"@context\":\"https:\\\/\\\/schema.org\",\"@graph\":[{\"@type\":\"WebPage\",\"@id\":\"https:\\\/\\\/safeswitch.de\\\/es\\\/doreen\\\/\",\"url\":\"https:\\\/\\\/safeswitch.de\\\/es\\\/doreen\\\/\",\"name\":\"Doreen - SafeSwitch\",\"isPartOf\":{\"@id\":\"https:\\\/\\\/safeswitch.de\\\/es\\\/#website\"},\"primaryImageOfPage\":{\"@id\":\"https:\\\/\\\/safeswitch.de\\\/es\\\/doreen\\\/#primaryimage\"},\"image\":{\"@id\":\"https:\\\/\\\/safeswitch.de\\\/es\\\/doreen\\\/#primaryimage\"},\"thumbnailUrl\":\"https:\\\/\\\/safeswitch.de\\\/wp-content\\\/uploads\\\/2025\\\/07\\\/mama-2-Hintergund-1-1024x1024.png\",\"datePublished\":\"2025-07-10T22:22:50+00:00\",\"dateModified\":\"2025-07-31T17:51:36+00:00\",\"breadcrumb\":{\"@id\":\"https:\\\/\\\/safeswitch.de\\\/es\\\/doreen\\\/#breadcrumb\"},\"inLanguage\":\"es\",\"potentialAction\":[{\"@type\":\"ReadAction\",\"target\":[\"https:\\\/\\\/safeswitch.de\\\/es\\\/doreen\\\/\"]}]},{\"@type\":\"ImageObject\",\"inLanguage\":\"es\",\"@id\":\"https:\\\/\\\/safeswitch.de\\\/es\\\/doreen\\\/#primaryimage\",\"url\":\"https:\\\/\\\/safeswitch.de\\\/wp-content\\\/uploads\\\/2025\\\/07\\\/mama-2-Hintergund-1-1024x1024.png\",\"contentUrl\":\"https:\\\/\\\/safeswitch.de\\\/wp-content\\\/uploads\\\/2025\\\/07\\\/mama-2-Hintergund-1-1024x1024.png\"},{\"@type\":\"BreadcrumbList\",\"@id\":\"https:\\\/\\\/safeswitch.de\\\/es\\\/doreen\\\/#breadcrumb\",\"itemListElement\":[{\"@type\":\"ListItem\",\"position\":1,\"name\":\"Startseite\",\"item\":\"https:\\\/\\\/safeswitch.de\\\/es\\\/?page_id=1448\"},{\"@type\":\"ListItem\",\"position\":2,\"name\":\"Doreen\"}]},{\"@type\":\"WebSite\",\"@id\":\"https:\\\/\\\/safeswitch.de\\\/es\\\/#website\",\"url\":\"https:\\\/\\\/safeswitch.de\\\/es\\\/\",\"name\":\"SafeSwitch\",\"description\":\"F\u00fcr unbeschwertes &amp; sicheres Feiern. Der Schutz vor K.O.-Tropfen f\u00fcr dich und deine Kinder.\",\"publisher\":{\"@id\":\"https:\\\/\\\/safeswitch.de\\\/es\\\/#organization\"},\"potentialAction\":[{\"@type\":\"SearchAction\",\"target\":{\"@type\":\"EntryPoint\",\"urlTemplate\":\"https:\\\/\\\/safeswitch.de\\\/es\\\/?s={search_term_string}\"},\"query-input\":{\"@type\":\"PropertyValueSpecification\",\"valueRequired\":true,\"valueName\":\"search_term_string\"}}],\"inLanguage\":\"es\"},{\"@type\":\"Organization\",\"@id\":\"https:\\\/\\\/safeswitch.de\\\/es\\\/#organization\",\"name\":\"SafeSwitch\",\"url\":\"https:\\\/\\\/safeswitch.de\\\/es\\\/\",\"logo\":{\"@type\":\"ImageObject\",\"inLanguage\":\"es\",\"@id\":\"https:\\\/\\\/safeswitch.de\\\/es\\\/#\\\/schema\\\/logo\\\/image\\\/\",\"url\":\"https:\\\/\\\/safeswitch.de\\\/wp-content\\\/uploads\\\/2025\\\/07\\\/cropped-Logo.png\",\"contentUrl\":\"https:\\\/\\\/safeswitch.de\\\/wp-content\\\/uploads\\\/2025\\\/07\\\/cropped-Logo.png\",\"width\":1680,\"height\":1686,\"caption\":\"SafeSwitch\"},\"image\":{\"@id\":\"https:\\\/\\\/safeswitch.de\\\/es\\\/#\\\/schema\\\/logo\\\/image\\\/\"}}]}<\/script>\n<!-- \/ Yoast SEO plugin. -->","yoast_head_json":{"title":"Doreen - SafeSwitch","robots":{"index":"index","follow":"follow","max-snippet":"max-snippet:-1","max-image-preview":"max-image-preview:large","max-video-preview":"max-video-preview:-1"},"canonical":"https:\/\/safeswitch.de\/es\/doreen\/","og_locale":"es_ES","og_type":"article","og_title":"Doreen - SafeSwitch","og_description":"Doreen Duelli Propietaria aut\u00f3noma del \u201cWerkstatt des Herzens\u201d (Taller del Coraz\u00f3n) \u201cUn mundo seguro es el caldo de cultivo para [&hellip;]","og_url":"https:\/\/safeswitch.de\/es\/doreen\/","og_site_name":"SafeSwitch","article_modified_time":"2025-07-31T17:51:36+00:00","og_image":[{"url":"https:\/\/safeswitch.de\/wp-content\/uploads\/2025\/07\/mama-2-Hintergund-1-1024x1024.png","type":"","width":"","height":""}],"twitter_card":"summary_large_image","twitter_misc":{"Tiempo de lectura":"1 minuto"},"schema":{"@context":"https:\/\/schema.org","@graph":[{"@type":"WebPage","@id":"https:\/\/safeswitch.de\/es\/doreen\/","url":"https:\/\/safeswitch.de\/es\/doreen\/","name":"Doreen - SafeSwitch","isPartOf":{"@id":"https:\/\/safeswitch.de\/es\/#website"},"primaryImageOfPage":{"@id":"https:\/\/safeswitch.de\/es\/doreen\/#primaryimage"},"image":{"@id":"https:\/\/safeswitch.de\/es\/doreen\/#primaryimage"},"thumbnailUrl":"https:\/\/safeswitch.de\/wp-content\/uploads\/2025\/07\/mama-2-Hintergund-1-1024x1024.png","datePublished":"2025-07-10T22:22:50+00:00","dateModified":"2025-07-31T17:51:36+00:00","breadcrumb":{"@id":"https:\/\/safeswitch.de\/es\/doreen\/#breadcrumb"},"inLanguage":"es","potentialAction":[{"@type":"ReadAction","target":["https:\/\/safeswitch.de\/es\/doreen\/"]}]},{"@type":"ImageObject","inLanguage":"es","@id":"https:\/\/safeswitch.de\/es\/doreen\/#primaryimage","url":"https:\/\/safeswitch.de\/wp-content\/uploads\/2025\/07\/mama-2-Hintergund-1-1024x1024.png","contentUrl":"https:\/\/safeswitch.de\/wp-content\/uploads\/2025\/07\/mama-2-Hintergund-1-1024x1024.png"},{"@type":"BreadcrumbList","@id":"https:\/\/safeswitch.de\/es\/doreen\/#breadcrumb","itemListElement":[{"@type":"ListItem","position":1,"name":"Startseite","item":"https:\/\/safeswitch.de\/es\/?page_id=1448"},{"@type":"ListItem","position":2,"name":"Doreen"}]},{"@type":"WebSite","@id":"https:\/\/safeswitch.de\/es\/#website","url":"https:\/\/safeswitch.de\/es\/","name":"SafeSwitch","description":"F\u00fcr unbeschwertes &amp; sicheres Feiern. Der Schutz vor K.O.-Tropfen f\u00fcr dich und deine Kinder.","publisher":{"@id":"https:\/\/safeswitch.de\/es\/#organization"},"potentialAction":[{"@type":"SearchAction","target":{"@type":"EntryPoint","urlTemplate":"https:\/\/safeswitch.de\/es\/?s={search_term_string}"},"query-input":{"@type":"PropertyValueSpecification","valueRequired":true,"valueName":"search_term_string"}}],"inLanguage":"es"},{"@type":"Organization","@id":"https:\/\/safeswitch.de\/es\/#organization","name":"SafeSwitch","url":"https:\/\/safeswitch.de\/es\/","logo":{"@type":"ImageObject","inLanguage":"es","@id":"https:\/\/safeswitch.de\/es\/#\/schema\/logo\/image\/","url":"https:\/\/safeswitch.de\/wp-content\/uploads\/2025\/07\/cropped-Logo.png","contentUrl":"https:\/\/safeswitch.de\/wp-content\/uploads\/2025\/07\/cropped-Logo.png","width":1680,"height":1686,"caption":"SafeSwitch"},"image":{"@id":"https:\/\/safeswitch.de\/es\/#\/schema\/logo\/image\/"}}]}},"_links":{"self":[{"href":"https:\/\/safeswitch.de\/es\/wp-json\/wp\/v2\/pages\/1281","targetHints":{"allow":["GET"]}}],"collection":[{"href":"https:\/\/safeswitch.de\/es\/wp-json\/wp\/v2\/pages"}],"about":[{"href":"https:\/\/safeswitch.de\/es\/wp-json\/wp\/v2\/types\/page"}],"author":[{"embeddable":true,"href":"https:\/\/safeswitch.de\/es\/wp-json\/wp\/v2\/users\/1"}],"replies":[{"embeddable":true,"href":"https:\/\/safeswitch.de\/es\/wp-json\/wp\/v2\/comments?post=1281"}],"version-history":[{"count":2,"href":"https:\/\/safeswitch.de\/es\/wp-json\/wp\/v2\/pages\/1281\/revisions"}],"predecessor-version":[{"id":1285,"href":"https:\/\/safeswitch.de\/es\/wp-json\/wp\/v2\/pages\/1281\/revisions\/1285"}],"wp:attachment":[{"href":"https:\/\/safeswitch.de\/es\/wp-json\/wp\/v2\/media?parent=1281"}],"curies":[{"name":"wp","href":"https:\/\/api.w.org\/{rel}","templated":true}]}}